{"id":2919,"date":"2023-09-05T13:34:52","date_gmt":"2023-09-05T10:34:52","guid":{"rendered":"https:\/\/notronvalve.com\/?post_type=product&#038;p=2919"},"modified":"2023-09-05T13:36:53","modified_gmt":"2023-09-05T10:36:53","slug":"tv38-3-8","status":"publish","type":"product","link":"https:\/\/notronvalve.com\/tr\/urun\/tv38-3-8\/","title":{"rendered":"TV38 (3\/8&#8243;)"},"content":{"rendered":"<table class=\"table table-striped\" border=\"0\">\n<tbody>\n<tr>\n<td><strong>Model Kodu<\/strong><\/td>\n<td>:<\/td>\n<td>Tv38<\/td>\n<\/tr>\n<tr>\n<td><strong>Ba\u011flant\u0131 Di\u015fi<\/strong><\/td>\n<td>:<\/td>\n<td>3\/8\u201d (ISO 228 BSP)<\/td>\n<\/tr>\n<tr>\n<td><strong>\u00c7al\u0131\u015fma Bas\u0131nc\u0131<\/strong><\/td>\n<td>:<\/td>\n<td>0 \u2013 6 barg<\/td>\n<\/tr>\n<tr>\n<td><strong>\u00c7al\u0131\u015fma (Ak\u0131\u015fkan) S\u0131cakl\u0131\u011f\u0131<\/strong><\/td>\n<td>:<\/td>\n<td>-20 \/ +80 \u02daC<\/td>\n<\/tr>\n<tr>\n<td><strong>G\u00f6vde Malzemesi<\/strong><\/td>\n<td>:<\/td>\n<td>EN12164 e uygun Pirin\u00e7 Ala\u015f\u0131m\u0131<\/td>\n<\/tr>\n<tr>\n<td><strong>Korozyon Korumas\u0131<\/strong><\/td>\n<td>:<\/td>\n<td>Nikel Kaplama<\/td>\n<\/tr>\n<tr>\n<td><strong>Anahtar A\u011fz\u0131<\/strong><\/td>\n<td>:<\/td>\n<td>17 mm<\/td>\n<\/tr>\n<tr>\n<td><strong>\u00dcr\u00fcn Boyu\u00a0<\/strong><\/td>\n<td>:<\/td>\n<td>30 mm<\/td>\n<\/tr>\n<tr>\n<td><strong>\u00dcr\u00fcn A\u011f\u0131rl\u0131\u011f\u0131<\/strong><\/td>\n<td>:<\/td>\n<td>29 gr<\/td>\n<\/tr>\n<\/tbody>\n<\/table>\n","protected":false},"excerpt":{"rendered":"<ul>\n<li>TV38 Model TestValf<\/li>\n<li>Ba\u011flant\u0131 di\u015fi 3\/8\u201d (ISO 228 BSP)<\/li>\n<li>Do\u011falgaz, LPG, Hava vb. korozif olmayan gaz sistemlerinde kullan\u0131ma uygundur.<\/li>\n<\/ul>\n","protected":false},"featured_media":2905,"template":"","meta":[],"product_cat":[356],"product_tag":[],"class_list":["post-2919","product","type-product","status-publish","has-post-thumbnail","hentry","product_cat-test-valf"],"_links":{"self":[{"href":"https:\/\/notronvalve.com\/tr\/wp-json\/wp\/v2\/product\/2919","targetHints":{"allow":["GET"]}}],"collection":[{"href":"https:\/\/notronvalve.com\/tr\/wp-json\/wp\/v2\/product"}],"about":[{"href":"https:\/\/notronvalve.com\/tr\/wp-json\/wp\/v2\/types\/product"}],"wp:featuredmedia":[{"embeddable":true,"href":"https:\/\/notronvalve.com\/tr\/wp-json\/wp\/v2\/media\/2905"}],"wp:attachment":[{"href":"https:\/\/notronvalve.com\/tr\/wp-json\/wp\/v2\/media?parent=2919"}],"wp:term":[{"taxonomy":"product_cat","embeddable":true,"href":"https:\/\/notronvalve.com\/tr\/wp-json\/wp\/v2\/product_cat?post=2919"},{"taxonomy":"product_tag","embeddable":true,"href":"https:\/\/notronvalve.com\/tr\/wp-json\/wp\/v2\/product_tag?post=2919"}],"curies":[{"name":"wp","href":"https:\/\/api.w.org\/{rel}","templated":true}]}}