{"id":2917,"date":"2023-09-05T13:32:45","date_gmt":"2023-09-05T10:32:45","guid":{"rendered":"https:\/\/notronvalve.com\/?post_type=product&#038;p=2917"},"modified":"2023-09-05T13:33:37","modified_gmt":"2023-09-05T10:33:37","slug":"o-ring","status":"publish","type":"product","link":"https:\/\/notronvalve.com\/tr\/urun\/o-ring\/","title":{"rendered":"5&#215;1,5 O-ring"},"content":{"rendered":"","protected":false},"excerpt":{"rendered":"<ul>\n<li>5&#215;1,5 \u00f6l\u00e7\u00fcl\u00fc, EN549 e uygun ve NBR70 s\u0131n\u0131f\u0131ndad\u0131r.<\/li>\n<li>1\/8\u201d \u00f6l\u00e7\u00fcl\u00fc TestValf in tapas\u0131nda kullan\u0131ma uygundur.<\/li>\n<li>1 pakette 10 adet O-ring bulunur.<\/li>\n<\/ul>\n","protected":false},"featured_media":2907,"template":"","meta":[],"product_cat":[356],"product_tag":[],"class_list":["post-2917","product","type-product","status-publish","has-post-thumbnail","hentry","product_cat-test-valf"],"_links":{"self":[{"href":"https:\/\/notronvalve.com\/tr\/wp-json\/wp\/v2\/product\/2917","targetHints":{"allow":["GET"]}}],"collection":[{"href":"https:\/\/notronvalve.com\/tr\/wp-json\/wp\/v2\/product"}],"about":[{"href":"https:\/\/notronvalve.com\/tr\/wp-json\/wp\/v2\/types\/product"}],"wp:featuredmedia":[{"embeddable":true,"href":"https:\/\/notronvalve.com\/tr\/wp-json\/wp\/v2\/media\/2907"}],"wp:attachment":[{"href":"https:\/\/notronvalve.com\/tr\/wp-json\/wp\/v2\/media?parent=2917"}],"wp:term":[{"taxonomy":"product_cat","embeddable":true,"href":"https:\/\/notronvalve.com\/tr\/wp-json\/wp\/v2\/product_cat?post=2917"},{"taxonomy":"product_tag","embeddable":true,"href":"https:\/\/notronvalve.com\/tr\/wp-json\/wp\/v2\/product_tag?post=2917"}],"curies":[{"name":"wp","href":"https:\/\/api.w.org\/{rel}","templated":true}]}}