{"id":2916,"date":"2023-09-05T13:28:51","date_gmt":"2023-09-05T10:28:51","guid":{"rendered":"https:\/\/notronvalve.com\/?post_type=product&#038;p=2916"},"modified":"2023-09-05T13:34:34","modified_gmt":"2023-09-05T10:34:34","slug":"m8-olculu-tapa","status":"publish","type":"product","link":"https:\/\/notronvalve.com\/tr\/urun\/m8-olculu-tapa\/","title":{"rendered":"M8 \u00d6l\u00e7\u00fcl\u00fc Tapa"},"content":{"rendered":"","protected":false},"excerpt":{"rendered":"<ul>\n<li>M8 \u00f6l\u00e7\u00fcl\u00fc, O-ring dahildir.<\/li>\n<li>1\/8\u201d \u00f6l\u00e7\u00fcl\u00fc TestValf te kullan\u0131ma uygundur.<\/li>\n<li>1 pakette 5 adet Tapa bulunur.<\/li>\n<\/ul>\n","protected":false},"featured_media":2908,"template":"","meta":[],"product_cat":[356],"product_tag":[],"class_list":["post-2916","product","type-product","status-publish","has-post-thumbnail","hentry","product_cat-test-valf"],"_links":{"self":[{"href":"https:\/\/notronvalve.com\/tr\/wp-json\/wp\/v2\/product\/2916","targetHints":{"allow":["GET"]}}],"collection":[{"href":"https:\/\/notronvalve.com\/tr\/wp-json\/wp\/v2\/product"}],"about":[{"href":"https:\/\/notronvalve.com\/tr\/wp-json\/wp\/v2\/types\/product"}],"wp:featuredmedia":[{"embeddable":true,"href":"https:\/\/notronvalve.com\/tr\/wp-json\/wp\/v2\/media\/2908"}],"wp:attachment":[{"href":"https:\/\/notronvalve.com\/tr\/wp-json\/wp\/v2\/media?parent=2916"}],"wp:term":[{"taxonomy":"product_cat","embeddable":true,"href":"https:\/\/notronvalve.com\/tr\/wp-json\/wp\/v2\/product_cat?post=2916"},{"taxonomy":"product_tag","embeddable":true,"href":"https:\/\/notronvalve.com\/tr\/wp-json\/wp\/v2\/product_tag?post=2916"}],"curies":[{"name":"wp","href":"https:\/\/api.w.org\/{rel}","templated":true}]}}