{"id":2915,"date":"2023-09-05T13:27:46","date_gmt":"2023-09-05T10:27:46","guid":{"rendered":"https:\/\/notronvalve.com\/?post_type=product&#038;p=2915"},"modified":"2023-09-05T13:31:19","modified_gmt":"2023-09-05T10:31:19","slug":"tv14-1-4","status":"publish","type":"product","link":"https:\/\/notronvalve.com\/tr\/urun\/tv14-1-4\/","title":{"rendered":"TV14 (1\/4&#8243;)"},"content":{"rendered":"","protected":false},"excerpt":{"rendered":"<ul>\n<li>TV14 Model TestValf<\/li>\n<li>Ba\u011flant\u0131 di\u015fi 1\/4\u201d (ISO 228 BSP)<\/li>\n<li>Do\u011falgaz, LPG, Hava vb. korozif olmayan gaz sistemlerinde kullan\u0131ma uygundur.<\/li>\n<\/ul>\n","protected":false},"featured_media":2906,"template":"","meta":[],"product_cat":[356],"product_tag":[],"class_list":["post-2915","product","type-product","status-publish","has-post-thumbnail","hentry","product_cat-test-valf"],"_links":{"self":[{"href":"https:\/\/notronvalve.com\/tr\/wp-json\/wp\/v2\/product\/2915","targetHints":{"allow":["GET"]}}],"collection":[{"href":"https:\/\/notronvalve.com\/tr\/wp-json\/wp\/v2\/product"}],"about":[{"href":"https:\/\/notronvalve.com\/tr\/wp-json\/wp\/v2\/types\/product"}],"wp:featuredmedia":[{"embeddable":true,"href":"https:\/\/notronvalve.com\/tr\/wp-json\/wp\/v2\/media\/2906"}],"wp:attachment":[{"href":"https:\/\/notronvalve.com\/tr\/wp-json\/wp\/v2\/media?parent=2915"}],"wp:term":[{"taxonomy":"product_cat","embeddable":true,"href":"https:\/\/notronvalve.com\/tr\/wp-json\/wp\/v2\/product_cat?post=2915"},{"taxonomy":"product_tag","embeddable":true,"href":"https:\/\/notronvalve.com\/tr\/wp-json\/wp\/v2\/product_tag?post=2915"}],"curies":[{"name":"wp","href":"https:\/\/api.w.org\/{rel}","templated":true}]}}