{"id":2914,"date":"2023-09-05T13:23:00","date_gmt":"2023-09-05T10:23:00","guid":{"rendered":"https:\/\/notronvalve.com\/?post_type=product&#038;p=2914"},"modified":"2023-09-05T13:27:27","modified_gmt":"2023-09-05T10:27:27","slug":"m8-olculu-anahtar","status":"publish","type":"product","link":"https:\/\/notronvalve.com\/tr\/urun\/m8-olculu-anahtar\/","title":{"rendered":"M8 \u00f6l\u00e7\u00fcl\u00fc Anahtar"},"content":{"rendered":"","protected":false},"excerpt":{"rendered":"<ul>\n<li>M8 \u00f6l\u00e7\u00fcl\u00fc<\/li>\n<li>1\/8\u201d \u00f6l\u00e7\u00fcl\u00fc TestValf te kullan\u0131ma uygundur.<\/li>\n<li>1 pakette 5 adet Anahtar bulunur.<\/li>\n<\/ul>\n","protected":false},"featured_media":2909,"template":"","meta":[],"product_cat":[356],"product_tag":[],"class_list":["post-2914","product","type-product","status-publish","has-post-thumbnail","hentry","product_cat-test-valf"],"_links":{"self":[{"href":"https:\/\/notronvalve.com\/tr\/wp-json\/wp\/v2\/product\/2914","targetHints":{"allow":["GET"]}}],"collection":[{"href":"https:\/\/notronvalve.com\/tr\/wp-json\/wp\/v2\/product"}],"about":[{"href":"https:\/\/notronvalve.com\/tr\/wp-json\/wp\/v2\/types\/product"}],"wp:featuredmedia":[{"embeddable":true,"href":"https:\/\/notronvalve.com\/tr\/wp-json\/wp\/v2\/media\/2909"}],"wp:attachment":[{"href":"https:\/\/notronvalve.com\/tr\/wp-json\/wp\/v2\/media?parent=2914"}],"wp:term":[{"taxonomy":"product_cat","embeddable":true,"href":"https:\/\/notronvalve.com\/tr\/wp-json\/wp\/v2\/product_cat?post=2914"},{"taxonomy":"product_tag","embeddable":true,"href":"https:\/\/notronvalve.com\/tr\/wp-json\/wp\/v2\/product_tag?post=2914"}],"curies":[{"name":"wp","href":"https:\/\/api.w.org\/{rel}","templated":true}]}}