{"id":2913,"date":"2023-09-05T13:22:01","date_gmt":"2023-09-05T10:22:01","guid":{"rendered":"https:\/\/notronvalve.com\/?post_type=product&#038;p=2913"},"modified":"2023-09-05T13:26:20","modified_gmt":"2023-09-05T10:26:20","slug":"cok-fonksiyonlu-testvalf-anahtarligi","status":"publish","type":"product","link":"https:\/\/notronvalve.com\/tr\/urun\/cok-fonksiyonlu-testvalf-anahtarligi\/","title":{"rendered":"\u00c7ok Fonksiyonlu TestValf Anahtarl\u0131\u011f\u0131"},"content":{"rendered":"","protected":false},"excerpt":{"rendered":"<ul>\n<li>&#8211; TestValf anahtar\u0131n\u0131n rahat ta\u015f\u0131nmas\u0131 i\u00e7in \u00f6zel olarak tasarlanm\u0131\u015f \u00e7ok fonksiyonlu bir anahtarl\u0131kt\u0131r.<br \/>\n&#8211; Bir ucunda M8 anahtar yuvas\u0131 ve anahtar bulunur. Bir ucu \u00fc\u00e7gen kutu ve servis kutusu anahtar\u0131, di\u011fer ucu ise kare formlu olup radyat\u00f6r purj\u00f6r\u00fcnden hava almak i\u00e7indir.<\/li>\n<\/ul>\n","protected":false},"featured_media":2910,"template":"","meta":[],"product_cat":[356],"product_tag":[],"class_list":["post-2913","product","type-product","status-publish","has-post-thumbnail","hentry","product_cat-test-valf"],"_links":{"self":[{"href":"https:\/\/notronvalve.com\/tr\/wp-json\/wp\/v2\/product\/2913","targetHints":{"allow":["GET"]}}],"collection":[{"href":"https:\/\/notronvalve.com\/tr\/wp-json\/wp\/v2\/product"}],"about":[{"href":"https:\/\/notronvalve.com\/tr\/wp-json\/wp\/v2\/types\/product"}],"wp:featuredmedia":[{"embeddable":true,"href":"https:\/\/notronvalve.com\/tr\/wp-json\/wp\/v2\/media\/2910"}],"wp:attachment":[{"href":"https:\/\/notronvalve.com\/tr\/wp-json\/wp\/v2\/media?parent=2913"}],"wp:term":[{"taxonomy":"product_cat","embeddable":true,"href":"https:\/\/notronvalve.com\/tr\/wp-json\/wp\/v2\/product_cat?post=2913"},{"taxonomy":"product_tag","embeddable":true,"href":"https:\/\/notronvalve.com\/tr\/wp-json\/wp\/v2\/product_tag?post=2913"}],"curies":[{"name":"wp","href":"https:\/\/api.w.org\/{rel}","templated":true}]}}