{"id":2902,"date":"2023-09-05T12:57:05","date_gmt":"2023-09-05T09:57:05","guid":{"rendered":"https:\/\/notronvalve.com\/?post_type=product&#038;p=2902"},"modified":"2023-09-05T13:00:31","modified_gmt":"2023-09-05T10:00:31","slug":"dovme-celik-globe-valf-asa-150-300-600","status":"publish","type":"product","link":"https:\/\/notronvalve.com\/tr\/urun\/dovme-celik-globe-valf-asa-150-300-600\/","title":{"rendered":"ASA 150 &#8211; 300 &#8211; 600"},"content":{"rendered":"<table border=\"0\" width=\"700\" cellspacing=\"0\" cellpadding=\"0\">\n<tbody>\n<tr>\n<td bgcolor=\"#005fa4\">ASA 150 Figure V 3100<\/td>\n<\/tr>\n<\/tbody>\n<\/table>\n<table border=\"0\" width=\"700\" cellspacing=\"0\" cellpadding=\"0\">\n<tbody>\n<tr>\n<td bgcolor=\"#005fa4\" width=\"15\"><\/td>\n<td bgcolor=\"#005fa4\" width=\"50\">\u00a0\u00a0\u00a0\u00a0\u00a0\u00a0\u00a0\u00a0\u00a0 \u00d6l\u00e7\u00fc<\/td>\n<td bgcolor=\"#005fa4\" width=\"15\"><\/td>\n<td bgcolor=\"#005fa4\" width=\"50\">\u00a0 C<\/td>\n<td bgcolor=\"#005fa4\" width=\"50\">\u00a0 H<\/td>\n<td bgcolor=\"#005fa4\" width=\"50\">\u00a0 D<\/td>\n<td bgcolor=\"#005fa4\" width=\"50\">\u00a0 \u00d8 R<\/td>\n<td bgcolor=\"#005fa4\" width=\"50\">\u00a0 \u00d8 G<\/td>\n<td bgcolor=\"#005fa4\" width=\"50\">\u00a0 \u00d8 B<\/td>\n<td bgcolor=\"#005fa4\" width=\"50\">\u00a0 W<\/td>\n<td bgcolor=\"#005fa4\" width=\"50\">\u00a0 App. W<\/td>\n<\/tr>\n<tr>\n<td bgcolor=\"#005fa4\" width=\"15\"><\/td>\n<td bgcolor=\"#005fa4\" width=\"50\">\u00a0 inch<\/td>\n<td bgcolor=\"#005fa4\" width=\"50\">\u00a0 DN<\/td>\n<td bgcolor=\"#005fa4\" width=\"50\">\u00a0 mm<\/td>\n<td bgcolor=\"#005fa4\" width=\"50\">\u00a0 mm<\/td>\n<td bgcolor=\"#005fa4\" width=\"50\">\u00a0 mm<\/td>\n<td bgcolor=\"#005fa4\" width=\"50\">\u00a0 mm<\/td>\n<td bgcolor=\"#005fa4\" width=\"50\">\u00a0 mm<\/td>\n<td bgcolor=\"#005fa4\" width=\"50\">\u00a0 mm<\/td>\n<td bgcolor=\"#005fa4\" width=\"50\">\u00a0 mm<\/td>\n<td bgcolor=\"#005fa4\" width=\"50\">\u00a0 kg<\/td>\n<\/tr>\n<tr>\n<td bgcolor=\"#005fa4\" width=\"15\"><\/td>\n<td bgcolor=\"#e0e0e0\" width=\"50\">\u00a0 \u00bd<\/td>\n<td bgcolor=\"#e0e0e0\" width=\"50\">\u00a0 15<\/td>\n<td bgcolor=\"#e0e0e0\" width=\"50\">\u00a0 108<\/td>\n<td bgcolor=\"#e0e0e0\" width=\"50\">\u00a0 150<\/td>\n<td bgcolor=\"#e0e0e0\" width=\"50\">\u00a0 11,2<\/td>\n<td bgcolor=\"#e0e0e0\" width=\"50\">\u00a0 34,9<\/td>\n<td bgcolor=\"#e0e0e0\" width=\"50\">\u00a0 60,3<\/td>\n<td bgcolor=\"#e0e0e0\" width=\"50\">\u00a0 89<\/td>\n<td bgcolor=\"#e0e0e0\" width=\"50\">\u00a0 96<\/td>\n<td bgcolor=\"#e0e0e0\" width=\"50\">\u00a0 3,2<\/td>\n<\/tr>\n<tr>\n<td bgcolor=\"#005fa4\" width=\"15\"><\/td>\n<td bgcolor=\"#005fa4\" width=\"50\">\u00a0 \u00be<\/td>\n<td bgcolor=\"#005fa4\" width=\"50\">\u00a0 20<\/td>\n<td bgcolor=\"#005fa4\" width=\"50\">\u00a0 117,5<\/td>\n<td bgcolor=\"#005fa4\" width=\"50\">\u00a0 162<\/td>\n<td bgcolor=\"#005fa4\" width=\"50\">\u00a0 12,7<\/td>\n<td bgcolor=\"#005fa4\" width=\"50\">\u00a0 42,9<\/td>\n<td bgcolor=\"#005fa4\" width=\"50\">\u00a0 69,8<\/td>\n<td bgcolor=\"#005fa4\" width=\"50\">\u00a0 99<\/td>\n<td bgcolor=\"#005fa4\" width=\"50\">\u00a0 96<\/td>\n<td bgcolor=\"#005fa4\" width=\"50\">\u00a0 3,6<\/td>\n<\/tr>\n<tr>\n<td bgcolor=\"#005fa4\" width=\"15\"><\/td>\n<td bgcolor=\"#e0e0e0\" width=\"50\">\u00a0 1<\/td>\n<td bgcolor=\"#e0e0e0\" width=\"50\">\u00a0 25<\/td>\n<td bgcolor=\"#e0e0e0\" width=\"50\">\u00a0 127<\/td>\n<td bgcolor=\"#e0e0e0\" width=\"50\">\u00a0 197<\/td>\n<td bgcolor=\"#e0e0e0\" width=\"50\">\u00a0 14,3<\/td>\n<td bgcolor=\"#e0e0e0\" width=\"50\">\u00a0 50,8<\/td>\n<td bgcolor=\"#e0e0e0\" width=\"50\">\u00a0 79,4<\/td>\n<td bgcolor=\"#e0e0e0\" width=\"50\">\u00a0 108<\/td>\n<td bgcolor=\"#e0e0e0\" width=\"50\">\u00a0 96<\/td>\n<td bgcolor=\"#e0e0e0\" width=\"50\">\u00a0 5,6<\/td>\n<\/tr>\n<tr>\n<td bgcolor=\"#005fa4\" width=\"15\"><\/td>\n<td bgcolor=\"#005fa4\" width=\"50\">\u00a0 1 \u00bc<\/td>\n<td bgcolor=\"#005fa4\" width=\"50\">\u00a0 32<\/td>\n<td bgcolor=\"#005fa4\" width=\"50\">\u00a0 140<\/td>\n<td bgcolor=\"#005fa4\" width=\"50\">\u00a0 249<\/td>\n<td bgcolor=\"#005fa4\" width=\"50\">\u00a0 15,9<\/td>\n<td bgcolor=\"#005fa4\" width=\"50\">\u00a0 63,5<\/td>\n<td bgcolor=\"#005fa4\" width=\"50\">\u00a0 88,9<\/td>\n<td bgcolor=\"#005fa4\" width=\"50\">\u00a0 117<\/td>\n<td bgcolor=\"#005fa4\" width=\"50\">\u00a0 130<\/td>\n<td bgcolor=\"#005fa4\" width=\"50\">\u00a0 12<\/td>\n<\/tr>\n<tr>\n<td bgcolor=\"#005fa4\" width=\"15\"><\/td>\n<td bgcolor=\"#e0e0e0\" width=\"50\">\u00a0 1 \u00bd<\/td>\n<td bgcolor=\"#e0e0e0\" width=\"50\">\u00a0 40<\/td>\n<td bgcolor=\"#e0e0e0\" width=\"50\">\u00a0 165<\/td>\n<td bgcolor=\"#e0e0e0\" width=\"50\">\u00a0 249<\/td>\n<td bgcolor=\"#e0e0e0\" width=\"50\">\u00a0 17,5<\/td>\n<td bgcolor=\"#e0e0e0\" width=\"50\">\u00a0 73<\/td>\n<td bgcolor=\"#e0e0e0\" width=\"50\">\u00a0 98,4<\/td>\n<td bgcolor=\"#e0e0e0\" width=\"50\">\u00a0 127<\/td>\n<td bgcolor=\"#e0e0e0\" width=\"50\">\u00a0 130<\/td>\n<td bgcolor=\"#e0e0e0\" width=\"50\">\u00a0 12,8<\/td>\n<\/tr>\n<tr>\n<td bgcolor=\"#005fa4\" width=\"15\"><\/td>\n<td bgcolor=\"#005fa4\" width=\"50\">\u00a0 2<\/td>\n<td bgcolor=\"#005fa4\" width=\"50\">\u00a0 50<\/td>\n<td bgcolor=\"#005fa4\" width=\"50\">\u00a0 203<\/td>\n<td bgcolor=\"#005fa4\" width=\"50\">\u00a0 281<\/td>\n<td bgcolor=\"#005fa4\" width=\"50\">\u00a0 19,1<\/td>\n<td bgcolor=\"#005fa4\" width=\"50\">\u00a0 92,1<\/td>\n<td bgcolor=\"#005fa4\" width=\"50\">\u00a0 120,6<\/td>\n<td bgcolor=\"#005fa4\" width=\"50\">\u00a0 152<\/td>\n<td bgcolor=\"#005fa4\" width=\"50\">\u00a0 150<\/td>\n<td bgcolor=\"#005fa4\" width=\"50\">\u00a0 16,4<\/td>\n<\/tr>\n<\/tbody>\n<\/table>\n<p>&nbsp;<\/p>\n<table border=\"0\" width=\"700\" cellspacing=\"0\" cellpadding=\"0\">\n<tbody>\n<tr>\n<td bgcolor=\"#005fa4\">\u00a0 ASA 300 Figure V 3101<\/td>\n<\/tr>\n<\/tbody>\n<\/table>\n<table border=\"0\" width=\"700\" cellspacing=\"0\" cellpadding=\"0\">\n<tbody>\n<tr>\n<td bgcolor=\"#005fa4\" width=\"15\"><\/td>\n<td bgcolor=\"#005fa4\" width=\"50\">\u00a0\u00a0\u00a0\u00a0\u00a0\u00a0\u00a0\u00a0\u00a0 \u00d6l\u00e7\u00fc<\/td>\n<td bgcolor=\"#005fa4\" width=\"15\"><\/td>\n<td bgcolor=\"#005fa4\" width=\"50\">\u00a0 C<\/td>\n<td bgcolor=\"#005fa4\" width=\"50\">\u00a0 H<\/td>\n<td bgcolor=\"#005fa4\" width=\"50\">\u00a0 D<\/td>\n<td bgcolor=\"#005fa4\" width=\"50\">\u00a0 \u00d8 R<\/td>\n<td bgcolor=\"#005fa4\" width=\"50\">\u00a0 \u00d8 G<\/td>\n<td bgcolor=\"#005fa4\" width=\"50\">\u00a0 \u00d8 B<\/td>\n<td bgcolor=\"#005fa4\" width=\"50\">\u00a0 W<\/td>\n<td bgcolor=\"#005fa4\" width=\"50\">\u00a0 App. W<\/td>\n<\/tr>\n<tr>\n<td bgcolor=\"#005fa4\" width=\"15\"><\/td>\n<td bgcolor=\"#005fa4\" width=\"50\">\u00a0 inch<\/td>\n<td bgcolor=\"#005fa4\" width=\"50\">\u00a0 DN<\/td>\n<td bgcolor=\"#005fa4\" width=\"50\">\u00a0 mm<\/td>\n<td bgcolor=\"#005fa4\" width=\"50\">\u00a0 mm<\/td>\n<td bgcolor=\"#005fa4\" width=\"50\">\u00a0 mm<\/td>\n<td bgcolor=\"#005fa4\" width=\"50\">\u00a0 mm<\/td>\n<td bgcolor=\"#005fa4\" width=\"50\">\u00a0 mm<\/td>\n<td bgcolor=\"#005fa4\" width=\"50\">\u00a0 mm<\/td>\n<td bgcolor=\"#005fa4\" width=\"50\">\u00a0 mm<\/td>\n<td bgcolor=\"#005fa4\" width=\"50\">\u00a0 kg<\/td>\n<\/tr>\n<tr>\n<td bgcolor=\"#005fa4\" width=\"15\"><\/td>\n<td bgcolor=\"#e0e0e0\" width=\"50\">\u00a0 \u00bd<\/td>\n<td bgcolor=\"#e0e0e0\" width=\"50\">\u00a0 15<\/td>\n<td bgcolor=\"#e0e0e0\" width=\"50\">\u00a0 152,5<\/td>\n<td bgcolor=\"#e0e0e0\" width=\"50\">\u00a0 150<\/td>\n<td bgcolor=\"#e0e0e0\" width=\"50\">\u00a0 14,2<\/td>\n<td bgcolor=\"#e0e0e0\" width=\"50\">\u00a0 34,9<\/td>\n<td bgcolor=\"#e0e0e0\" width=\"50\">\u00a0 66,7<\/td>\n<td bgcolor=\"#e0e0e0\" width=\"50\">\u00a0 95<\/td>\n<td bgcolor=\"#e0e0e0\" width=\"50\">\u00a0 96<\/td>\n<td bgcolor=\"#e0e0e0\" width=\"50\">\u00a0 4,8<\/td>\n<\/tr>\n<tr>\n<td bgcolor=\"#005fa4\" width=\"15\"><\/td>\n<td bgcolor=\"#005fa4\" width=\"50\">\u00a0 \u00be<\/td>\n<td bgcolor=\"#005fa4\" width=\"50\">\u00a0 20<\/td>\n<td bgcolor=\"#005fa4\" width=\"50\">\u00a0 178<\/td>\n<td bgcolor=\"#005fa4\" width=\"50\">\u00a0 162<\/td>\n<td bgcolor=\"#005fa4\" width=\"50\">\u00a0 15,7<\/td>\n<td bgcolor=\"#005fa4\" width=\"50\">\u00a0 42,9<\/td>\n<td bgcolor=\"#005fa4\" width=\"50\">\u00a0 82,6<\/td>\n<td bgcolor=\"#005fa4\" width=\"50\">\u00a0 117<\/td>\n<td bgcolor=\"#005fa4\" width=\"50\">\u00a0 96<\/td>\n<td bgcolor=\"#005fa4\" width=\"50\">\u00a0 5,2<\/td>\n<\/tr>\n<tr>\n<td bgcolor=\"#005fa4\" width=\"15\"><\/td>\n<td bgcolor=\"#e0e0e0\" width=\"50\">\u00a0 1<\/td>\n<td bgcolor=\"#e0e0e0\" width=\"50\">\u00a0 25<\/td>\n<td bgcolor=\"#e0e0e0\" width=\"50\">\u00a0 203<\/td>\n<td bgcolor=\"#e0e0e0\" width=\"50\">\u00a0 197<\/td>\n<td bgcolor=\"#e0e0e0\" width=\"50\">\u00a0 17,5<\/td>\n<td bgcolor=\"#e0e0e0\" width=\"50\">\u00a0 50,8<\/td>\n<td bgcolor=\"#e0e0e0\" width=\"50\">\u00a0 88,9<\/td>\n<td bgcolor=\"#e0e0e0\" width=\"50\">\u00a0 124<\/td>\n<td bgcolor=\"#e0e0e0\" width=\"50\">\u00a0 96<\/td>\n<td bgcolor=\"#e0e0e0\" width=\"50\">\u00a0 8<\/td>\n<\/tr>\n<tr>\n<td bgcolor=\"#005fa4\" width=\"15\"><\/td>\n<td bgcolor=\"#005fa4\" width=\"50\">\u00a0 1 \u00bc<\/td>\n<td bgcolor=\"#005fa4\" width=\"50\">\u00a0 32<\/td>\n<td bgcolor=\"#005fa4\" width=\"50\">\u00a0 216<\/td>\n<td bgcolor=\"#005fa4\" width=\"50\">\u00a0 249<\/td>\n<td bgcolor=\"#005fa4\" width=\"50\">\u00a0 19<\/td>\n<td bgcolor=\"#005fa4\" width=\"50\">\u00a0 63,5<\/td>\n<td bgcolor=\"#005fa4\" width=\"50\">\u00a0 98,4<\/td>\n<td bgcolor=\"#005fa4\" width=\"50\">\u00a0 133<\/td>\n<td bgcolor=\"#005fa4\" width=\"50\">\u00a0 130<\/td>\n<td bgcolor=\"#005fa4\" width=\"50\">\u00a0 15,5<\/td>\n<\/tr>\n<tr>\n<td bgcolor=\"#005fa4\" width=\"15\"><\/td>\n<td bgcolor=\"#e0e0e0\" width=\"50\">\u00a0 1 \u00bd<\/td>\n<td bgcolor=\"#e0e0e0\" width=\"50\">\u00a0 40<\/td>\n<td bgcolor=\"#e0e0e0\" width=\"50\">\u00a0 228,5<\/td>\n<td bgcolor=\"#e0e0e0\" width=\"50\">\u00a0 249<\/td>\n<td bgcolor=\"#e0e0e0\" width=\"50\">\u00a0 20,6<\/td>\n<td bgcolor=\"#e0e0e0\" width=\"50\">\u00a0 73<\/td>\n<td bgcolor=\"#e0e0e0\" width=\"50\">\u00a0 114,3<\/td>\n<td bgcolor=\"#e0e0e0\" width=\"50\">\u00a0 156<\/td>\n<td bgcolor=\"#e0e0e0\" width=\"50\">\u00a0 130<\/td>\n<td bgcolor=\"#e0e0e0\" width=\"50\">\u00a0 16,6<\/td>\n<\/tr>\n<tr>\n<td bgcolor=\"#005fa4\" width=\"15\"><\/td>\n<td bgcolor=\"#005fa4\" width=\"50\">\u00a0 2<\/td>\n<td bgcolor=\"#005fa4\" width=\"50\">\u00a0 50<\/td>\n<td bgcolor=\"#005fa4\" width=\"50\">\u00a0 266,5<\/td>\n<td bgcolor=\"#005fa4\" width=\"50\">\u00a0 281<\/td>\n<td bgcolor=\"#005fa4\" width=\"50\">\u00a0 22,4<\/td>\n<td bgcolor=\"#005fa4\" width=\"50\">\u00a0 92,1<\/td>\n<td bgcolor=\"#005fa4\" width=\"50\">\u00a0 127<\/td>\n<td bgcolor=\"#005fa4\" width=\"50\">\u00a0 165<\/td>\n<td bgcolor=\"#005fa4\" width=\"50\">\u00a0 150<\/td>\n<td bgcolor=\"#005fa4\" width=\"50\">\u00a0 18,4<\/td>\n<\/tr>\n<\/tbody>\n<\/table>\n<p>&nbsp;<\/p>\n<table border=\"0\" width=\"700\" cellspacing=\"0\" cellpadding=\"0\">\n<tbody>\n<tr>\n<td bgcolor=\"#005fa4\">\u00a0 ASA 600 Figure V 3102<\/td>\n<\/tr>\n<\/tbody>\n<\/table>\n<table border=\"0\" width=\"700\" cellspacing=\"0\" cellpadding=\"0\">\n<tbody>\n<tr>\n<td bgcolor=\"#005fa4\" width=\"15\"><\/td>\n<td bgcolor=\"#005fa4\" width=\"50\">\u00a0\u00a0\u00a0\u00a0\u00a0\u00a0\u00a0\u00a0\u00a0 \u00d6l\u00e7\u00fc<\/td>\n<td bgcolor=\"#005fa4\" width=\"15\"><\/td>\n<td bgcolor=\"#005fa4\" width=\"50\">\u00a0 C<\/td>\n<td bgcolor=\"#005fa4\" width=\"50\">\u00a0 H<\/td>\n<td bgcolor=\"#005fa4\" width=\"50\">\u00a0 D<\/td>\n<td bgcolor=\"#005fa4\" width=\"50\">\u00a0 \u00d8 R<\/td>\n<td bgcolor=\"#005fa4\" width=\"50\">\u00a0 \u00d8 G<\/td>\n<td bgcolor=\"#005fa4\" width=\"50\">\u00a0 \u00d8 B<\/td>\n<td bgcolor=\"#005fa4\" width=\"50\">\u00a0 W<\/td>\n<td bgcolor=\"#005fa4\" width=\"50\">\u00a0 App. W<\/td>\n<\/tr>\n<tr>\n<td bgcolor=\"#005fa4\" width=\"15\"><\/td>\n<td bgcolor=\"#005fa4\" width=\"50\">\u00a0 inch<\/td>\n<td bgcolor=\"#005fa4\" width=\"50\">\u00a0 DN<\/td>\n<td bgcolor=\"#005fa4\" width=\"50\">\u00a0 mm<\/td>\n<td bgcolor=\"#005fa4\" width=\"50\">\u00a0 mm<\/td>\n<td bgcolor=\"#005fa4\" width=\"50\">\u00a0 mm<\/td>\n<td bgcolor=\"#005fa4\" width=\"50\">\u00a0 mm<\/td>\n<td bgcolor=\"#005fa4\" width=\"50\">\u00a0 mm<\/td>\n<td bgcolor=\"#005fa4\" width=\"50\">\u00a0 mm<\/td>\n<td bgcolor=\"#005fa4\" width=\"50\">\u00a0 mm<\/td>\n<td bgcolor=\"#005fa4\" width=\"50\">\u00a0 kg<\/td>\n<\/tr>\n<tr>\n<td bgcolor=\"#005fa4\" width=\"15\"><\/td>\n<td bgcolor=\"#e0e0e0\" width=\"50\">\u00a0 \u00bd<\/td>\n<td bgcolor=\"#e0e0e0\" width=\"50\">\u00a0 15<\/td>\n<td bgcolor=\"#e0e0e0\" width=\"50\">\u00a0 165<\/td>\n<td bgcolor=\"#e0e0e0\" width=\"50\">\u00a0 150<\/td>\n<td bgcolor=\"#e0e0e0\" width=\"50\">\u00a0 14,2<\/td>\n<td bgcolor=\"#e0e0e0\" width=\"50\">\u00a0 34,9<\/td>\n<td bgcolor=\"#e0e0e0\" width=\"50\">\u00a0 66,7<\/td>\n<td bgcolor=\"#e0e0e0\" width=\"50\">\u00a0 95<\/td>\n<td bgcolor=\"#e0e0e0\" width=\"50\">\u00a0 96<\/td>\n<td bgcolor=\"#e0e0e0\" width=\"50\">\u00a0 5<\/td>\n<\/tr>\n<tr>\n<td bgcolor=\"#005fa4\" width=\"15\"><\/td>\n<td bgcolor=\"#005fa4\" width=\"50\">\u00a0 \u00be<\/td>\n<td bgcolor=\"#005fa4\" width=\"50\">\u00a0 20<\/td>\n<td bgcolor=\"#005fa4\" width=\"50\">\u00a0 190,5<\/td>\n<td bgcolor=\"#005fa4\" width=\"50\">\u00a0 162<\/td>\n<td bgcolor=\"#005fa4\" width=\"50\">\u00a0 15,7<\/td>\n<td bgcolor=\"#005fa4\" width=\"50\">\u00a0 42,9<\/td>\n<td bgcolor=\"#005fa4\" width=\"50\">\u00a0 82,6<\/td>\n<td bgcolor=\"#005fa4\" width=\"50\">\u00a0 117<\/td>\n<td bgcolor=\"#005fa4\" width=\"50\">\u00a0 96<\/td>\n<td bgcolor=\"#005fa4\" width=\"50\">\u00a0 6<\/td>\n<\/tr>\n<tr>\n<td bgcolor=\"#005fa4\" width=\"15\"><\/td>\n<td bgcolor=\"#e0e0e0\" width=\"50\">\u00a0 1<\/td>\n<td bgcolor=\"#e0e0e0\" width=\"50\">\u00a0 25<\/td>\n<td bgcolor=\"#e0e0e0\" width=\"50\">\u00a0 216<\/td>\n<td bgcolor=\"#e0e0e0\" width=\"50\">\u00a0 197<\/td>\n<td bgcolor=\"#e0e0e0\" width=\"50\">\u00a0 17,5<\/td>\n<td bgcolor=\"#e0e0e0\" width=\"50\">\u00a0 50,8<\/td>\n<td bgcolor=\"#e0e0e0\" width=\"50\">\u00a0 88,9<\/td>\n<td bgcolor=\"#e0e0e0\" width=\"50\">\u00a0 124<\/td>\n<td bgcolor=\"#e0e0e0\" width=\"50\">\u00a0 96<\/td>\n<td bgcolor=\"#e0e0e0\" width=\"50\">\u00a0 8,5<\/td>\n<\/tr>\n<tr>\n<td bgcolor=\"#005fa4\" width=\"15\"><\/td>\n<td bgcolor=\"#005fa4\" width=\"50\">\u00a0 1 \u00bc<\/td>\n<td bgcolor=\"#005fa4\" width=\"50\">\u00a0 32<\/td>\n<td bgcolor=\"#005fa4\" width=\"50\">\u00a0 228,5<\/td>\n<td bgcolor=\"#005fa4\" width=\"50\">\u00a0 249<\/td>\n<td bgcolor=\"#005fa4\" width=\"50\">\u00a0 20,6<\/td>\n<td bgcolor=\"#005fa4\" width=\"50\">\u00a0 63,5<\/td>\n<td bgcolor=\"#005fa4\" width=\"50\">\u00a0 98,4<\/td>\n<td bgcolor=\"#005fa4\" width=\"50\">\u00a0 133<\/td>\n<td bgcolor=\"#005fa4\" width=\"50\">\u00a0 130<\/td>\n<td bgcolor=\"#005fa4\" width=\"50\">\u00a0 15,5<\/td>\n<\/tr>\n<tr>\n<td bgcolor=\"#005fa4\" width=\"15\"><\/td>\n<td bgcolor=\"#e0e0e0\" width=\"50\">\u00a0 1 \u00bd<\/td>\n<td bgcolor=\"#e0e0e0\" width=\"50\">\u00a0 40<\/td>\n<td bgcolor=\"#e0e0e0\" width=\"50\">\u00a0 241,5<\/td>\n<td bgcolor=\"#e0e0e0\" width=\"50\">\u00a0 249<\/td>\n<td bgcolor=\"#e0e0e0\" width=\"50\">\u00a0 22,4<\/td>\n<td bgcolor=\"#e0e0e0\" width=\"50\">\u00a0 73<\/td>\n<td bgcolor=\"#e0e0e0\" width=\"50\">\u00a0 114,3<\/td>\n<td bgcolor=\"#e0e0e0\" width=\"50\">\u00a0 156<\/td>\n<td bgcolor=\"#e0e0e0\" width=\"50\">\u00a0 130<\/td>\n<td bgcolor=\"#e0e0e0\" width=\"50\">\u00a0 17,3<\/td>\n<\/tr>\n<tr>\n<td bgcolor=\"#005fa4\" width=\"15\"><\/td>\n<td bgcolor=\"#005fa4\" width=\"50\">\u00a0 2<\/td>\n<td bgcolor=\"#005fa4\" width=\"50\">\u00a0 50<\/td>\n<td bgcolor=\"#005fa4\" width=\"50\">\u00a0 292<\/td>\n<td bgcolor=\"#005fa4\" width=\"50\">\u00a0 281<\/td>\n<td bgcolor=\"#005fa4\" width=\"50\">\u00a0 25,4<\/td>\n<td bgcolor=\"#005fa4\" width=\"50\">\u00a0 92,1<\/td>\n<td bgcolor=\"#005fa4\" width=\"50\">\u00a0 127<\/td>\n<td bgcolor=\"#005fa4\" width=\"50\">\u00a0 165<\/td>\n<td bgcolor=\"#005fa4\" width=\"50\">\u00a0 150<\/td>\n<td bgcolor=\"#005fa4\" width=\"50\">\u00a0 20<\/td>\n<\/tr>\n<\/tbody>\n<\/table>\n","protected":false},"excerpt":{"rendered":"<p>ASA 150 Figure V 3100 \u00a0\u00a0\u00a0\u00a0\u00a0\u00a0\u00a0\u00a0\u00a0 \u00d6l\u00e7\u00fc \u00a0 C \u00a0 H \u00a0 D \u00a0 \u00d8 R \u00a0 \u00d8&#8230;<\/p>\n","protected":false},"featured_media":2815,"template":"","meta":[],"product_cat":[347],"product_tag":[],"class_list":["post-2902","product","type-product","status-publish","has-post-thumbnail","hentry","product_cat-dovme-celik-globe-valfler"],"_links":{"self":[{"href":"https:\/\/notronvalve.com\/tr\/wp-json\/wp\/v2\/product\/2902","targetHints":{"allow":["GET"]}}],"collection":[{"href":"https:\/\/notronvalve.com\/tr\/wp-json\/wp\/v2\/product"}],"about":[{"href":"https:\/\/notronvalve.com\/tr\/wp-json\/wp\/v2\/types\/product"}],"wp:featuredmedia":[{"embeddable":true,"href":"https:\/\/notronvalve.com\/tr\/wp-json\/wp\/v2\/media\/2815"}],"wp:attachment":[{"href":"https:\/\/notronvalve.com\/tr\/wp-json\/wp\/v2\/media?parent=2902"}],"wp:term":[{"taxonomy":"product_cat","embeddable":true,"href":"https:\/\/notronvalve.com\/tr\/wp-json\/wp\/v2\/product_cat?post=2902"},{"taxonomy":"product_tag","embeddable":true,"href":"https:\/\/notronvalve.com\/tr\/wp-json\/wp\/v2\/product_tag?post=2902"}],"curies":[{"name":"wp","href":"https:\/\/api.w.org\/{rel}","templated":true}]}}