{"id":2873,"date":"2023-09-05T11:42:09","date_gmt":"2023-09-05T08:42:09","guid":{"rendered":"https:\/\/notronvalve.com\/?post_type=product&#038;p=2873"},"modified":"2023-09-05T11:43:21","modified_gmt":"2023-09-05T08:43:21","slug":"dovme-celik-kure-valf-asa-150-300","status":"publish","type":"product","link":"https:\/\/notronvalve.com\/tr\/urun\/dovme-celik-kure-valf-asa-150-300\/","title":{"rendered":"ASA 150 &#8211; 300"},"content":{"rendered":"<table border=\"0\" width=\"700\" cellspacing=\"0\" cellpadding=\"0\">\n<tbody>\n<tr>\n<td bgcolor=\"#005fa4\">ASA 150 Figure V 5100 \/ REDUCED PORT<\/td>\n<\/tr>\n<\/tbody>\n<\/table>\n<table border=\"0\" width=\"700\" cellspacing=\"0\" cellpadding=\"0\">\n<tbody>\n<tr>\n<td bgcolor=\"#005fa4\" width=\"15\"><\/td>\n<td bgcolor=\"#005fa4\" width=\"50\">\u00a0\u00a0\u00a0\u00a0\u00a0\u00a0\u00a0\u00a0\u00a0 \u00d6l\u00e7\u00fc<\/td>\n<td bgcolor=\"#005fa4\" width=\"15\"><\/td>\n<td bgcolor=\"#005fa4\" width=\"50\">\u00a0 \u00d8 P<\/td>\n<td bgcolor=\"#005fa4\" width=\"50\">\u00a0 M<\/td>\n<td bgcolor=\"#005fa4\" width=\"50\">\u00a0 D<\/td>\n<td bgcolor=\"#005fa4\" width=\"50\">\u00a0 H<\/td>\n<td bgcolor=\"#005fa4\" width=\"50\">\u00a0 \u00d8 R<\/td>\n<td bgcolor=\"#005fa4\" width=\"50\">\u00a0 \u00d8 G<\/td>\n<td bgcolor=\"#005fa4\" width=\"50\">\u00a0 \u00d8 B<\/td>\n<td bgcolor=\"#005fa4\" width=\"50\">\u00a0 C<\/td>\n<td bgcolor=\"#005fa4\" width=\"50\">\u00a0 \u00d8 D<\/td>\n<td bgcolor=\"#005fa4\" width=\"50\">\u00a0 App. W<\/td>\n<\/tr>\n<tr>\n<td bgcolor=\"#005fa4\" width=\"15\"><\/td>\n<td bgcolor=\"#005fa4\" width=\"50\">\u00a0 inch<\/td>\n<td bgcolor=\"#005fa4\" width=\"50\">\u00a0 DN<\/td>\n<td bgcolor=\"#005fa4\" width=\"50\">\u00a0 mm<\/td>\n<td bgcolor=\"#005fa4\" width=\"50\">\u00a0 mm<\/td>\n<td bgcolor=\"#005fa4\" width=\"50\">\u00a0 mm<\/td>\n<td bgcolor=\"#005fa4\" width=\"50\">\u00a0 mm<\/td>\n<td bgcolor=\"#005fa4\" width=\"50\">\u00a0 mm<\/td>\n<td bgcolor=\"#005fa4\" width=\"50\">\u00a0 mm<\/td>\n<td bgcolor=\"#005fa4\" width=\"50\">\u00a0 mm<\/td>\n<td bgcolor=\"#005fa4\" width=\"50\">\u00a0 mm<\/td>\n<td bgcolor=\"#005fa4\" width=\"50\">\u00a0 mm<\/td>\n<td bgcolor=\"#005fa4\" width=\"50\">\u00a0 kg<\/td>\n<\/tr>\n<tr>\n<td bgcolor=\"#005fa4\" width=\"15\"><\/td>\n<td bgcolor=\"#e0e0e0\" width=\"50\">\u00a0 \u00be<\/td>\n<td bgcolor=\"#e0e0e0\" width=\"50\">\u00a0 20<\/td>\n<td bgcolor=\"#e0e0e0\" width=\"50\">\u00a0 15<\/td>\n<td bgcolor=\"#e0e0e0\" width=\"50\">\u00a0 130<\/td>\n<td bgcolor=\"#e0e0e0\" width=\"50\">\u00a0 117,5<\/td>\n<td bgcolor=\"#e0e0e0\" width=\"50\">\u00a0 80<\/td>\n<td bgcolor=\"#e0e0e0\" width=\"50\">\u00a0 43<\/td>\n<td bgcolor=\"#e0e0e0\" width=\"50\">\u00a0 69,8<\/td>\n<td bgcolor=\"#e0e0e0\" width=\"50\">\u00a0 99<\/td>\n<td bgcolor=\"#e0e0e0\" width=\"50\">\u00a0 11,4<\/td>\n<td bgcolor=\"#e0e0e0\" width=\"50\">\u00a0 15,8<\/td>\n<td bgcolor=\"#e0e0e0\" width=\"50\">\u00a0 2,2<\/td>\n<\/tr>\n<tr>\n<td bgcolor=\"#005fa4\" width=\"15\"><\/td>\n<td bgcolor=\"#005fa4\" width=\"50\">\u00a0 1<\/td>\n<td bgcolor=\"#005fa4\" width=\"50\">\u00a0 25<\/td>\n<td bgcolor=\"#005fa4\" width=\"50\">\u00a0 20<\/td>\n<td bgcolor=\"#005fa4\" width=\"50\">\u00a0 160<\/td>\n<td bgcolor=\"#005fa4\" width=\"50\">\u00a0 127<\/td>\n<td bgcolor=\"#005fa4\" width=\"50\">\u00a0 88,5<\/td>\n<td bgcolor=\"#005fa4\" width=\"50\">\u00a0 50,8<\/td>\n<td bgcolor=\"#005fa4\" width=\"50\">\u00a0 79,4<\/td>\n<td bgcolor=\"#005fa4\" width=\"50\">\u00a0 108<\/td>\n<td bgcolor=\"#005fa4\" width=\"50\">\u00a0 13<\/td>\n<td bgcolor=\"#005fa4\" width=\"50\">\u00a0 15,8<\/td>\n<td bgcolor=\"#005fa4\" width=\"50\">\u00a0 2,5<\/td>\n<\/tr>\n<tr>\n<td bgcolor=\"#005fa4\" width=\"15\"><\/td>\n<td bgcolor=\"#e0e0e0\" width=\"50\">\u00a0 1 \u00bd<\/td>\n<td bgcolor=\"#e0e0e0\" width=\"50\">\u00a0 40<\/td>\n<td bgcolor=\"#e0e0e0\" width=\"50\">\u00a0 32<\/td>\n<td bgcolor=\"#e0e0e0\" width=\"50\">\u00a0 180<\/td>\n<td bgcolor=\"#e0e0e0\" width=\"50\">\u00a0 165<\/td>\n<td bgcolor=\"#e0e0e0\" width=\"50\">\u00a0 105<\/td>\n<td bgcolor=\"#e0e0e0\" width=\"50\">\u00a0 73<\/td>\n<td bgcolor=\"#e0e0e0\" width=\"50\">\u00a0 98,4<\/td>\n<td bgcolor=\"#e0e0e0\" width=\"50\">\u00a0 127<\/td>\n<td bgcolor=\"#e0e0e0\" width=\"50\">\u00a0 16<\/td>\n<td bgcolor=\"#e0e0e0\" width=\"50\">\u00a0 16<\/td>\n<td bgcolor=\"#e0e0e0\" width=\"50\">\u00a0 5,8<\/td>\n<\/tr>\n<tr>\n<td bgcolor=\"#005fa4\" width=\"15\"><\/td>\n<td bgcolor=\"#005fa4\" width=\"50\">\u00a0 2<\/td>\n<td bgcolor=\"#005fa4\" width=\"50\">\u00a0 50<\/td>\n<td bgcolor=\"#005fa4\" width=\"50\">\u00a0 40<\/td>\n<td bgcolor=\"#005fa4\" width=\"50\">\u00a0 213<\/td>\n<td bgcolor=\"#005fa4\" width=\"50\">\u00a0 178<\/td>\n<td bgcolor=\"#005fa4\" width=\"50\">\u00a0 103,5<\/td>\n<td bgcolor=\"#005fa4\" width=\"50\">\u00a0 92,1<\/td>\n<td bgcolor=\"#005fa4\" width=\"50\">\u00a0 120,6<\/td>\n<td bgcolor=\"#005fa4\" width=\"50\">\u00a0 152<\/td>\n<td bgcolor=\"#005fa4\" width=\"50\">\u00a0 19,5<\/td>\n<td bgcolor=\"#005fa4\" width=\"50\">\u00a0 19<\/td>\n<td bgcolor=\"#005fa4\" width=\"50\">\u00a0 &#8211;<\/td>\n<\/tr>\n<\/tbody>\n<\/table>\n<p>&nbsp;<\/p>\n<table border=\"0\" width=\"700\" cellspacing=\"0\" cellpadding=\"0\">\n<tbody>\n<tr>\n<td bgcolor=\"#005fa4\">\u00a0 ASA 150 Figure V 5100 \/ FULL PORT<\/td>\n<\/tr>\n<\/tbody>\n<\/table>\n<table border=\"0\" width=\"700\" cellspacing=\"0\" cellpadding=\"0\">\n<tbody>\n<tr>\n<td bgcolor=\"#005fa4\" width=\"15\"><\/td>\n<td bgcolor=\"#005fa4\" width=\"50\">\u00a0\u00a0\u00a0\u00a0\u00a0\u00a0\u00a0\u00a0\u00a0 \u00d6l\u00e7\u00fc<\/td>\n<td bgcolor=\"#005fa4\" width=\"15\"><\/td>\n<td bgcolor=\"#005fa4\" width=\"50\">\u00a0 \u00d8 P<\/td>\n<td bgcolor=\"#005fa4\" width=\"50\">\u00a0 M<\/td>\n<td bgcolor=\"#005fa4\" width=\"50\">\u00a0 D<\/td>\n<td bgcolor=\"#005fa4\" width=\"50\">\u00a0 H<\/td>\n<td bgcolor=\"#005fa4\" width=\"50\">\u00a0 \u00d8 R<\/td>\n<td bgcolor=\"#005fa4\" width=\"50\">\u00a0 \u00d8 G<\/td>\n<td bgcolor=\"#005fa4\" width=\"50\">\u00a0 \u00d8 B<\/td>\n<td bgcolor=\"#005fa4\" width=\"50\">\u00a0 C<\/td>\n<td bgcolor=\"#005fa4\" width=\"50\">\u00a0 \u00d8 D<\/td>\n<td bgcolor=\"#005fa4\" width=\"50\">\u00a0 App. W<\/td>\n<\/tr>\n<tr>\n<td bgcolor=\"#005fa4\" width=\"15\"><\/td>\n<td bgcolor=\"#005fa4\" width=\"50\">\u00a0 inch<\/td>\n<td bgcolor=\"#005fa4\" width=\"50\">\u00a0 DN<\/td>\n<td bgcolor=\"#005fa4\" width=\"50\">\u00a0 mm<\/td>\n<td bgcolor=\"#005fa4\" width=\"50\">\u00a0 mm<\/td>\n<td bgcolor=\"#005fa4\" width=\"50\">\u00a0 mm<\/td>\n<td bgcolor=\"#005fa4\" width=\"50\">\u00a0 mm<\/td>\n<td bgcolor=\"#005fa4\" width=\"50\">\u00a0 mm<\/td>\n<td bgcolor=\"#005fa4\" width=\"50\">\u00a0 mm<\/td>\n<td bgcolor=\"#005fa4\" width=\"50\">\u00a0 mm<\/td>\n<td bgcolor=\"#005fa4\" width=\"50\">\u00a0 mm<\/td>\n<td bgcolor=\"#005fa4\" width=\"50\">\u00a0 mm<\/td>\n<td bgcolor=\"#005fa4\" width=\"50\">\u00a0 kg<\/td>\n<\/tr>\n<tr>\n<td bgcolor=\"#005fa4\" width=\"15\"><\/td>\n<td bgcolor=\"#e0e0e0\" width=\"50\">\u00a0 \u00bd<\/td>\n<td bgcolor=\"#e0e0e0\" width=\"50\">\u00a0 15<\/td>\n<td bgcolor=\"#e0e0e0\" width=\"50\">\u00a0 15<\/td>\n<td bgcolor=\"#e0e0e0\" width=\"50\">\u00a0 160<\/td>\n<td bgcolor=\"#e0e0e0\" width=\"50\">\u00a0 108<\/td>\n<td bgcolor=\"#e0e0e0\" width=\"50\">\u00a0 77<\/td>\n<td bgcolor=\"#e0e0e0\" width=\"50\">\u00a0 35<\/td>\n<td bgcolor=\"#e0e0e0\" width=\"50\">\u00a0 60,3<\/td>\n<td bgcolor=\"#e0e0e0\" width=\"50\">\u00a0 89<\/td>\n<td bgcolor=\"#e0e0e0\" width=\"50\">\u00a0 10<\/td>\n<td bgcolor=\"#e0e0e0\" width=\"50\">\u00a0 15,8<\/td>\n<td bgcolor=\"#e0e0e0\" width=\"50\">\u00a0 2,4<\/td>\n<\/tr>\n<tr>\n<td bgcolor=\"#005fa4\" width=\"15\"><\/td>\n<td bgcolor=\"#005fa4\" width=\"50\">\u00a0 \u00be<\/td>\n<td bgcolor=\"#005fa4\" width=\"50\">\u00a0 20<\/td>\n<td bgcolor=\"#005fa4\" width=\"50\">\u00a0 20<\/td>\n<td bgcolor=\"#005fa4\" width=\"50\">\u00a0 160<\/td>\n<td bgcolor=\"#005fa4\" width=\"50\">\u00a0 117,5<\/td>\n<td bgcolor=\"#005fa4\" width=\"50\">\u00a0 69<\/td>\n<td bgcolor=\"#005fa4\" width=\"50\">\u00a0 43<\/td>\n<td bgcolor=\"#005fa4\" width=\"50\">\u00a0 69,8<\/td>\n<td bgcolor=\"#005fa4\" width=\"50\">\u00a0 99<\/td>\n<td bgcolor=\"#005fa4\" width=\"50\">\u00a0 11,4<\/td>\n<td bgcolor=\"#005fa4\" width=\"50\">\u00a0 15,8<\/td>\n<td bgcolor=\"#005fa4\" width=\"50\">\u00a0 2,7<\/td>\n<\/tr>\n<tr>\n<td bgcolor=\"#005fa4\" width=\"15\"><\/td>\n<td bgcolor=\"#e0e0e0\" width=\"50\">\u00a0 1<\/td>\n<td bgcolor=\"#e0e0e0\" width=\"50\">\u00a0 25<\/td>\n<td bgcolor=\"#e0e0e0\" width=\"50\">\u00a0 25<\/td>\n<td bgcolor=\"#e0e0e0\" width=\"50\">\u00a0 180<\/td>\n<td bgcolor=\"#e0e0e0\" width=\"50\">\u00a0 127<\/td>\n<td bgcolor=\"#e0e0e0\" width=\"50\">\u00a0 90<\/td>\n<td bgcolor=\"#e0e0e0\" width=\"50\">\u00a0 50,8<\/td>\n<td bgcolor=\"#e0e0e0\" width=\"50\">\u00a0 79,4<\/td>\n<td bgcolor=\"#e0e0e0\" width=\"50\">\u00a0 108<\/td>\n<td bgcolor=\"#e0e0e0\" width=\"50\">\u00a0 12,7<\/td>\n<td bgcolor=\"#e0e0e0\" width=\"50\">\u00a0 15,8<\/td>\n<td bgcolor=\"#e0e0e0\" width=\"50\">\u00a0 6<\/td>\n<\/tr>\n<tr>\n<td bgcolor=\"#005fa4\" width=\"15\"><\/td>\n<td bgcolor=\"#005fa4\" width=\"50\">\u00a0 1 \u00bd<\/td>\n<td bgcolor=\"#005fa4\" width=\"50\">\u00a0 40<\/td>\n<td bgcolor=\"#005fa4\" width=\"50\">\u00a0 40<\/td>\n<td bgcolor=\"#005fa4\" width=\"50\">\u00a0 200<\/td>\n<td bgcolor=\"#005fa4\" width=\"50\">\u00a0 165<\/td>\n<td bgcolor=\"#005fa4\" width=\"50\">\u00a0 100<\/td>\n<td bgcolor=\"#005fa4\" width=\"50\">\u00a0 73<\/td>\n<td bgcolor=\"#005fa4\" width=\"50\">\u00a0 98,4<\/td>\n<td bgcolor=\"#005fa4\" width=\"50\">\u00a0 127<\/td>\n<td bgcolor=\"#005fa4\" width=\"50\">\u00a0 16,4<\/td>\n<td bgcolor=\"#005fa4\" width=\"50\">\u00a0 15,8<\/td>\n<td bgcolor=\"#005fa4\" width=\"50\">\u00a0 7<\/td>\n<\/tr>\n<\/tbody>\n<\/table>\n<p>&nbsp;<\/p>\n<table border=\"0\" width=\"700\" cellspacing=\"0\" cellpadding=\"0\">\n<tbody>\n<tr>\n<td bgcolor=\"#005fa4\">\u00a0 ASA 300 Figure V 5101 \/ REDUCED PORT<\/td>\n<\/tr>\n<\/tbody>\n<\/table>\n<table border=\"0\" width=\"700\" cellspacing=\"0\" cellpadding=\"0\">\n<tbody>\n<tr>\n<td bgcolor=\"#005fa4\" width=\"15\"><\/td>\n<td bgcolor=\"#005fa4\" width=\"50\">\u00a0\u00a0\u00a0\u00a0\u00a0\u00a0\u00a0\u00a0\u00a0 \u00d6l\u00e7\u00fc<\/td>\n<td bgcolor=\"#005fa4\" width=\"15\"><\/td>\n<td bgcolor=\"#005fa4\" width=\"50\">\u00a0 \u00d8 P<\/td>\n<td bgcolor=\"#005fa4\" width=\"50\">\u00a0 M<\/td>\n<td bgcolor=\"#005fa4\" width=\"50\">\u00a0 D<\/td>\n<td bgcolor=\"#005fa4\" width=\"50\">\u00a0 H<\/td>\n<td bgcolor=\"#005fa4\" width=\"50\">\u00a0 \u00d8 R<\/td>\n<td bgcolor=\"#005fa4\" width=\"50\">\u00a0 \u00d8 G<\/td>\n<td bgcolor=\"#005fa4\" width=\"50\">\u00a0 \u00d8 B<\/td>\n<td bgcolor=\"#005fa4\" width=\"50\">\u00a0 C<\/td>\n<td bgcolor=\"#005fa4\" width=\"50\">\u00a0 \u00d8 D<\/td>\n<td bgcolor=\"#005fa4\" width=\"50\">\u00a0 App. W<\/td>\n<\/tr>\n<tr>\n<td bgcolor=\"#005fa4\" width=\"15\"><\/td>\n<td bgcolor=\"#005fa4\" width=\"50\">\u00a0 inch<\/td>\n<td bgcolor=\"#005fa4\" width=\"50\">\u00a0 DN<\/td>\n<td bgcolor=\"#005fa4\" width=\"50\">\u00a0 mm<\/td>\n<td bgcolor=\"#005fa4\" width=\"50\">\u00a0 mm<\/td>\n<td bgcolor=\"#005fa4\" width=\"50\">\u00a0 mm<\/td>\n<td bgcolor=\"#005fa4\" width=\"50\">\u00a0 mm<\/td>\n<td bgcolor=\"#005fa4\" width=\"50\">\u00a0 mm<\/td>\n<td bgcolor=\"#005fa4\" width=\"50\">\u00a0 mm<\/td>\n<td bgcolor=\"#005fa4\" width=\"50\">\u00a0 mm<\/td>\n<td bgcolor=\"#005fa4\" width=\"50\">\u00a0 mm<\/td>\n<td bgcolor=\"#005fa4\" width=\"50\">\u00a0 mm<\/td>\n<td bgcolor=\"#005fa4\" width=\"50\">\u00a0 kg<\/td>\n<\/tr>\n<tr>\n<td bgcolor=\"#005fa4\" width=\"15\"><\/td>\n<td bgcolor=\"#e0e0e0\" width=\"50\">\u00a0 \u00be<\/td>\n<td bgcolor=\"#e0e0e0\" width=\"50\">\u00a0 20<\/td>\n<td bgcolor=\"#e0e0e0\" width=\"50\">\u00a0 15<\/td>\n<td bgcolor=\"#e0e0e0\" width=\"50\">\u00a0 160<\/td>\n<td bgcolor=\"#e0e0e0\" width=\"50\">\u00a0 152<\/td>\n<td bgcolor=\"#e0e0e0\" width=\"50\">\u00a0 80<\/td>\n<td bgcolor=\"#e0e0e0\" width=\"50\">\u00a0 43<\/td>\n<td bgcolor=\"#e0e0e0\" width=\"50\">\u00a0 82,6<\/td>\n<td bgcolor=\"#e0e0e0\" width=\"50\">\u00a0 117<\/td>\n<td bgcolor=\"#e0e0e0\" width=\"50\">\u00a0 14,1<\/td>\n<td bgcolor=\"#e0e0e0\" width=\"50\">\u00a0 19<\/td>\n<td bgcolor=\"#e0e0e0\" width=\"50\">\u00a0 5,4<\/td>\n<\/tr>\n<tr>\n<td bgcolor=\"#005fa4\" width=\"15\"><\/td>\n<td bgcolor=\"#005fa4\" width=\"50\">\u00a0 1<\/td>\n<td bgcolor=\"#005fa4\" width=\"50\">\u00a0 25<\/td>\n<td bgcolor=\"#005fa4\" width=\"50\">\u00a0 20<\/td>\n<td bgcolor=\"#005fa4\" width=\"50\">\u00a0 160<\/td>\n<td bgcolor=\"#005fa4\" width=\"50\">\u00a0 165<\/td>\n<td bgcolor=\"#005fa4\" width=\"50\">\u00a0 90<\/td>\n<td bgcolor=\"#005fa4\" width=\"50\">\u00a0 50,8<\/td>\n<td bgcolor=\"#005fa4\" width=\"50\">\u00a0 88,9<\/td>\n<td bgcolor=\"#005fa4\" width=\"50\">\u00a0 124<\/td>\n<td bgcolor=\"#005fa4\" width=\"50\">\u00a0 16<\/td>\n<td bgcolor=\"#005fa4\" width=\"50\">\u00a0 19<\/td>\n<td bgcolor=\"#005fa4\" width=\"50\">\u00a0 6<\/td>\n<\/tr>\n<tr>\n<td bgcolor=\"#005fa4\" width=\"15\"><\/td>\n<td bgcolor=\"#e0e0e0\" width=\"50\">\u00a0 1 \u00bd<\/td>\n<td bgcolor=\"#e0e0e0\" width=\"50\">\u00a0 40<\/td>\n<td bgcolor=\"#e0e0e0\" width=\"50\">\u00a0 32<\/td>\n<td bgcolor=\"#e0e0e0\" width=\"50\">\u00a0 180<\/td>\n<td bgcolor=\"#e0e0e0\" width=\"50\">\u00a0 190<\/td>\n<td bgcolor=\"#e0e0e0\" width=\"50\">\u00a0 105<\/td>\n<td bgcolor=\"#e0e0e0\" width=\"50\">\u00a0 73<\/td>\n<td bgcolor=\"#e0e0e0\" width=\"50\">\u00a0 114,3<\/td>\n<td bgcolor=\"#e0e0e0\" width=\"50\">\u00a0 156<\/td>\n<td bgcolor=\"#e0e0e0\" width=\"50\">\u00a0 19<\/td>\n<td bgcolor=\"#e0e0e0\" width=\"50\">\u00a0 22,2<\/td>\n<td bgcolor=\"#e0e0e0\" width=\"50\">\u00a0 6,2<\/td>\n<\/tr>\n<tr>\n<td bgcolor=\"#005fa4\" width=\"15\"><\/td>\n<td bgcolor=\"#005fa4\" width=\"50\">\u00a0 2<\/td>\n<td bgcolor=\"#005fa4\" width=\"50\">\u00a0 50<\/td>\n<td bgcolor=\"#005fa4\" width=\"50\">\u00a0 40<\/td>\n<td bgcolor=\"#005fa4\" width=\"50\">\u00a0 220<\/td>\n<td bgcolor=\"#005fa4\" width=\"50\">\u00a0 216<\/td>\n<td bgcolor=\"#005fa4\" width=\"50\">\u00a0 120<\/td>\n<td bgcolor=\"#005fa4\" width=\"50\">\u00a0 92,1<\/td>\n<td bgcolor=\"#005fa4\" width=\"50\">\u00a0 127<\/td>\n<td bgcolor=\"#005fa4\" width=\"50\">\u00a0 165<\/td>\n<td bgcolor=\"#005fa4\" width=\"50\">\u00a0 21,4<\/td>\n<td bgcolor=\"#005fa4\" width=\"50\">\u00a0 19<\/td>\n<td bgcolor=\"#005fa4\" width=\"50\">\u00a0 &#8211;<\/td>\n<\/tr>\n<\/tbody>\n<\/table>\n<p>&nbsp;<\/p>\n<table border=\"0\" width=\"700\" cellspacing=\"0\" cellpadding=\"0\">\n<tbody>\n<tr>\n<td bgcolor=\"#005fa4\">\u00a0 ASA 300 Figure V 5101 \/ FULL PORT<\/td>\n<\/tr>\n<\/tbody>\n<\/table>\n<table border=\"0\" width=\"700\" cellspacing=\"0\" cellpadding=\"0\">\n<tbody>\n<tr>\n<td bgcolor=\"#005fa4\" width=\"15\"><\/td>\n<td bgcolor=\"#005fa4\" width=\"50\">\u00a0\u00a0\u00a0\u00a0\u00a0\u00a0\u00a0\u00a0\u00a0 \u00d6l\u00e7\u00fc<\/td>\n<td bgcolor=\"#005fa4\" width=\"15\"><\/td>\n<td bgcolor=\"#005fa4\" width=\"50\">\u00a0 \u00d8 P<\/td>\n<td bgcolor=\"#005fa4\" width=\"50\">\u00a0 M<\/td>\n<td bgcolor=\"#005fa4\" width=\"50\">\u00a0 D<\/td>\n<td bgcolor=\"#005fa4\" width=\"50\">\u00a0 H<\/td>\n<td bgcolor=\"#005fa4\" width=\"50\">\u00a0 \u00d8 R<\/td>\n<td bgcolor=\"#005fa4\" width=\"50\">\u00a0 \u00d8 G<\/td>\n<td bgcolor=\"#005fa4\" width=\"50\">\u00a0 \u00d8 B<\/td>\n<td bgcolor=\"#005fa4\" width=\"50\">\u00a0 C<\/td>\n<td bgcolor=\"#005fa4\" width=\"50\">\u00a0 \u00d8 D<\/td>\n<td bgcolor=\"#005fa4\" width=\"50\">\u00a0 App. W<\/td>\n<\/tr>\n<tr>\n<td bgcolor=\"#005fa4\" width=\"15\"><\/td>\n<td bgcolor=\"#005fa4\" width=\"50\">\u00a0 inch<\/td>\n<td bgcolor=\"#005fa4\" width=\"50\">\u00a0 DN<\/td>\n<td bgcolor=\"#005fa4\" width=\"50\">\u00a0 mm<\/td>\n<td bgcolor=\"#005fa4\" width=\"50\">\u00a0 mm<\/td>\n<td bgcolor=\"#005fa4\" width=\"50\">\u00a0 mm<\/td>\n<td bgcolor=\"#005fa4\" width=\"50\">\u00a0 mm<\/td>\n<td bgcolor=\"#005fa4\" width=\"50\">\u00a0 mm<\/td>\n<td bgcolor=\"#005fa4\" width=\"50\">\u00a0 mm<\/td>\n<td bgcolor=\"#005fa4\" width=\"50\">\u00a0 mm<\/td>\n<td bgcolor=\"#005fa4\" width=\"50\">\u00a0 mm<\/td>\n<td bgcolor=\"#005fa4\" width=\"50\">\u00a0 mm<\/td>\n<td bgcolor=\"#005fa4\" width=\"50\">\u00a0 kg<\/td>\n<\/tr>\n<tr>\n<td bgcolor=\"#005fa4\" width=\"15\"><\/td>\n<td bgcolor=\"#e0e0e0\" width=\"50\">\u00a0 1<\/td>\n<td bgcolor=\"#e0e0e0\" width=\"50\">\u00a0 25<\/td>\n<td bgcolor=\"#e0e0e0\" width=\"50\">\u00a0 25<\/td>\n<td bgcolor=\"#e0e0e0\" width=\"50\">\u00a0 180<\/td>\n<td bgcolor=\"#e0e0e0\" width=\"50\">\u00a0 165<\/td>\n<td bgcolor=\"#e0e0e0\" width=\"50\">\u00a0 107<\/td>\n<td bgcolor=\"#e0e0e0\" width=\"50\">\u00a0 50,8<\/td>\n<td bgcolor=\"#e0e0e0\" width=\"50\">\u00a0 89<\/td>\n<td bgcolor=\"#e0e0e0\" width=\"50\">\u00a0 124<\/td>\n<td bgcolor=\"#e0e0e0\" width=\"50\">\u00a0 17<\/td>\n<td bgcolor=\"#e0e0e0\" width=\"50\">\u00a0 19<\/td>\n<td bgcolor=\"#e0e0e0\" width=\"50\">\u00a0 6,6<\/td>\n<\/tr>\n<tr>\n<td bgcolor=\"#005fa4\" width=\"15\"><\/td>\n<td bgcolor=\"#005fa4\" width=\"50\">\u00a0 1 \u00bd<\/td>\n<td bgcolor=\"#005fa4\" width=\"50\">\u00a0 40<\/td>\n<td bgcolor=\"#005fa4\" width=\"50\">\u00a0 40<\/td>\n<td bgcolor=\"#005fa4\" width=\"50\">\u00a0 225<\/td>\n<td bgcolor=\"#005fa4\" width=\"50\">\u00a0 190<\/td>\n<td bgcolor=\"#005fa4\" width=\"50\">\u00a0 110<\/td>\n<td bgcolor=\"#005fa4\" width=\"50\">\u00a0 73<\/td>\n<td bgcolor=\"#005fa4\" width=\"50\">\u00a0 114,3<\/td>\n<td bgcolor=\"#005fa4\" width=\"50\">\u00a0 156<\/td>\n<td bgcolor=\"#005fa4\" width=\"50\">\u00a0 19,4<\/td>\n<td bgcolor=\"#005fa4\" width=\"50\">\u00a0 22,2<\/td>\n<td bgcolor=\"#005fa4\" width=\"50\">\u00a0 10,5<\/td>\n<\/tr>\n<\/tbody>\n<\/table>\n","protected":false},"excerpt":{"rendered":"<p>ASA 150 Figure V 5100 \/ REDUCED PORT \u00a0\u00a0\u00a0\u00a0\u00a0\u00a0\u00a0\u00a0\u00a0 \u00d6l\u00e7\u00fc \u00a0 \u00d8 P \u00a0 M \u00a0 D \u00a0&#8230;<\/p>\n","protected":false},"featured_media":2805,"template":"","meta":[],"product_cat":[345],"product_tag":[],"class_list":["post-2873","product","type-product","status-publish","has-post-thumbnail","hentry","product_cat-dovme-celik-kure-valfler"],"_links":{"self":[{"href":"https:\/\/notronvalve.com\/tr\/wp-json\/wp\/v2\/product\/2873","targetHints":{"allow":["GET"]}}],"collection":[{"href":"https:\/\/notronvalve.com\/tr\/wp-json\/wp\/v2\/product"}],"about":[{"href":"https:\/\/notronvalve.com\/tr\/wp-json\/wp\/v2\/types\/product"}],"wp:featuredmedia":[{"embeddable":true,"href":"https:\/\/notronvalve.com\/tr\/wp-json\/wp\/v2\/media\/2805"}],"wp:attachment":[{"href":"https:\/\/notronvalve.com\/tr\/wp-json\/wp\/v2\/media?parent=2873"}],"wp:term":[{"taxonomy":"product_cat","embeddable":true,"href":"https:\/\/notronvalve.com\/tr\/wp-json\/wp\/v2\/product_cat?post=2873"},{"taxonomy":"product_tag","embeddable":true,"href":"https:\/\/notronvalve.com\/tr\/wp-json\/wp\/v2\/product_tag?post=2873"}],"curies":[{"name":"wp","href":"https:\/\/api.w.org\/{rel}","templated":true}]}}