{"id":2870,"date":"2023-09-05T11:36:37","date_gmt":"2023-09-05T08:36:37","guid":{"rendered":"https:\/\/notronvalve.com\/?post_type=product&#038;p=2870"},"modified":"2023-09-05T11:37:51","modified_gmt":"2023-09-05T08:37:51","slug":"dovme-celik-check-valf-asa-150-300-600","status":"publish","type":"product","link":"https:\/\/notronvalve.com\/tr\/urun\/dovme-celik-check-valf-asa-150-300-600\/","title":{"rendered":"ASA 150 &#8211; 300 &#8211; 600"},"content":{"rendered":"<table border=\"0\" width=\"700\" cellspacing=\"0\" cellpadding=\"0\">\n<tbody>\n<tr>\n<td bgcolor=\"#005fa4\">\u00a0ASA 150 Figure V 4100<\/td>\n<\/tr>\n<\/tbody>\n<\/table>\n<table border=\"0\" width=\"700\" cellspacing=\"0\" cellpadding=\"0\">\n<tbody>\n<tr>\n<td bgcolor=\"#005fa4\" width=\"15\"><\/td>\n<td bgcolor=\"#005fa4\" width=\"50\">\u00a0\u00a0\u00a0\u00a0\u00a0\u00a0\u00a0\u00a0\u00a0 \u00d6l\u00e7\u00fc<\/td>\n<td bgcolor=\"#005fa4\" width=\"15\"><\/td>\n<td bgcolor=\"#005fa4\" width=\"50\">\u00a0 C<\/td>\n<td bgcolor=\"#005fa4\" width=\"50\">\u00a0 H<\/td>\n<td bgcolor=\"#005fa4\" width=\"50\">\u00a0 D<\/td>\n<td bgcolor=\"#005fa4\" width=\"50\">\u00a0 \u00d8 R<\/td>\n<td bgcolor=\"#005fa4\" width=\"50\">\u00a0 \u00d8 G<\/td>\n<td bgcolor=\"#005fa4\" width=\"50\">\u00a0 \u00d8 B<\/td>\n<td bgcolor=\"#005fa4\" width=\"50\">\u00a0 App. W<\/td>\n<\/tr>\n<tr>\n<td bgcolor=\"#005fa4\" width=\"15\"><\/td>\n<td bgcolor=\"#005fa4\" width=\"50\">\u00a0 inch<\/td>\n<td bgcolor=\"#005fa4\" width=\"50\">\u00a0 DN<\/td>\n<td bgcolor=\"#005fa4\" width=\"50\">\u00a0 mm<\/td>\n<td bgcolor=\"#005fa4\" width=\"50\">\u00a0 mm<\/td>\n<td bgcolor=\"#005fa4\" width=\"50\">\u00a0 mm<\/td>\n<td bgcolor=\"#005fa4\" width=\"50\">\u00a0 mm<\/td>\n<td bgcolor=\"#005fa4\" width=\"50\">\u00a0 mm<\/td>\n<td bgcolor=\"#005fa4\" width=\"50\">\u00a0 mm<\/td>\n<td bgcolor=\"#005fa4\" width=\"50\">\u00a0 kg<\/td>\n<\/tr>\n<tr>\n<td bgcolor=\"#005fa4\" width=\"15\"><\/td>\n<td bgcolor=\"#e0e0e0\" width=\"50\">\u00a0 \u00bd<\/td>\n<td bgcolor=\"#e0e0e0\" width=\"50\">\u00a0 15<\/td>\n<td bgcolor=\"#e0e0e0\" width=\"50\">\u00a0 108<\/td>\n<td bgcolor=\"#e0e0e0\" width=\"50\">\u00a0 47<\/td>\n<td bgcolor=\"#e0e0e0\" width=\"50\">\u00a0 11,2<\/td>\n<td bgcolor=\"#e0e0e0\" width=\"50\">\u00a0 34,9<\/td>\n<td bgcolor=\"#e0e0e0\" width=\"50\">\u00a0 60,3<\/td>\n<td bgcolor=\"#e0e0e0\" width=\"50\">\u00a0 89<\/td>\n<td bgcolor=\"#e0e0e0\" width=\"50\">\u00a0 2,2<\/td>\n<\/tr>\n<tr>\n<td bgcolor=\"#005fa4\" width=\"15\"><\/td>\n<td bgcolor=\"#005fa4\" width=\"50\">\u00a0 \u00be<\/td>\n<td bgcolor=\"#005fa4\" width=\"50\">\u00a0 20<\/td>\n<td bgcolor=\"#005fa4\" width=\"50\">\u00a0 117,5<\/td>\n<td bgcolor=\"#005fa4\" width=\"50\">\u00a0 53<\/td>\n<td bgcolor=\"#005fa4\" width=\"50\">\u00a0 12,7<\/td>\n<td bgcolor=\"#005fa4\" width=\"50\">\u00a0 42,9<\/td>\n<td bgcolor=\"#005fa4\" width=\"50\">\u00a0 69,8<\/td>\n<td bgcolor=\"#005fa4\" width=\"50\">\u00a0 99<\/td>\n<td bgcolor=\"#005fa4\" width=\"50\">\u00a0 2,9<\/td>\n<\/tr>\n<tr>\n<td bgcolor=\"#005fa4\" width=\"15\"><\/td>\n<td bgcolor=\"#e0e0e0\" width=\"50\">\u00a0 1<\/td>\n<td bgcolor=\"#e0e0e0\" width=\"50\">\u00a0 25<\/td>\n<td bgcolor=\"#e0e0e0\" width=\"50\">\u00a0 127<\/td>\n<td bgcolor=\"#e0e0e0\" width=\"50\">\u00a0 69<\/td>\n<td bgcolor=\"#e0e0e0\" width=\"50\">\u00a0 14,3<\/td>\n<td bgcolor=\"#e0e0e0\" width=\"50\">\u00a0 50,8<\/td>\n<td bgcolor=\"#e0e0e0\" width=\"50\">\u00a0 79,4<\/td>\n<td bgcolor=\"#e0e0e0\" width=\"50\">\u00a0 108<\/td>\n<td bgcolor=\"#e0e0e0\" width=\"50\">\u00a0 4,6<\/td>\n<\/tr>\n<tr>\n<td bgcolor=\"#005fa4\" width=\"15\"><\/td>\n<td bgcolor=\"#005fa4\" width=\"50\">\u00a0 1 \u00bc<\/td>\n<td bgcolor=\"#005fa4\" width=\"50\">\u00a0 32<\/td>\n<td bgcolor=\"#005fa4\" width=\"50\">\u00a0 140<\/td>\n<td bgcolor=\"#005fa4\" width=\"50\">\u00a0 105<\/td>\n<td bgcolor=\"#005fa4\" width=\"50\">\u00a0 15,9<\/td>\n<td bgcolor=\"#005fa4\" width=\"50\">\u00a0 63,5<\/td>\n<td bgcolor=\"#005fa4\" width=\"50\">\u00a0 88,9<\/td>\n<td bgcolor=\"#005fa4\" width=\"50\">\u00a0 117<\/td>\n<td bgcolor=\"#005fa4\" width=\"50\">\u00a0 9,1<\/td>\n<\/tr>\n<tr>\n<td bgcolor=\"#005fa4\" width=\"15\"><\/td>\n<td bgcolor=\"#e0e0e0\" width=\"50\">\u00a0 1 \u00bd<\/td>\n<td bgcolor=\"#e0e0e0\" width=\"50\">\u00a0 40<\/td>\n<td bgcolor=\"#e0e0e0\" width=\"50\">\u00a0 165<\/td>\n<td bgcolor=\"#e0e0e0\" width=\"50\">\u00a0 105<\/td>\n<td bgcolor=\"#e0e0e0\" width=\"50\">\u00a0 17,5<\/td>\n<td bgcolor=\"#e0e0e0\" width=\"50\">\u00a0 73<\/td>\n<td bgcolor=\"#e0e0e0\" width=\"50\">\u00a0 98,4<\/td>\n<td bgcolor=\"#e0e0e0\" width=\"50\">\u00a0 127<\/td>\n<td bgcolor=\"#e0e0e0\" width=\"50\">\u00a0 9,8<\/td>\n<\/tr>\n<tr>\n<td bgcolor=\"#005fa4\" width=\"15\"><\/td>\n<td bgcolor=\"#005fa4\" width=\"50\">\u00a0 2<\/td>\n<td bgcolor=\"#005fa4\" width=\"50\">\u00a0 50<\/td>\n<td bgcolor=\"#005fa4\" width=\"50\">\u00a0 203<\/td>\n<td bgcolor=\"#005fa4\" width=\"50\">\u00a0 131<\/td>\n<td bgcolor=\"#005fa4\" width=\"50\">\u00a0 19,1<\/td>\n<td bgcolor=\"#005fa4\" width=\"50\">\u00a0 92,1<\/td>\n<td bgcolor=\"#005fa4\" width=\"50\">\u00a0 120,6<\/td>\n<td bgcolor=\"#005fa4\" width=\"50\">\u00a0 152<\/td>\n<td bgcolor=\"#005fa4\" width=\"50\">\u00a0 14,5<\/td>\n<\/tr>\n<\/tbody>\n<\/table>\n<p>&nbsp;<\/p>\n<table border=\"0\" width=\"700\" cellspacing=\"0\" cellpadding=\"0\">\n<tbody>\n<tr>\n<td bgcolor=\"#005fa4\">\u00a0 ASA 300 Figure V 4101<\/td>\n<\/tr>\n<\/tbody>\n<\/table>\n<table border=\"0\" width=\"700\" cellspacing=\"0\" cellpadding=\"0\">\n<tbody>\n<tr>\n<td bgcolor=\"#005fa4\" width=\"15\"><\/td>\n<td bgcolor=\"#005fa4\" width=\"50\">\u00a0\u00a0\u00a0\u00a0\u00a0\u00a0\u00a0\u00a0\u00a0 \u00d6l\u00e7\u00fc<\/td>\n<td bgcolor=\"#005fa4\" width=\"15\"><\/td>\n<td bgcolor=\"#005fa4\" width=\"50\">\u00a0 C<\/td>\n<td bgcolor=\"#005fa4\" width=\"50\">\u00a0 H<\/td>\n<td bgcolor=\"#005fa4\" width=\"50\">\u00a0 D<\/td>\n<td bgcolor=\"#005fa4\" width=\"50\">\u00a0 \u00d8 R<\/td>\n<td bgcolor=\"#005fa4\" width=\"50\">\u00a0 \u00d8 G<\/td>\n<td bgcolor=\"#005fa4\" width=\"50\">\u00a0 \u00d8 B<\/td>\n<td bgcolor=\"#005fa4\" width=\"50\">\u00a0 App. W<\/td>\n<\/tr>\n<tr>\n<td bgcolor=\"#005fa4\" width=\"15\"><\/td>\n<td bgcolor=\"#005fa4\" width=\"50\">\u00a0 inch<\/td>\n<td bgcolor=\"#005fa4\" width=\"50\">\u00a0 DN<\/td>\n<td bgcolor=\"#005fa4\" width=\"50\">\u00a0 mm<\/td>\n<td bgcolor=\"#005fa4\" width=\"50\">\u00a0 mm<\/td>\n<td bgcolor=\"#005fa4\" width=\"50\">\u00a0 mm<\/td>\n<td bgcolor=\"#005fa4\" width=\"50\">\u00a0 mm<\/td>\n<td bgcolor=\"#005fa4\" width=\"50\">\u00a0 mm<\/td>\n<td bgcolor=\"#005fa4\" width=\"50\">\u00a0 mm<\/td>\n<td bgcolor=\"#005fa4\" width=\"50\">\u00a0 kg<\/td>\n<\/tr>\n<tr>\n<td bgcolor=\"#005fa4\" width=\"15\"><\/td>\n<td bgcolor=\"#e0e0e0\" width=\"50\">\u00a0 \u00bd<\/td>\n<td bgcolor=\"#e0e0e0\" width=\"50\">\u00a0 15<\/td>\n<td bgcolor=\"#e0e0e0\" width=\"50\">\u00a0 152,5<\/td>\n<td bgcolor=\"#e0e0e0\" width=\"50\">\u00a0 47<\/td>\n<td bgcolor=\"#e0e0e0\" width=\"50\">\u00a0 14,2<\/td>\n<td bgcolor=\"#e0e0e0\" width=\"50\">\u00a0 34,9<\/td>\n<td bgcolor=\"#e0e0e0\" width=\"50\">\u00a0 66,7<\/td>\n<td bgcolor=\"#e0e0e0\" width=\"50\">\u00a0 95<\/td>\n<td bgcolor=\"#e0e0e0\" width=\"50\">\u00a0 4,2<\/td>\n<\/tr>\n<tr>\n<td bgcolor=\"#005fa4\" width=\"15\"><\/td>\n<td bgcolor=\"#005fa4\" width=\"50\">\u00a0 \u00be<\/td>\n<td bgcolor=\"#005fa4\" width=\"50\">\u00a0 20<\/td>\n<td bgcolor=\"#005fa4\" width=\"50\">\u00a0 178<\/td>\n<td bgcolor=\"#005fa4\" width=\"50\">\u00a0 53<\/td>\n<td bgcolor=\"#005fa4\" width=\"50\">\u00a0 15,7<\/td>\n<td bgcolor=\"#005fa4\" width=\"50\">\u00a0 42,9<\/td>\n<td bgcolor=\"#005fa4\" width=\"50\">\u00a0 82,6<\/td>\n<td bgcolor=\"#005fa4\" width=\"50\">\u00a0 117<\/td>\n<td bgcolor=\"#005fa4\" width=\"50\">\u00a0 5<\/td>\n<\/tr>\n<tr>\n<td bgcolor=\"#005fa4\" width=\"15\"><\/td>\n<td bgcolor=\"#e0e0e0\" width=\"50\">\u00a0 1<\/td>\n<td bgcolor=\"#e0e0e0\" width=\"50\">\u00a0 25<\/td>\n<td bgcolor=\"#e0e0e0\" width=\"50\">\u00a0 203<\/td>\n<td bgcolor=\"#e0e0e0\" width=\"50\">\u00a0 69<\/td>\n<td bgcolor=\"#e0e0e0\" width=\"50\">\u00a0 17,5<\/td>\n<td bgcolor=\"#e0e0e0\" width=\"50\">\u00a0 50,8<\/td>\n<td bgcolor=\"#e0e0e0\" width=\"50\">\u00a0 88,9<\/td>\n<td bgcolor=\"#e0e0e0\" width=\"50\">\u00a0 124<\/td>\n<td bgcolor=\"#e0e0e0\" width=\"50\">\u00a0 6,5<\/td>\n<\/tr>\n<tr>\n<td bgcolor=\"#005fa4\" width=\"15\"><\/td>\n<td bgcolor=\"#005fa4\" width=\"50\">\u00a0 1 \u00bc<\/td>\n<td bgcolor=\"#005fa4\" width=\"50\">\u00a0 32<\/td>\n<td bgcolor=\"#005fa4\" width=\"50\">\u00a0 216<\/td>\n<td bgcolor=\"#005fa4\" width=\"50\">\u00a0 105<\/td>\n<td bgcolor=\"#005fa4\" width=\"50\">\u00a0 19<\/td>\n<td bgcolor=\"#005fa4\" width=\"50\">\u00a0 63,5<\/td>\n<td bgcolor=\"#005fa4\" width=\"50\">\u00a0 98,4<\/td>\n<td bgcolor=\"#005fa4\" width=\"50\">\u00a0 133<\/td>\n<td bgcolor=\"#005fa4\" width=\"50\">\u00a0 11,1<\/td>\n<\/tr>\n<tr>\n<td bgcolor=\"#005fa4\" width=\"15\"><\/td>\n<td bgcolor=\"#e0e0e0\" width=\"50\">\u00a0 1 \u00bd<\/td>\n<td bgcolor=\"#e0e0e0\" width=\"50\">\u00a0 40<\/td>\n<td bgcolor=\"#e0e0e0\" width=\"50\">\u00a0 228,5<\/td>\n<td bgcolor=\"#e0e0e0\" width=\"50\">\u00a0 105<\/td>\n<td bgcolor=\"#e0e0e0\" width=\"50\">\u00a0 20,6<\/td>\n<td bgcolor=\"#e0e0e0\" width=\"50\">\u00a0 73<\/td>\n<td bgcolor=\"#e0e0e0\" width=\"50\">\u00a0 114,3<\/td>\n<td bgcolor=\"#e0e0e0\" width=\"50\">\u00a0 156<\/td>\n<td bgcolor=\"#e0e0e0\" width=\"50\">\u00a0 13<\/td>\n<\/tr>\n<tr>\n<td bgcolor=\"#005fa4\" width=\"15\"><\/td>\n<td bgcolor=\"#005fa4\" width=\"50\">\u00a0 2<\/td>\n<td bgcolor=\"#005fa4\" width=\"50\">\u00a0 50<\/td>\n<td bgcolor=\"#005fa4\" width=\"50\">\u00a0 266,5<\/td>\n<td bgcolor=\"#005fa4\" width=\"50\">\u00a0 131<\/td>\n<td bgcolor=\"#005fa4\" width=\"50\">\u00a0 22,4<\/td>\n<td bgcolor=\"#005fa4\" width=\"50\">\u00a0 92,1<\/td>\n<td bgcolor=\"#005fa4\" width=\"50\">\u00a0 127<\/td>\n<td bgcolor=\"#005fa4\" width=\"50\">\u00a0 165<\/td>\n<td bgcolor=\"#005fa4\" width=\"50\">\u00a0 17<\/td>\n<\/tr>\n<\/tbody>\n<\/table>\n<p>&nbsp;<\/p>\n<table border=\"0\" width=\"700\" cellspacing=\"0\" cellpadding=\"0\">\n<tbody>\n<tr>\n<td bgcolor=\"#005fa4\">\u00a0 ASA 600 Figure V 4102<\/td>\n<\/tr>\n<\/tbody>\n<\/table>\n<table border=\"0\" width=\"700\" cellspacing=\"0\" cellpadding=\"0\">\n<tbody>\n<tr>\n<td bgcolor=\"#005fa4\" width=\"15\"><\/td>\n<td bgcolor=\"#005fa4\" width=\"50\">\u00a0\u00a0\u00a0\u00a0\u00a0\u00a0\u00a0\u00a0\u00a0 \u00d6l\u00e7\u00fc<\/td>\n<td bgcolor=\"#005fa4\" width=\"15\"><\/td>\n<td bgcolor=\"#005fa4\" width=\"50\">\u00a0 C<\/td>\n<td bgcolor=\"#005fa4\" width=\"50\">\u00a0 H<\/td>\n<td bgcolor=\"#005fa4\" width=\"50\">\u00a0 D<\/td>\n<td bgcolor=\"#005fa4\" width=\"50\">\u00a0 \u00d8 R<\/td>\n<td bgcolor=\"#005fa4\" width=\"50\">\u00a0 \u00d8 G<\/td>\n<td bgcolor=\"#005fa4\" width=\"50\">\u00a0 \u00d8 B<\/td>\n<td bgcolor=\"#005fa4\" width=\"50\">\u00a0 App. W<\/td>\n<\/tr>\n<tr>\n<td bgcolor=\"#005fa4\" width=\"15\"><\/td>\n<td bgcolor=\"#005fa4\" width=\"50\">\u00a0 inch<\/td>\n<td bgcolor=\"#005fa4\" width=\"50\">\u00a0 DN<\/td>\n<td bgcolor=\"#005fa4\" width=\"50\">\u00a0 mm<\/td>\n<td bgcolor=\"#005fa4\" width=\"50\">\u00a0 mm<\/td>\n<td bgcolor=\"#005fa4\" width=\"50\">\u00a0 mm<\/td>\n<td bgcolor=\"#005fa4\" width=\"50\">\u00a0 mm<\/td>\n<td bgcolor=\"#005fa4\" width=\"50\">\u00a0 mm<\/td>\n<td bgcolor=\"#005fa4\" width=\"50\">\u00a0 mm<\/td>\n<td bgcolor=\"#005fa4\" width=\"50\">\u00a0 kg<\/td>\n<\/tr>\n<tr>\n<td bgcolor=\"#005fa4\" width=\"15\"><\/td>\n<td bgcolor=\"#e0e0e0\" width=\"50\">\u00a0 \u00bd<\/td>\n<td bgcolor=\"#e0e0e0\" width=\"50\">\u00a0 15<\/td>\n<td bgcolor=\"#e0e0e0\" width=\"50\">\u00a0 165<\/td>\n<td bgcolor=\"#e0e0e0\" width=\"50\">\u00a0 47<\/td>\n<td bgcolor=\"#e0e0e0\" width=\"50\">\u00a0 14,2<\/td>\n<td bgcolor=\"#e0e0e0\" width=\"50\">\u00a0 34,9<\/td>\n<td bgcolor=\"#e0e0e0\" width=\"50\">\u00a0 66,7<\/td>\n<td bgcolor=\"#e0e0e0\" width=\"50\">\u00a0 95<\/td>\n<td bgcolor=\"#e0e0e0\" width=\"50\">\u00a0 4,2<\/td>\n<\/tr>\n<tr>\n<td bgcolor=\"#005fa4\" width=\"15\"><\/td>\n<td bgcolor=\"#005fa4\" width=\"50\">\u00a0 \u00be<\/td>\n<td bgcolor=\"#005fa4\" width=\"50\">\u00a0 20<\/td>\n<td bgcolor=\"#005fa4\" width=\"50\">\u00a0 190,5<\/td>\n<td bgcolor=\"#005fa4\" width=\"50\">\u00a0 53<\/td>\n<td bgcolor=\"#005fa4\" width=\"50\">\u00a0 15,7<\/td>\n<td bgcolor=\"#005fa4\" width=\"50\">\u00a0 42,9<\/td>\n<td bgcolor=\"#005fa4\" width=\"50\">\u00a0 82,6<\/td>\n<td bgcolor=\"#005fa4\" width=\"50\">\u00a0 117<\/td>\n<td bgcolor=\"#005fa4\" width=\"50\">\u00a0 5,4<\/td>\n<\/tr>\n<tr>\n<td bgcolor=\"#005fa4\" width=\"15\"><\/td>\n<td bgcolor=\"#e0e0e0\" width=\"50\">\u00a0 1<\/td>\n<td bgcolor=\"#e0e0e0\" width=\"50\">\u00a0 25<\/td>\n<td bgcolor=\"#e0e0e0\" width=\"50\">\u00a0 216<\/td>\n<td bgcolor=\"#e0e0e0\" width=\"50\">\u00a0 69<\/td>\n<td bgcolor=\"#e0e0e0\" width=\"50\">\u00a0 17,5<\/td>\n<td bgcolor=\"#e0e0e0\" width=\"50\">\u00a0 50,8<\/td>\n<td bgcolor=\"#e0e0e0\" width=\"50\">\u00a0 88,9<\/td>\n<td bgcolor=\"#e0e0e0\" width=\"50\">\u00a0 124<\/td>\n<td bgcolor=\"#e0e0e0\" width=\"50\">\u00a0 7,5<\/td>\n<\/tr>\n<tr>\n<td bgcolor=\"#005fa4\" width=\"15\"><\/td>\n<td bgcolor=\"#005fa4\" width=\"50\">\u00a0 1 \u00bc<\/td>\n<td bgcolor=\"#005fa4\" width=\"50\">\u00a0 32<\/td>\n<td bgcolor=\"#005fa4\" width=\"50\">\u00a0 228,5<\/td>\n<td bgcolor=\"#005fa4\" width=\"50\">\u00a0 105<\/td>\n<td bgcolor=\"#005fa4\" width=\"50\">\u00a0 20,6<\/td>\n<td bgcolor=\"#005fa4\" width=\"50\">\u00a0 63,5<\/td>\n<td bgcolor=\"#005fa4\" width=\"50\">\u00a0 98,4<\/td>\n<td bgcolor=\"#005fa4\" width=\"50\">\u00a0 133<\/td>\n<td bgcolor=\"#005fa4\" width=\"50\">\u00a0 12,7<\/td>\n<\/tr>\n<tr>\n<td bgcolor=\"#005fa4\" width=\"15\"><\/td>\n<td bgcolor=\"#e0e0e0\" width=\"50\">\u00a0 1 \u00bd<\/td>\n<td bgcolor=\"#e0e0e0\" width=\"50\">\u00a0 40<\/td>\n<td bgcolor=\"#e0e0e0\" width=\"50\">\u00a0 241,5<\/td>\n<td bgcolor=\"#e0e0e0\" width=\"50\">\u00a0 105<\/td>\n<td bgcolor=\"#e0e0e0\" width=\"50\">\u00a0 22,4<\/td>\n<td bgcolor=\"#e0e0e0\" width=\"50\">\u00a0 73<\/td>\n<td bgcolor=\"#e0e0e0\" width=\"50\">\u00a0 114,3<\/td>\n<td bgcolor=\"#e0e0e0\" width=\"50\">\u00a0 156<\/td>\n<td bgcolor=\"#e0e0e0\" width=\"50\">\u00a0 15<\/td>\n<\/tr>\n<tr>\n<td bgcolor=\"#005fa4\" width=\"15\"><\/td>\n<td bgcolor=\"#005fa4\" width=\"50\">\u00a0 2<\/td>\n<td bgcolor=\"#005fa4\" width=\"50\">\u00a0 50<\/td>\n<td bgcolor=\"#005fa4\" width=\"50\">\u00a0 292<\/td>\n<td bgcolor=\"#005fa4\" width=\"50\">\u00a0 131<\/td>\n<td bgcolor=\"#005fa4\" width=\"50\">\u00a0 25,4<\/td>\n<td bgcolor=\"#005fa4\" width=\"50\">\u00a0 92,1<\/td>\n<td bgcolor=\"#005fa4\" width=\"50\">\u00a0 127<\/td>\n<td bgcolor=\"#005fa4\" width=\"50\">\u00a0 165<\/td>\n<td bgcolor=\"#005fa4\" width=\"50\">\u00a0 20<\/td>\n<\/tr>\n<\/tbody>\n<\/table>\n<p>&nbsp;<\/p>\n<div class=\"twelve columns alpha row\"><\/div>\n","protected":false},"excerpt":{"rendered":"<p>Bu tip vanalar, boru hatt\u0131ndaki ak\u0131\u015f\u0131n aksi y\u00f6ne d\u00f6nmesini \u00f6nleyen vanalard\u0131r.<\/p>\n<p>Ak\u0131\u015f bas\u0131nc\u0131 vana diskini a\u00e7\u0131k tutar ve ak\u0131\u015f aksi y\u00f6ne d\u00f6nd\u00fc\u011f\u00fc zaman vana diski kapan\u0131r.<\/p>\n<p>Check vanalar yatay boru hatlar\u0131nda ve ak\u0131\u015f y\u00f6n\u00fc yukar\u0131 do\u011fru olan dikey boru hatlar\u0131nda kullan\u0131l\u0131rlar.<\/p>\n<p>Ak\u0131\u015fa kar\u015f\u0131 g\u00f6sterdi\u011fi diren\u00e7 \u00e7ok azd\u0131r.<\/p>\n<p>Ak\u0131\u015f h\u0131z\u0131 d\u00fc\u015f\u00fck olan boru hatlar\u0131 i\u00e7in en uygun vana tipidir.<\/p>\n","protected":false},"featured_media":2809,"template":"","meta":[],"product_cat":[346],"product_tag":[],"class_list":["post-2870","product","type-product","status-publish","has-post-thumbnail","hentry","product_cat-dovme-celik-check-valfler"],"_links":{"self":[{"href":"https:\/\/notronvalve.com\/tr\/wp-json\/wp\/v2\/product\/2870","targetHints":{"allow":["GET"]}}],"collection":[{"href":"https:\/\/notronvalve.com\/tr\/wp-json\/wp\/v2\/product"}],"about":[{"href":"https:\/\/notronvalve.com\/tr\/wp-json\/wp\/v2\/types\/product"}],"wp:featuredmedia":[{"embeddable":true,"href":"https:\/\/notronvalve.com\/tr\/wp-json\/wp\/v2\/media\/2809"}],"wp:attachment":[{"href":"https:\/\/notronvalve.com\/tr\/wp-json\/wp\/v2\/media?parent=2870"}],"wp:term":[{"taxonomy":"product_cat","embeddable":true,"href":"https:\/\/notronvalve.com\/tr\/wp-json\/wp\/v2\/product_cat?post=2870"},{"taxonomy":"product_tag","embeddable":true,"href":"https:\/\/notronvalve.com\/tr\/wp-json\/wp\/v2\/product_tag?post=2870"}],"curies":[{"name":"wp","href":"https:\/\/api.w.org\/{rel}","templated":true}]}}