{"id":2868,"date":"2023-09-05T11:33:43","date_gmt":"2023-09-05T08:33:43","guid":{"rendered":"https:\/\/notronvalve.com\/?post_type=product&#038;p=2868"},"modified":"2023-09-05T11:35:53","modified_gmt":"2023-09-05T08:35:53","slug":"dovme-celik-check-valf-asa-800","status":"publish","type":"product","link":"https:\/\/notronvalve.com\/tr\/urun\/dovme-celik-check-valf-asa-800\/","title":{"rendered":"ASA 800"},"content":{"rendered":"<table border=\"0\" width=\"330\" cellspacing=\"0\" cellpadding=\"0\">\n<tbody>\n<tr>\n<td bgcolor=\"#005fa4\" width=\"150\">PAR\u00c7A ADI<\/td>\n<td bgcolor=\"#005fa4\" width=\"150\"><\/td>\n<\/tr>\n<tr>\n<td bgcolor=\"#005fa4\" width=\"15\">\u00a01<\/td>\n<td bgcolor=\"#e0e0e0\" width=\"150\">\u00a0 G\u00f6vde<\/td>\n<td bgcolor=\"#e0e0e0\" width=\"150\">\u00a0 Forged Steel<\/td>\n<\/tr>\n<tr>\n<td bgcolor=\"#005fa4\" width=\"15\">\u00a02<\/td>\n<td bgcolor=\"#005fa4\" width=\"150\">\u00a0 G\u00f6vde Sit Y\u00fczeyi<\/td>\n<td bgcolor=\"#005fa4\" width=\"150\">\u00a0 Stainless Steel<\/td>\n<\/tr>\n<tr>\n<td bgcolor=\"#005fa4\" width=\"15\">\u00a03<\/td>\n<td bgcolor=\"#e0e0e0\" width=\"150\">\u00a0 G\u00f6vde Ringi<\/td>\n<td bgcolor=\"#e0e0e0\" width=\"150\">\u00a0 Stainless Steel<\/td>\n<\/tr>\n<tr>\n<td bgcolor=\"#005fa4\" width=\"15\">\u00a04<\/td>\n<td bgcolor=\"#005fa4\" width=\"150\">\u00a0 Klape<\/td>\n<td bgcolor=\"#005fa4\" width=\"150\">\u00a0 Stainless Steel<\/td>\n<\/tr>\n<tr>\n<td bgcolor=\"#005fa4\" width=\"15\">\u00a05<\/td>\n<td bgcolor=\"#e0e0e0\" width=\"150\">\u00a0 Conta<\/td>\n<td bgcolor=\"#e0e0e0\" width=\"150\">\u00a0 Spiral Wound Gasket<\/td>\n<\/tr>\n<tr>\n<td bgcolor=\"#005fa4\" width=\"15\">\u00a06<\/td>\n<td bgcolor=\"#005fa4\" width=\"150\">\u00a0 Kapak<\/td>\n<td bgcolor=\"#005fa4\" width=\"150\">\u00a0 Forged Steel<\/td>\n<\/tr>\n<tr>\n<td bgcolor=\"#005fa4\" width=\"15\">\u00a07<\/td>\n<td bgcolor=\"#e0e0e0\" width=\"150\">\u00a0 Kapak Civatas\u0131<\/td>\n<td bgcolor=\"#e0e0e0\" width=\"150\">\u00a0 CrMo Steel<\/td>\n<\/tr>\n<tr>\n<td bgcolor=\"#005fa4\" width=\"15\">\u00a08<\/td>\n<td bgcolor=\"#005fa4\" width=\"150\">\u00a0 \u0130sim Plakas\u0131<\/td>\n<td bgcolor=\"#005fa4\" width=\"150\">\u00a0 Aluminium<\/td>\n<\/tr>\n<\/tbody>\n<\/table>\n<p>&nbsp;<\/p>\n<table border=\"0\" width=\"700\" cellspacing=\"0\" cellpadding=\"0\">\n<tbody>\n<tr>\n<td bgcolor=\"#005fa4\">\u00a0ASA 800 Figure V 2300<\/td>\n<\/tr>\n<\/tbody>\n<\/table>\n<table border=\"0\" width=\"700\" cellspacing=\"0\" cellpadding=\"0\">\n<tbody>\n<tr>\n<td bgcolor=\"#005fa4\" width=\"15\"><\/td>\n<td bgcolor=\"#005fa4\" width=\"50\">\u00a0\u00a0\u00a0\u00a0\u00a0\u00a0\u00a0\u00a0\u00a0 \u00d6l\u00e7\u00fc<\/td>\n<td bgcolor=\"#005fa4\" width=\"15\"><\/td>\n<td bgcolor=\"#005fa4\" width=\"50\">\u00a0 \u00d8 K<\/td>\n<td bgcolor=\"#005fa4\" width=\"50\">\u00a0 C<\/td>\n<td bgcolor=\"#005fa4\" width=\"50\">\u00a0 \u00d8 L<\/td>\n<td bgcolor=\"#005fa4\" width=\"50\">\u00a0 H<\/td>\n<td bgcolor=\"#005fa4\" width=\"50\">\u00a0 B<\/td>\n<td bgcolor=\"#005fa4\" width=\"50\">\u00a0 M<\/td>\n<td bgcolor=\"#005fa4\" width=\"50\">\u00a0 App. W<\/td>\n<\/tr>\n<tr>\n<td bgcolor=\"#005fa4\" width=\"15\"><\/td>\n<td bgcolor=\"#005fa4\" width=\"50\">\u00a0 inch<\/td>\n<td bgcolor=\"#005fa4\" width=\"50\">\u00a0 mm<\/td>\n<td bgcolor=\"#005fa4\" width=\"50\">\u00a0 mm<\/td>\n<td bgcolor=\"#005fa4\" width=\"50\">\u00a0 mm<\/td>\n<td bgcolor=\"#005fa4\" width=\"50\">\u00a0 mm<\/td>\n<td bgcolor=\"#005fa4\" width=\"50\">\u00a0 mm<\/td>\n<td bgcolor=\"#005fa4\" width=\"50\">\u00a0 min<\/td>\n<td bgcolor=\"#005fa4\" width=\"50\">\u00a0 min<\/td>\n<td bgcolor=\"#005fa4\" width=\"50\">\u00a0 kg<\/td>\n<\/tr>\n<tr>\n<td bgcolor=\"#005fa4\" width=\"15\"><\/td>\n<td bgcolor=\"#e0e0e0\" width=\"50\">\u00a0 \u00bd<\/td>\n<td bgcolor=\"#e0e0e0\" width=\"50\">\u00a0 15<\/td>\n<td bgcolor=\"#e0e0e0\" width=\"50\">\u00a0 22<\/td>\n<td bgcolor=\"#e0e0e0\" width=\"50\">\u00a0 84<\/td>\n<td bgcolor=\"#e0e0e0\" width=\"50\">\u00a0 8<\/td>\n<td bgcolor=\"#e0e0e0\" width=\"50\">\u00a0 47<\/td>\n<td bgcolor=\"#e0e0e0\" width=\"50\">\u00a0 13,5<\/td>\n<td bgcolor=\"#e0e0e0\" width=\"50\">\u00a0 10<\/td>\n<td bgcolor=\"#e0e0e0\" width=\"50\">\u00a0 1,2<\/td>\n<\/tr>\n<tr>\n<td bgcolor=\"#005fa4\" width=\"15\"><\/td>\n<td bgcolor=\"#005fa4\" width=\"50\">\u00a0 \u00be<\/td>\n<td bgcolor=\"#005fa4\" width=\"50\">\u00a0 20<\/td>\n<td bgcolor=\"#005fa4\" width=\"50\">\u00a0 27,5<\/td>\n<td bgcolor=\"#005fa4\" width=\"50\">\u00a0 90,5<\/td>\n<td bgcolor=\"#005fa4\" width=\"50\">\u00a0 12,7<\/td>\n<td bgcolor=\"#005fa4\" width=\"50\">\u00a0 53<\/td>\n<td bgcolor=\"#005fa4\" width=\"50\">\u00a0 14<\/td>\n<td bgcolor=\"#005fa4\" width=\"50\">\u00a0 13<\/td>\n<td bgcolor=\"#005fa4\" width=\"50\">\u00a0 1,5<\/td>\n<\/tr>\n<tr>\n<td bgcolor=\"#005fa4\" width=\"15\"><\/td>\n<td bgcolor=\"#e0e0e0\" width=\"50\">\u00a0 1<\/td>\n<td bgcolor=\"#e0e0e0\" width=\"50\">\u00a0 25<\/td>\n<td bgcolor=\"#e0e0e0\" width=\"50\">\u00a0 34<\/td>\n<td bgcolor=\"#e0e0e0\" width=\"50\">\u00a0 114<\/td>\n<td bgcolor=\"#e0e0e0\" width=\"50\">\u00a0 17,5<\/td>\n<td bgcolor=\"#e0e0e0\" width=\"50\">\u00a0 69<\/td>\n<td bgcolor=\"#e0e0e0\" width=\"50\">\u00a0 17,5<\/td>\n<td bgcolor=\"#e0e0e0\" width=\"50\">\u00a0 13<\/td>\n<td bgcolor=\"#e0e0e0\" width=\"50\">\u00a0 2,5<\/td>\n<\/tr>\n<tr>\n<td bgcolor=\"#005fa4\" width=\"15\"><\/td>\n<td bgcolor=\"#005fa4\" width=\"50\">\u00a0 1 \u00bc<\/td>\n<td bgcolor=\"#005fa4\" width=\"50\">\u00a0 32<\/td>\n<td bgcolor=\"#005fa4\" width=\"50\">\u00a0 43<\/td>\n<td bgcolor=\"#005fa4\" width=\"50\">\u00a0 120,5<\/td>\n<td bgcolor=\"#005fa4\" width=\"50\">\u00a0 22,5<\/td>\n<td bgcolor=\"#005fa4\" width=\"50\">\u00a0 105<\/td>\n<td bgcolor=\"#005fa4\" width=\"50\">\u00a0 18<\/td>\n<td bgcolor=\"#005fa4\" width=\"50\">\u00a0 15<\/td>\n<td bgcolor=\"#005fa4\" width=\"50\">\u00a0 6,3<\/td>\n<\/tr>\n<tr>\n<td bgcolor=\"#005fa4\" width=\"15\"><\/td>\n<td bgcolor=\"#e0e0e0\" width=\"50\">\u00a0 1 \u00bd<\/td>\n<td bgcolor=\"#e0e0e0\" width=\"50\">\u00a0 40<\/td>\n<td bgcolor=\"#e0e0e0\" width=\"50\">\u00a0 49<\/td>\n<td bgcolor=\"#e0e0e0\" width=\"50\">\u00a0 120,5<\/td>\n<td bgcolor=\"#e0e0e0\" width=\"50\">\u00a0 28,5<\/td>\n<td bgcolor=\"#e0e0e0\" width=\"50\">\u00a0 105<\/td>\n<td bgcolor=\"#e0e0e0\" width=\"50\">\u00a0 18,5<\/td>\n<td bgcolor=\"#e0e0e0\" width=\"50\">\u00a0 15<\/td>\n<td bgcolor=\"#e0e0e0\" width=\"50\">\u00a0 6,3<\/td>\n<\/tr>\n<tr>\n<td bgcolor=\"#005fa4\" width=\"15\"><\/td>\n<td bgcolor=\"#005fa4\" width=\"50\">\u00a0 2<\/td>\n<td bgcolor=\"#005fa4\" width=\"50\">\u00a0 50<\/td>\n<td bgcolor=\"#005fa4\" width=\"50\">\u00a0 61,3<\/td>\n<td bgcolor=\"#005fa4\" width=\"50\">\u00a0 130<\/td>\n<td bgcolor=\"#005fa4\" width=\"50\">\u00a0 35<\/td>\n<td bgcolor=\"#005fa4\" width=\"50\">\u00a0 131<\/td>\n<td bgcolor=\"#005fa4\" width=\"50\">\u00a0 19<\/td>\n<td bgcolor=\"#005fa4\" width=\"50\">\u00a0 16<\/td>\n<td bgcolor=\"#005fa4\" width=\"50\">\u00a0 9,1<\/td>\n<\/tr>\n<\/tbody>\n<\/table>\n","protected":false},"excerpt":{"rendered":"<p>Bu tip vanalar, boru hatt\u0131ndaki ak\u0131\u015f\u0131n aksi y\u00f6ne d\u00f6nmesini \u00f6nleyen vanalard\u0131r.<\/p>\n<p>Ak\u0131\u015f bas\u0131nc\u0131 vana diskini a\u00e7\u0131k tutar ve ak\u0131\u015f aksi y\u00f6ne d\u00f6nd\u00fc\u011f\u00fc zaman vana diski kapan\u0131r.<\/p>\n<p>Check vanalar yatay boru hatlar\u0131nda ve ak\u0131\u015f y\u00f6n\u00fc yukar\u0131 do\u011fru olan dikey boru hatlar\u0131nda kullan\u0131l\u0131rlar.<\/p>\n<p>Ak\u0131\u015fa kar\u015f\u0131 g\u00f6sterdi\u011fi diren\u00e7 \u00e7ok azd\u0131r.<\/p>\n<p>Ak\u0131\u015f h\u0131z\u0131 d\u00fc\u015f\u00fck olan boru hatlar\u0131 i\u00e7in en uygun vana tipidir.<\/p>\n","protected":false},"featured_media":2811,"template":"","meta":[],"product_cat":[346],"product_tag":[],"class_list":["post-2868","product","type-product","status-publish","has-post-thumbnail","hentry","product_cat-dovme-celik-check-valfler"],"_links":{"self":[{"href":"https:\/\/notronvalve.com\/tr\/wp-json\/wp\/v2\/product\/2868","targetHints":{"allow":["GET"]}}],"collection":[{"href":"https:\/\/notronvalve.com\/tr\/wp-json\/wp\/v2\/product"}],"about":[{"href":"https:\/\/notronvalve.com\/tr\/wp-json\/wp\/v2\/types\/product"}],"wp:featuredmedia":[{"embeddable":true,"href":"https:\/\/notronvalve.com\/tr\/wp-json\/wp\/v2\/media\/2811"}],"wp:attachment":[{"href":"https:\/\/notronvalve.com\/tr\/wp-json\/wp\/v2\/media?parent=2868"}],"wp:term":[{"taxonomy":"product_cat","embeddable":true,"href":"https:\/\/notronvalve.com\/tr\/wp-json\/wp\/v2\/product_cat?post=2868"},{"taxonomy":"product_tag","embeddable":true,"href":"https:\/\/notronvalve.com\/tr\/wp-json\/wp\/v2\/product_tag?post=2868"}],"curies":[{"name":"wp","href":"https:\/\/api.w.org\/{rel}","templated":true}]}}