{"id":2866,"date":"2023-09-05T11:25:41","date_gmt":"2023-09-05T08:25:41","guid":{"rendered":"https:\/\/notronvalve.com\/?post_type=product&#038;p=2866"},"modified":"2023-09-05T11:33:30","modified_gmt":"2023-09-05T08:33:30","slug":"dovme-celik-globe-valf-pn-10-16-25-40-100","status":"publish","type":"product","link":"https:\/\/notronvalve.com\/tr\/urun\/dovme-celik-globe-valf-pn-10-16-25-40-100\/","title":{"rendered":"PN 10 &#8211; 16 &#8211; 25 &#8211; 40 &#8211; 100"},"content":{"rendered":"<table border=\"0\" width=\"700\" cellspacing=\"0\" cellpadding=\"0\">\n<tbody>\n<tr>\n<td bgcolor=\"#005fa4\">\u00a0PN 10 &#8211; PN 16 Figure V 3106 \/ PN 25 &#8211; PN 40 Figure V 3107<\/td>\n<\/tr>\n<\/tbody>\n<\/table>\n<table border=\"0\" width=\"700\" cellspacing=\"0\" cellpadding=\"0\">\n<tbody>\n<tr>\n<td bgcolor=\"#005fa4\" width=\"15\"><\/td>\n<td bgcolor=\"#005fa4\" width=\"50\">\u00a0\u00a0\u00a0\u00a0\u00a0\u00a0\u00a0\u00a0\u00a0 \u00d6l\u00e7\u00fc<\/td>\n<td bgcolor=\"#005fa4\" width=\"15\"><\/td>\n<td bgcolor=\"#005fa4\" width=\"50\">\u00a0 C<\/td>\n<td bgcolor=\"#005fa4\" width=\"50\">\u00a0 H<\/td>\n<td bgcolor=\"#005fa4\" width=\"50\">\u00a0 D<\/td>\n<td bgcolor=\"#005fa4\" width=\"50\">\u00a0 \u00d8 R<\/td>\n<td bgcolor=\"#005fa4\" width=\"50\">\u00a0 \u00d8 G<\/td>\n<td bgcolor=\"#005fa4\" width=\"50\">\u00a0 \u00d8 B<\/td>\n<td bgcolor=\"#005fa4\" width=\"50\">\u00a0 W<\/td>\n<td bgcolor=\"#005fa4\" width=\"50\">\u00a0 App. W<\/td>\n<\/tr>\n<tr>\n<td bgcolor=\"#005fa4\" width=\"15\"><\/td>\n<td bgcolor=\"#005fa4\" width=\"50\">\u00a0 inch<\/td>\n<td bgcolor=\"#005fa4\" width=\"50\">\u00a0 DN<\/td>\n<td bgcolor=\"#005fa4\" width=\"50\">\u00a0 mm<\/td>\n<td bgcolor=\"#005fa4\" width=\"50\">\u00a0 mm<\/td>\n<td bgcolor=\"#005fa4\" width=\"50\">\u00a0 mm<\/td>\n<td bgcolor=\"#005fa4\" width=\"50\">\u00a0 mm<\/td>\n<td bgcolor=\"#005fa4\" width=\"50\">\u00a0 mm<\/td>\n<td bgcolor=\"#005fa4\" width=\"50\">\u00a0 mm<\/td>\n<td bgcolor=\"#005fa4\" width=\"50\">\u00a0 mm<\/td>\n<td bgcolor=\"#005fa4\" width=\"50\">\u00a0 kg<\/td>\n<\/tr>\n<tr>\n<td bgcolor=\"#005fa4\" width=\"15\"><\/td>\n<td bgcolor=\"#e0e0e0\" width=\"50\">\u00a0 \u00bd<\/td>\n<td bgcolor=\"#e0e0e0\" width=\"50\">\u00a0 15<\/td>\n<td bgcolor=\"#e0e0e0\" width=\"50\">\u00a0 130<\/td>\n<td bgcolor=\"#e0e0e0\" width=\"50\">\u00a0 150<\/td>\n<td bgcolor=\"#e0e0e0\" width=\"50\">\u00a0 16<\/td>\n<td bgcolor=\"#e0e0e0\" width=\"50\">\u00a0 45<\/td>\n<td bgcolor=\"#e0e0e0\" width=\"50\">\u00a0 65<\/td>\n<td bgcolor=\"#e0e0e0\" width=\"50\">\u00a0 95<\/td>\n<td bgcolor=\"#e0e0e0\" width=\"50\">\u00a0 96<\/td>\n<td bgcolor=\"#e0e0e0\" width=\"50\">\u00a0 3,4<\/td>\n<\/tr>\n<tr>\n<td bgcolor=\"#005fa4\" width=\"15\"><\/td>\n<td bgcolor=\"#005fa4\" width=\"50\">\u00a0 \u00be<\/td>\n<td bgcolor=\"#005fa4\" width=\"50\">\u00a0 20<\/td>\n<td bgcolor=\"#005fa4\" width=\"50\">\u00a0 150<\/td>\n<td bgcolor=\"#005fa4\" width=\"50\">\u00a0 162<\/td>\n<td bgcolor=\"#005fa4\" width=\"50\">\u00a0 18<\/td>\n<td bgcolor=\"#005fa4\" width=\"50\">\u00a0 58<\/td>\n<td bgcolor=\"#005fa4\" width=\"50\">\u00a0 75<\/td>\n<td bgcolor=\"#005fa4\" width=\"50\">\u00a0 105<\/td>\n<td bgcolor=\"#005fa4\" width=\"50\">\u00a0 96<\/td>\n<td bgcolor=\"#005fa4\" width=\"50\">\u00a0 4,2<\/td>\n<\/tr>\n<tr>\n<td bgcolor=\"#005fa4\" width=\"15\"><\/td>\n<td bgcolor=\"#e0e0e0\" width=\"50\">\u00a0 1<\/td>\n<td bgcolor=\"#e0e0e0\" width=\"50\">\u00a0 25<\/td>\n<td bgcolor=\"#e0e0e0\" width=\"50\">\u00a0 160<\/td>\n<td bgcolor=\"#e0e0e0\" width=\"50\">\u00a0 197<\/td>\n<td bgcolor=\"#e0e0e0\" width=\"50\">\u00a0 18<\/td>\n<td bgcolor=\"#e0e0e0\" width=\"50\">\u00a0 68<\/td>\n<td bgcolor=\"#e0e0e0\" width=\"50\">\u00a0 85<\/td>\n<td bgcolor=\"#e0e0e0\" width=\"50\">\u00a0 115<\/td>\n<td bgcolor=\"#e0e0e0\" width=\"50\">\u00a0 96<\/td>\n<td bgcolor=\"#e0e0e0\" width=\"50\">\u00a0 6<\/td>\n<\/tr>\n<tr>\n<td bgcolor=\"#005fa4\" width=\"15\"><\/td>\n<td bgcolor=\"#005fa4\" width=\"50\">\u00a0 1 \u00bc<\/td>\n<td bgcolor=\"#005fa4\" width=\"50\">\u00a0 32<\/td>\n<td bgcolor=\"#005fa4\" width=\"50\">\u00a0 180<\/td>\n<td bgcolor=\"#005fa4\" width=\"50\">\u00a0 249<\/td>\n<td bgcolor=\"#005fa4\" width=\"50\">\u00a0 18<\/td>\n<td bgcolor=\"#005fa4\" width=\"50\">\u00a0 78<\/td>\n<td bgcolor=\"#005fa4\" width=\"50\">\u00a0 100<\/td>\n<td bgcolor=\"#005fa4\" width=\"50\">\u00a0 140<\/td>\n<td bgcolor=\"#005fa4\" width=\"50\">\u00a0 130<\/td>\n<td bgcolor=\"#005fa4\" width=\"50\">\u00a0 12<\/td>\n<\/tr>\n<tr>\n<td bgcolor=\"#005fa4\" width=\"15\"><\/td>\n<td bgcolor=\"#e0e0e0\" width=\"50\">\u00a0 1 \u00bd<\/td>\n<td bgcolor=\"#e0e0e0\" width=\"50\">\u00a0 40<\/td>\n<td bgcolor=\"#e0e0e0\" width=\"50\">\u00a0 200<\/td>\n<td bgcolor=\"#e0e0e0\" width=\"50\">\u00a0 249<\/td>\n<td bgcolor=\"#e0e0e0\" width=\"50\">\u00a0 18<\/td>\n<td bgcolor=\"#e0e0e0\" width=\"50\">\u00a0 88<\/td>\n<td bgcolor=\"#e0e0e0\" width=\"50\">\u00a0 110<\/td>\n<td bgcolor=\"#e0e0e0\" width=\"50\">\u00a0 150<\/td>\n<td bgcolor=\"#e0e0e0\" width=\"50\">\u00a0 150<\/td>\n<td bgcolor=\"#e0e0e0\" width=\"50\">\u00a0 12,8<\/td>\n<\/tr>\n<tr>\n<td bgcolor=\"#005fa4\" width=\"15\"><\/td>\n<td bgcolor=\"#005fa4\" width=\"50\">\u00a0 2<\/td>\n<td bgcolor=\"#005fa4\" width=\"50\">\u00a0 50<\/td>\n<td bgcolor=\"#005fa4\" width=\"50\">\u00a0 230<\/td>\n<td bgcolor=\"#005fa4\" width=\"50\">\u00a0 281<\/td>\n<td bgcolor=\"#005fa4\" width=\"50\">\u00a0 20<\/td>\n<td bgcolor=\"#005fa4\" width=\"50\">\u00a0 102<\/td>\n<td bgcolor=\"#005fa4\" width=\"50\">\u00a0 125<\/td>\n<td bgcolor=\"#005fa4\" width=\"50\">\u00a0 165<\/td>\n<td bgcolor=\"#005fa4\" width=\"50\">\u00a0 150<\/td>\n<td bgcolor=\"#005fa4\" width=\"50\">\u00a0 16,4<\/td>\n<\/tr>\n<\/tbody>\n<\/table>\n<p>&nbsp;<\/p>\n<table border=\"0\" width=\"700\" cellspacing=\"0\" cellpadding=\"0\">\n<tbody>\n<tr>\n<td bgcolor=\"#005fa4\">\u00a0 PN 100 Figure V 3108<\/td>\n<\/tr>\n<\/tbody>\n<\/table>\n<table border=\"0\" width=\"700\" cellspacing=\"0\" cellpadding=\"0\">\n<tbody>\n<tr>\n<td bgcolor=\"#005fa4\" width=\"15\"><\/td>\n<td bgcolor=\"#005fa4\" width=\"50\">\u00a0\u00a0\u00a0\u00a0\u00a0\u00a0\u00a0\u00a0\u00a0 \u00d6l\u00e7\u00fc<\/td>\n<td bgcolor=\"#005fa4\" width=\"15\"><\/td>\n<td bgcolor=\"#005fa4\" width=\"50\">\u00a0 C<\/td>\n<td bgcolor=\"#005fa4\" width=\"50\">\u00a0 H<\/td>\n<td bgcolor=\"#005fa4\" width=\"50\">\u00a0 D<\/td>\n<td bgcolor=\"#005fa4\" width=\"50\">\u00a0 \u00d8 R<\/td>\n<td bgcolor=\"#005fa4\" width=\"50\">\u00a0 \u00d8 G<\/td>\n<td bgcolor=\"#005fa4\" width=\"50\">\u00a0 \u00d8 B<\/td>\n<td bgcolor=\"#005fa4\" width=\"50\">\u00a0 W<\/td>\n<td bgcolor=\"#005fa4\" width=\"50\">\u00a0 App. W<\/td>\n<\/tr>\n<tr>\n<td bgcolor=\"#005fa4\" width=\"15\"><\/td>\n<td bgcolor=\"#005fa4\" width=\"50\">\u00a0 inch<\/td>\n<td bgcolor=\"#005fa4\" width=\"50\">\u00a0 DN<\/td>\n<td bgcolor=\"#005fa4\" width=\"50\">\u00a0 mm<\/td>\n<td bgcolor=\"#005fa4\" width=\"50\">\u00a0 mm<\/td>\n<td bgcolor=\"#005fa4\" width=\"50\">\u00a0 mm<\/td>\n<td bgcolor=\"#005fa4\" width=\"50\">\u00a0 mm<\/td>\n<td bgcolor=\"#005fa4\" width=\"50\">\u00a0 mm<\/td>\n<td bgcolor=\"#005fa4\" width=\"50\">\u00a0 mm<\/td>\n<td bgcolor=\"#005fa4\" width=\"50\">\u00a0 mm<\/td>\n<td bgcolor=\"#005fa4\" width=\"50\">\u00a0 kg<\/td>\n<\/tr>\n<tr>\n<td bgcolor=\"#005fa4\" width=\"15\"><\/td>\n<td bgcolor=\"#e0e0e0\" width=\"50\">\u00a0 \u00bd<\/td>\n<td bgcolor=\"#e0e0e0\" width=\"50\">\u00a0 15<\/td>\n<td bgcolor=\"#e0e0e0\" width=\"50\">\u00a0 210<\/td>\n<td bgcolor=\"#e0e0e0\" width=\"50\">\u00a0 150<\/td>\n<td bgcolor=\"#e0e0e0\" width=\"50\">\u00a0 20<\/td>\n<td bgcolor=\"#e0e0e0\" width=\"50\">\u00a0 45<\/td>\n<td bgcolor=\"#e0e0e0\" width=\"50\">\u00a0 75<\/td>\n<td bgcolor=\"#e0e0e0\" width=\"50\">\u00a0 105<\/td>\n<td bgcolor=\"#e0e0e0\" width=\"50\">\u00a0 96<\/td>\n<td bgcolor=\"#e0e0e0\" width=\"50\">\u00a0 4,8<\/td>\n<\/tr>\n<tr>\n<td bgcolor=\"#005fa4\" width=\"15\"><\/td>\n<td bgcolor=\"#005fa4\" width=\"50\">\u00a0 1<\/td>\n<td bgcolor=\"#005fa4\" width=\"50\">\u00a0 25<\/td>\n<td bgcolor=\"#005fa4\" width=\"50\">\u00a0 230<\/td>\n<td bgcolor=\"#005fa4\" width=\"50\">\u00a0 197<\/td>\n<td bgcolor=\"#005fa4\" width=\"50\">\u00a0 24<\/td>\n<td bgcolor=\"#005fa4\" width=\"50\">\u00a0 65<\/td>\n<td bgcolor=\"#005fa4\" width=\"50\">\u00a0 100<\/td>\n<td bgcolor=\"#005fa4\" width=\"50\">\u00a0 140<\/td>\n<td bgcolor=\"#005fa4\" width=\"50\">\u00a0 130<\/td>\n<td bgcolor=\"#005fa4\" width=\"50\">\u00a0 8<\/td>\n<\/tr>\n<tr>\n<td bgcolor=\"#005fa4\" width=\"15\"><\/td>\n<td bgcolor=\"#e0e0e0\" width=\"50\">\u00a0 1 \u00bd<\/td>\n<td bgcolor=\"#e0e0e0\" width=\"50\">\u00a0 40<\/td>\n<td bgcolor=\"#e0e0e0\" width=\"50\">\u00a0 260<\/td>\n<td bgcolor=\"#e0e0e0\" width=\"50\">\u00a0 249<\/td>\n<td bgcolor=\"#e0e0e0\" width=\"50\">\u00a0 26<\/td>\n<td bgcolor=\"#e0e0e0\" width=\"50\">\u00a0 85<\/td>\n<td bgcolor=\"#e0e0e0\" width=\"50\">\u00a0 125<\/td>\n<td bgcolor=\"#e0e0e0\" width=\"50\">\u00a0 170<\/td>\n<td bgcolor=\"#e0e0e0\" width=\"50\">\u00a0 150<\/td>\n<td bgcolor=\"#e0e0e0\" width=\"50\">\u00a0 16,5<\/td>\n<\/tr>\n<tr>\n<td bgcolor=\"#005fa4\" width=\"15\"><\/td>\n<td bgcolor=\"#005fa4\" width=\"50\">\u00a0 2<\/td>\n<td bgcolor=\"#005fa4\" width=\"50\">\u00a0 50<\/td>\n<td bgcolor=\"#005fa4\" width=\"50\">\u00a0 300<\/td>\n<td bgcolor=\"#005fa4\" width=\"50\">\u00a0 281<\/td>\n<td bgcolor=\"#005fa4\" width=\"50\">\u00a0 28<\/td>\n<td bgcolor=\"#005fa4\" width=\"50\">\u00a0 95<\/td>\n<td bgcolor=\"#005fa4\" width=\"50\">\u00a0 145<\/td>\n<td bgcolor=\"#005fa4\" width=\"50\">\u00a0 195<\/td>\n<td bgcolor=\"#005fa4\" width=\"50\">\u00a0 150<\/td>\n<td bgcolor=\"#005fa4\" width=\"50\">\u00a0 18,5<\/td>\n<\/tr>\n<\/tbody>\n<\/table>\n","protected":false},"excerpt":{"rendered":"<p>\u00a0PN 10 &#8211; PN 16 Figure V 3106 \/ PN 25 &#8211; PN 40 Figure V 3107 \u00a0\u00a0\u00a0\u00a0\u00a0\u00a0\u00a0\u00a0\u00a0&#8230;<\/p>\n","protected":false},"featured_media":2813,"template":"","meta":[],"product_cat":[347],"product_tag":[],"class_list":["post-2866","product","type-product","status-publish","has-post-thumbnail","hentry","product_cat-dovme-celik-globe-valfler"],"_links":{"self":[{"href":"https:\/\/notronvalve.com\/tr\/wp-json\/wp\/v2\/product\/2866","targetHints":{"allow":["GET"]}}],"collection":[{"href":"https:\/\/notronvalve.com\/tr\/wp-json\/wp\/v2\/product"}],"about":[{"href":"https:\/\/notronvalve.com\/tr\/wp-json\/wp\/v2\/types\/product"}],"wp:featuredmedia":[{"embeddable":true,"href":"https:\/\/notronvalve.com\/tr\/wp-json\/wp\/v2\/media\/2813"}],"wp:attachment":[{"href":"https:\/\/notronvalve.com\/tr\/wp-json\/wp\/v2\/media?parent=2866"}],"wp:term":[{"taxonomy":"product_cat","embeddable":true,"href":"https:\/\/notronvalve.com\/tr\/wp-json\/wp\/v2\/product_cat?post=2866"},{"taxonomy":"product_tag","embeddable":true,"href":"https:\/\/notronvalve.com\/tr\/wp-json\/wp\/v2\/product_tag?post=2866"}],"curies":[{"name":"wp","href":"https:\/\/api.w.org\/{rel}","templated":true}]}}