{"id":2863,"date":"2023-09-05T11:17:56","date_gmt":"2023-09-05T08:17:56","guid":{"rendered":"https:\/\/notronvalve.com\/?post_type=product&#038;p=2863"},"modified":"2023-09-05T11:20:25","modified_gmt":"2023-09-05T08:20:25","slug":"dovme-celik-gatel-valf-asa-150-300-600","status":"publish","type":"product","link":"https:\/\/notronvalve.com\/tr\/urun\/dovme-celik-gatel-valf-asa-150-300-600\/","title":{"rendered":"ASA 150 &#8211; 300 &#8211; 600"},"content":{"rendered":"<table border=\"0\" width=\"700\" cellspacing=\"0\" cellpadding=\"0\">\n<tbody>\n<tr>\n<td bgcolor=\"#005fa4\">\u00a0ASA 150 Figure V 2100<\/td>\n<\/tr>\n<\/tbody>\n<\/table>\n<table border=\"0\" width=\"700\" cellspacing=\"0\" cellpadding=\"0\">\n<tbody>\n<tr>\n<td bgcolor=\"#005fa4\" width=\"15\"><\/td>\n<td bgcolor=\"#005fa4\" width=\"50\">\u00a0\u00a0\u00a0\u00a0\u00a0\u00a0\u00a0\u00a0\u00a0 \u00d6l\u00e7\u00fc<\/td>\n<td bgcolor=\"#005fa4\" width=\"15\"><\/td>\n<td bgcolor=\"#005fa4\" width=\"50\">\u00a0 C<\/td>\n<td bgcolor=\"#005fa4\" width=\"50\">\u00a0 H<\/td>\n<td bgcolor=\"#005fa4\" width=\"50\">\u00a0 D<\/td>\n<td bgcolor=\"#005fa4\" width=\"50\">\u00a0 \u00d8 R<\/td>\n<td bgcolor=\"#005fa4\" width=\"50\">\u00a0 \u00d8 G<\/td>\n<td bgcolor=\"#005fa4\" width=\"50\">\u00a0 \u00d8 B<\/td>\n<td bgcolor=\"#005fa4\" width=\"50\">\u00a0 W<\/td>\n<td bgcolor=\"#005fa4\" width=\"50\">\u00a0 App. W<\/td>\n<\/tr>\n<tr>\n<td bgcolor=\"#005fa4\" width=\"15\"><\/td>\n<td bgcolor=\"#005fa4\" width=\"50\">\u00a0 inch<\/td>\n<td bgcolor=\"#005fa4\" width=\"50\">\u00a0 DN<\/td>\n<td bgcolor=\"#005fa4\" width=\"50\">\u00a0 mm<\/td>\n<td bgcolor=\"#005fa4\" width=\"50\">\u00a0 mm<\/td>\n<td bgcolor=\"#005fa4\" width=\"50\">\u00a0 mm<\/td>\n<td bgcolor=\"#005fa4\" width=\"50\">\u00a0 mm<\/td>\n<td bgcolor=\"#005fa4\" width=\"50\">\u00a0 mm<\/td>\n<td bgcolor=\"#005fa4\" width=\"50\">\u00a0 mm<\/td>\n<td bgcolor=\"#005fa4\" width=\"50\">\u00a0 mm<\/td>\n<td bgcolor=\"#005fa4\" width=\"50\">\u00a0 kg<\/td>\n<\/tr>\n<tr>\n<td bgcolor=\"#005fa4\" width=\"15\"><\/td>\n<td bgcolor=\"#e0e0e0\" width=\"50\">\u00a0 \u00bd<\/td>\n<td bgcolor=\"#e0e0e0\" width=\"50\">\u00a0 15<\/td>\n<td bgcolor=\"#e0e0e0\" width=\"50\">\u00a0 108<\/td>\n<td bgcolor=\"#e0e0e0\" width=\"50\">\u00a0 134<\/td>\n<td bgcolor=\"#e0e0e0\" width=\"50\">\u00a0 11,2<\/td>\n<td bgcolor=\"#e0e0e0\" width=\"50\">\u00a0 34,9<\/td>\n<td bgcolor=\"#e0e0e0\" width=\"50\">\u00a0 60,3<\/td>\n<td bgcolor=\"#e0e0e0\" width=\"50\">\u00a0 89<\/td>\n<td bgcolor=\"#e0e0e0\" width=\"50\">\u00a0 96<\/td>\n<td bgcolor=\"#e0e0e0\" width=\"50\">\u00a0 2,9<\/td>\n<\/tr>\n<tr>\n<td bgcolor=\"#005fa4\" width=\"15\"><\/td>\n<td bgcolor=\"#005fa4\" width=\"50\">\u00a0 \u00be<\/td>\n<td bgcolor=\"#005fa4\" width=\"50\">\u00a0 20<\/td>\n<td bgcolor=\"#005fa4\" width=\"50\">\u00a0 117,5<\/td>\n<td bgcolor=\"#005fa4\" width=\"50\">\u00a0 143<\/td>\n<td bgcolor=\"#005fa4\" width=\"50\">\u00a0 12,7<\/td>\n<td bgcolor=\"#005fa4\" width=\"50\">\u00a0 42,9<\/td>\n<td bgcolor=\"#005fa4\" width=\"50\">\u00a0 69,8<\/td>\n<td bgcolor=\"#005fa4\" width=\"50\">\u00a0 99<\/td>\n<td bgcolor=\"#005fa4\" width=\"50\">\u00a0 96<\/td>\n<td bgcolor=\"#005fa4\" width=\"50\">\u00a0 3,5<\/td>\n<\/tr>\n<tr>\n<td bgcolor=\"#005fa4\" width=\"15\"><\/td>\n<td bgcolor=\"#e0e0e0\" width=\"50\">\u00a0 1<\/td>\n<td bgcolor=\"#e0e0e0\" width=\"50\">\u00a0 25<\/td>\n<td bgcolor=\"#e0e0e0\" width=\"50\">\u00a0 127<\/td>\n<td bgcolor=\"#e0e0e0\" width=\"50\">\u00a0 182<\/td>\n<td bgcolor=\"#e0e0e0\" width=\"50\">\u00a0 14,3<\/td>\n<td bgcolor=\"#e0e0e0\" width=\"50\">\u00a0 50,8<\/td>\n<td bgcolor=\"#e0e0e0\" width=\"50\">\u00a0 79,4<\/td>\n<td bgcolor=\"#e0e0e0\" width=\"50\">\u00a0 108<\/td>\n<td bgcolor=\"#e0e0e0\" width=\"50\">\u00a0 96<\/td>\n<td bgcolor=\"#e0e0e0\" width=\"50\">\u00a0 6<\/td>\n<\/tr>\n<tr>\n<td bgcolor=\"#005fa4\" width=\"15\"><\/td>\n<td bgcolor=\"#005fa4\" width=\"50\">\u00a0 1 \u00bc<\/td>\n<td bgcolor=\"#005fa4\" width=\"50\">\u00a0 32<\/td>\n<td bgcolor=\"#005fa4\" width=\"50\">\u00a0 139,5<\/td>\n<td bgcolor=\"#005fa4\" width=\"50\">\u00a0 228<\/td>\n<td bgcolor=\"#005fa4\" width=\"50\">\u00a0 15,9<\/td>\n<td bgcolor=\"#005fa4\" width=\"50\">\u00a0 63,5<\/td>\n<td bgcolor=\"#005fa4\" width=\"50\">\u00a0 88,9<\/td>\n<td bgcolor=\"#005fa4\" width=\"50\">\u00a0 117<\/td>\n<td bgcolor=\"#005fa4\" width=\"50\">\u00a0 130<\/td>\n<td bgcolor=\"#005fa4\" width=\"50\">\u00a0 8,5<\/td>\n<\/tr>\n<tr>\n<td bgcolor=\"#005fa4\" width=\"15\"><\/td>\n<td bgcolor=\"#e0e0e0\" width=\"50\">\u00a0 1 \u00bd<\/td>\n<td bgcolor=\"#e0e0e0\" width=\"50\">\u00a0 40<\/td>\n<td bgcolor=\"#e0e0e0\" width=\"50\">\u00a0 165<\/td>\n<td bgcolor=\"#e0e0e0\" width=\"50\">\u00a0 228<\/td>\n<td bgcolor=\"#e0e0e0\" width=\"50\">\u00a0 17,5<\/td>\n<td bgcolor=\"#e0e0e0\" width=\"50\">\u00a0 73<\/td>\n<td bgcolor=\"#e0e0e0\" width=\"50\">\u00a0 98,4<\/td>\n<td bgcolor=\"#e0e0e0\" width=\"50\">\u00a0 127<\/td>\n<td bgcolor=\"#e0e0e0\" width=\"50\">\u00a0 130<\/td>\n<td bgcolor=\"#e0e0e0\" width=\"50\">\u00a0 11<\/td>\n<\/tr>\n<tr>\n<td bgcolor=\"#005fa4\" width=\"15\"><\/td>\n<td bgcolor=\"#005fa4\" width=\"50\">\u00a0 2<\/td>\n<td bgcolor=\"#005fa4\" width=\"50\">\u00a0 50<\/td>\n<td bgcolor=\"#005fa4\" width=\"50\">\u00a0 178<\/td>\n<td bgcolor=\"#005fa4\" width=\"50\">\u00a0 260<\/td>\n<td bgcolor=\"#005fa4\" width=\"50\">\u00a0 19,1<\/td>\n<td bgcolor=\"#005fa4\" width=\"50\">\u00a0 92,1<\/td>\n<td bgcolor=\"#005fa4\" width=\"50\">\u00a0 120,6<\/td>\n<td bgcolor=\"#005fa4\" width=\"50\">\u00a0 152<\/td>\n<td bgcolor=\"#005fa4\" width=\"50\">\u00a0 150<\/td>\n<td bgcolor=\"#005fa4\" width=\"50\">\u00a0 14<\/td>\n<\/tr>\n<\/tbody>\n<\/table>\n<p>&nbsp;<\/p>\n<table border=\"0\" width=\"700\" cellspacing=\"0\" cellpadding=\"0\">\n<tbody>\n<tr>\n<td bgcolor=\"#005fa4\">\u00a0 ASA 300 Figure V 2101<\/td>\n<\/tr>\n<\/tbody>\n<\/table>\n<table border=\"0\" width=\"700\" cellspacing=\"0\" cellpadding=\"0\">\n<tbody>\n<tr>\n<td bgcolor=\"#005fa4\" width=\"15\"><\/td>\n<td bgcolor=\"#005fa4\" width=\"50\">\u00a0\u00a0\u00a0\u00a0\u00a0\u00a0\u00a0\u00a0\u00a0 \u00d6l\u00e7\u00fc<\/td>\n<td bgcolor=\"#005fa4\" width=\"15\"><\/td>\n<td bgcolor=\"#005fa4\" width=\"50\">\u00a0 C<\/td>\n<td bgcolor=\"#005fa4\" width=\"50\">\u00a0 H<\/td>\n<td bgcolor=\"#005fa4\" width=\"50\">\u00a0 D<\/td>\n<td bgcolor=\"#005fa4\" width=\"50\">\u00a0 \u00d8 R<\/td>\n<td bgcolor=\"#005fa4\" width=\"50\">\u00a0 \u00d8 G<\/td>\n<td bgcolor=\"#005fa4\" width=\"50\">\u00a0 \u00d8 B<\/td>\n<td bgcolor=\"#005fa4\" width=\"50\">\u00a0 W<\/td>\n<td bgcolor=\"#005fa4\" width=\"50\">\u00a0 App. W<\/td>\n<\/tr>\n<tr>\n<td bgcolor=\"#005fa4\" width=\"15\"><\/td>\n<td bgcolor=\"#005fa4\" width=\"50\">\u00a0 inch<\/td>\n<td bgcolor=\"#005fa4\" width=\"50\">\u00a0 DN<\/td>\n<td bgcolor=\"#005fa4\" width=\"50\">\u00a0 mm<\/td>\n<td bgcolor=\"#005fa4\" width=\"50\">\u00a0 mm<\/td>\n<td bgcolor=\"#005fa4\" width=\"50\">\u00a0 mm<\/td>\n<td bgcolor=\"#005fa4\" width=\"50\">\u00a0 mm<\/td>\n<td bgcolor=\"#005fa4\" width=\"50\">\u00a0 mm<\/td>\n<td bgcolor=\"#005fa4\" width=\"50\">\u00a0 mm<\/td>\n<td bgcolor=\"#005fa4\" width=\"50\">\u00a0 mm<\/td>\n<td bgcolor=\"#005fa4\" width=\"50\">\u00a0 kg<\/td>\n<\/tr>\n<tr>\n<td bgcolor=\"#005fa4\" width=\"15\"><\/td>\n<td bgcolor=\"#e0e0e0\" width=\"50\">\u00a0 \u00bd<\/td>\n<td bgcolor=\"#e0e0e0\" width=\"50\">\u00a0 15<\/td>\n<td bgcolor=\"#e0e0e0\" width=\"50\">\u00a0 139,5<\/td>\n<td bgcolor=\"#e0e0e0\" width=\"50\">\u00a0 134<\/td>\n<td bgcolor=\"#e0e0e0\" width=\"50\">\u00a0 14,2<\/td>\n<td bgcolor=\"#e0e0e0\" width=\"50\">\u00a0 34,9<\/td>\n<td bgcolor=\"#e0e0e0\" width=\"50\">\u00a0 66,7<\/td>\n<td bgcolor=\"#e0e0e0\" width=\"50\">\u00a0 95<\/td>\n<td bgcolor=\"#e0e0e0\" width=\"50\">\u00a0 96<\/td>\n<td bgcolor=\"#e0e0e0\" width=\"50\">\u00a0 4,5<\/td>\n<\/tr>\n<tr>\n<td bgcolor=\"#005fa4\" width=\"15\"><\/td>\n<td bgcolor=\"#005fa4\" width=\"50\">\u00a0 \u00be<\/td>\n<td bgcolor=\"#005fa4\" width=\"50\">\u00a0 20<\/td>\n<td bgcolor=\"#005fa4\" width=\"50\">\u00a0 152,5<\/td>\n<td bgcolor=\"#005fa4\" width=\"50\">\u00a0 143<\/td>\n<td bgcolor=\"#005fa4\" width=\"50\">\u00a0 15,7<\/td>\n<td bgcolor=\"#005fa4\" width=\"50\">\u00a0 42,9<\/td>\n<td bgcolor=\"#005fa4\" width=\"50\">\u00a0 82,6<\/td>\n<td bgcolor=\"#005fa4\" width=\"50\">\u00a0 117<\/td>\n<td bgcolor=\"#005fa4\" width=\"50\">\u00a0 96<\/td>\n<td bgcolor=\"#005fa4\" width=\"50\">\u00a0 5<\/td>\n<\/tr>\n<tr>\n<td bgcolor=\"#005fa4\" width=\"15\"><\/td>\n<td bgcolor=\"#e0e0e0\" width=\"50\">\u00a0 1<\/td>\n<td bgcolor=\"#e0e0e0\" width=\"50\">\u00a0 25<\/td>\n<td bgcolor=\"#e0e0e0\" width=\"50\">\u00a0 165<\/td>\n<td bgcolor=\"#e0e0e0\" width=\"50\">\u00a0 182<\/td>\n<td bgcolor=\"#e0e0e0\" width=\"50\">\u00a0 17,5<\/td>\n<td bgcolor=\"#e0e0e0\" width=\"50\">\u00a0 50,8<\/td>\n<td bgcolor=\"#e0e0e0\" width=\"50\">\u00a0 88,9<\/td>\n<td bgcolor=\"#e0e0e0\" width=\"50\">\u00a0 124<\/td>\n<td bgcolor=\"#e0e0e0\" width=\"50\">\u00a0 96<\/td>\n<td bgcolor=\"#e0e0e0\" width=\"50\">\u00a0 7<\/td>\n<\/tr>\n<tr>\n<td bgcolor=\"#005fa4\" width=\"15\"><\/td>\n<td bgcolor=\"#005fa4\" width=\"50\">\u00a0 1 \u00bc<\/td>\n<td bgcolor=\"#005fa4\" width=\"50\">\u00a0 32<\/td>\n<td bgcolor=\"#005fa4\" width=\"50\">\u00a0 177,8<\/td>\n<td bgcolor=\"#005fa4\" width=\"50\">\u00a0 228<\/td>\n<td bgcolor=\"#005fa4\" width=\"50\">\u00a0 19<\/td>\n<td bgcolor=\"#005fa4\" width=\"50\">\u00a0 63,5<\/td>\n<td bgcolor=\"#005fa4\" width=\"50\">\u00a0 98,4<\/td>\n<td bgcolor=\"#005fa4\" width=\"50\">\u00a0 133<\/td>\n<td bgcolor=\"#005fa4\" width=\"50\">\u00a0 130<\/td>\n<td bgcolor=\"#005fa4\" width=\"50\">\u00a0 11<\/td>\n<\/tr>\n<tr>\n<td bgcolor=\"#005fa4\" width=\"15\"><\/td>\n<td bgcolor=\"#e0e0e0\" width=\"50\">\u00a0 1 \u00bd<\/td>\n<td bgcolor=\"#e0e0e0\" width=\"50\">\u00a0 40<\/td>\n<td bgcolor=\"#e0e0e0\" width=\"50\">\u00a0 190,5<\/td>\n<td bgcolor=\"#e0e0e0\" width=\"50\">\u00a0 228<\/td>\n<td bgcolor=\"#e0e0e0\" width=\"50\">\u00a0 20,6<\/td>\n<td bgcolor=\"#e0e0e0\" width=\"50\">\u00a0 73<\/td>\n<td bgcolor=\"#e0e0e0\" width=\"50\">\u00a0 114,3<\/td>\n<td bgcolor=\"#e0e0e0\" width=\"50\">\u00a0 156<\/td>\n<td bgcolor=\"#e0e0e0\" width=\"50\">\u00a0 130<\/td>\n<td bgcolor=\"#e0e0e0\" width=\"50\">\u00a0 12<\/td>\n<\/tr>\n<tr>\n<td bgcolor=\"#005fa4\" width=\"15\"><\/td>\n<td bgcolor=\"#005fa4\" width=\"50\">\u00a0 2<\/td>\n<td bgcolor=\"#005fa4\" width=\"50\">\u00a0 50<\/td>\n<td bgcolor=\"#005fa4\" width=\"50\">\u00a0 216<\/td>\n<td bgcolor=\"#005fa4\" width=\"50\">\u00a0 260<\/td>\n<td bgcolor=\"#005fa4\" width=\"50\">\u00a0 22,4<\/td>\n<td bgcolor=\"#005fa4\" width=\"50\">\u00a0 92,1<\/td>\n<td bgcolor=\"#005fa4\" width=\"50\">\u00a0 127<\/td>\n<td bgcolor=\"#005fa4\" width=\"50\">\u00a0 165<\/td>\n<td bgcolor=\"#005fa4\" width=\"50\">\u00a0 150<\/td>\n<td bgcolor=\"#005fa4\" width=\"50\">\u00a0 16<\/td>\n<\/tr>\n<\/tbody>\n<\/table>\n<p>&nbsp;<\/p>\n<table border=\"0\" width=\"700\" cellspacing=\"0\" cellpadding=\"0\">\n<tbody>\n<tr>\n<td bgcolor=\"#005fa4\">\u00a0 ASA 600 Figure V 2102<\/td>\n<\/tr>\n<\/tbody>\n<\/table>\n<table border=\"0\" width=\"700\" cellspacing=\"0\" cellpadding=\"0\">\n<tbody>\n<tr>\n<td bgcolor=\"#005fa4\" width=\"15\"><\/td>\n<td bgcolor=\"#005fa4\" width=\"50\">\u00a0\u00a0\u00a0\u00a0\u00a0\u00a0\u00a0\u00a0\u00a0 \u00d6l\u00e7\u00fc<\/td>\n<td bgcolor=\"#005fa4\" width=\"15\"><\/td>\n<td bgcolor=\"#005fa4\" width=\"50\">\u00a0 C<\/td>\n<td bgcolor=\"#005fa4\" width=\"50\">\u00a0 H<\/td>\n<td bgcolor=\"#005fa4\" width=\"50\">\u00a0 D<\/td>\n<td bgcolor=\"#005fa4\" width=\"50\">\u00a0 \u00d8 R<\/td>\n<td bgcolor=\"#005fa4\" width=\"50\">\u00a0 \u00d8 G<\/td>\n<td bgcolor=\"#005fa4\" width=\"50\">\u00a0 \u00d8 B<\/td>\n<td bgcolor=\"#005fa4\" width=\"50\">\u00a0 W<\/td>\n<td bgcolor=\"#005fa4\" width=\"50\">\u00a0 App. W<\/td>\n<\/tr>\n<tr>\n<td bgcolor=\"#005fa4\" width=\"15\"><\/td>\n<td bgcolor=\"#005fa4\" width=\"50\">\u00a0 inch<\/td>\n<td bgcolor=\"#005fa4\" width=\"50\">\u00a0 DN<\/td>\n<td bgcolor=\"#005fa4\" width=\"50\">\u00a0 mm<\/td>\n<td bgcolor=\"#005fa4\" width=\"50\">\u00a0 mm<\/td>\n<td bgcolor=\"#005fa4\" width=\"50\">\u00a0 mm<\/td>\n<td bgcolor=\"#005fa4\" width=\"50\">\u00a0 mm<\/td>\n<td bgcolor=\"#005fa4\" width=\"50\">\u00a0 mm<\/td>\n<td bgcolor=\"#005fa4\" width=\"50\">\u00a0 mm<\/td>\n<td bgcolor=\"#005fa4\" width=\"50\">\u00a0 mm<\/td>\n<td bgcolor=\"#005fa4\" width=\"50\">\u00a0 kg<\/td>\n<\/tr>\n<tr>\n<td bgcolor=\"#005fa4\" width=\"15\"><\/td>\n<td bgcolor=\"#e0e0e0\" width=\"50\">\u00a0 \u00bd<\/td>\n<td bgcolor=\"#e0e0e0\" width=\"50\">\u00a0 15<\/td>\n<td bgcolor=\"#e0e0e0\" width=\"50\">\u00a0 165<\/td>\n<td bgcolor=\"#e0e0e0\" width=\"50\">\u00a0 134<\/td>\n<td bgcolor=\"#e0e0e0\" width=\"50\">\u00a0 14,2<\/td>\n<td bgcolor=\"#e0e0e0\" width=\"50\">\u00a0 34,9<\/td>\n<td bgcolor=\"#e0e0e0\" width=\"50\">\u00a0 66,7<\/td>\n<td bgcolor=\"#e0e0e0\" width=\"50\">\u00a0 95<\/td>\n<td bgcolor=\"#e0e0e0\" width=\"50\">\u00a0 96<\/td>\n<td bgcolor=\"#e0e0e0\" width=\"50\">\u00a0 4,5<\/td>\n<\/tr>\n<tr>\n<td bgcolor=\"#005fa4\" width=\"15\"><\/td>\n<td bgcolor=\"#005fa4\" width=\"50\">\u00a0 \u00be<\/td>\n<td bgcolor=\"#005fa4\" width=\"50\">\u00a0 20<\/td>\n<td bgcolor=\"#005fa4\" width=\"50\">\u00a0 190,5<\/td>\n<td bgcolor=\"#005fa4\" width=\"50\">\u00a0 143<\/td>\n<td bgcolor=\"#005fa4\" width=\"50\">\u00a0 15,7<\/td>\n<td bgcolor=\"#005fa4\" width=\"50\">\u00a0 42,9<\/td>\n<td bgcolor=\"#005fa4\" width=\"50\">\u00a0 82,6<\/td>\n<td bgcolor=\"#005fa4\" width=\"50\">\u00a0 117<\/td>\n<td bgcolor=\"#005fa4\" width=\"50\">\u00a0 96<\/td>\n<td bgcolor=\"#005fa4\" width=\"50\">\u00a0 5,5<\/td>\n<\/tr>\n<tr>\n<td bgcolor=\"#005fa4\" width=\"15\"><\/td>\n<td bgcolor=\"#e0e0e0\" width=\"50\">\u00a0 1<\/td>\n<td bgcolor=\"#e0e0e0\" width=\"50\">\u00a0 25<\/td>\n<td bgcolor=\"#e0e0e0\" width=\"50\">\u00a0 216<\/td>\n<td bgcolor=\"#e0e0e0\" width=\"50\">\u00a0 182<\/td>\n<td bgcolor=\"#e0e0e0\" width=\"50\">\u00a0 17,5<\/td>\n<td bgcolor=\"#e0e0e0\" width=\"50\">\u00a0 50,8<\/td>\n<td bgcolor=\"#e0e0e0\" width=\"50\">\u00a0 88,9<\/td>\n<td bgcolor=\"#e0e0e0\" width=\"50\">\u00a0 124<\/td>\n<td bgcolor=\"#e0e0e0\" width=\"50\">\u00a0 96<\/td>\n<td bgcolor=\"#e0e0e0\" width=\"50\">\u00a0 8<\/td>\n<\/tr>\n<tr>\n<td bgcolor=\"#005fa4\" width=\"15\"><\/td>\n<td bgcolor=\"#005fa4\" width=\"50\">\u00a0 1 \u00bc<\/td>\n<td bgcolor=\"#005fa4\" width=\"50\">\u00a0 32<\/td>\n<td bgcolor=\"#005fa4\" width=\"50\">\u00a0 228,5<\/td>\n<td bgcolor=\"#005fa4\" width=\"50\">\u00a0 228<\/td>\n<td bgcolor=\"#005fa4\" width=\"50\">\u00a0 20,6<\/td>\n<td bgcolor=\"#005fa4\" width=\"50\">\u00a0 63,5<\/td>\n<td bgcolor=\"#005fa4\" width=\"50\">\u00a0 98,4<\/td>\n<td bgcolor=\"#005fa4\" width=\"50\">\u00a0 133<\/td>\n<td bgcolor=\"#005fa4\" width=\"50\">\u00a0 130<\/td>\n<td bgcolor=\"#005fa4\" width=\"50\">\u00a0 12<\/td>\n<\/tr>\n<tr>\n<td bgcolor=\"#005fa4\" width=\"15\"><\/td>\n<td bgcolor=\"#e0e0e0\" width=\"50\">\u00a0 1 \u00bd<\/td>\n<td bgcolor=\"#e0e0e0\" width=\"50\">\u00a0 40<\/td>\n<td bgcolor=\"#e0e0e0\" width=\"50\">\u00a0 241<\/td>\n<td bgcolor=\"#e0e0e0\" width=\"50\">\u00a0 228<\/td>\n<td bgcolor=\"#e0e0e0\" width=\"50\">\u00a0 22,4<\/td>\n<td bgcolor=\"#e0e0e0\" width=\"50\">\u00a0 73<\/td>\n<td bgcolor=\"#e0e0e0\" width=\"50\">\u00a0 114,3<\/td>\n<td bgcolor=\"#e0e0e0\" width=\"50\">\u00a0 156<\/td>\n<td bgcolor=\"#e0e0e0\" width=\"50\">\u00a0 130<\/td>\n<td bgcolor=\"#e0e0e0\" width=\"50\">\u00a0 14<\/td>\n<\/tr>\n<tr>\n<td bgcolor=\"#005fa4\" width=\"15\"><\/td>\n<td bgcolor=\"#005fa4\" width=\"50\">\u00a0 2<\/td>\n<td bgcolor=\"#005fa4\" width=\"50\">\u00a0 50<\/td>\n<td bgcolor=\"#005fa4\" width=\"50\">\u00a0 292<\/td>\n<td bgcolor=\"#005fa4\" width=\"50\">\u00a0 260<\/td>\n<td bgcolor=\"#005fa4\" width=\"50\">\u00a0 25,4<\/td>\n<td bgcolor=\"#005fa4\" width=\"50\">\u00a0 92,1<\/td>\n<td bgcolor=\"#005fa4\" width=\"50\">\u00a0 127<\/td>\n<td bgcolor=\"#005fa4\" width=\"50\">\u00a0 165<\/td>\n<td bgcolor=\"#005fa4\" width=\"50\">\u00a0 150<\/td>\n<td bgcolor=\"#005fa4\" width=\"50\">\u00a0 18<\/td>\n<\/tr>\n<\/tbody>\n<\/table>\n<p>&nbsp;<\/p>\n<div class=\"twelve columns alpha row\"><\/div>\n","protected":false},"excerpt":{"rendered":"<p>D\u00f6vme i\u015flemi ile \u00e7eli\u011fin tane yap\u0131s\u0131 s\u0131k\u0131\u015ft\u0131r\u0131larak daha yo\u011fun bir duruma getirildi\u011finden korozyona ve erozyona kar\u015f\u0131 dayan\u0131kl\u0131l\u0131\u011f\u0131 b\u00fcy\u00fck \u00f6l\u00e7\u00fcde artt\u0131r\u0131lm\u0131\u015f olur.<\/p>\n<p>Bunun haricinde; \u00e7eli\u011fin i\u00e7 yap\u0131s\u0131nda gizli kalm\u0131\u015f bulunan \u00f6z\u00fcrlerin de yok edilmesi sa\u011flanm\u0131\u015f olur.<\/p>\n<p>Bu sebeplerle \u00c7elik D\u00f6vme Valfler, petrol rafinerileri, petrol ve gaz \u00fcretim alanlar\u0131, elektrik enerjisi \u00fcretim santralleri, y\u00fcksek bas\u0131n\u00e7 ve s\u0131cakl\u0131kta buhar ve petrol boru hatlar\u0131 gibi geni\u015f ve \u00e7e\u015fitli alanlarda kullanmak i\u00e7in ideal valflerdir.<\/p>\n<p>D\u00f6vme \u00e7elik valflerin imalat\u0131nda kullan\u0131lan materyallerin se\u00e7iminde \u00f6zellikle sa\u011flaml\u0131k, dayan\u0131kl\u0131l\u0131k, s\u0131cakl\u0131\u011fa ve vuruntuya kar\u015f\u0131 mukavemeti g\u00f6z \u00f6n\u00fcnde bulundurulmaktad\u0131r.<\/p>\n","protected":false},"featured_media":2815,"template":"","meta":[],"product_cat":[348],"product_tag":[],"class_list":["post-2863","product","type-product","status-publish","has-post-thumbnail","hentry","product_cat-dovme-celik-gate-valfler"],"_links":{"self":[{"href":"https:\/\/notronvalve.com\/tr\/wp-json\/wp\/v2\/product\/2863","targetHints":{"allow":["GET"]}}],"collection":[{"href":"https:\/\/notronvalve.com\/tr\/wp-json\/wp\/v2\/product"}],"about":[{"href":"https:\/\/notronvalve.com\/tr\/wp-json\/wp\/v2\/types\/product"}],"wp:featuredmedia":[{"embeddable":true,"href":"https:\/\/notronvalve.com\/tr\/wp-json\/wp\/v2\/media\/2815"}],"wp:attachment":[{"href":"https:\/\/notronvalve.com\/tr\/wp-json\/wp\/v2\/media?parent=2863"}],"wp:term":[{"taxonomy":"product_cat","embeddable":true,"href":"https:\/\/notronvalve.com\/tr\/wp-json\/wp\/v2\/product_cat?post=2863"},{"taxonomy":"product_tag","embeddable":true,"href":"https:\/\/notronvalve.com\/tr\/wp-json\/wp\/v2\/product_tag?post=2863"}],"curies":[{"name":"wp","href":"https:\/\/api.w.org\/{rel}","templated":true}]}}