{"id":2861,"date":"2023-09-05T11:10:35","date_gmt":"2023-09-05T08:10:35","guid":{"rendered":"https:\/\/notronvalve.com\/?post_type=product&#038;p=2861"},"modified":"2023-09-05T11:13:37","modified_gmt":"2023-09-05T08:13:37","slug":"dokum-celik-diyaframli-valf-asa-150-pn-10-16","status":"publish","type":"product","link":"https:\/\/notronvalve.com\/tr\/urun\/dokum-celik-diyaframli-valf-asa-150-pn-10-16\/","title":{"rendered":"ASA 150 &#8211; PN 10 &#8211; 16"},"content":{"rendered":"<table border=\"0\" width=\"330\" cellspacing=\"0\" cellpadding=\"0\">\n<tbody>\n<tr>\n<td bgcolor=\"#005fa4\" width=\"150\">\u00a0 PAR\u00c7A ADI<\/td>\n<td bgcolor=\"#005fa4\" width=\"150\"><\/td>\n<\/tr>\n<tr>\n<td bgcolor=\"#005fa4\" width=\"15\">\u00a01<\/td>\n<td bgcolor=\"#e0e0e0\" width=\"150\">\u00a0 G\u00f6vde<\/td>\n<td bgcolor=\"#e0e0e0\" width=\"150\">\u00a0 Cast Steel<\/td>\n<\/tr>\n<tr>\n<td bgcolor=\"#005fa4\" width=\"15\">\u00a02<\/td>\n<td bgcolor=\"#005fa4\" width=\"150\">\u00a0 Kaplama<\/td>\n<td bgcolor=\"#005fa4\" width=\"150\">\u00a0 Rubber<\/td>\n<\/tr>\n<tr>\n<td bgcolor=\"#005fa4\" width=\"15\">\u00a03<\/td>\n<td bgcolor=\"#e0e0e0\" width=\"150\">\u00a0 Diyafram<\/td>\n<td bgcolor=\"#e0e0e0\" width=\"150\">\u00a0 EPDM<\/td>\n<\/tr>\n<tr>\n<td bgcolor=\"#005fa4\" width=\"15\">\u00a04<\/td>\n<td bgcolor=\"#005fa4\" width=\"150\">\u00a0 Civata<\/td>\n<td bgcolor=\"#005fa4\" width=\"150\">\u00a0 Carbon Steel<\/td>\n<\/tr>\n<tr>\n<td bgcolor=\"#005fa4\" width=\"15\">\u00a05<\/td>\n<td bgcolor=\"#e0e0e0\" width=\"150\">\u00a0 Bask\u0131<\/td>\n<td bgcolor=\"#e0e0e0\" width=\"150\">\u00a0 Cast Steel<\/td>\n<\/tr>\n<tr>\n<td bgcolor=\"#005fa4\" width=\"15\">\u00a06<\/td>\n<td bgcolor=\"#005fa4\" width=\"150\">\u00a0 Mil<\/td>\n<td bgcolor=\"#005fa4\" width=\"150\">\u00a0 Stainless Steel<\/td>\n<\/tr>\n<tr>\n<td bgcolor=\"#005fa4\" width=\"15\">\u00a07<\/td>\n<td bgcolor=\"#e0e0e0\" width=\"150\">\u00a0 Mil Somunu<\/td>\n<td bgcolor=\"#e0e0e0\" width=\"150\">\u00a0 Cast Steel<\/td>\n<\/tr>\n<tr>\n<td bgcolor=\"#005fa4\" width=\"15\">\u00a08<\/td>\n<td bgcolor=\"#005fa4\" width=\"150\">\u00a0 Kapak<\/td>\n<td bgcolor=\"#005fa4\" width=\"150\">\u00a0 Cast Steel<\/td>\n<\/tr>\n<tr>\n<td bgcolor=\"#005fa4\" width=\"15\">\u00a09<\/td>\n<td bgcolor=\"#e0e0e0\" width=\"150\">\u00a0 Kap. Saplamas\u0131<\/td>\n<td bgcolor=\"#e0e0e0\" width=\"150\">\u00a0 CrMo Steel<\/td>\n<\/tr>\n<tr>\n<td bgcolor=\"#005fa4\" width=\"15\">\u00a010<\/td>\n<td bgcolor=\"#005fa4\" width=\"150\">\u00a0 Kapak Somunu<\/td>\n<td bgcolor=\"#005fa4\" width=\"150\">\u00a0 CrMo Steel<\/td>\n<\/tr>\n<tr>\n<td bgcolor=\"#005fa4\" width=\"15\">\u00a011<\/td>\n<td bgcolor=\"#e0e0e0\" width=\"150\">\u00a0 Hendil<\/td>\n<td bgcolor=\"#e0e0e0\" width=\"150\">\u00a0 Ductile Iron<\/td>\n<\/tr>\n<tr>\n<td bgcolor=\"#005fa4\" width=\"15\">\u00a012<\/td>\n<td bgcolor=\"#005fa4\" width=\"150\">\u00a0 Hendil Somunu<\/td>\n<td bgcolor=\"#005fa4\" width=\"150\">\u00a0 Carbon Steel<\/td>\n<\/tr>\n<tr>\n<td bgcolor=\"#005fa4\" width=\"15\">\u00a013<\/td>\n<td bgcolor=\"#e0e0e0\" width=\"150\">\u00a0 \u0130sim Plakas\u0131<\/td>\n<td bgcolor=\"#e0e0e0\" width=\"150\">\u00a0 Aluminium<\/td>\n<\/tr>\n<\/tbody>\n<\/table>\n<p>&nbsp;<\/p>\n<table border=\"0\" width=\"700\" cellspacing=\"0\" cellpadding=\"0\">\n<tbody>\n<tr>\n<td bgcolor=\"#005fa4\">\u00a0 ASA 150 Figure V 7010<\/td>\n<\/tr>\n<\/tbody>\n<\/table>\n<table border=\"0\" width=\"700\" cellspacing=\"0\" cellpadding=\"0\">\n<tbody>\n<tr>\n<td bgcolor=\"#005fa4\" width=\"15\"><\/td>\n<td bgcolor=\"#005fa4\" width=\"50\">\u00a0\u00a0\u00a0\u00a0\u00a0\u00a0\u00a0\u00a0\u00a0 \u00d6l\u00e7\u00fc<\/td>\n<td bgcolor=\"#005fa4\" width=\"15\"><\/td>\n<td bgcolor=\"#005fa4\" width=\"50\">\u00a0 \u00d8 B<\/td>\n<td bgcolor=\"#005fa4\" width=\"50\">\u00a0 \u00d8 G<\/td>\n<td bgcolor=\"#005fa4\" width=\"50\">\u00a0 C<\/td>\n<td bgcolor=\"#005fa4\" width=\"50\">\u00a0 \u00d8 dxn<\/td>\n<td bgcolor=\"#005fa4\" width=\"50\">\u00a0 D<\/td>\n<td bgcolor=\"#005fa4\" width=\"50\">\u00a0 H<\/td>\n<td bgcolor=\"#005fa4\" width=\"50\">\u00a0 \u00d8 M<\/td>\n<td bgcolor=\"#005fa4\" width=\"50\">\u00a0 App. W<\/td>\n<\/tr>\n<tr>\n<td bgcolor=\"#005fa4\" width=\"15\"><\/td>\n<td bgcolor=\"#005fa4\" width=\"50\">\u00a0 inch<\/td>\n<td bgcolor=\"#005fa4\" width=\"50\">\u00a0 mm<\/td>\n<td bgcolor=\"#005fa4\" width=\"50\">\u00a0 mm<\/td>\n<td bgcolor=\"#005fa4\" width=\"50\">\u00a0 mm<\/td>\n<td bgcolor=\"#005fa4\" width=\"50\">\u00a0 mm<\/td>\n<td bgcolor=\"#005fa4\" width=\"50\">\u00a0 mm<\/td>\n<td bgcolor=\"#005fa4\" width=\"50\">\u00a0 mm<\/td>\n<td bgcolor=\"#005fa4\" width=\"50\">\u00a0 mm<\/td>\n<td bgcolor=\"#005fa4\" width=\"50\">\u00a0 mm<\/td>\n<td bgcolor=\"#005fa4\" width=\"50\">\u00a0 kg<\/td>\n<\/tr>\n<tr>\n<td bgcolor=\"#005fa4\" width=\"15\"><\/td>\n<td bgcolor=\"#e0e0e0\" width=\"50\">\u00a0 \u00bd<\/td>\n<td bgcolor=\"#e0e0e0\" width=\"50\">\u00a0 15<\/td>\n<td bgcolor=\"#e0e0e0\" width=\"50\">\u00a0 89<\/td>\n<td bgcolor=\"#e0e0e0\" width=\"50\">\u00a0 60,3<\/td>\n<td bgcolor=\"#e0e0e0\" width=\"50\">\u00a0 11,2<\/td>\n<td bgcolor=\"#e0e0e0\" width=\"50\">\u00a0 15,8 x 4<\/td>\n<td bgcolor=\"#e0e0e0\" width=\"50\">\u00a0 115<\/td>\n<td bgcolor=\"#e0e0e0\" width=\"50\">\u00a0 105<\/td>\n<td bgcolor=\"#e0e0e0\" width=\"50\">\u00a0 90<\/td>\n<td bgcolor=\"#e0e0e0\" width=\"50\">\u00a0 3<\/td>\n<\/tr>\n<tr>\n<td bgcolor=\"#005fa4\" width=\"15\"><\/td>\n<td bgcolor=\"#005fa4\" width=\"50\">\u00a0 \u00be<\/td>\n<td bgcolor=\"#005fa4\" width=\"50\">\u00a0 20<\/td>\n<td bgcolor=\"#005fa4\" width=\"50\">\u00a0 99<\/td>\n<td bgcolor=\"#005fa4\" width=\"50\">\u00a0 69,8<\/td>\n<td bgcolor=\"#005fa4\" width=\"50\">\u00a0 12,7<\/td>\n<td bgcolor=\"#005fa4\" width=\"50\">\u00a0 15,8 x 4<\/td>\n<td bgcolor=\"#005fa4\" width=\"50\">\u00a0 123<\/td>\n<td bgcolor=\"#005fa4\" width=\"50\">\u00a0 110<\/td>\n<td bgcolor=\"#005fa4\" width=\"50\">\u00a0 90<\/td>\n<td bgcolor=\"#005fa4\" width=\"50\">\u00a0 4,7<\/td>\n<\/tr>\n<tr>\n<td bgcolor=\"#005fa4\" width=\"15\"><\/td>\n<td bgcolor=\"#e0e0e0\" width=\"50\">\u00a0 1<\/td>\n<td bgcolor=\"#e0e0e0\" width=\"50\">\u00a0 25<\/td>\n<td bgcolor=\"#e0e0e0\" width=\"50\">\u00a0 108<\/td>\n<td bgcolor=\"#e0e0e0\" width=\"50\">\u00a0 79,4<\/td>\n<td bgcolor=\"#e0e0e0\" width=\"50\">\u00a0 14,3<\/td>\n<td bgcolor=\"#e0e0e0\" width=\"50\">\u00a0 15,8 x 4<\/td>\n<td bgcolor=\"#e0e0e0\" width=\"50\">\u00a0 133<\/td>\n<td bgcolor=\"#e0e0e0\" width=\"50\">\u00a0 110<\/td>\n<td bgcolor=\"#e0e0e0\" width=\"50\">\u00a0 130<\/td>\n<td bgcolor=\"#e0e0e0\" width=\"50\">\u00a0 6<\/td>\n<\/tr>\n<tr>\n<td bgcolor=\"#005fa4\" width=\"15\"><\/td>\n<td bgcolor=\"#005fa4\" width=\"50\">\u00a0 1 \u00bd<\/td>\n<td bgcolor=\"#005fa4\" width=\"50\">\u00a0 40<\/td>\n<td bgcolor=\"#005fa4\" width=\"50\">\u00a0 127<\/td>\n<td bgcolor=\"#005fa4\" width=\"50\">\u00a0 98,4<\/td>\n<td bgcolor=\"#005fa4\" width=\"50\">\u00a0 17,5<\/td>\n<td bgcolor=\"#005fa4\" width=\"50\">\u00a0 15,8 x 4<\/td>\n<td bgcolor=\"#005fa4\" width=\"50\">\u00a0 165<\/td>\n<td bgcolor=\"#005fa4\" width=\"50\">\u00a0 158<\/td>\n<td bgcolor=\"#005fa4\" width=\"50\">\u00a0 130<\/td>\n<td bgcolor=\"#005fa4\" width=\"50\">\u00a0 7,4<\/td>\n<\/tr>\n<tr>\n<td bgcolor=\"#005fa4\" width=\"15\"><\/td>\n<td bgcolor=\"#e0e0e0\" width=\"50\">\u00a0 2<\/td>\n<td bgcolor=\"#e0e0e0\" width=\"50\">\u00a0 50<\/td>\n<td bgcolor=\"#e0e0e0\" width=\"50\">\u00a0 152<\/td>\n<td bgcolor=\"#e0e0e0\" width=\"50\">\u00a0 120,6<\/td>\n<td bgcolor=\"#e0e0e0\" width=\"50\">\u00a0 19,1<\/td>\n<td bgcolor=\"#e0e0e0\" width=\"50\">\u00a0 19 x 4<\/td>\n<td bgcolor=\"#e0e0e0\" width=\"50\">\u00a0 196<\/td>\n<td bgcolor=\"#e0e0e0\" width=\"50\">\u00a0 177<\/td>\n<td bgcolor=\"#e0e0e0\" width=\"50\">\u00a0 200<\/td>\n<td bgcolor=\"#e0e0e0\" width=\"50\">\u00a0 12<\/td>\n<\/tr>\n<tr>\n<td bgcolor=\"#005fa4\" width=\"15\"><\/td>\n<td bgcolor=\"#005fa4\" width=\"50\">\u00a0 2 \u00bd<\/td>\n<td bgcolor=\"#005fa4\" width=\"50\">\u00a0 65<\/td>\n<td bgcolor=\"#005fa4\" width=\"50\">\u00a0 178<\/td>\n<td bgcolor=\"#005fa4\" width=\"50\">\u00a0 139,7<\/td>\n<td bgcolor=\"#005fa4\" width=\"50\">\u00a0 22,3<\/td>\n<td bgcolor=\"#005fa4\" width=\"50\">\u00a0 19 x 4<\/td>\n<td bgcolor=\"#005fa4\" width=\"50\">\u00a0 222<\/td>\n<td bgcolor=\"#005fa4\" width=\"50\">\u00a0 213<\/td>\n<td bgcolor=\"#005fa4\" width=\"50\">\u00a0 200<\/td>\n<td bgcolor=\"#005fa4\" width=\"50\">\u00a0 23<\/td>\n<\/tr>\n<tr>\n<td bgcolor=\"#005fa4\" width=\"15\"><\/td>\n<td bgcolor=\"#e0e0e0\" width=\"50\">\u00a0 3<\/td>\n<td bgcolor=\"#e0e0e0\" width=\"50\">\u00a0 80<\/td>\n<td bgcolor=\"#e0e0e0\" width=\"50\">\u00a0 190<\/td>\n<td bgcolor=\"#e0e0e0\" width=\"50\">\u00a0 152,4<\/td>\n<td bgcolor=\"#e0e0e0\" width=\"50\">\u00a0 23,9<\/td>\n<td bgcolor=\"#e0e0e0\" width=\"50\">\u00a0 19 x 4<\/td>\n<td bgcolor=\"#e0e0e0\" width=\"50\">\u00a0 260<\/td>\n<td bgcolor=\"#e0e0e0\" width=\"50\">\u00a0 228<\/td>\n<td bgcolor=\"#e0e0e0\" width=\"50\">\u00a0 200<\/td>\n<td bgcolor=\"#e0e0e0\" width=\"50\">\u00a0 36<\/td>\n<\/tr>\n<tr>\n<td bgcolor=\"#005fa4\" width=\"15\"><\/td>\n<td bgcolor=\"#005fa4\" width=\"50\">\u00a0 4<\/td>\n<td bgcolor=\"#005fa4\" width=\"50\">\u00a0 100<\/td>\n<td bgcolor=\"#005fa4\" width=\"50\">\u00a0 229<\/td>\n<td bgcolor=\"#005fa4\" width=\"50\">\u00a0 190,5<\/td>\n<td bgcolor=\"#005fa4\" width=\"50\">\u00a0 23,9<\/td>\n<td bgcolor=\"#005fa4\" width=\"50\">\u00a0 19 x 8<\/td>\n<td bgcolor=\"#005fa4\" width=\"50\">\u00a0 311<\/td>\n<td bgcolor=\"#005fa4\" width=\"50\">\u00a0 295<\/td>\n<td bgcolor=\"#005fa4\" width=\"50\">\u00a0 250<\/td>\n<td bgcolor=\"#005fa4\" width=\"50\">\u00a0 42<\/td>\n<\/tr>\n<tr>\n<td bgcolor=\"#005fa4\" width=\"15\"><\/td>\n<td bgcolor=\"#e0e0e0\" width=\"50\">\u00a0 6<\/td>\n<td bgcolor=\"#e0e0e0\" width=\"50\">\u00a0 150<\/td>\n<td bgcolor=\"#e0e0e0\" width=\"50\">\u00a0 279,4<\/td>\n<td bgcolor=\"#e0e0e0\" width=\"50\">\u00a0 241,3<\/td>\n<td bgcolor=\"#e0e0e0\" width=\"50\">\u00a0 25,4<\/td>\n<td bgcolor=\"#e0e0e0\" width=\"50\">\u00a0 22,2 x 8<\/td>\n<td bgcolor=\"#e0e0e0\" width=\"50\">\u00a0 412<\/td>\n<td bgcolor=\"#e0e0e0\" width=\"50\">\u00a0 428<\/td>\n<td bgcolor=\"#e0e0e0\" width=\"50\">\u00a0 300<\/td>\n<td bgcolor=\"#e0e0e0\" width=\"50\">\u00a0 72<\/td>\n<\/tr>\n<tr>\n<td bgcolor=\"#005fa4\" width=\"15\"><\/td>\n<td bgcolor=\"#005fa4\" width=\"50\">\u00a0 8<\/td>\n<td bgcolor=\"#005fa4\" width=\"50\">\u00a0 200<\/td>\n<td bgcolor=\"#005fa4\" width=\"50\">\u00a0 343<\/td>\n<td bgcolor=\"#005fa4\" width=\"50\">\u00a0 298,4<\/td>\n<td bgcolor=\"#005fa4\" width=\"50\">\u00a0 28,6<\/td>\n<td bgcolor=\"#005fa4\" width=\"50\">\u00a0 22,2 x 8<\/td>\n<td bgcolor=\"#005fa4\" width=\"50\">\u00a0 527<\/td>\n<td bgcolor=\"#005fa4\" width=\"50\">\u00a0 502<\/td>\n<td bgcolor=\"#005fa4\" width=\"50\">\u00a0 400<\/td>\n<td bgcolor=\"#005fa4\" width=\"50\">\u00a0 &#8211;<\/td>\n<\/tr>\n<tr>\n<td bgcolor=\"#005fa4\" width=\"15\"><\/td>\n<td bgcolor=\"#e0e0e0\" width=\"50\">\u00a0 10<\/td>\n<td bgcolor=\"#e0e0e0\" width=\"50\">\u00a0 250<\/td>\n<td bgcolor=\"#e0e0e0\" width=\"50\">\u00a0 406<\/td>\n<td bgcolor=\"#e0e0e0\" width=\"50\">\u00a0 362<\/td>\n<td bgcolor=\"#e0e0e0\" width=\"50\">\u00a0 30,2<\/td>\n<td bgcolor=\"#e0e0e0\" width=\"50\">\u00a0 25,4 x 12<\/td>\n<td bgcolor=\"#e0e0e0\" width=\"50\">\u00a0 641<\/td>\n<td bgcolor=\"#e0e0e0\" width=\"50\">\u00a0 588<\/td>\n<td bgcolor=\"#e0e0e0\" width=\"50\">\u00a0 500<\/td>\n<td bgcolor=\"#e0e0e0\" width=\"50\">\u00a0 &#8211;<\/td>\n<\/tr>\n<\/tbody>\n<\/table>\n<p>&nbsp;<\/p>\n<table border=\"0\" width=\"700\" cellspacing=\"0\" cellpadding=\"0\">\n<tbody>\n<tr>\n<td bgcolor=\"#005fa4\">\u00a0 PN 10 &#8211; PN 16 Figure V 7020<\/td>\n<\/tr>\n<\/tbody>\n<\/table>\n<table border=\"0\" width=\"700\" cellspacing=\"0\" cellpadding=\"0\">\n<tbody>\n<tr>\n<td bgcolor=\"#005fa4\" width=\"15\"><\/td>\n<td bgcolor=\"#005fa4\" width=\"50\">\u00a0\u00a0\u00a0\u00a0\u00a0\u00a0\u00a0\u00a0\u00a0 \u00d6l\u00e7\u00fc<\/td>\n<td bgcolor=\"#005fa4\" width=\"15\"><\/td>\n<td bgcolor=\"#005fa4\" width=\"50\">\u00a0 \u00d8 B<\/td>\n<td bgcolor=\"#005fa4\" width=\"50\">\u00a0 \u00d8 G<\/td>\n<td bgcolor=\"#005fa4\" width=\"50\">\u00a0 C<\/td>\n<td bgcolor=\"#005fa4\" width=\"50\">\u00a0 \u00d8 dxn<\/td>\n<td bgcolor=\"#005fa4\" width=\"50\">\u00a0 D<\/td>\n<td bgcolor=\"#005fa4\" width=\"50\">\u00a0 H<\/td>\n<td bgcolor=\"#005fa4\" width=\"50\">\u00a0 \u00d8 M<\/td>\n<td bgcolor=\"#005fa4\" width=\"50\">\u00a0 App. W<\/td>\n<\/tr>\n<tr>\n<td bgcolor=\"#005fa4\" width=\"15\"><\/td>\n<td bgcolor=\"#005fa4\" width=\"50\">\u00a0 inch<\/td>\n<td bgcolor=\"#005fa4\" width=\"50\">\u00a0 mm<\/td>\n<td bgcolor=\"#005fa4\" width=\"50\">\u00a0 mm<\/td>\n<td bgcolor=\"#005fa4\" width=\"50\">\u00a0 mm<\/td>\n<td bgcolor=\"#005fa4\" width=\"50\">\u00a0 mm<\/td>\n<td bgcolor=\"#005fa4\" width=\"50\">\u00a0 mm<\/td>\n<td bgcolor=\"#005fa4\" width=\"50\">\u00a0 mm<\/td>\n<td bgcolor=\"#005fa4\" width=\"50\">\u00a0 mm<\/td>\n<td bgcolor=\"#005fa4\" width=\"50\">\u00a0 mm<\/td>\n<td bgcolor=\"#005fa4\" width=\"50\">\u00a0 kg<\/td>\n<\/tr>\n<tr>\n<td bgcolor=\"#005fa4\" width=\"15\"><\/td>\n<td bgcolor=\"#e0e0e0\" width=\"50\">\u00a0 \u00bd<\/td>\n<td bgcolor=\"#e0e0e0\" width=\"50\">\u00a0 15<\/td>\n<td bgcolor=\"#e0e0e0\" width=\"50\">\u00a0 95<\/td>\n<td bgcolor=\"#e0e0e0\" width=\"50\">\u00a0 65<\/td>\n<td bgcolor=\"#e0e0e0\" width=\"50\">\u00a0 16<\/td>\n<td bgcolor=\"#e0e0e0\" width=\"50\">\u00a0 14 x 4<\/td>\n<td bgcolor=\"#e0e0e0\" width=\"50\">\u00a0 136<\/td>\n<td bgcolor=\"#e0e0e0\" width=\"50\">\u00a0 105<\/td>\n<td bgcolor=\"#e0e0e0\" width=\"50\">\u00a0 90<\/td>\n<td bgcolor=\"#e0e0e0\" width=\"50\">\u00a0 3,3<\/td>\n<\/tr>\n<tr>\n<td bgcolor=\"#005fa4\" width=\"15\"><\/td>\n<td bgcolor=\"#005fa4\" width=\"50\">\u00a0 \u00be<\/td>\n<td bgcolor=\"#005fa4\" width=\"50\">\u00a0 20<\/td>\n<td bgcolor=\"#005fa4\" width=\"50\">\u00a0 105<\/td>\n<td bgcolor=\"#005fa4\" width=\"50\">\u00a0 75<\/td>\n<td bgcolor=\"#005fa4\" width=\"50\">\u00a0 18<\/td>\n<td bgcolor=\"#005fa4\" width=\"50\">\u00a0 14 x 4<\/td>\n<td bgcolor=\"#005fa4\" width=\"50\">\u00a0 150<\/td>\n<td bgcolor=\"#005fa4\" width=\"50\">\u00a0 110<\/td>\n<td bgcolor=\"#005fa4\" width=\"50\">\u00a0 90<\/td>\n<td bgcolor=\"#005fa4\" width=\"50\">\u00a0 4,8<\/td>\n<\/tr>\n<tr>\n<td bgcolor=\"#005fa4\" width=\"15\"><\/td>\n<td bgcolor=\"#e0e0e0\" width=\"50\">\u00a0 1<\/td>\n<td bgcolor=\"#e0e0e0\" width=\"50\">\u00a0 25<\/td>\n<td bgcolor=\"#e0e0e0\" width=\"50\">\u00a0 115<\/td>\n<td bgcolor=\"#e0e0e0\" width=\"50\">\u00a0 85<\/td>\n<td bgcolor=\"#e0e0e0\" width=\"50\">\u00a0 18<\/td>\n<td bgcolor=\"#e0e0e0\" width=\"50\">\u00a0 14 x 4<\/td>\n<td bgcolor=\"#e0e0e0\" width=\"50\">\u00a0 160<\/td>\n<td bgcolor=\"#e0e0e0\" width=\"50\">\u00a0 110<\/td>\n<td bgcolor=\"#e0e0e0\" width=\"50\">\u00a0 130<\/td>\n<td bgcolor=\"#e0e0e0\" width=\"50\">\u00a0 6<\/td>\n<\/tr>\n<tr>\n<td bgcolor=\"#005fa4\" width=\"15\"><\/td>\n<td bgcolor=\"#005fa4\" width=\"50\">\u00a0 1 \u00bd<\/td>\n<td bgcolor=\"#005fa4\" width=\"50\">\u00a0 40<\/td>\n<td bgcolor=\"#005fa4\" width=\"50\">\u00a0 150<\/td>\n<td bgcolor=\"#005fa4\" width=\"50\">\u00a0 110<\/td>\n<td bgcolor=\"#005fa4\" width=\"50\">\u00a0 18<\/td>\n<td bgcolor=\"#005fa4\" width=\"50\">\u00a0 18 x 4<\/td>\n<td bgcolor=\"#005fa4\" width=\"50\">\u00a0 200<\/td>\n<td bgcolor=\"#005fa4\" width=\"50\">\u00a0 158<\/td>\n<td bgcolor=\"#005fa4\" width=\"50\">\u00a0 130<\/td>\n<td bgcolor=\"#005fa4\" width=\"50\">\u00a0 8,5<\/td>\n<\/tr>\n<tr>\n<td bgcolor=\"#005fa4\" width=\"15\"><\/td>\n<td bgcolor=\"#e0e0e0\" width=\"50\">\u00a0 2<\/td>\n<td bgcolor=\"#e0e0e0\" width=\"50\">\u00a0 50<\/td>\n<td bgcolor=\"#e0e0e0\" width=\"50\">\u00a0 165<\/td>\n<td bgcolor=\"#e0e0e0\" width=\"50\">\u00a0 125<\/td>\n<td bgcolor=\"#e0e0e0\" width=\"50\">\u00a0 18<\/td>\n<td bgcolor=\"#e0e0e0\" width=\"50\">\u00a0 18 x 4<\/td>\n<td bgcolor=\"#e0e0e0\" width=\"50\">\u00a0 230<\/td>\n<td bgcolor=\"#e0e0e0\" width=\"50\">\u00a0 177<\/td>\n<td bgcolor=\"#e0e0e0\" width=\"50\">\u00a0 200<\/td>\n<td bgcolor=\"#e0e0e0\" width=\"50\">\u00a0 12<\/td>\n<\/tr>\n<tr>\n<td bgcolor=\"#005fa4\" width=\"15\"><\/td>\n<td bgcolor=\"#005fa4\" width=\"50\">\u00a0 2 \u00bd<\/td>\n<td bgcolor=\"#005fa4\" width=\"50\">\u00a0 65<\/td>\n<td bgcolor=\"#005fa4\" width=\"50\">\u00a0 185<\/td>\n<td bgcolor=\"#005fa4\" width=\"50\">\u00a0 145<\/td>\n<td bgcolor=\"#005fa4\" width=\"50\">\u00a0 18<\/td>\n<td bgcolor=\"#005fa4\" width=\"50\">\u00a0 18 x 8<\/td>\n<td bgcolor=\"#005fa4\" width=\"50\">\u00a0 290<\/td>\n<td bgcolor=\"#005fa4\" width=\"50\">\u00a0 213<\/td>\n<td bgcolor=\"#005fa4\" width=\"50\">\u00a0 200<\/td>\n<td bgcolor=\"#005fa4\" width=\"50\">\u00a0 24<\/td>\n<\/tr>\n<tr>\n<td bgcolor=\"#005fa4\" width=\"15\"><\/td>\n<td bgcolor=\"#e0e0e0\" width=\"50\">\u00a0 3<\/td>\n<td bgcolor=\"#e0e0e0\" width=\"50\">\u00a0 80<\/td>\n<td bgcolor=\"#e0e0e0\" width=\"50\">\u00a0 200<\/td>\n<td bgcolor=\"#e0e0e0\" width=\"50\">\u00a0 160<\/td>\n<td bgcolor=\"#e0e0e0\" width=\"50\">\u00a0 20<\/td>\n<td bgcolor=\"#e0e0e0\" width=\"50\">\u00a0 18 x 8<\/td>\n<td bgcolor=\"#e0e0e0\" width=\"50\">\u00a0 310<\/td>\n<td bgcolor=\"#e0e0e0\" width=\"50\">\u00a0 228<\/td>\n<td bgcolor=\"#e0e0e0\" width=\"50\">\u00a0 200<\/td>\n<td bgcolor=\"#e0e0e0\" width=\"50\">\u00a0 41<\/td>\n<\/tr>\n<\/tbody>\n<\/table>\n","protected":false},"excerpt":{"rendered":"<p>Membran\u0131n ak\u0131\u015f y\u00f6n\u00fcne dik olarak hareketi sonucu s\u0131zd\u0131rmazl\u0131k y\u00fczeyine oturtulmas\u0131 ile s\u0131zd\u0131rmazl\u0131k sa\u011flar.<\/p>\n<p>Hattaki ak\u0131\u015fkan\u0131n temiz ya da kirli olmas\u0131 \u00f6nemli de\u011fildir.<\/p>\n<p>Y\u00fcksek say\u0131da a\u00e7ma-kapamaya uygundur.<\/p>\n<p>D\u00fc\u015f\u00fck s\u0131cakl\u0131k ve bas\u0131n\u00e7ta kullan\u0131labilirler, y\u00fcksek s\u0131cakl\u0131k ve bas\u0131n\u00e7ta kullan\u0131m\u0131 tavsiye edilmez.<\/p>\n<p>Her iki y\u00f6nde de kullan\u0131ma uygundur.<\/p>\n","protected":false},"featured_media":2824,"template":"","meta":[],"product_cat":[349],"product_tag":[],"class_list":["post-2861","product","type-product","status-publish","has-post-thumbnail","hentry","product_cat-dokum-celik-diyaframli-valfler"],"_links":{"self":[{"href":"https:\/\/notronvalve.com\/tr\/wp-json\/wp\/v2\/product\/2861","targetHints":{"allow":["GET"]}}],"collection":[{"href":"https:\/\/notronvalve.com\/tr\/wp-json\/wp\/v2\/product"}],"about":[{"href":"https:\/\/notronvalve.com\/tr\/wp-json\/wp\/v2\/types\/product"}],"wp:featuredmedia":[{"embeddable":true,"href":"https:\/\/notronvalve.com\/tr\/wp-json\/wp\/v2\/media\/2824"}],"wp:attachment":[{"href":"https:\/\/notronvalve.com\/tr\/wp-json\/wp\/v2\/media?parent=2861"}],"wp:term":[{"taxonomy":"product_cat","embeddable":true,"href":"https:\/\/notronvalve.com\/tr\/wp-json\/wp\/v2\/product_cat?post=2861"},{"taxonomy":"product_tag","embeddable":true,"href":"https:\/\/notronvalve.com\/tr\/wp-json\/wp\/v2\/product_tag?post=2861"}],"curies":[{"name":"wp","href":"https:\/\/api.w.org\/{rel}","templated":true}]}}