{"id":2860,"date":"2023-09-05T11:08:40","date_gmt":"2023-09-05T08:08:40","guid":{"rendered":"https:\/\/notronvalve.com\/?post_type=product&#038;p=2860"},"modified":"2023-09-05T11:10:22","modified_gmt":"2023-09-05T08:10:22","slug":"dokum-celik-plug-valf-asa-600","status":"publish","type":"product","link":"https:\/\/notronvalve.com\/tr\/urun\/dokum-celik-plug-valf-asa-600\/","title":{"rendered":"ASA 600"},"content":{"rendered":"<table border=\"0\" width=\"330\" cellspacing=\"0\" cellpadding=\"0\">\n<tbody>\n<tr>\n<td bgcolor=\"#005fa4\" width=\"150\">\u00a0PAR\u00c7A ADI<\/td>\n<td bgcolor=\"#005fa4\" width=\"150\"><\/td>\n<\/tr>\n<tr>\n<td bgcolor=\"#005fa4\" width=\"15\">\u00a01<\/td>\n<td bgcolor=\"#e0e0e0\" width=\"150\">\u00a0 G\u00f6vde<\/td>\n<td bgcolor=\"#e0e0e0\" width=\"150\">\u00a0 Cast Steel<\/td>\n<\/tr>\n<tr>\n<td bgcolor=\"#005fa4\" width=\"15\">\u00a02<\/td>\n<td bgcolor=\"#005fa4\" width=\"150\">\u00a0 Plug<\/td>\n<td bgcolor=\"#005fa4\" width=\"150\">\u00a0 Cast Steel<\/td>\n<\/tr>\n<tr>\n<td bgcolor=\"#005fa4\" width=\"15\">\u00a03<\/td>\n<td bgcolor=\"#e0e0e0\" width=\"150\">\u00a0 Mil<\/td>\n<td bgcolor=\"#e0e0e0\" width=\"150\">\u00a0 Stainless Steel<\/td>\n<\/tr>\n<tr>\n<td bgcolor=\"#005fa4\" width=\"15\">\u00a04<\/td>\n<td bgcolor=\"#005fa4\" width=\"150\">\u00a0 Check Valf<\/td>\n<td bgcolor=\"#005fa4\" width=\"150\">\u00a0 Stainless Steel<\/td>\n<\/tr>\n<tr>\n<td bgcolor=\"#005fa4\" width=\"15\">\u00a05<\/td>\n<td bgcolor=\"#e0e0e0\" width=\"150\">\u00a0 Salmastra<\/td>\n<td bgcolor=\"#e0e0e0\" width=\"150\">\u00a0 Graphite<\/td>\n<\/tr>\n<tr>\n<td bgcolor=\"#005fa4\" width=\"15\">\u00a06<\/td>\n<td bgcolor=\"#005fa4\" width=\"150\">\u00a0 Salmastra Bask\u0131s\u0131<\/td>\n<td bgcolor=\"#005fa4\" width=\"150\">\u00a0 Stainless Steel<\/td>\n<\/tr>\n<tr>\n<td bgcolor=\"#005fa4\" width=\"15\">\u00a07<\/td>\n<td bgcolor=\"#e0e0e0\" width=\"150\">\u00a0 Kapak<\/td>\n<td bgcolor=\"#e0e0e0\" width=\"150\">\u00a0 Cast Steel<\/td>\n<\/tr>\n<tr>\n<td bgcolor=\"#005fa4\" width=\"15\">\u00a08<\/td>\n<td bgcolor=\"#005fa4\" width=\"150\">\u00a0 Kap. Saplamalar\u0131<\/td>\n<td bgcolor=\"#005fa4\" width=\"150\">\u00a0 CrMo Steel<\/td>\n<\/tr>\n<tr>\n<td bgcolor=\"#005fa4\" width=\"15\">\u00a09<\/td>\n<td bgcolor=\"#e0e0e0\" width=\"150\">\u00a0 Sivi\u00e7<\/td>\n<td bgcolor=\"#e0e0e0\" width=\"150\">\u00a0 Carbon Steel<\/td>\n<\/tr>\n<tr>\n<td bgcolor=\"#005fa4\" width=\"15\">\u00a010<\/td>\n<td bgcolor=\"#005fa4\" width=\"150\">\u00a0 Conta<\/td>\n<td bgcolor=\"#005fa4\" width=\"150\">\u00a0 Spiral Wound Gasket<\/td>\n<\/tr>\n<tr>\n<td bgcolor=\"#005fa4\" width=\"15\">\u00a011<\/td>\n<td bgcolor=\"#e0e0e0\" width=\"150\">\u00a0 K\u00fcre<\/td>\n<td bgcolor=\"#e0e0e0\" width=\"150\">\u00a0 Stainless Steel<\/td>\n<\/tr>\n<tr>\n<td bgcolor=\"#005fa4\" width=\"15\">\u00a012<\/td>\n<td bgcolor=\"#005fa4\" width=\"150\">\u00a0 Alt Kapak<\/td>\n<td bgcolor=\"#005fa4\" width=\"150\">\u00a0 Carbon Steel<\/td>\n<\/tr>\n<tr>\n<td bgcolor=\"#005fa4\" width=\"15\">\u00a013<\/td>\n<td bgcolor=\"#e0e0e0\" width=\"150\">\u00a0 Kap. Saplamalar\u0131<\/td>\n<td bgcolor=\"#e0e0e0\" width=\"150\">\u00a0 CrMo Steel<\/td>\n<\/tr>\n<tr>\n<td bgcolor=\"#005fa4\" width=\"15\">\u00a014<\/td>\n<td bgcolor=\"#005fa4\" width=\"150\">\u00a0 Bas\u0131n\u00e7 Vidas\u0131<\/td>\n<td bgcolor=\"#005fa4\" width=\"150\">\u00a0 Carbon Steel<\/td>\n<\/tr>\n<\/tbody>\n<\/table>\n<p>&nbsp;<\/p>\n<table border=\"0\" width=\"700\" cellspacing=\"0\" cellpadding=\"0\">\n<tbody>\n<tr>\n<td bgcolor=\"#005fa4\">\u00a0 ASA 600 Figure V 6030<\/td>\n<\/tr>\n<\/tbody>\n<\/table>\n<table border=\"0\" width=\"700\" cellspacing=\"0\" cellpadding=\"0\">\n<tbody>\n<tr>\n<td bgcolor=\"#005fa4\" width=\"15\"><\/td>\n<td bgcolor=\"#005fa4\" width=\"50\">\u00a0\u00a0\u00a0\u00a0\u00a0\u00a0\u00a0\u00a0\u00a0 \u00d6l\u00e7\u00fc<\/td>\n<td bgcolor=\"#005fa4\" width=\"15\"><\/td>\n<td bgcolor=\"#005fa4\" width=\"50\">\u00a0 \u00d8 B<\/td>\n<td bgcolor=\"#005fa4\" width=\"50\">\u00a0 \u00d8 G<\/td>\n<td bgcolor=\"#005fa4\" width=\"50\">\u00a0 \u00d8 R<\/td>\n<td bgcolor=\"#005fa4\" width=\"50\">\u00a0 \u00d8 d<\/td>\n<td bgcolor=\"#005fa4\" width=\"50\">\u00a0 C<\/td>\n<td bgcolor=\"#005fa4\" width=\"50\">\u00a0 D<\/td>\n<td bgcolor=\"#005fa4\" width=\"110\">\u00a0 H<\/td>\n<td bgcolor=\"#005fa4\" width=\"50\">\u00a0 App. W<\/td>\n<\/tr>\n<tr>\n<td bgcolor=\"#005fa4\" width=\"15\"><\/td>\n<td bgcolor=\"#005fa4\" width=\"50\">\u00a0 inch<\/td>\n<td bgcolor=\"#005fa4\" width=\"50\">\u00a0 mm<\/td>\n<td bgcolor=\"#005fa4\" width=\"50\">\u00a0 mm<\/td>\n<td bgcolor=\"#005fa4\" width=\"50\">\u00a0 mm<\/td>\n<td bgcolor=\"#005fa4\" width=\"50\">\u00a0 mm<\/td>\n<td bgcolor=\"#005fa4\" width=\"50\">\u00a0 mm<\/td>\n<td bgcolor=\"#005fa4\" width=\"50\">\u00a0 mm<\/td>\n<td bgcolor=\"#005fa4\" width=\"50\">\u00a0 mm<\/td>\n<td bgcolor=\"#005fa4\" width=\"110\">\u00a0\u00a0<span style=\"font-size: xx-small;\">Regular &amp; Vanturi Pattern<\/span><\/td>\n<td bgcolor=\"#005fa4\" width=\"50\">\u00a0 kg<\/td>\n<\/tr>\n<tr>\n<td bgcolor=\"#005fa4\" width=\"15\"><\/td>\n<td bgcolor=\"#e0e0e0\" width=\"50\">\u00a0 2<\/td>\n<td bgcolor=\"#e0e0e0\" width=\"50\">\u00a0 50<\/td>\n<td bgcolor=\"#e0e0e0\" width=\"50\">\u00a0 165<\/td>\n<td bgcolor=\"#e0e0e0\" width=\"50\">\u00a0 127<\/td>\n<td bgcolor=\"#e0e0e0\" width=\"50\">\u00a0 92,1<\/td>\n<td bgcolor=\"#e0e0e0\" width=\"50\">\u00a0 19<\/td>\n<td bgcolor=\"#e0e0e0\" width=\"50\">\u00a0 25,4<\/td>\n<td bgcolor=\"#e0e0e0\" width=\"50\">\u00a0 292<\/td>\n<td bgcolor=\"#e0e0e0\" width=\"50\">\u00a0 128<\/td>\n<td bgcolor=\"#e0e0e0\" width=\"50\">\u00a0 28<\/td>\n<\/tr>\n<tr>\n<td bgcolor=\"#005fa4\" width=\"15\"><\/td>\n<td bgcolor=\"#005fa4\" width=\"50\">\u00a0 3<\/td>\n<td bgcolor=\"#005fa4\" width=\"50\">\u00a0 80<\/td>\n<td bgcolor=\"#005fa4\" width=\"50\">\u00a0 210<\/td>\n<td bgcolor=\"#005fa4\" width=\"50\">\u00a0 168,3<\/td>\n<td bgcolor=\"#005fa4\" width=\"50\">\u00a0 127<\/td>\n<td bgcolor=\"#005fa4\" width=\"50\">\u00a0 22,2<\/td>\n<td bgcolor=\"#005fa4\" width=\"50\">\u00a0 31,8<\/td>\n<td bgcolor=\"#005fa4\" width=\"50\">\u00a0 355,6<\/td>\n<td bgcolor=\"#005fa4\" width=\"50\">\u00a0 140<\/td>\n<td bgcolor=\"#005fa4\" width=\"50\">\u00a0 56<\/td>\n<\/tr>\n<tr>\n<td bgcolor=\"#005fa4\" width=\"15\"><\/td>\n<td bgcolor=\"#e0e0e0\" width=\"50\">\u00a0 4<\/td>\n<td bgcolor=\"#e0e0e0\" width=\"50\">\u00a0 100<\/td>\n<td bgcolor=\"#e0e0e0\" width=\"50\">\u00a0 273<\/td>\n<td bgcolor=\"#e0e0e0\" width=\"50\">\u00a0 215,9<\/td>\n<td bgcolor=\"#e0e0e0\" width=\"50\">\u00a0 157,2<\/td>\n<td bgcolor=\"#e0e0e0\" width=\"50\">\u00a0 25,4<\/td>\n<td bgcolor=\"#e0e0e0\" width=\"50\">\u00a0 38,1<\/td>\n<td bgcolor=\"#e0e0e0\" width=\"50\">\u00a0 431,8<\/td>\n<td bgcolor=\"#e0e0e0\" width=\"50\">\u00a0 196<\/td>\n<td bgcolor=\"#e0e0e0\" width=\"50\">\u00a0 95<\/td>\n<\/tr>\n<tr>\n<td bgcolor=\"#005fa4\" width=\"15\"><\/td>\n<td bgcolor=\"#005fa4\" width=\"50\">\u00a0 6<\/td>\n<td bgcolor=\"#005fa4\" width=\"50\">\u00a0 150<\/td>\n<td bgcolor=\"#005fa4\" width=\"50\">\u00a0 356<\/td>\n<td bgcolor=\"#005fa4\" width=\"50\">\u00a0 292,1<\/td>\n<td bgcolor=\"#005fa4\" width=\"50\">\u00a0 215,9<\/td>\n<td bgcolor=\"#005fa4\" width=\"50\">\u00a0 28,5<\/td>\n<td bgcolor=\"#005fa4\" width=\"50\">\u00a0 47,8<\/td>\n<td bgcolor=\"#005fa4\" width=\"50\">\u00a0 558,8<\/td>\n<td bgcolor=\"#005fa4\" width=\"50\">\u00a0 256<\/td>\n<td bgcolor=\"#005fa4\" width=\"50\">\u00a0 215<\/td>\n<\/tr>\n<tr>\n<td bgcolor=\"#005fa4\" width=\"15\"><\/td>\n<td bgcolor=\"#e0e0e0\" width=\"50\">\u00a0 8<\/td>\n<td bgcolor=\"#e0e0e0\" width=\"50\">\u00a0 200<\/td>\n<td bgcolor=\"#e0e0e0\" width=\"50\">\u00a0 419<\/td>\n<td bgcolor=\"#e0e0e0\" width=\"50\">\u00a0 349,2<\/td>\n<td bgcolor=\"#e0e0e0\" width=\"50\">\u00a0 269,9<\/td>\n<td bgcolor=\"#e0e0e0\" width=\"50\">\u00a0 13,8<\/td>\n<td bgcolor=\"#e0e0e0\" width=\"50\">\u00a0 55,6<\/td>\n<td bgcolor=\"#e0e0e0\" width=\"50\">\u00a0 660,4<\/td>\n<td bgcolor=\"#e0e0e0\" width=\"50\">\u00a0 324<\/td>\n<td bgcolor=\"#e0e0e0\" width=\"50\">\u00a0 290<\/td>\n<\/tr>\n<tr>\n<td bgcolor=\"#005fa4\" width=\"15\"><\/td>\n<td bgcolor=\"#005fa4\" width=\"50\">\u00a0 10<\/td>\n<td bgcolor=\"#005fa4\" width=\"50\">\u00a0 250<\/td>\n<td bgcolor=\"#005fa4\" width=\"50\">\u00a0 508<\/td>\n<td bgcolor=\"#005fa4\" width=\"50\">\u00a0 431,8<\/td>\n<td bgcolor=\"#005fa4\" width=\"50\">\u00a0 323,8<\/td>\n<td bgcolor=\"#005fa4\" width=\"50\">\u00a0 35<\/td>\n<td bgcolor=\"#005fa4\" width=\"50\">\u00a0 63,5<\/td>\n<td bgcolor=\"#005fa4\" width=\"50\">\u00a0 787,4<\/td>\n<td bgcolor=\"#005fa4\" width=\"50\">\u00a0 417<\/td>\n<td bgcolor=\"#005fa4\" width=\"50\">\u00a0 495<\/td>\n<\/tr>\n<tr>\n<td bgcolor=\"#005fa4\" width=\"15\"><\/td>\n<td bgcolor=\"#e0e0e0\" width=\"50\">\u00a0 12<\/td>\n<td bgcolor=\"#e0e0e0\" width=\"50\">\u00a0 300<\/td>\n<td bgcolor=\"#e0e0e0\" width=\"50\">\u00a0 559<\/td>\n<td bgcolor=\"#e0e0e0\" width=\"50\">\u00a0 489<\/td>\n<td bgcolor=\"#e0e0e0\" width=\"50\">\u00a0 381<\/td>\n<td bgcolor=\"#e0e0e0\" width=\"50\">\u00a0 35<\/td>\n<td bgcolor=\"#e0e0e0\" width=\"50\">\u00a0 66,5<\/td>\n<td bgcolor=\"#e0e0e0\" width=\"50\">\u00a0 838,2<\/td>\n<td bgcolor=\"#e0e0e0\" width=\"50\">\u00a0 493<\/td>\n<td bgcolor=\"#e0e0e0\" width=\"50\">\u00a0 628<\/td>\n<\/tr>\n<tr>\n<td bgcolor=\"#005fa4\" width=\"15\"><\/td>\n<td bgcolor=\"#005fa4\" width=\"50\">\u00a0 14<\/td>\n<td bgcolor=\"#005fa4\" width=\"50\">\u00a0 350<\/td>\n<td bgcolor=\"#005fa4\" width=\"50\">\u00a0 603<\/td>\n<td bgcolor=\"#005fa4\" width=\"50\">\u00a0 527<\/td>\n<td bgcolor=\"#005fa4\" width=\"50\">\u00a0 412,8<\/td>\n<td bgcolor=\"#005fa4\" width=\"50\">\u00a0 38,1<\/td>\n<td bgcolor=\"#005fa4\" width=\"50\">\u00a0 69,9<\/td>\n<td bgcolor=\"#005fa4\" width=\"50\">\u00a0 889<\/td>\n<td bgcolor=\"#005fa4\" width=\"50\">\u00a0 594<\/td>\n<td bgcolor=\"#005fa4\" width=\"50\">\u00a0 868<\/td>\n<\/tr>\n<tr>\n<td bgcolor=\"#005fa4\" width=\"15\"><\/td>\n<td bgcolor=\"#e0e0e0\" width=\"50\">\u00a0 16<\/td>\n<td bgcolor=\"#e0e0e0\" width=\"50\">\u00a0 400<\/td>\n<td bgcolor=\"#e0e0e0\" width=\"50\">\u00a0 686<\/td>\n<td bgcolor=\"#e0e0e0\" width=\"50\">\u00a0 603,2<\/td>\n<td bgcolor=\"#e0e0e0\" width=\"50\">\u00a0 469,9<\/td>\n<td bgcolor=\"#e0e0e0\" width=\"50\">\u00a0 41,1<\/td>\n<td bgcolor=\"#e0e0e0\" width=\"50\">\u00a0 76,2<\/td>\n<td bgcolor=\"#e0e0e0\" width=\"50\">\u00a0 990,6<\/td>\n<td bgcolor=\"#e0e0e0\" width=\"50\">\u00a0 2900<\/td>\n<td bgcolor=\"#e0e0e0\" width=\"50\">\u00a0 1300<\/td>\n<\/tr>\n<\/tbody>\n<\/table>\n","protected":false},"excerpt":{"rendered":"<p>\u00c7eyrek turla a\u00e7\u0131l\u0131p kapanan vana t\u00fcrleri i\u00e7erisinde yer al\u0131r.<\/p>\n<p>Ak\u0131\u015fkan\u0131n serbest ve rahat ge\u00e7i\u015fini sa\u011flar.<\/p>\n<p>Her iki y\u00f6nde de \u00e7al\u0131\u015f\u0131rlar.<\/p>\n<p>Y\u00fcksek s\u0131zd\u0131rmazl\u0131k sa\u011flama amac\u0131ndan daha \u00e7ok, by-pass vanas\u0131 olarak kullan\u0131lmalar\u0131 uygundur.<\/p>\n<p>S\u0131zd\u0131rmazl\u0131k tapa ve yuvan\u0131n birbirine tam olarak oturmas\u0131 ile sa\u011flanaca\u011f\u0131 i\u00e7in hatt\u0131n temiz olmas\u0131 ve herhangi bir kat\u0131 partik\u00fcl\u00fcn tapa ve yuva aras\u0131na girmemesi \u00f6nemlidir.<\/p>\n","protected":false},"featured_media":2826,"template":"","meta":[],"product_cat":[350],"product_tag":[],"class_list":["post-2860","product","type-product","status-publish","has-post-thumbnail","hentry","product_cat-dokum-celik-plug-valfler"],"_links":{"self":[{"href":"https:\/\/notronvalve.com\/tr\/wp-json\/wp\/v2\/product\/2860","targetHints":{"allow":["GET"]}}],"collection":[{"href":"https:\/\/notronvalve.com\/tr\/wp-json\/wp\/v2\/product"}],"about":[{"href":"https:\/\/notronvalve.com\/tr\/wp-json\/wp\/v2\/types\/product"}],"wp:featuredmedia":[{"embeddable":true,"href":"https:\/\/notronvalve.com\/tr\/wp-json\/wp\/v2\/media\/2826"}],"wp:attachment":[{"href":"https:\/\/notronvalve.com\/tr\/wp-json\/wp\/v2\/media?parent=2860"}],"wp:term":[{"taxonomy":"product_cat","embeddable":true,"href":"https:\/\/notronvalve.com\/tr\/wp-json\/wp\/v2\/product_cat?post=2860"},{"taxonomy":"product_tag","embeddable":true,"href":"https:\/\/notronvalve.com\/tr\/wp-json\/wp\/v2\/product_tag?post=2860"}],"curies":[{"name":"wp","href":"https:\/\/api.w.org\/{rel}","templated":true}]}}