{"id":2859,"date":"2023-09-05T11:06:36","date_gmt":"2023-09-05T08:06:36","guid":{"rendered":"https:\/\/notronvalve.com\/?post_type=product&#038;p=2859"},"modified":"2023-09-05T11:08:19","modified_gmt":"2023-09-05T08:08:19","slug":"dokum-celik-valf-asa-150-300","status":"publish","type":"product","link":"https:\/\/notronvalve.com\/tr\/urun\/dokum-celik-valf-asa-150-300\/","title":{"rendered":"ASA 150 &#8211; 300"},"content":{"rendered":"<table border=\"0\" width=\"330\" cellspacing=\"0\" cellpadding=\"0\">\n<tbody>\n<tr>\n<td bgcolor=\"#005fa4\" width=\"150\">\u00a0PAR\u00c7A ADI<\/td>\n<td bgcolor=\"#005fa4\" width=\"150\"><\/td>\n<\/tr>\n<tr>\n<td bgcolor=\"#005fa4\" width=\"15\">\u00a01<\/td>\n<td bgcolor=\"#e0e0e0\" width=\"150\">\u00a0 G\u00f6vde<\/td>\n<td bgcolor=\"#e0e0e0\" width=\"150\">\u00a0 Cast Steel<\/td>\n<\/tr>\n<tr>\n<td bgcolor=\"#005fa4\" width=\"15\">\u00a02<\/td>\n<td bgcolor=\"#005fa4\" width=\"150\">\u00a0 Plug<\/td>\n<td bgcolor=\"#005fa4\" width=\"150\">\u00a0 Cast Steel<\/td>\n<\/tr>\n<tr>\n<td bgcolor=\"#005fa4\" width=\"15\">\u00a03<\/td>\n<td bgcolor=\"#e0e0e0\" width=\"150\">\u00a0 Check Valf<\/td>\n<td bgcolor=\"#e0e0e0\" width=\"150\">\u00a0 Stainless Steel<\/td>\n<\/tr>\n<tr>\n<td bgcolor=\"#005fa4\" width=\"15\">\u00a04<\/td>\n<td bgcolor=\"#005fa4\" width=\"150\">\u00a0 Salmastra<\/td>\n<td bgcolor=\"#005fa4\" width=\"150\">\u00a0 Graphite<\/td>\n<\/tr>\n<tr>\n<td bgcolor=\"#005fa4\" width=\"15\">\u00a05<\/td>\n<td bgcolor=\"#e0e0e0\" width=\"150\">\u00a0 Conta<\/td>\n<td bgcolor=\"#e0e0e0\" width=\"150\">\u00a0 Spiral Wound Gasket<\/td>\n<\/tr>\n<tr>\n<td bgcolor=\"#005fa4\" width=\"15\">\u00a06<\/td>\n<td bgcolor=\"#005fa4\" width=\"150\">\u00a0 Kapak<\/td>\n<td bgcolor=\"#005fa4\" width=\"150\">\u00a0 Cast Steel<\/td>\n<\/tr>\n<tr>\n<td bgcolor=\"#005fa4\" width=\"15\">\u00a07<\/td>\n<td bgcolor=\"#e0e0e0\" width=\"150\">\u00a0 Glend<\/td>\n<td bgcolor=\"#e0e0e0\" width=\"150\">\u00a0 Cast Steel<\/td>\n<\/tr>\n<tr>\n<td bgcolor=\"#005fa4\" width=\"15\">\u00a08<\/td>\n<td bgcolor=\"#005fa4\" width=\"150\">\u00a0 Kap. &amp; Glend Saplamalar\u0131<\/td>\n<td bgcolor=\"#005fa4\" width=\"150\">\u00a0 CrMo Steel<\/td>\n<\/tr>\n<tr>\n<td bgcolor=\"#005fa4\" width=\"15\">\u00a09<\/td>\n<td bgcolor=\"#e0e0e0\" width=\"150\">\u00a0 Somun<\/td>\n<td bgcolor=\"#e0e0e0\" width=\"150\">\u00a0 Carbon Steel<\/td>\n<\/tr>\n<tr>\n<td bgcolor=\"#005fa4\" width=\"15\">\u00a010<\/td>\n<td bgcolor=\"#005fa4\" width=\"150\">\u00a0 Ya\u011flama Fitingi<\/td>\n<td bgcolor=\"#005fa4\" width=\"150\">\u00a0 Stainless Steel<\/td>\n<\/tr>\n<tr>\n<td bgcolor=\"#005fa4\" width=\"15\">\u00a011<\/td>\n<td bgcolor=\"#e0e0e0\" width=\"150\">\u00a0 \u0130sim Plakas\u0131<\/td>\n<td bgcolor=\"#e0e0e0\" width=\"150\">\u00a0 Aluminium<\/td>\n<\/tr>\n<\/tbody>\n<\/table>\n<p>&nbsp;<\/p>\n<table border=\"0\" width=\"700\" cellspacing=\"0\" cellpadding=\"0\">\n<tbody>\n<tr>\n<td bgcolor=\"#005fa4\">Class 125 lb \/ Class 150 lb \/ Flat Face \/ Raised Face<\/td>\n<\/tr>\n<\/tbody>\n<\/table>\n<table border=\"0\" width=\"700\" cellspacing=\"0\" cellpadding=\"0\">\n<tbody>\n<tr>\n<td bgcolor=\"#005fa4\" width=\"15\"><\/td>\n<td bgcolor=\"#005fa4\" width=\"50\">\u00a0\u00a0\u00a0\u00a0\u00a0\u00a0\u00a0\u00a0\u00a0 \u00d6l\u00e7\u00fc<\/td>\n<td bgcolor=\"#005fa4\" width=\"15\"><\/td>\n<td bgcolor=\"#005fa4\" width=\"50\">\u00a0 \u00d8 B<\/td>\n<td bgcolor=\"#005fa4\" width=\"50\">\u00a0 \u00d8 G<\/td>\n<td bgcolor=\"#005fa4\" width=\"50\">\u00a0 \u00d8 R<\/td>\n<td bgcolor=\"#005fa4\" width=\"50\">\u00a0 \u00d8 d<\/td>\n<td bgcolor=\"#005fa4\" width=\"50\">\u00a0 C<\/td>\n<td bgcolor=\"#005fa4\" width=\"50\">\u00a0 D<\/td>\n<td bgcolor=\"#005fa4\" width=\"80\">\u00a0 H<\/td>\n<td bgcolor=\"#005fa4\" width=\"50\">\u00a0 App. W<\/td>\n<\/tr>\n<tr>\n<td bgcolor=\"#005fa4\" width=\"15\"><\/td>\n<td bgcolor=\"#005fa4\" width=\"50\">\u00a0 inch<\/td>\n<td bgcolor=\"#005fa4\" width=\"50\">\u00a0 mm<\/td>\n<td bgcolor=\"#005fa4\" width=\"50\">\u00a0 mm<\/td>\n<td bgcolor=\"#005fa4\" width=\"50\">\u00a0 mm<\/td>\n<td bgcolor=\"#005fa4\" width=\"50\">\u00a0 mm<\/td>\n<td bgcolor=\"#005fa4\" width=\"50\">\u00a0 mm<\/td>\n<td bgcolor=\"#005fa4\" width=\"50\">\u00a0 mm<\/td>\n<td bgcolor=\"#005fa4\" width=\"50\">\u00a0 mm<\/td>\n<td bgcolor=\"#005fa4\" width=\"80\">\u00a0 Short Pattern<\/td>\n<td bgcolor=\"#005fa4\" width=\"50\">\u00a0 kg<\/td>\n<\/tr>\n<tr>\n<td bgcolor=\"#005fa4\" width=\"15\"><\/td>\n<td bgcolor=\"#e0e0e0\" width=\"50\">\u00a0 1<\/td>\n<td bgcolor=\"#e0e0e0\" width=\"50\">\u00a0 25<\/td>\n<td bgcolor=\"#e0e0e0\" width=\"50\">\u00a0 108<\/td>\n<td bgcolor=\"#e0e0e0\" width=\"50\">\u00a0 79,4<\/td>\n<td bgcolor=\"#e0e0e0\" width=\"50\">\u00a0 50,8<\/td>\n<td bgcolor=\"#e0e0e0\" width=\"50\">\u00a0 15,8<\/td>\n<td bgcolor=\"#e0e0e0\" width=\"50\">\u00a0 14,3<\/td>\n<td bgcolor=\"#e0e0e0\" width=\"50\">\u00a0 140<\/td>\n<td bgcolor=\"#e0e0e0\" width=\"50\">\u00a0 110<\/td>\n<td bgcolor=\"#e0e0e0\" width=\"50\">\u00a0 6,5<\/td>\n<\/tr>\n<tr>\n<td bgcolor=\"#005fa4\" width=\"15\"><\/td>\n<td bgcolor=\"#005fa4\" width=\"50\">\u00a0 1 \u00bd<\/td>\n<td bgcolor=\"#005fa4\" width=\"50\">\u00a0 40<\/td>\n<td bgcolor=\"#005fa4\" width=\"50\">\u00a0 127<\/td>\n<td bgcolor=\"#005fa4\" width=\"50\">\u00a0 98,4<\/td>\n<td bgcolor=\"#005fa4\" width=\"50\">\u00a0 73<\/td>\n<td bgcolor=\"#005fa4\" width=\"50\">\u00a0 15,8<\/td>\n<td bgcolor=\"#005fa4\" width=\"50\">\u00a0 17,5<\/td>\n<td bgcolor=\"#005fa4\" width=\"50\">\u00a0 165<\/td>\n<td bgcolor=\"#005fa4\" width=\"50\">\u00a0 135<\/td>\n<td bgcolor=\"#005fa4\" width=\"50\">\u00a0 15<\/td>\n<\/tr>\n<tr>\n<td bgcolor=\"#005fa4\" width=\"15\"><\/td>\n<td bgcolor=\"#e0e0e0\" width=\"50\">\u00a0 2<\/td>\n<td bgcolor=\"#e0e0e0\" width=\"50\">\u00a0 50<\/td>\n<td bgcolor=\"#e0e0e0\" width=\"50\">\u00a0 152<\/td>\n<td bgcolor=\"#e0e0e0\" width=\"50\">\u00a0 120,6<\/td>\n<td bgcolor=\"#e0e0e0\" width=\"50\">\u00a0 92,1<\/td>\n<td bgcolor=\"#e0e0e0\" width=\"50\">\u00a0 19<\/td>\n<td bgcolor=\"#e0e0e0\" width=\"50\">\u00a0 19,1<\/td>\n<td bgcolor=\"#e0e0e0\" width=\"50\">\u00a0 178<\/td>\n<td bgcolor=\"#e0e0e0\" width=\"50\">\u00a0 200<\/td>\n<td bgcolor=\"#e0e0e0\" width=\"50\">\u00a0 19<\/td>\n<\/tr>\n<tr>\n<td bgcolor=\"#005fa4\" width=\"15\"><\/td>\n<td bgcolor=\"#005fa4\" width=\"50\">\u00a0 3<\/td>\n<td bgcolor=\"#005fa4\" width=\"50\">\u00a0 80<\/td>\n<td bgcolor=\"#005fa4\" width=\"50\">\u00a0 191<\/td>\n<td bgcolor=\"#005fa4\" width=\"50\">\u00a0 152,4<\/td>\n<td bgcolor=\"#005fa4\" width=\"50\">\u00a0 127<\/td>\n<td bgcolor=\"#005fa4\" width=\"50\">\u00a0 19<\/td>\n<td bgcolor=\"#005fa4\" width=\"50\">\u00a0 23,9<\/td>\n<td bgcolor=\"#005fa4\" width=\"50\">\u00a0 203<\/td>\n<td bgcolor=\"#005fa4\" width=\"50\">\u00a0 260<\/td>\n<td bgcolor=\"#005fa4\" width=\"50\">\u00a0 36<\/td>\n<\/tr>\n<tr>\n<td bgcolor=\"#005fa4\" width=\"15\"><\/td>\n<td bgcolor=\"#e0e0e0\" width=\"50\">\u00a0 4<\/td>\n<td bgcolor=\"#e0e0e0\" width=\"50\">\u00a0 100<\/td>\n<td bgcolor=\"#e0e0e0\" width=\"50\">\u00a0 229<\/td>\n<td bgcolor=\"#e0e0e0\" width=\"50\">\u00a0 190,5<\/td>\n<td bgcolor=\"#e0e0e0\" width=\"50\">\u00a0 157,2<\/td>\n<td bgcolor=\"#e0e0e0\" width=\"50\">\u00a0 19<\/td>\n<td bgcolor=\"#e0e0e0\" width=\"50\">\u00a0 23,9<\/td>\n<td bgcolor=\"#e0e0e0\" width=\"80\">\u00a0 (228,6)(305)<\/td>\n<td bgcolor=\"#e0e0e0\" width=\"50\">\u00a0 295<\/td>\n<td bgcolor=\"#e0e0e0\" width=\"50\">\u00a0 82<\/td>\n<\/tr>\n<tr>\n<td bgcolor=\"#005fa4\" width=\"15\"><\/td>\n<td bgcolor=\"#005fa4\" width=\"50\">\u00a0 6<\/td>\n<td bgcolor=\"#005fa4\" width=\"50\">\u00a0 150<\/td>\n<td bgcolor=\"#005fa4\" width=\"50\">\u00a0 279<\/td>\n<td bgcolor=\"#005fa4\" width=\"50\">\u00a0 241,3<\/td>\n<td bgcolor=\"#005fa4\" width=\"50\">\u00a0 215,9<\/td>\n<td bgcolor=\"#005fa4\" width=\"50\">\u00a0 22,2<\/td>\n<td bgcolor=\"#005fa4\" width=\"50\">\u00a0 25,4<\/td>\n<td bgcolor=\"#005fa4\" width=\"50\">\u00a0 267<\/td>\n<td bgcolor=\"#005fa4\" width=\"50\">\u00a0 345<\/td>\n<td bgcolor=\"#005fa4\" width=\"50\">\u00a0 100<\/td>\n<\/tr>\n<tr>\n<td bgcolor=\"#005fa4\" width=\"15\"><\/td>\n<td bgcolor=\"#e0e0e0\" width=\"50\">\u00a0 8<\/td>\n<td bgcolor=\"#e0e0e0\" width=\"50\">\u00a0 200<\/td>\n<td bgcolor=\"#e0e0e0\" width=\"50\">\u00a0 343<\/td>\n<td bgcolor=\"#e0e0e0\" width=\"50\">\u00a0 298,4<\/td>\n<td bgcolor=\"#e0e0e0\" width=\"50\">\u00a0 269,9<\/td>\n<td bgcolor=\"#e0e0e0\" width=\"50\">\u00a0 22,2<\/td>\n<td bgcolor=\"#e0e0e0\" width=\"50\">\u00a0 28,6<\/td>\n<td bgcolor=\"#e0e0e0\" width=\"50\">\u00a0 292<\/td>\n<td bgcolor=\"#e0e0e0\" width=\"50\">\u00a0 385<\/td>\n<td bgcolor=\"#e0e0e0\" width=\"50\">\u00a0 215<\/td>\n<\/tr>\n<tr>\n<td bgcolor=\"#005fa4\" width=\"15\"><\/td>\n<td bgcolor=\"#005fa4\" width=\"50\">\u00a0 10<\/td>\n<td bgcolor=\"#005fa4\" width=\"50\">\u00a0 250<\/td>\n<td bgcolor=\"#005fa4\" width=\"50\">\u00a0 406<\/td>\n<td bgcolor=\"#005fa4\" width=\"50\">\u00a0 362<\/td>\n<td bgcolor=\"#005fa4\" width=\"50\">\u00a0 323,8<\/td>\n<td bgcolor=\"#005fa4\" width=\"50\">\u00a0 25,4<\/td>\n<td bgcolor=\"#005fa4\" width=\"50\">\u00a0 30,2<\/td>\n<td bgcolor=\"#005fa4\" width=\"50\">\u00a0 330,2<\/td>\n<td bgcolor=\"#005fa4\" width=\"50\">\u00a0 450<\/td>\n<td bgcolor=\"#005fa4\" width=\"50\">\u00a0 240<\/td>\n<\/tr>\n<tr>\n<td bgcolor=\"#005fa4\" width=\"15\"><\/td>\n<td bgcolor=\"#e0e0e0\" width=\"50\">\u00a0 12<\/td>\n<td bgcolor=\"#e0e0e0\" width=\"50\">\u00a0 300<\/td>\n<td bgcolor=\"#e0e0e0\" width=\"50\">\u00a0 483<\/td>\n<td bgcolor=\"#e0e0e0\" width=\"50\">\u00a0 431,8<\/td>\n<td bgcolor=\"#e0e0e0\" width=\"50\">\u00a0 381<\/td>\n<td bgcolor=\"#e0e0e0\" width=\"50\">\u00a0 25,4<\/td>\n<td bgcolor=\"#e0e0e0\" width=\"50\">\u00a0 31,8<\/td>\n<td bgcolor=\"#e0e0e0\" width=\"50\">\u00a0 356<\/td>\n<td bgcolor=\"#e0e0e0\" width=\"50\">\u00a0 550<\/td>\n<td bgcolor=\"#e0e0e0\" width=\"50\">\u00a0 350<\/td>\n<\/tr>\n<\/tbody>\n<\/table>\n<p>&nbsp;<\/p>\n<table border=\"0\" width=\"700\" cellspacing=\"0\" cellpadding=\"0\">\n<tbody>\n<tr>\n<td bgcolor=\"#005fa4\">\u00a0 ASA 150 Figure V 6010<\/td>\n<\/tr>\n<\/tbody>\n<\/table>\n<table border=\"0\" width=\"700\" cellspacing=\"0\" cellpadding=\"0\">\n<tbody>\n<tr>\n<td bgcolor=\"#005fa4\" width=\"15\"><\/td>\n<td bgcolor=\"#005fa4\" width=\"50\">\u00a0\u00a0\u00a0\u00a0\u00a0\u00a0\u00a0\u00a0\u00a0 \u00d6l\u00e7\u00fc<\/td>\n<td bgcolor=\"#005fa4\" width=\"15\"><\/td>\n<td bgcolor=\"#005fa4\" width=\"50\">\u00a0 \u00d8 B<\/td>\n<td bgcolor=\"#005fa4\" width=\"50\">\u00a0 \u00d8 G<\/td>\n<td bgcolor=\"#005fa4\" width=\"50\">\u00a0 \u00d8 R<\/td>\n<td bgcolor=\"#005fa4\" width=\"50\">\u00a0 \u00d8 d<\/td>\n<td bgcolor=\"#005fa4\" width=\"50\">\u00a0 C<\/td>\n<td bgcolor=\"#005fa4\" width=\"50\">\u00a0 D<\/td>\n<td bgcolor=\"#005fa4\" width=\"80\">\u00a0 H<\/td>\n<td bgcolor=\"#005fa4\" width=\"50\">\u00a0 App. W<\/td>\n<\/tr>\n<tr>\n<td bgcolor=\"#005fa4\" width=\"15\"><\/td>\n<td bgcolor=\"#005fa4\" width=\"50\">\u00a0 inch<\/td>\n<td bgcolor=\"#005fa4\" width=\"50\">\u00a0 mm<\/td>\n<td bgcolor=\"#005fa4\" width=\"50\">\u00a0 mm<\/td>\n<td bgcolor=\"#005fa4\" width=\"50\">\u00a0 mm<\/td>\n<td bgcolor=\"#005fa4\" width=\"50\">\u00a0 mm<\/td>\n<td bgcolor=\"#005fa4\" width=\"50\">\u00a0 mm<\/td>\n<td bgcolor=\"#005fa4\" width=\"50\">\u00a0 mm<\/td>\n<td bgcolor=\"#005fa4\" width=\"50\">\u00a0 mm<\/td>\n<td bgcolor=\"#005fa4\" width=\"80\">\u00a0 Regular Pattern<\/td>\n<td bgcolor=\"#005fa4\" width=\"50\">\u00a0 kg<\/td>\n<\/tr>\n<tr>\n<td bgcolor=\"#005fa4\" width=\"15\"><\/td>\n<td bgcolor=\"#e0e0e0\" width=\"50\">\u00a0 1<\/td>\n<td bgcolor=\"#e0e0e0\" width=\"50\">\u00a0 25<\/td>\n<td bgcolor=\"#e0e0e0\" width=\"50\">\u00a0 108<\/td>\n<td bgcolor=\"#e0e0e0\" width=\"50\">\u00a0 79,4<\/td>\n<td bgcolor=\"#e0e0e0\" width=\"50\">\u00a0 50,8<\/td>\n<td bgcolor=\"#e0e0e0\" width=\"50\">\u00a0 15,8<\/td>\n<td bgcolor=\"#e0e0e0\" width=\"50\">\u00a0 14,3<\/td>\n<td bgcolor=\"#e0e0e0\" width=\"50\">\u00a0 140<\/td>\n<td bgcolor=\"#e0e0e0\" width=\"50\">\u00a0 110<\/td>\n<td bgcolor=\"#e0e0e0\" width=\"50\">\u00a0 9<\/td>\n<\/tr>\n<tr>\n<td bgcolor=\"#005fa4\" width=\"15\"><\/td>\n<td bgcolor=\"#005fa4\" width=\"50\">\u00a0 1 \u00bd<\/td>\n<td bgcolor=\"#005fa4\" width=\"50\">\u00a0 40<\/td>\n<td bgcolor=\"#005fa4\" width=\"50\">\u00a0 127<\/td>\n<td bgcolor=\"#005fa4\" width=\"50\">\u00a0 98,4<\/td>\n<td bgcolor=\"#005fa4\" width=\"50\">\u00a0 73<\/td>\n<td bgcolor=\"#005fa4\" width=\"50\">\u00a0 15,8<\/td>\n<td bgcolor=\"#005fa4\" width=\"50\">\u00a0 17,5<\/td>\n<td bgcolor=\"#005fa4\" width=\"50\">\u00a0 165<\/td>\n<td bgcolor=\"#005fa4\" width=\"50\">\u00a0 135<\/td>\n<td bgcolor=\"#005fa4\" width=\"50\">\u00a0 15<\/td>\n<\/tr>\n<tr>\n<td bgcolor=\"#005fa4\" width=\"15\"><\/td>\n<td bgcolor=\"#e0e0e0\" width=\"50\">\u00a0 2<\/td>\n<td bgcolor=\"#e0e0e0\" width=\"50\">\u00a0 50<\/td>\n<td bgcolor=\"#e0e0e0\" width=\"50\">\u00a0 152<\/td>\n<td bgcolor=\"#e0e0e0\" width=\"50\">\u00a0 120,6<\/td>\n<td bgcolor=\"#e0e0e0\" width=\"50\">\u00a0 92,1<\/td>\n<td bgcolor=\"#e0e0e0\" width=\"50\">\u00a0 19<\/td>\n<td bgcolor=\"#e0e0e0\" width=\"50\">\u00a0 19,1<\/td>\n<td bgcolor=\"#e0e0e0\" width=\"50\">\u00a0 203<\/td>\n<td bgcolor=\"#e0e0e0\" width=\"50\">\u00a0 200<\/td>\n<td bgcolor=\"#e0e0e0\" width=\"50\">\u00a0 23<\/td>\n<\/tr>\n<tr>\n<td bgcolor=\"#005fa4\" width=\"15\"><\/td>\n<td bgcolor=\"#005fa4\" width=\"50\">\u00a0 3<\/td>\n<td bgcolor=\"#005fa4\" width=\"50\">\u00a0 80<\/td>\n<td bgcolor=\"#005fa4\" width=\"50\">\u00a0 191<\/td>\n<td bgcolor=\"#005fa4\" width=\"50\">\u00a0 152,4<\/td>\n<td bgcolor=\"#005fa4\" width=\"50\">\u00a0 127<\/td>\n<td bgcolor=\"#005fa4\" width=\"50\">\u00a0 19<\/td>\n<td bgcolor=\"#005fa4\" width=\"50\">\u00a0 23,9<\/td>\n<td bgcolor=\"#005fa4\" width=\"50\">\u00a0 241<\/td>\n<td bgcolor=\"#005fa4\" width=\"50\">\u00a0 260<\/td>\n<td bgcolor=\"#005fa4\" width=\"50\">\u00a0 40<\/td>\n<\/tr>\n<tr>\n<td bgcolor=\"#005fa4\" width=\"15\"><\/td>\n<td bgcolor=\"#e0e0e0\" width=\"50\">\u00a0 4<\/td>\n<td bgcolor=\"#e0e0e0\" width=\"50\">\u00a0 100<\/td>\n<td bgcolor=\"#e0e0e0\" width=\"50\">\u00a0 229<\/td>\n<td bgcolor=\"#e0e0e0\" width=\"50\">\u00a0 190,5<\/td>\n<td bgcolor=\"#e0e0e0\" width=\"50\">\u00a0 157,2<\/td>\n<td bgcolor=\"#e0e0e0\" width=\"50\">\u00a0 19<\/td>\n<td bgcolor=\"#e0e0e0\" width=\"50\">\u00a0 23,9<\/td>\n<td bgcolor=\"#e0e0e0\" width=\"50\">\u00a0 305<\/td>\n<td bgcolor=\"#e0e0e0\" width=\"50\">\u00a0 295<\/td>\n<td bgcolor=\"#e0e0e0\" width=\"50\">\u00a0 125<\/td>\n<\/tr>\n<tr>\n<td bgcolor=\"#005fa4\" width=\"15\"><\/td>\n<td bgcolor=\"#005fa4\" width=\"50\">\u00a0 6<\/td>\n<td bgcolor=\"#005fa4\" width=\"50\">\u00a0 150<\/td>\n<td bgcolor=\"#005fa4\" width=\"50\">\u00a0 279<\/td>\n<td bgcolor=\"#005fa4\" width=\"50\">\u00a0 241,3<\/td>\n<td bgcolor=\"#005fa4\" width=\"50\">\u00a0 215,9<\/td>\n<td bgcolor=\"#005fa4\" width=\"50\">\u00a0 22,2<\/td>\n<td bgcolor=\"#005fa4\" width=\"50\">\u00a0 25,4<\/td>\n<td bgcolor=\"#005fa4\" width=\"50\">\u00a0 394<\/td>\n<td bgcolor=\"#005fa4\" width=\"50\">\u00a0 345<\/td>\n<td bgcolor=\"#005fa4\" width=\"50\">\u00a0 172<\/td>\n<\/tr>\n<tr>\n<td bgcolor=\"#005fa4\" width=\"15\"><\/td>\n<td bgcolor=\"#e0e0e0\" width=\"50\">\u00a0 8<\/td>\n<td bgcolor=\"#e0e0e0\" width=\"50\">\u00a0 200<\/td>\n<td bgcolor=\"#e0e0e0\" width=\"50\">\u00a0 343<\/td>\n<td bgcolor=\"#e0e0e0\" width=\"50\">\u00a0 298,4<\/td>\n<td bgcolor=\"#e0e0e0\" width=\"50\">\u00a0 269,9<\/td>\n<td bgcolor=\"#e0e0e0\" width=\"50\">\u00a0 22,2<\/td>\n<td bgcolor=\"#e0e0e0\" width=\"50\">\u00a0 28,6<\/td>\n<td bgcolor=\"#e0e0e0\" width=\"50\">\u00a0 457,2<\/td>\n<td bgcolor=\"#e0e0e0\" width=\"50\">\u00a0 385<\/td>\n<td bgcolor=\"#e0e0e0\" width=\"50\">\u00a0 227<\/td>\n<\/tr>\n<tr>\n<td bgcolor=\"#005fa4\" width=\"15\"><\/td>\n<td bgcolor=\"#005fa4\" width=\"50\">\u00a0 10<\/td>\n<td bgcolor=\"#005fa4\" width=\"50\">\u00a0 250<\/td>\n<td bgcolor=\"#005fa4\" width=\"50\">\u00a0 406<\/td>\n<td bgcolor=\"#005fa4\" width=\"50\">\u00a0 362<\/td>\n<td bgcolor=\"#005fa4\" width=\"50\">\u00a0 323,8<\/td>\n<td bgcolor=\"#005fa4\" width=\"50\">\u00a0 25,4<\/td>\n<td bgcolor=\"#005fa4\" width=\"50\">\u00a0 30,2<\/td>\n<td bgcolor=\"#005fa4\" width=\"50\">\u00a0 533,4<\/td>\n<td bgcolor=\"#005fa4\" width=\"50\">\u00a0 450<\/td>\n<td bgcolor=\"#005fa4\" width=\"50\">\u00a0 508<\/td>\n<\/tr>\n<tr>\n<td bgcolor=\"#005fa4\" width=\"15\"><\/td>\n<td bgcolor=\"#e0e0e0\" width=\"50\">\u00a0 12<\/td>\n<td bgcolor=\"#e0e0e0\" width=\"50\">\u00a0 300<\/td>\n<td bgcolor=\"#e0e0e0\" width=\"50\">\u00a0 483<\/td>\n<td bgcolor=\"#e0e0e0\" width=\"50\">\u00a0 431,8<\/td>\n<td bgcolor=\"#e0e0e0\" width=\"50\">\u00a0 381<\/td>\n<td bgcolor=\"#e0e0e0\" width=\"50\">\u00a0 25,4<\/td>\n<td bgcolor=\"#e0e0e0\" width=\"50\">\u00a0 31,8<\/td>\n<td bgcolor=\"#e0e0e0\" width=\"50\">\u00a0 609,6<\/td>\n<td bgcolor=\"#e0e0e0\" width=\"50\">\u00a0 550<\/td>\n<td bgcolor=\"#e0e0e0\" width=\"50\">\u00a0 653<\/td>\n<\/tr>\n<\/tbody>\n<\/table>\n<p>&nbsp;<\/p>\n<table border=\"0\" width=\"700\" cellspacing=\"0\" cellpadding=\"0\">\n<tbody>\n<tr>\n<td bgcolor=\"#005fa4\">\u00a0 ASA 300 Figure V 6020<\/td>\n<\/tr>\n<\/tbody>\n<\/table>\n<table border=\"0\" width=\"700\" cellspacing=\"0\" cellpadding=\"0\">\n<tbody>\n<tr>\n<td bgcolor=\"#005fa4\" width=\"15\"><\/td>\n<td bgcolor=\"#005fa4\" width=\"50\">\u00a0\u00a0\u00a0\u00a0\u00a0\u00a0\u00a0\u00a0\u00a0 \u00d6l\u00e7\u00fc<\/td>\n<td bgcolor=\"#005fa4\" width=\"15\"><\/td>\n<td bgcolor=\"#005fa4\" width=\"50\">\u00a0 \u00d8 B<\/td>\n<td bgcolor=\"#005fa4\" width=\"50\">\u00a0 \u00d8 G<\/td>\n<td bgcolor=\"#005fa4\" width=\"50\">\u00a0 \u00d8 R<\/td>\n<td bgcolor=\"#005fa4\" width=\"50\">\u00a0 \u00d8 d<\/td>\n<td bgcolor=\"#005fa4\" width=\"50\">\u00a0 C<\/td>\n<td bgcolor=\"#005fa4\" width=\"50\">\u00a0 D<\/td>\n<td bgcolor=\"#005fa4\" width=\"100\">\u00a0 H<\/td>\n<td bgcolor=\"#005fa4\" width=\"50\">\u00a0 App. W<\/td>\n<\/tr>\n<tr>\n<td bgcolor=\"#005fa4\" width=\"15\"><\/td>\n<td bgcolor=\"#005fa4\" width=\"50\">\u00a0 inch<\/td>\n<td bgcolor=\"#005fa4\" width=\"50\">\u00a0 mm<\/td>\n<td bgcolor=\"#005fa4\" width=\"50\">\u00a0 mm<\/td>\n<td bgcolor=\"#005fa4\" width=\"50\">\u00a0 mm<\/td>\n<td bgcolor=\"#005fa4\" width=\"50\">\u00a0 mm<\/td>\n<td bgcolor=\"#005fa4\" width=\"50\">\u00a0 mm<\/td>\n<td bgcolor=\"#005fa4\" width=\"50\">\u00a0 mm<\/td>\n<td bgcolor=\"#005fa4\" width=\"50\">\u00a0 mm<\/td>\n<td bgcolor=\"#005fa4\" width=\"100\">\u00a0\u00a0<span style=\"font-size: xx-small;\">Short &amp; Regular Pattern<\/span><\/td>\n<td bgcolor=\"#005fa4\" width=\"50\">\u00a0 kg<\/td>\n<\/tr>\n<tr>\n<td bgcolor=\"#005fa4\" width=\"15\"><\/td>\n<td bgcolor=\"#e0e0e0\" width=\"50\">\u00a0 1<\/td>\n<td bgcolor=\"#e0e0e0\" width=\"50\">\u00a0 25<\/td>\n<td bgcolor=\"#e0e0e0\" width=\"50\">\u00a0 124<\/td>\n<td bgcolor=\"#e0e0e0\" width=\"50\">\u00a0 88,9<\/td>\n<td bgcolor=\"#e0e0e0\" width=\"50\">\u00a0 50,8<\/td>\n<td bgcolor=\"#e0e0e0\" width=\"50\">\u00a0 19<\/td>\n<td bgcolor=\"#e0e0e0\" width=\"50\">\u00a0 17,5<\/td>\n<td bgcolor=\"#e0e0e0\" width=\"50\">\u00a0 159<\/td>\n<td bgcolor=\"#e0e0e0\" width=\"50\">\u00a0 110<\/td>\n<td bgcolor=\"#e0e0e0\" width=\"50\">\u00a0 11<\/td>\n<\/tr>\n<tr>\n<td bgcolor=\"#005fa4\" width=\"15\"><\/td>\n<td bgcolor=\"#005fa4\" width=\"50\">\u00a0 1 \u00bd<\/td>\n<td bgcolor=\"#005fa4\" width=\"50\">\u00a0 40<\/td>\n<td bgcolor=\"#005fa4\" width=\"50\">\u00a0 156<\/td>\n<td bgcolor=\"#005fa4\" width=\"50\">\u00a0 114,3<\/td>\n<td bgcolor=\"#005fa4\" width=\"50\">\u00a0 73<\/td>\n<td bgcolor=\"#005fa4\" width=\"50\">\u00a0 22,2<\/td>\n<td bgcolor=\"#005fa4\" width=\"50\">\u00a0 20,6<\/td>\n<td bgcolor=\"#005fa4\" width=\"50\">\u00a0 191<\/td>\n<td bgcolor=\"#005fa4\" width=\"50\">\u00a0 135<\/td>\n<td bgcolor=\"#005fa4\" width=\"50\">\u00a0 18<\/td>\n<\/tr>\n<tr>\n<td bgcolor=\"#005fa4\" width=\"15\"><\/td>\n<td bgcolor=\"#e0e0e0\" width=\"50\">\u00a0 2<\/td>\n<td bgcolor=\"#e0e0e0\" width=\"50\">\u00a0 50<\/td>\n<td bgcolor=\"#e0e0e0\" width=\"50\">\u00a0 165<\/td>\n<td bgcolor=\"#e0e0e0\" width=\"50\">\u00a0 127<\/td>\n<td bgcolor=\"#e0e0e0\" width=\"50\">\u00a0 92,1<\/td>\n<td bgcolor=\"#e0e0e0\" width=\"50\">\u00a0 19<\/td>\n<td bgcolor=\"#e0e0e0\" width=\"50\">\u00a0 22,4<\/td>\n<td bgcolor=\"#e0e0e0\" width=\"50\">\u00a0 216<\/td>\n<td bgcolor=\"#e0e0e0\" width=\"50\">\u00a0 200<\/td>\n<td bgcolor=\"#e0e0e0\" width=\"50\">\u00a0 23<\/td>\n<\/tr>\n<tr>\n<td bgcolor=\"#005fa4\" width=\"15\"><\/td>\n<td bgcolor=\"#005fa4\" width=\"50\">\u00a0 3<\/td>\n<td bgcolor=\"#005fa4\" width=\"50\">\u00a0 80<\/td>\n<td bgcolor=\"#005fa4\" width=\"50\">\u00a0 210<\/td>\n<td bgcolor=\"#005fa4\" width=\"50\">\u00a0 168,3<\/td>\n<td bgcolor=\"#005fa4\" width=\"50\">\u00a0 127<\/td>\n<td bgcolor=\"#005fa4\" width=\"50\">\u00a0 22,2<\/td>\n<td bgcolor=\"#005fa4\" width=\"50\">\u00a0 28,4<\/td>\n<td bgcolor=\"#005fa4\" width=\"50\">\u00a0 283<\/td>\n<td bgcolor=\"#005fa4\" width=\"50\">\u00a0 260<\/td>\n<td bgcolor=\"#005fa4\" width=\"50\">\u00a0 45<\/td>\n<\/tr>\n<tr>\n<td bgcolor=\"#005fa4\" width=\"15\"><\/td>\n<td bgcolor=\"#e0e0e0\" width=\"50\">\u00a0 4<\/td>\n<td bgcolor=\"#e0e0e0\" width=\"50\">\u00a0 100<\/td>\n<td bgcolor=\"#e0e0e0\" width=\"50\">\u00a0 254<\/td>\n<td bgcolor=\"#e0e0e0\" width=\"50\">\u00a0 200<\/td>\n<td bgcolor=\"#e0e0e0\" width=\"50\">\u00a0 157,2<\/td>\n<td bgcolor=\"#e0e0e0\" width=\"50\">\u00a0 22,2<\/td>\n<td bgcolor=\"#e0e0e0\" width=\"50\">\u00a0 31,8<\/td>\n<td bgcolor=\"#e0e0e0\" width=\"50\">\u00a0 305<\/td>\n<td bgcolor=\"#e0e0e0\" width=\"50\">\u00a0 295<\/td>\n<td bgcolor=\"#e0e0e0\" width=\"50\">\u00a0 83<\/td>\n<\/tr>\n<tr>\n<td bgcolor=\"#005fa4\" width=\"15\"><\/td>\n<td bgcolor=\"#005fa4\" width=\"50\">\u00a0 6<\/td>\n<td bgcolor=\"#005fa4\" width=\"50\">\u00a0 150<\/td>\n<td bgcolor=\"#005fa4\" width=\"50\">\u00a0 318<\/td>\n<td bgcolor=\"#005fa4\" width=\"50\">\u00a0 269,9<\/td>\n<td bgcolor=\"#005fa4\" width=\"50\">\u00a0 215,9<\/td>\n<td bgcolor=\"#005fa4\" width=\"50\">\u00a0 22,2<\/td>\n<td bgcolor=\"#005fa4\" width=\"50\">\u00a0 36,6<\/td>\n<td bgcolor=\"#005fa4\" width=\"50\">\u00a0 403<\/td>\n<td bgcolor=\"#005fa4\" width=\"50\">\u00a0 &#8211;<\/td>\n<td bgcolor=\"#005fa4\" width=\"50\">\u00a0 145<\/td>\n<\/tr>\n<tr>\n<td bgcolor=\"#005fa4\" width=\"15\"><\/td>\n<td bgcolor=\"#e0e0e0\" width=\"50\"><\/td>\n<td bgcolor=\"#e0e0e0\" width=\"50\"><\/td>\n<td bgcolor=\"#e0e0e0\" width=\"50\"><\/td>\n<td bgcolor=\"#e0e0e0\" width=\"50\"><\/td>\n<td bgcolor=\"#e0e0e0\" width=\"50\">Short<\/td>\n<td bgcolor=\"#e0e0e0\" width=\"50\">\/ \u00a0 Venturi<\/td>\n<td bgcolor=\"#e0e0e0\" width=\"50\">Patt.<\/td>\n<td bgcolor=\"#e0e0e0\" width=\"50\"><\/td>\n<td bgcolor=\"#e0e0e0\" width=\"50\"><\/td>\n<td bgcolor=\"#e0e0e0\" width=\"50\"><\/td>\n<\/tr>\n<tr>\n<td bgcolor=\"#005fa4\" width=\"15\"><\/td>\n<td bgcolor=\"#005fa4\" width=\"50\">\u00a0 8<\/td>\n<td bgcolor=\"#005fa4\" width=\"50\">\u00a0 200<\/td>\n<td bgcolor=\"#005fa4\" width=\"50\">\u00a0 381<\/td>\n<td bgcolor=\"#005fa4\" width=\"50\">\u00a0 330,2<\/td>\n<td bgcolor=\"#005fa4\" width=\"50\">\u00a0 269,9<\/td>\n<td bgcolor=\"#005fa4\" width=\"50\">\u00a0 25,4<\/td>\n<td bgcolor=\"#005fa4\" width=\"50\">\u00a0 41,1<\/td>\n<td bgcolor=\"#005fa4\" width=\"50\">\u00a0 419<\/td>\n<td bgcolor=\"#005fa4\" width=\"50\">\u00a0 &#8211;<\/td>\n<td bgcolor=\"#005fa4\" width=\"50\">\u00a0 227<\/td>\n<\/tr>\n<tr>\n<td bgcolor=\"#005fa4\" width=\"15\"><\/td>\n<td bgcolor=\"#e0e0e0\" width=\"50\">\u00a0 10<\/td>\n<td bgcolor=\"#e0e0e0\" width=\"50\">\u00a0 250<\/td>\n<td bgcolor=\"#e0e0e0\" width=\"50\">\u00a0 444<\/td>\n<td bgcolor=\"#e0e0e0\" width=\"50\">\u00a0 387,4<\/td>\n<td bgcolor=\"#e0e0e0\" width=\"50\">\u00a0 323,8<\/td>\n<td bgcolor=\"#e0e0e0\" width=\"50\">\u00a0 28,5<\/td>\n<td bgcolor=\"#e0e0e0\" width=\"50\">\u00a0 47,8<\/td>\n<td bgcolor=\"#e0e0e0\" width=\"50\">\u00a0 457<\/td>\n<td bgcolor=\"#e0e0e0\" width=\"50\">\u00a0 &#8211;<\/td>\n<td bgcolor=\"#e0e0e0\" width=\"50\">\u00a0 415<\/td>\n<\/tr>\n<tr>\n<td bgcolor=\"#005fa4\" width=\"15\"><\/td>\n<td bgcolor=\"#005fa4\" width=\"50\">\u00a0 12<\/td>\n<td bgcolor=\"#005fa4\" width=\"50\">\u00a0 300<\/td>\n<td bgcolor=\"#005fa4\" width=\"50\">\u00a0 521<\/td>\n<td bgcolor=\"#005fa4\" width=\"50\">\u00a0 450,8<\/td>\n<td bgcolor=\"#005fa4\" width=\"50\">\u00a0 381<\/td>\n<td bgcolor=\"#005fa4\" width=\"50\">\u00a0 31,8<\/td>\n<td bgcolor=\"#005fa4\" width=\"50\">\u00a0 50,8<\/td>\n<td bgcolor=\"#005fa4\" width=\"50\">\u00a0 502<\/td>\n<td bgcolor=\"#005fa4\" width=\"50\">\u00a0 &#8211;<\/td>\n<td bgcolor=\"#005fa4\" width=\"50\">\u00a0 508<\/td>\n<\/tr>\n<\/tbody>\n<\/table>\n","protected":false},"excerpt":{"rendered":"<p>\u00c7eyrek turla a\u00e7\u0131l\u0131p kapanan vana t\u00fcrleri i\u00e7erisinde yer al\u0131r.<\/p>\n<p>Ak\u0131\u015fkan\u0131n serbest ve rahat ge\u00e7i\u015fini sa\u011flar.<\/p>\n<p>Her iki y\u00f6nde de \u00e7al\u0131\u015f\u0131rlar.<\/p>\n<p>Y\u00fcksek s\u0131zd\u0131rmazl\u0131k sa\u011flama amac\u0131ndan daha \u00e7ok, by-pass vanas\u0131 olarak kullan\u0131lmalar\u0131 uygundur.<\/p>\n<p>S\u0131zd\u0131rmazl\u0131k tapa ve yuvan\u0131n birbirine tam olarak oturmas\u0131 ile sa\u011flanaca\u011f\u0131 i\u00e7in hatt\u0131n temiz olmas\u0131 ve herhangi bir kat\u0131 partik\u00fcl\u00fcn tapa ve yuva aras\u0131na girmemesi \u00f6nemlidir.<\/p>\n","protected":false},"featured_media":2828,"template":"","meta":[],"product_cat":[350],"product_tag":[],"class_list":["post-2859","product","type-product","status-publish","has-post-thumbnail","hentry","product_cat-dokum-celik-plug-valfler"],"_links":{"self":[{"href":"https:\/\/notronvalve.com\/tr\/wp-json\/wp\/v2\/product\/2859","targetHints":{"allow":["GET"]}}],"collection":[{"href":"https:\/\/notronvalve.com\/tr\/wp-json\/wp\/v2\/product"}],"about":[{"href":"https:\/\/notronvalve.com\/tr\/wp-json\/wp\/v2\/types\/product"}],"wp:featuredmedia":[{"embeddable":true,"href":"https:\/\/notronvalve.com\/tr\/wp-json\/wp\/v2\/media\/2828"}],"wp:attachment":[{"href":"https:\/\/notronvalve.com\/tr\/wp-json\/wp\/v2\/media?parent=2859"}],"wp:term":[{"taxonomy":"product_cat","embeddable":true,"href":"https:\/\/notronvalve.com\/tr\/wp-json\/wp\/v2\/product_cat?post=2859"},{"taxonomy":"product_tag","embeddable":true,"href":"https:\/\/notronvalve.com\/tr\/wp-json\/wp\/v2\/product_tag?post=2859"}],"curies":[{"name":"wp","href":"https:\/\/api.w.org\/{rel}","templated":true}]}}