{"id":2856,"date":"2023-09-05T10:59:36","date_gmt":"2023-09-05T07:59:36","guid":{"rendered":"https:\/\/notronvalve.com\/?post_type=product&#038;p=2856"},"modified":"2023-09-05T11:05:04","modified_gmt":"2023-09-05T08:05:04","slug":"asa-150-300-600-sepet-tipi","status":"publish","type":"product","link":"https:\/\/notronvalve.com\/tr\/urun\/asa-150-300-600-sepet-tipi\/","title":{"rendered":"ASA 150 &#8211; 300 &#8211; 600 Sepet Tipi"},"content":{"rendered":"<table border=\"0\" width=\"340\" cellspacing=\"0\" cellpadding=\"0\">\n<tbody>\n<tr>\n<td bgcolor=\"#005fa4\" width=\"150\">\u00a0PAR\u00c7A ADI<\/td>\n<td bgcolor=\"#005fa4\" width=\"150\"><\/td>\n<\/tr>\n<tr>\n<td bgcolor=\"#005fa4\" width=\"15\">\u00a01<\/td>\n<td bgcolor=\"#e0e0e0\" width=\"150\">\u00a0 G\u00f6vde<\/td>\n<td bgcolor=\"#e0e0e0\" width=\"150\">\u00a0 Cast Steel<\/td>\n<\/tr>\n<tr>\n<td bgcolor=\"#005fa4\" width=\"15\">\u00a02<\/td>\n<td bgcolor=\"#005fa4\" width=\"150\">\u00a0 S\u00fczge\u00e7<\/td>\n<td bgcolor=\"#005fa4\" width=\"150\">\u00a0 Stainless Steel<\/td>\n<\/tr>\n<tr>\n<td bgcolor=\"#005fa4\" width=\"15\">\u00a03<\/td>\n<td bgcolor=\"#e0e0e0\" width=\"150\">\u00a0 Conta<\/td>\n<td bgcolor=\"#e0e0e0\" width=\"150\">\u00a0 Spiral Wound Gasket<\/td>\n<\/tr>\n<tr>\n<td bgcolor=\"#005fa4\" width=\"15\">\u00a04<\/td>\n<td bgcolor=\"#005fa4\" width=\"150\">\u00a0 Kapak<\/td>\n<td bgcolor=\"#005fa4\" width=\"150\">\u00a0 Fabricated Steel<\/td>\n<\/tr>\n<tr>\n<td bgcolor=\"#005fa4\" width=\"15\">\u00a05<\/td>\n<td bgcolor=\"#e0e0e0\" width=\"150\">\u00a0 Kapak Saplamalar\u0131<\/td>\n<td bgcolor=\"#e0e0e0\" width=\"150\">\u00a0 CrMo Steel<\/td>\n<\/tr>\n<tr>\n<td bgcolor=\"#005fa4\" width=\"15\">\u00a06<\/td>\n<td bgcolor=\"#005fa4\" width=\"150\">\u00a0 Kap. Sap. Somunlar\u0131<\/td>\n<td bgcolor=\"#005fa4\" width=\"150\">\u00a0 Carbon Steel<\/td>\n<\/tr>\n<tr>\n<td bgcolor=\"#005fa4\" width=\"15\">\u00a07<\/td>\n<td bgcolor=\"#e0e0e0\" width=\"150\">\u00a0 K\u00f6rtapa<\/td>\n<td bgcolor=\"#e0e0e0\" width=\"150\">\u00a0 Carbon Steel<\/td>\n<\/tr>\n<tr>\n<td bgcolor=\"#005fa4\" width=\"15\">\u00a08<\/td>\n<td bgcolor=\"#005fa4\" width=\"150\">\u00a0 Yay<\/td>\n<td bgcolor=\"#005fa4\" width=\"150\">\u00a0 Stainless Steel<\/td>\n<\/tr>\n<tr>\n<td bgcolor=\"#005fa4\" width=\"15\">\u00a09<\/td>\n<td bgcolor=\"#e0e0e0\" width=\"150\">\u00a0 Civata<\/td>\n<td bgcolor=\"#e0e0e0\" width=\"150\">\u00a0 Chrome<\/td>\n<\/tr>\n<tr>\n<td bgcolor=\"#005fa4\" width=\"15\">\u00a010<\/td>\n<td bgcolor=\"#005fa4\" width=\"150\">\u00a0 \u0130sim Plaka<\/td>\n<td bgcolor=\"#005fa4\" width=\"150\">\u00a0 Aluminium<\/td>\n<\/tr>\n<\/tbody>\n<\/table>\n<p>&nbsp;<\/p>\n<table border=\"0\" width=\"700\" cellspacing=\"0\" cellpadding=\"0\">\n<tbody>\n<tr>\n<td bgcolor=\"#005fa4\">ASA 150 Figure ST 8010<\/td>\n<\/tr>\n<\/tbody>\n<\/table>\n<table border=\"0\" width=\"700\" cellspacing=\"0\" cellpadding=\"0\">\n<tbody>\n<tr>\n<td bgcolor=\"#005fa4\" width=\"15\"><\/td>\n<td bgcolor=\"#005fa4\" width=\"50\">\u00a0\u00a0\u00a0\u00a0\u00a0\u00a0\u00a0\u00a0\u00a0 \u00d6l\u00e7\u00fc<\/td>\n<td bgcolor=\"#005fa4\" width=\"15\"><\/td>\n<td bgcolor=\"#005fa4\" width=\"50\">\u00a0 \u00d8 B<\/td>\n<td bgcolor=\"#005fa4\" width=\"50\">\u00a0 \u00d8 G<\/td>\n<td bgcolor=\"#005fa4\" width=\"50\">\u00a0 \u00d8 R<\/td>\n<td bgcolor=\"#005fa4\" width=\"50\">\u00a0 C<\/td>\n<td bgcolor=\"#005fa4\" width=\"50\">\u00a0 \u00d8 d<\/td>\n<td bgcolor=\"#005fa4\" width=\"50\">\u00a0 D<\/td>\n<td bgcolor=\"#005fa4\" width=\"50\">\u00a0 H<\/td>\n<td bgcolor=\"#005fa4\" width=\"50\">\u00a0 E<\/td>\n<td bgcolor=\"#005fa4\" width=\"50\">\u00a0 F<\/td>\n<td bgcolor=\"#005fa4\" width=\"50\">\u00a0 App. W<\/td>\n<\/tr>\n<tr>\n<td bgcolor=\"#005fa4\" width=\"15\"><\/td>\n<td bgcolor=\"#005fa4\" width=\"50\">\u00a0 inch<\/td>\n<td bgcolor=\"#005fa4\" width=\"50\">\u00a0 mm<\/td>\n<td bgcolor=\"#005fa4\" width=\"50\">\u00a0 mm<\/td>\n<td bgcolor=\"#005fa4\" width=\"50\">\u00a0 mm<\/td>\n<td bgcolor=\"#005fa4\" width=\"50\">\u00a0 mm<\/td>\n<td bgcolor=\"#005fa4\" width=\"50\">\u00a0 mm<\/td>\n<td bgcolor=\"#005fa4\" width=\"50\">\u00a0 mm<\/td>\n<td bgcolor=\"#005fa4\" width=\"50\">\u00a0 mm<\/td>\n<td bgcolor=\"#005fa4\" width=\"50\">\u00a0 mm<\/td>\n<td bgcolor=\"#005fa4\" width=\"50\">\u00a0 mm<\/td>\n<td bgcolor=\"#005fa4\" width=\"50\">\u00a0 mm<\/td>\n<td bgcolor=\"#005fa4\" width=\"50\">\u00a0 kg<\/td>\n<\/tr>\n<tr>\n<td bgcolor=\"#005fa4\" width=\"15\"><\/td>\n<td bgcolor=\"#e0e0e0\" width=\"50\">\u00a0 2<\/td>\n<td bgcolor=\"#e0e0e0\" width=\"50\">\u00a0 50<\/td>\n<td bgcolor=\"#e0e0e0\" width=\"50\">\u00a0 152<\/td>\n<td bgcolor=\"#e0e0e0\" width=\"50\">\u00a0 120,6<\/td>\n<td bgcolor=\"#e0e0e0\" width=\"50\">\u00a0 92,1<\/td>\n<td bgcolor=\"#e0e0e0\" width=\"50\">\u00a0 19,1<\/td>\n<td bgcolor=\"#e0e0e0\" width=\"50\">\u00a0 19<\/td>\n<td bgcolor=\"#e0e0e0\" width=\"50\">\u00a0 305<\/td>\n<td bgcolor=\"#e0e0e0\" width=\"50\">\u00a0 &#8211;<\/td>\n<td bgcolor=\"#e0e0e0\" width=\"50\">\u00a0 &#8211;<\/td>\n<td bgcolor=\"#e0e0e0\" width=\"50\">\u00a0 &#8211;<\/td>\n<td bgcolor=\"#e0e0e0\" width=\"50\">\u00a0 40<\/td>\n<\/tr>\n<tr>\n<td bgcolor=\"#005fa4\" width=\"15\"><\/td>\n<td bgcolor=\"#005fa4\" width=\"50\">\u00a0 3<\/td>\n<td bgcolor=\"#005fa4\" width=\"50\">\u00a0 80<\/td>\n<td bgcolor=\"#005fa4\" width=\"50\">\u00a0 190<\/td>\n<td bgcolor=\"#005fa4\" width=\"50\">\u00a0 152,4<\/td>\n<td bgcolor=\"#005fa4\" width=\"50\">\u00a0 127<\/td>\n<td bgcolor=\"#005fa4\" width=\"50\">\u00a0 23,9<\/td>\n<td bgcolor=\"#005fa4\" width=\"50\">\u00a0 19<\/td>\n<td bgcolor=\"#005fa4\" width=\"50\">\u00a0 356<\/td>\n<td bgcolor=\"#005fa4\" width=\"50\">\u00a0 530<\/td>\n<td bgcolor=\"#005fa4\" width=\"50\">\u00a0 195<\/td>\n<td bgcolor=\"#005fa4\" width=\"50\">\u00a0 310<\/td>\n<td bgcolor=\"#005fa4\" width=\"50\">\u00a0 50<\/td>\n<\/tr>\n<tr>\n<td bgcolor=\"#005fa4\" width=\"15\"><\/td>\n<td bgcolor=\"#e0e0e0\" width=\"50\">\u00a0 4<\/td>\n<td bgcolor=\"#e0e0e0\" width=\"50\">\u00a0 100<\/td>\n<td bgcolor=\"#e0e0e0\" width=\"50\">\u00a0 229<\/td>\n<td bgcolor=\"#e0e0e0\" width=\"50\">\u00a0 190,5<\/td>\n<td bgcolor=\"#e0e0e0\" width=\"50\">\u00a0 157,2<\/td>\n<td bgcolor=\"#e0e0e0\" width=\"50\">\u00a0 23,9<\/td>\n<td bgcolor=\"#e0e0e0\" width=\"50\">\u00a0 19<\/td>\n<td bgcolor=\"#e0e0e0\" width=\"50\">\u00a0 406<\/td>\n<td bgcolor=\"#e0e0e0\" width=\"50\">\u00a0 475<\/td>\n<td bgcolor=\"#e0e0e0\" width=\"50\">\u00a0 175<\/td>\n<td bgcolor=\"#e0e0e0\" width=\"50\">\u00a0 280<\/td>\n<td bgcolor=\"#e0e0e0\" width=\"50\">\u00a0 60<\/td>\n<\/tr>\n<tr>\n<td bgcolor=\"#005fa4\" width=\"15\"><\/td>\n<td bgcolor=\"#005fa4\" width=\"50\">\u00a0 6<\/td>\n<td bgcolor=\"#005fa4\" width=\"50\">\u00a0 150<\/td>\n<td bgcolor=\"#005fa4\" width=\"50\">\u00a0 279,4<\/td>\n<td bgcolor=\"#005fa4\" width=\"50\">\u00a0 141,3<\/td>\n<td bgcolor=\"#005fa4\" width=\"50\">\u00a0 215,9<\/td>\n<td bgcolor=\"#005fa4\" width=\"50\">\u00a0 25,4<\/td>\n<td bgcolor=\"#005fa4\" width=\"50\">\u00a0 22,2<\/td>\n<td bgcolor=\"#005fa4\" width=\"50\">\u00a0 500<\/td>\n<td bgcolor=\"#005fa4\" width=\"50\">\u00a0 520<\/td>\n<td bgcolor=\"#005fa4\" width=\"50\">\u00a0 140<\/td>\n<td bgcolor=\"#005fa4\" width=\"50\">\u00a0 355<\/td>\n<td bgcolor=\"#005fa4\" width=\"50\">\u00a0 74<\/td>\n<\/tr>\n<tr>\n<td bgcolor=\"#005fa4\" width=\"15\"><\/td>\n<td bgcolor=\"#e0e0e0\" width=\"50\">\u00a0 8<\/td>\n<td bgcolor=\"#e0e0e0\" width=\"50\">\u00a0 200<\/td>\n<td bgcolor=\"#e0e0e0\" width=\"50\">\u00a0 343<\/td>\n<td bgcolor=\"#e0e0e0\" width=\"50\">\u00a0 298,4<\/td>\n<td bgcolor=\"#e0e0e0\" width=\"50\">\u00a0 269,9<\/td>\n<td bgcolor=\"#e0e0e0\" width=\"50\">\u00a0 28,6<\/td>\n<td bgcolor=\"#e0e0e0\" width=\"50\">\u00a0 22,2<\/td>\n<td bgcolor=\"#e0e0e0\" width=\"50\">\u00a0 560<\/td>\n<td bgcolor=\"#e0e0e0\" width=\"50\">\u00a0 &#8211;<\/td>\n<td bgcolor=\"#e0e0e0\" width=\"50\">\u00a0 &#8211;<\/td>\n<td bgcolor=\"#e0e0e0\" width=\"50\">\u00a0 &#8211;<\/td>\n<td bgcolor=\"#e0e0e0\" width=\"50\">\u00a0 260<\/td>\n<\/tr>\n<tr>\n<td bgcolor=\"#005fa4\" width=\"15\"><\/td>\n<td bgcolor=\"#005fa4\" width=\"50\">\u00a0 10<\/td>\n<td bgcolor=\"#005fa4\" width=\"50\">\u00a0 250<\/td>\n<td bgcolor=\"#005fa4\" width=\"50\">\u00a0 406<\/td>\n<td bgcolor=\"#005fa4\" width=\"50\">\u00a0 362<\/td>\n<td bgcolor=\"#005fa4\" width=\"50\">\u00a0 323,8<\/td>\n<td bgcolor=\"#005fa4\" width=\"50\">\u00a0 30,2<\/td>\n<td bgcolor=\"#005fa4\" width=\"50\">\u00a0 25,4<\/td>\n<td bgcolor=\"#005fa4\" width=\"50\">\u00a0 800<\/td>\n<td bgcolor=\"#005fa4\" width=\"50\">\u00a0 995<\/td>\n<td bgcolor=\"#005fa4\" width=\"50\">\u00a0 333<\/td>\n<td bgcolor=\"#005fa4\" width=\"50\">\u00a0 630<\/td>\n<td bgcolor=\"#005fa4\" width=\"50\">\u00a0 335<\/td>\n<\/tr>\n<tr>\n<td bgcolor=\"#005fa4\" width=\"15\"><\/td>\n<td bgcolor=\"#e0e0e0\" width=\"50\">\u00a0 12<\/td>\n<td bgcolor=\"#e0e0e0\" width=\"50\">\u00a0 300<\/td>\n<td bgcolor=\"#e0e0e0\" width=\"50\">\u00a0 483<\/td>\n<td bgcolor=\"#e0e0e0\" width=\"50\">\u00a0 431,8<\/td>\n<td bgcolor=\"#e0e0e0\" width=\"50\">\u00a0 381<\/td>\n<td bgcolor=\"#e0e0e0\" width=\"50\">\u00a0 31,8<\/td>\n<td bgcolor=\"#e0e0e0\" width=\"50\">\u00a0 25,4<\/td>\n<td bgcolor=\"#e0e0e0\" width=\"50\">\u00a0 850<\/td>\n<td bgcolor=\"#e0e0e0\" width=\"50\">\u00a0 1095<\/td>\n<td bgcolor=\"#e0e0e0\" width=\"50\">\u00a0 362<\/td>\n<td bgcolor=\"#e0e0e0\" width=\"50\">\u00a0 700<\/td>\n<td bgcolor=\"#e0e0e0\" width=\"50\">\u00a0 483<\/td>\n<\/tr>\n<tr>\n<td bgcolor=\"#005fa4\" width=\"15\"><\/td>\n<td bgcolor=\"#005fa4\" width=\"50\">\u00a0 14<\/td>\n<td bgcolor=\"#005fa4\" width=\"50\">\u00a0 350<\/td>\n<td bgcolor=\"#005fa4\" width=\"50\">\u00a0 533<\/td>\n<td bgcolor=\"#005fa4\" width=\"50\">\u00a0 476,2<\/td>\n<td bgcolor=\"#005fa4\" width=\"50\">\u00a0 412,8<\/td>\n<td bgcolor=\"#005fa4\" width=\"50\">\u00a0 35<\/td>\n<td bgcolor=\"#005fa4\" width=\"50\">\u00a0 28,5<\/td>\n<td bgcolor=\"#005fa4\" width=\"50\">\u00a0 787,5<\/td>\n<td bgcolor=\"#005fa4\" width=\"50\">\u00a0 795<\/td>\n<td bgcolor=\"#005fa4\" width=\"50\">\u00a0 250<\/td>\n<td bgcolor=\"#005fa4\" width=\"50\">\u00a0 523,5<\/td>\n<td bgcolor=\"#005fa4\" width=\"50\">\u00a0 360<\/td>\n<\/tr>\n<tr>\n<td bgcolor=\"#005fa4\" width=\"15\"><\/td>\n<td bgcolor=\"#e0e0e0\" width=\"50\">\u00a0 16<\/td>\n<td bgcolor=\"#e0e0e0\" width=\"50\">\u00a0 400<\/td>\n<td bgcolor=\"#e0e0e0\" width=\"50\">\u00a0 597<\/td>\n<td bgcolor=\"#e0e0e0\" width=\"50\">\u00a0 539,8<\/td>\n<td bgcolor=\"#e0e0e0\" width=\"50\">\u00a0 469,9<\/td>\n<td bgcolor=\"#e0e0e0\" width=\"50\">\u00a0 36,6<\/td>\n<td bgcolor=\"#e0e0e0\" width=\"50\">\u00a0 28,5<\/td>\n<td bgcolor=\"#e0e0e0\" width=\"50\">\u00a0 1100<\/td>\n<td bgcolor=\"#e0e0e0\" width=\"50\">\u00a0 1410<\/td>\n<td bgcolor=\"#e0e0e0\" width=\"50\">\u00a0 468<\/td>\n<td bgcolor=\"#e0e0e0\" width=\"50\">\u00a0 900<\/td>\n<td bgcolor=\"#e0e0e0\" width=\"50\">\u00a0 1130<\/td>\n<\/tr>\n<tr>\n<td bgcolor=\"#005fa4\" width=\"15\"><\/td>\n<td bgcolor=\"#005fa4\" width=\"50\">\u00a0 18<\/td>\n<td bgcolor=\"#005fa4\" width=\"50\">\u00a0 450<\/td>\n<td bgcolor=\"#005fa4\" width=\"50\">\u00a0 635<\/td>\n<td bgcolor=\"#005fa4\" width=\"50\">\u00a0 577,8<\/td>\n<td bgcolor=\"#005fa4\" width=\"50\">\u00a0 533,4<\/td>\n<td bgcolor=\"#005fa4\" width=\"50\">\u00a0 39,7<\/td>\n<td bgcolor=\"#005fa4\" width=\"50\">\u00a0 31,8<\/td>\n<td bgcolor=\"#005fa4\" width=\"50\">\u00a0 1181<\/td>\n<td bgcolor=\"#005fa4\" width=\"50\">\u00a0 1560<\/td>\n<td bgcolor=\"#005fa4\" width=\"50\">\u00a0 498<\/td>\n<td bgcolor=\"#005fa4\" width=\"50\">\u00a0 1020<\/td>\n<td bgcolor=\"#005fa4\" width=\"50\">\u00a0 &#8211;<\/td>\n<\/tr>\n<\/tbody>\n<\/table>\n<p>&nbsp;<\/p>\n<table border=\"0\" width=\"700\" cellspacing=\"0\" cellpadding=\"0\">\n<tbody>\n<tr>\n<td bgcolor=\"#005fa4\">\u00a0 ASA 300 Figure ST 8020<\/td>\n<\/tr>\n<\/tbody>\n<\/table>\n<table border=\"0\" width=\"700\" cellspacing=\"0\" cellpadding=\"0\">\n<tbody>\n<tr>\n<td bgcolor=\"#005fa4\" width=\"15\"><\/td>\n<td bgcolor=\"#005fa4\" width=\"50\">\u00a0\u00a0\u00a0\u00a0\u00a0\u00a0\u00a0\u00a0\u00a0 \u00d6l\u00e7\u00fc<\/td>\n<td bgcolor=\"#005fa4\" width=\"15\"><\/td>\n<td bgcolor=\"#005fa4\" width=\"50\">\u00a0 \u00d8 B<\/td>\n<td bgcolor=\"#005fa4\" width=\"50\">\u00a0 \u00d8 G<\/td>\n<td bgcolor=\"#005fa4\" width=\"50\">\u00a0 \u00d8 R<\/td>\n<td bgcolor=\"#005fa4\" width=\"50\">\u00a0 C<\/td>\n<td bgcolor=\"#005fa4\" width=\"50\">\u00a0 \u00d8 d<\/td>\n<td bgcolor=\"#005fa4\" width=\"50\">\u00a0 D<\/td>\n<td bgcolor=\"#005fa4\" width=\"50\">\u00a0 H<\/td>\n<td bgcolor=\"#005fa4\" width=\"50\">\u00a0 E<\/td>\n<td bgcolor=\"#005fa4\" width=\"50\">\u00a0 F<\/td>\n<td bgcolor=\"#005fa4\" width=\"50\">\u00a0 App. W<\/td>\n<\/tr>\n<tr>\n<td bgcolor=\"#005fa4\" width=\"15\"><\/td>\n<td bgcolor=\"#005fa4\" width=\"50\">\u00a0 inch<\/td>\n<td bgcolor=\"#005fa4\" width=\"50\">\u00a0 mm<\/td>\n<td bgcolor=\"#005fa4\" width=\"50\">\u00a0 mm<\/td>\n<td bgcolor=\"#005fa4\" width=\"50\">\u00a0 mm<\/td>\n<td bgcolor=\"#005fa4\" width=\"50\">\u00a0 mm<\/td>\n<td bgcolor=\"#005fa4\" width=\"50\">\u00a0 mm<\/td>\n<td bgcolor=\"#005fa4\" width=\"50\">\u00a0 mm<\/td>\n<td bgcolor=\"#005fa4\" width=\"50\">\u00a0 mm<\/td>\n<td bgcolor=\"#005fa4\" width=\"50\">\u00a0 mm<\/td>\n<td bgcolor=\"#005fa4\" width=\"50\">\u00a0 mm<\/td>\n<td bgcolor=\"#005fa4\" width=\"50\">\u00a0 mm<\/td>\n<td bgcolor=\"#005fa4\" width=\"50\">\u00a0 kg<\/td>\n<\/tr>\n<tr>\n<td bgcolor=\"#005fa4\" width=\"15\"><\/td>\n<td bgcolor=\"#e0e0e0\" width=\"50\">\u00a0 4<\/td>\n<td bgcolor=\"#e0e0e0\" width=\"50\">\u00a0 100<\/td>\n<td bgcolor=\"#e0e0e0\" width=\"50\">\u00a0 254<\/td>\n<td bgcolor=\"#e0e0e0\" width=\"50\">\u00a0 200<\/td>\n<td bgcolor=\"#e0e0e0\" width=\"50\">\u00a0 157,2<\/td>\n<td bgcolor=\"#e0e0e0\" width=\"50\">\u00a0 31,8<\/td>\n<td bgcolor=\"#e0e0e0\" width=\"50\">\u00a0 22,2<\/td>\n<td bgcolor=\"#e0e0e0\" width=\"50\">\u00a0 470<\/td>\n<td bgcolor=\"#e0e0e0\" width=\"50\">\u00a0 &#8211;<\/td>\n<td bgcolor=\"#e0e0e0\" width=\"50\">\u00a0 &#8211;<\/td>\n<td bgcolor=\"#e0e0e0\" width=\"50\">\u00a0 &#8211;<\/td>\n<td bgcolor=\"#e0e0e0\" width=\"50\">\u00a0 &#8211;<\/td>\n<\/tr>\n<tr>\n<td bgcolor=\"#005fa4\" width=\"15\"><\/td>\n<td bgcolor=\"#005fa4\" width=\"50\">\u00a0 6<\/td>\n<td bgcolor=\"#005fa4\" width=\"50\">\u00a0 150<\/td>\n<td bgcolor=\"#005fa4\" width=\"50\">\u00a0 318<\/td>\n<td bgcolor=\"#005fa4\" width=\"50\">\u00a0 269,9<\/td>\n<td bgcolor=\"#005fa4\" width=\"50\">\u00a0 215,9<\/td>\n<td bgcolor=\"#005fa4\" width=\"50\">\u00a0 36,6<\/td>\n<td bgcolor=\"#005fa4\" width=\"50\">\u00a0 22,2<\/td>\n<td bgcolor=\"#005fa4\" width=\"50\">\u00a0 620<\/td>\n<td bgcolor=\"#005fa4\" width=\"50\">\u00a0 &#8211;<\/td>\n<td bgcolor=\"#005fa4\" width=\"50\">\u00a0 &#8211;<\/td>\n<td bgcolor=\"#005fa4\" width=\"50\">\u00a0 &#8211;<\/td>\n<td bgcolor=\"#005fa4\" width=\"50\">\u00a0 &#8211;<\/td>\n<\/tr>\n<tr>\n<td bgcolor=\"#005fa4\" width=\"15\"><\/td>\n<td bgcolor=\"#e0e0e0\" width=\"50\">\u00a0 8<\/td>\n<td bgcolor=\"#e0e0e0\" width=\"50\">\u00a0 200<\/td>\n<td bgcolor=\"#e0e0e0\" width=\"50\">\u00a0 381<\/td>\n<td bgcolor=\"#e0e0e0\" width=\"50\">\u00a0 330,2<\/td>\n<td bgcolor=\"#e0e0e0\" width=\"50\">\u00a0 269,9<\/td>\n<td bgcolor=\"#e0e0e0\" width=\"50\">\u00a0 41,1<\/td>\n<td bgcolor=\"#e0e0e0\" width=\"50\">\u00a0 25,4<\/td>\n<td bgcolor=\"#e0e0e0\" width=\"50\">\u00a0 630<\/td>\n<td bgcolor=\"#e0e0e0\" width=\"50\">\u00a0 825<\/td>\n<td bgcolor=\"#e0e0e0\" width=\"50\">\u00a0 297<\/td>\n<td bgcolor=\"#e0e0e0\" width=\"50\">\u00a0 500<\/td>\n<td bgcolor=\"#e0e0e0\" width=\"50\">\u00a0 255<\/td>\n<\/tr>\n<tr>\n<td bgcolor=\"#005fa4\" width=\"15\"><\/td>\n<td bgcolor=\"#005fa4\" width=\"50\">\u00a0 10<\/td>\n<td bgcolor=\"#005fa4\" width=\"50\">\u00a0 250<\/td>\n<td bgcolor=\"#005fa4\" width=\"50\">\u00a0 444<\/td>\n<td bgcolor=\"#005fa4\" width=\"50\">\u00a0 387,4<\/td>\n<td bgcolor=\"#005fa4\" width=\"50\">\u00a0 323,8<\/td>\n<td bgcolor=\"#005fa4\" width=\"50\">\u00a0 47,8<\/td>\n<td bgcolor=\"#005fa4\" width=\"50\">\u00a0 28,5<\/td>\n<td bgcolor=\"#005fa4\" width=\"50\">\u00a0 900<\/td>\n<td bgcolor=\"#005fa4\" width=\"50\">\u00a0 1032<\/td>\n<td bgcolor=\"#005fa4\" width=\"50\">\u00a0 370<\/td>\n<td bgcolor=\"#005fa4\" width=\"50\">\u00a0 630<\/td>\n<td bgcolor=\"#005fa4\" width=\"50\">\u00a0 460<\/td>\n<\/tr>\n<tr>\n<td bgcolor=\"#005fa4\" width=\"15\"><\/td>\n<td bgcolor=\"#e0e0e0\" width=\"50\">\u00a0 12<\/td>\n<td bgcolor=\"#e0e0e0\" width=\"50\">\u00a0 300<\/td>\n<td bgcolor=\"#e0e0e0\" width=\"50\">\u00a0 521<\/td>\n<td bgcolor=\"#e0e0e0\" width=\"50\">\u00a0 450,8<\/td>\n<td bgcolor=\"#e0e0e0\" width=\"50\">\u00a0 381<\/td>\n<td bgcolor=\"#e0e0e0\" width=\"50\">\u00a0 80,8<\/td>\n<td bgcolor=\"#e0e0e0\" width=\"50\">\u00a0 31,8<\/td>\n<td bgcolor=\"#e0e0e0\" width=\"50\">\u00a0 1000<\/td>\n<td bgcolor=\"#e0e0e0\" width=\"50\">\u00a0 &#8211;<\/td>\n<td bgcolor=\"#e0e0e0\" width=\"50\">\u00a0 &#8211;<\/td>\n<td bgcolor=\"#e0e0e0\" width=\"50\">\u00a0 &#8211;<\/td>\n<td bgcolor=\"#e0e0e0\" width=\"50\">\u00a0 &#8211;<\/td>\n<\/tr>\n<tr>\n<td bgcolor=\"#005fa4\" width=\"15\"><\/td>\n<td bgcolor=\"#005fa4\" width=\"50\">\u00a0 14<\/td>\n<td bgcolor=\"#005fa4\" width=\"50\">\u00a0 350<\/td>\n<td bgcolor=\"#005fa4\" width=\"50\">\u00a0 584<\/td>\n<td bgcolor=\"#005fa4\" width=\"50\">\u00a0 514,4<\/td>\n<td bgcolor=\"#005fa4\" width=\"50\">\u00a0 412,8<\/td>\n<td bgcolor=\"#005fa4\" width=\"50\">\u00a0 53,8<\/td>\n<td bgcolor=\"#005fa4\" width=\"50\">\u00a0 31,8<\/td>\n<td bgcolor=\"#005fa4\" width=\"50\">\u00a0 1050<\/td>\n<td bgcolor=\"#005fa4\" width=\"50\">\u00a0 &#8211;<\/td>\n<td bgcolor=\"#005fa4\" width=\"50\">\u00a0 &#8211;<\/td>\n<td bgcolor=\"#005fa4\" width=\"50\">\u00a0 &#8211;<\/td>\n<td bgcolor=\"#005fa4\" width=\"50\">\u00a0 &#8211;<\/td>\n<\/tr>\n<tr>\n<td bgcolor=\"#005fa4\" width=\"15\"><\/td>\n<td bgcolor=\"#e0e0e0\" width=\"50\">\u00a0 16<\/td>\n<td bgcolor=\"#e0e0e0\" width=\"50\">\u00a0 400<\/td>\n<td bgcolor=\"#e0e0e0\" width=\"50\">\u00a0 648<\/td>\n<td bgcolor=\"#e0e0e0\" width=\"50\">\u00a0 571,5<\/td>\n<td bgcolor=\"#e0e0e0\" width=\"50\">\u00a0 469,9<\/td>\n<td bgcolor=\"#e0e0e0\" width=\"50\">\u00a0 57,2<\/td>\n<td bgcolor=\"#e0e0e0\" width=\"50\">\u00a0 35<\/td>\n<td bgcolor=\"#e0e0e0\" width=\"50\">\u00a0 1200<\/td>\n<td bgcolor=\"#e0e0e0\" width=\"50\">\u00a0 &#8211;<\/td>\n<td bgcolor=\"#e0e0e0\" width=\"50\">\u00a0 &#8211;<\/td>\n<td bgcolor=\"#e0e0e0\" width=\"50\">\u00a0 &#8211;<\/td>\n<td bgcolor=\"#e0e0e0\" width=\"50\">\u00a0 &#8211;<\/td>\n<\/tr>\n<tr>\n<td bgcolor=\"#005fa4\" width=\"15\"><\/td>\n<td bgcolor=\"#005fa4\" width=\"50\">\u00a0 18<\/td>\n<td bgcolor=\"#005fa4\" width=\"50\">\u00a0 450<\/td>\n<td bgcolor=\"#005fa4\" width=\"50\">\u00a0 711<\/td>\n<td bgcolor=\"#005fa4\" width=\"50\">\u00a0 628,6<\/td>\n<td bgcolor=\"#005fa4\" width=\"50\">\u00a0 530,4<\/td>\n<td bgcolor=\"#005fa4\" width=\"50\">\u00a0 60,5<\/td>\n<td bgcolor=\"#005fa4\" width=\"50\">\u00a0 35<\/td>\n<td bgcolor=\"#005fa4\" width=\"50\">\u00a0 &#8211;<\/td>\n<td bgcolor=\"#005fa4\" width=\"50\">\u00a0 &#8211;<\/td>\n<td bgcolor=\"#005fa4\" width=\"50\">\u00a0 &#8211;<\/td>\n<td bgcolor=\"#005fa4\" width=\"50\">\u00a0 &#8211;<\/td>\n<td bgcolor=\"#005fa4\" width=\"50\">\u00a0 &#8211;<\/td>\n<\/tr>\n<tr>\n<td bgcolor=\"#005fa4\" width=\"15\"><\/td>\n<td bgcolor=\"#e0e0e0\" width=\"50\">\u00a0 20<\/td>\n<td bgcolor=\"#e0e0e0\" width=\"50\">\u00a0 500<\/td>\n<td bgcolor=\"#e0e0e0\" width=\"50\">\u00a0 775<\/td>\n<td bgcolor=\"#e0e0e0\" width=\"50\">\u00a0 685,8<\/td>\n<td bgcolor=\"#e0e0e0\" width=\"50\">\u00a0 584,2<\/td>\n<td bgcolor=\"#e0e0e0\" width=\"50\">\u00a0 63,5<\/td>\n<td bgcolor=\"#e0e0e0\" width=\"50\">\u00a0 35<\/td>\n<td bgcolor=\"#e0e0e0\" width=\"50\">\u00a0 &#8211;<\/td>\n<td bgcolor=\"#e0e0e0\" width=\"50\">\u00a0 &#8211;<\/td>\n<td bgcolor=\"#e0e0e0\" width=\"50\">\u00a0 &#8211;<\/td>\n<td bgcolor=\"#e0e0e0\" width=\"50\">\u00a0 &#8211;<\/td>\n<td bgcolor=\"#e0e0e0\" width=\"50\">\u00a0 &#8211;<\/td>\n<\/tr>\n<tr>\n<td bgcolor=\"#005fa4\" width=\"15\"><\/td>\n<td bgcolor=\"#005fa4\" width=\"50\">\u00a0 24<\/td>\n<td bgcolor=\"#005fa4\" width=\"50\">\u00a0 600<\/td>\n<td bgcolor=\"#005fa4\" width=\"50\">\u00a0 914<\/td>\n<td bgcolor=\"#005fa4\" width=\"50\">\u00a0 812,8<\/td>\n<td bgcolor=\"#005fa4\" width=\"50\">\u00a0 962,2<\/td>\n<td bgcolor=\"#005fa4\" width=\"50\">\u00a0 69,9<\/td>\n<td bgcolor=\"#005fa4\" width=\"50\">\u00a0 41,1<\/td>\n<td bgcolor=\"#005fa4\" width=\"50\">\u00a0 1345<\/td>\n<td bgcolor=\"#005fa4\" width=\"50\">\u00a0 1474<\/td>\n<td bgcolor=\"#005fa4\" width=\"50\">\u00a0 440<\/td>\n<td bgcolor=\"#005fa4\" width=\"50\">\u00a0 6000<\/td>\n<td bgcolor=\"#005fa4\" width=\"50\">\u00a0 2100<\/td>\n<\/tr>\n<\/tbody>\n<\/table>\n","protected":false},"excerpt":{"rendered":"<p>\u00a0PAR\u00c7A ADI \u00a01 \u00a0 G\u00f6vde \u00a0 Cast Steel \u00a02 \u00a0 S\u00fczge\u00e7 \u00a0 Stainless Steel \u00a03 \u00a0 Conta \u00a0&#8230;<\/p>\n","protected":false},"featured_media":2830,"template":"","meta":[],"product_cat":[351],"product_tag":[],"class_list":["post-2856","product","type-product","status-publish","has-post-thumbnail","hentry","product_cat-pislik-tutucular"],"_links":{"self":[{"href":"https:\/\/notronvalve.com\/tr\/wp-json\/wp\/v2\/product\/2856","targetHints":{"allow":["GET"]}}],"collection":[{"href":"https:\/\/notronvalve.com\/tr\/wp-json\/wp\/v2\/product"}],"about":[{"href":"https:\/\/notronvalve.com\/tr\/wp-json\/wp\/v2\/types\/product"}],"wp:featuredmedia":[{"embeddable":true,"href":"https:\/\/notronvalve.com\/tr\/wp-json\/wp\/v2\/media\/2830"}],"wp:attachment":[{"href":"https:\/\/notronvalve.com\/tr\/wp-json\/wp\/v2\/media?parent=2856"}],"wp:term":[{"taxonomy":"product_cat","embeddable":true,"href":"https:\/\/notronvalve.com\/tr\/wp-json\/wp\/v2\/product_cat?post=2856"},{"taxonomy":"product_tag","embeddable":true,"href":"https:\/\/notronvalve.com\/tr\/wp-json\/wp\/v2\/product_tag?post=2856"}],"curies":[{"name":"wp","href":"https:\/\/api.w.org\/{rel}","templated":true}]}}