{"id":2853,"date":"2023-09-05T10:52:28","date_gmt":"2023-09-05T07:52:28","guid":{"rendered":"https:\/\/notronvalve.com\/?post_type=product&#038;p=2853"},"modified":"2023-09-05T12:14:05","modified_gmt":"2023-09-05T09:14:05","slug":"globe-valf-asa-150-300","status":"publish","type":"product","link":"https:\/\/notronvalve.com\/tr\/urun\/globe-valf-asa-150-300\/","title":{"rendered":"ASA 150 &#8211; 300"},"content":{"rendered":"<table border=\"0\" width=\"330\" cellspacing=\"0\" cellpadding=\"0\">\n<tbody>\n<tr>\n<td width=\"10\"><\/td>\n<td bgcolor=\"#005fa4\" width=\"150\">\u00a0 PAR\u00c7A ADI<\/td>\n<td bgcolor=\"#005fa4\" width=\"150\"><\/td>\n<\/tr>\n<tr>\n<td bgcolor=\"#005fa4\" width=\"15\">\u00a01<\/td>\n<td bgcolor=\"#e0e0e0\" width=\"150\">\u00a0 G\u00f6vde<\/td>\n<td bgcolor=\"#e0e0e0\" width=\"150\">\u00a0 Cast Steel<\/td>\n<\/tr>\n<tr>\n<td bgcolor=\"#005fa4\" width=\"15\">\u00a02<\/td>\n<td bgcolor=\"#005fa4\" width=\"150\">\u00a0 G\u00f6vde Ringi<\/td>\n<td bgcolor=\"#005fa4\" width=\"150\">\u00a0 Carbon Steel<\/td>\n<\/tr>\n<tr>\n<td bgcolor=\"#005fa4\" width=\"15\">\u00a02a<\/td>\n<td bgcolor=\"#e0e0e0\" width=\"150\">\u00a0 G\u00f6vde Ring Y\u00fczeyi<\/td>\n<td bgcolor=\"#e0e0e0\" width=\"150\">\u00a0 Stainless Steel<\/td>\n<\/tr>\n<tr>\n<td bgcolor=\"#005fa4\" width=\"15\">\u00a03<\/td>\n<td bgcolor=\"#005fa4\" width=\"150\">\u00a0 Disk<\/td>\n<td bgcolor=\"#005fa4\" width=\"150\">\u00a0 Cast Steel<\/td>\n<\/tr>\n<tr>\n<td bgcolor=\"#005fa4\" width=\"15\">\u00a03a<\/td>\n<td bgcolor=\"#e0e0e0\" width=\"150\">\u00a0 Disk Y\u00fczeyi<\/td>\n<td bgcolor=\"#e0e0e0\" width=\"150\">\u00a0 Stainless Steel<\/td>\n<\/tr>\n<tr>\n<td bgcolor=\"#005fa4\" width=\"15\">\u00a04<\/td>\n<td bgcolor=\"#005fa4\" width=\"150\">\u00a0 Yar\u0131may Pul<\/td>\n<td bgcolor=\"#005fa4\" width=\"150\">\u00a0 Stainless Steel<\/td>\n<\/tr>\n<tr>\n<td bgcolor=\"#005fa4\" width=\"15\">\u00a05<\/td>\n<td bgcolor=\"#e0e0e0\" width=\"150\">\u00a0 Disk Somunu<\/td>\n<td bgcolor=\"#e0e0e0\" width=\"150\">\u00a0 Cast Steel<\/td>\n<\/tr>\n<tr>\n<td bgcolor=\"#005fa4\" width=\"15\">\u00a06<\/td>\n<td bgcolor=\"#005fa4\" width=\"150\">\u00a0 Mil<\/td>\n<td bgcolor=\"#005fa4\" width=\"150\">\u00a0 Stainless Steel<\/td>\n<\/tr>\n<tr>\n<td bgcolor=\"#005fa4\" width=\"15\">\u00a07<\/td>\n<td bgcolor=\"#e0e0e0\" width=\"150\">\u00a0 Conta<\/td>\n<td bgcolor=\"#e0e0e0\" width=\"150\">\u00a0 Spiral Wound Gasket<\/td>\n<\/tr>\n<tr>\n<td bgcolor=\"#005fa4\" width=\"15\">\u00a08<\/td>\n<td bgcolor=\"#005fa4\" width=\"150\">\u00a0 Kapak<\/td>\n<td bgcolor=\"#005fa4\" width=\"150\">\u00a0 Cast Steel<\/td>\n<\/tr>\n<tr>\n<td bgcolor=\"#005fa4\" width=\"15\">\u00a09<\/td>\n<td bgcolor=\"#e0e0e0\" width=\"150\">\u00a0 Beksit Ringi<\/td>\n<td bgcolor=\"#e0e0e0\" width=\"150\">\u00a0 Stainless Steel<\/td>\n<\/tr>\n<tr>\n<td bgcolor=\"#005fa4\" width=\"15\">\u00a010<\/td>\n<td bgcolor=\"#005fa4\" width=\"150\">\u00a0 Salmastra<\/td>\n<td bgcolor=\"#005fa4\" width=\"150\">\u00a0 Graphite<\/td>\n<\/tr>\n<tr>\n<td bgcolor=\"#005fa4\" width=\"15\">\u00a011<\/td>\n<td bgcolor=\"#e0e0e0\" width=\"150\">\u00a0 Kap. Saplamalar\u0131<\/td>\n<td bgcolor=\"#e0e0e0\" width=\"150\">\u00a0 CrMo Steel<\/td>\n<\/tr>\n<tr>\n<td bgcolor=\"#005fa4\" width=\"15\">\u00a011a<\/td>\n<td bgcolor=\"#005fa4\" width=\"150\">\u00a0 Kap. Sapl. Somunlar\u0131<\/td>\n<td bgcolor=\"#005fa4\" width=\"150\">\u00a0 Carbon Steel<\/td>\n<\/tr>\n<tr>\n<td bgcolor=\"#005fa4\" width=\"15\">\u00a012<\/td>\n<td bgcolor=\"#e0e0e0\" width=\"150\">\u00a0 Salmastra Bask\u0131s\u0131<\/td>\n<td bgcolor=\"#e0e0e0\" width=\"150\">\u00a0 Stainless Steel<\/td>\n<\/tr>\n<tr>\n<td bgcolor=\"#005fa4\" width=\"15\">\u00a013<\/td>\n<td bgcolor=\"#005fa4\" width=\"150\">\u00a0 Glend<\/td>\n<td bgcolor=\"#005fa4\" width=\"150\">\u00a0 Cast Steel<\/td>\n<\/tr>\n<tr>\n<td bgcolor=\"#005fa4\" width=\"15\">\u00a014<\/td>\n<td bgcolor=\"#e0e0e0\" width=\"150\">\u00a0 Glend Saplamas\u0131<\/td>\n<td bgcolor=\"#e0e0e0\" width=\"150\">\u00a0 Stainless Steel<\/td>\n<\/tr>\n<tr>\n<td bgcolor=\"#005fa4\" width=\"15\">\u00a015<\/td>\n<td bgcolor=\"#005fa4\" width=\"150\">\u00a0 Hamil (Mil Burcu)<\/td>\n<td bgcolor=\"#005fa4\" width=\"150\">\u00a0 Carbon Steel<\/td>\n<\/tr>\n<tr>\n<td bgcolor=\"#005fa4\" width=\"15\">\u00a016<\/td>\n<td bgcolor=\"#e0e0e0\" width=\"150\">\u00a0 Hendil<\/td>\n<td bgcolor=\"#e0e0e0\" width=\"150\">\u00a0 Ductile Iron<\/td>\n<\/tr>\n<tr>\n<td bgcolor=\"#005fa4\" width=\"15\">\u00a017<\/td>\n<td bgcolor=\"#005fa4\" width=\"150\">\u00a0 Hendil Pulu<\/td>\n<td bgcolor=\"#005fa4\" width=\"150\">\u00a0 Steel<\/td>\n<\/tr>\n<tr>\n<td bgcolor=\"#005fa4\" width=\"15\">\u00a018<\/td>\n<td bgcolor=\"#e0e0e0\" width=\"150\">\u00a0 Hendil Somunu<\/td>\n<td bgcolor=\"#e0e0e0\" width=\"150\">\u00a0 Steel<\/td>\n<\/tr>\n<tr>\n<td bgcolor=\"#005fa4\" width=\"15\">\u00a019<\/td>\n<td bgcolor=\"#005fa4\" width=\"150\">\u00a0 Gres\u00f6rl\u00fck<\/td>\n<td bgcolor=\"#005fa4\" width=\"150\">\u00a0 Steel<\/td>\n<\/tr>\n<tr>\n<td bgcolor=\"#005fa4\" width=\"15\">\u00a020<\/td>\n<td bgcolor=\"#e0e0e0\" width=\"150\">\u00a0 \u0130sim Plakas\u0131<\/td>\n<td bgcolor=\"#e0e0e0\" width=\"150\">\u00a0 Aluminium<\/td>\n<\/tr>\n<\/tbody>\n<\/table>\n<table border=\"0\" width=\"700\" cellspacing=\"0\" cellpadding=\"0\">\n<tbody>\n<tr>\n<td bgcolor=\"#005fa4\">ASA 150 Figure V 3010<\/td>\n<\/tr>\n<\/tbody>\n<\/table>\n<table border=\"0\" width=\"700\" cellspacing=\"0\" cellpadding=\"0\">\n<tbody>\n<tr>\n<td bgcolor=\"#005fa4\" width=\"15\"><\/td>\n<td bgcolor=\"#005fa4\" width=\"50\">\u00a0\u00a0\u00a0\u00a0\u00a0\u00a0\u00a0\u00a0\u00a0 \u00d6l\u00e7\u00fc<\/td>\n<td bgcolor=\"#005fa4\" width=\"15\"><\/td>\n<td bgcolor=\"#005fa4\" width=\"50\">\u00a0 \u00d8 B<\/td>\n<td bgcolor=\"#005fa4\" width=\"50\">\u00a0 \u00d8 G<\/td>\n<td bgcolor=\"#005fa4\" width=\"50\">\u00a0 \u00d8 R<\/td>\n<td bgcolor=\"#005fa4\" width=\"50\">\u00a0 C<\/td>\n<td bgcolor=\"#005fa4\" width=\"50\">\u00a0 \u00d8 dxn<\/td>\n<td bgcolor=\"#005fa4\" width=\"50\">\u00a0 D<\/td>\n<td bgcolor=\"#005fa4\" width=\"50\">\u00a0 H<\/td>\n<td bgcolor=\"#005fa4\" width=\"50\">\u00a0 \u00d8 M<\/td>\n<td bgcolor=\"#005fa4\" width=\"50\">\u00a0 App. W<\/td>\n<\/tr>\n<tr>\n<td bgcolor=\"#005fa4\" width=\"15\"><\/td>\n<td bgcolor=\"#005fa4\" width=\"50\">\u00a0 inch<\/td>\n<td bgcolor=\"#005fa4\" width=\"50\">\u00a0 mm<\/td>\n<td bgcolor=\"#005fa4\" width=\"50\">\u00a0 mm<\/td>\n<td bgcolor=\"#005fa4\" width=\"50\">\u00a0 mm<\/td>\n<td bgcolor=\"#005fa4\" width=\"50\">\u00a0 mm<\/td>\n<td bgcolor=\"#005fa4\" width=\"50\">\u00a0 mm<\/td>\n<td bgcolor=\"#005fa4\" width=\"50\">\u00a0 mm<\/td>\n<td bgcolor=\"#005fa4\" width=\"50\">\u00a0 mm<\/td>\n<td bgcolor=\"#005fa4\" width=\"50\">\u00a0 mm<\/td>\n<td bgcolor=\"#005fa4\" width=\"50\">\u00a0 mm<\/td>\n<td bgcolor=\"#005fa4\" width=\"50\">\u00a0 kg<\/td>\n<\/tr>\n<tr>\n<td bgcolor=\"#005fa4\" width=\"15\"><\/td>\n<td bgcolor=\"#e0e0e0\" width=\"50\">\u00a0 2<\/td>\n<td bgcolor=\"#e0e0e0\" width=\"50\">\u00a0 50<\/td>\n<td bgcolor=\"#e0e0e0\" width=\"50\">\u00a0 152,4<\/td>\n<td bgcolor=\"#e0e0e0\" width=\"50\">\u00a0 120,6<\/td>\n<td bgcolor=\"#e0e0e0\" width=\"50\">\u00a0 92<\/td>\n<td bgcolor=\"#e0e0e0\" width=\"50\">\u00a0 19,1<\/td>\n<td bgcolor=\"#e0e0e0\" width=\"50\">\u00a0 19 x 4<\/td>\n<td bgcolor=\"#e0e0e0\" width=\"50\">\u00a0 203,2<\/td>\n<td bgcolor=\"#e0e0e0\" width=\"50\">\u00a0 350<\/td>\n<td bgcolor=\"#e0e0e0\" width=\"50\">\u00a0 200<\/td>\n<td bgcolor=\"#e0e0e0\" width=\"50\">\u00a0 22<\/td>\n<\/tr>\n<tr>\n<td bgcolor=\"#005fa4\" width=\"15\"><\/td>\n<td bgcolor=\"#005fa4\" width=\"50\">\u00a0 2 \u00bd<\/td>\n<td bgcolor=\"#005fa4\" width=\"50\">\u00a0 65<\/td>\n<td bgcolor=\"#005fa4\" width=\"50\">\u00a0 177,8<\/td>\n<td bgcolor=\"#005fa4\" width=\"50\">\u00a0 139,7<\/td>\n<td bgcolor=\"#005fa4\" width=\"50\">\u00a0 104,8<\/td>\n<td bgcolor=\"#005fa4\" width=\"50\">\u00a0 22,3<\/td>\n<td bgcolor=\"#005fa4\" width=\"50\">\u00a0 19 x 4<\/td>\n<td bgcolor=\"#005fa4\" width=\"50\">\u00a0 216<\/td>\n<td bgcolor=\"#005fa4\" width=\"50\">\u00a0 385<\/td>\n<td bgcolor=\"#005fa4\" width=\"50\">\u00a0 230<\/td>\n<td bgcolor=\"#005fa4\" width=\"50\">\u00a0 27<\/td>\n<\/tr>\n<tr>\n<td bgcolor=\"#005fa4\" width=\"15\"><\/td>\n<td bgcolor=\"#e0e0e0\" width=\"50\">\u00a0 3<\/td>\n<td bgcolor=\"#e0e0e0\" width=\"50\">\u00a0 80<\/td>\n<td bgcolor=\"#e0e0e0\" width=\"50\">\u00a0 190,5<\/td>\n<td bgcolor=\"#e0e0e0\" width=\"50\">\u00a0 152,4<\/td>\n<td bgcolor=\"#e0e0e0\" width=\"50\">\u00a0 127<\/td>\n<td bgcolor=\"#e0e0e0\" width=\"50\">\u00a0 23,9<\/td>\n<td bgcolor=\"#e0e0e0\" width=\"50\">\u00a0 19 x 4<\/td>\n<td bgcolor=\"#e0e0e0\" width=\"50\">\u00a0 241,3<\/td>\n<td bgcolor=\"#e0e0e0\" width=\"50\">\u00a0 400<\/td>\n<td bgcolor=\"#e0e0e0\" width=\"50\">\u00a0 230<\/td>\n<td bgcolor=\"#e0e0e0\" width=\"50\">\u00a0 38<\/td>\n<\/tr>\n<tr>\n<td bgcolor=\"#005fa4\" width=\"15\"><\/td>\n<td bgcolor=\"#005fa4\" width=\"50\">\u00a0 4<\/td>\n<td bgcolor=\"#005fa4\" width=\"50\">\u00a0 100<\/td>\n<td bgcolor=\"#005fa4\" width=\"50\">\u00a0 228,6<\/td>\n<td bgcolor=\"#005fa4\" width=\"50\">\u00a0 190,5<\/td>\n<td bgcolor=\"#005fa4\" width=\"50\">\u00a0 157,2<\/td>\n<td bgcolor=\"#005fa4\" width=\"50\">\u00a0 23,9<\/td>\n<td bgcolor=\"#005fa4\" width=\"50\">\u00a0 19 x 8<\/td>\n<td bgcolor=\"#005fa4\" width=\"50\">\u00a0 292,1<\/td>\n<td bgcolor=\"#005fa4\" width=\"50\">\u00a0 525<\/td>\n<td bgcolor=\"#005fa4\" width=\"50\">\u00a0 250<\/td>\n<td bgcolor=\"#005fa4\" width=\"50\">\u00a0 60<\/td>\n<\/tr>\n<tr>\n<td bgcolor=\"#005fa4\" width=\"15\"><\/td>\n<td bgcolor=\"#e0e0e0\" width=\"50\">\u00a0 5<\/td>\n<td bgcolor=\"#e0e0e0\" width=\"50\">\u00a0 125<\/td>\n<td bgcolor=\"#e0e0e0\" width=\"50\">\u00a0 254<\/td>\n<td bgcolor=\"#e0e0e0\" width=\"50\">\u00a0 215,9<\/td>\n<td bgcolor=\"#e0e0e0\" width=\"50\">\u00a0 185,7<\/td>\n<td bgcolor=\"#e0e0e0\" width=\"50\">\u00a0 23,9<\/td>\n<td bgcolor=\"#e0e0e0\" width=\"50\">\u00a0 22,2 x 8<\/td>\n<td bgcolor=\"#e0e0e0\" width=\"50\">\u00a0 355,6<\/td>\n<td bgcolor=\"#e0e0e0\" width=\"50\">\u00a0 530<\/td>\n<td bgcolor=\"#e0e0e0\" width=\"50\">\u00a0 300<\/td>\n<td bgcolor=\"#e0e0e0\" width=\"50\">\u00a0 80<\/td>\n<\/tr>\n<tr>\n<td bgcolor=\"#005fa4\" width=\"15\"><\/td>\n<td bgcolor=\"#005fa4\" width=\"50\">\u00a0 6<\/td>\n<td bgcolor=\"#005fa4\" width=\"50\">\u00a0 150<\/td>\n<td bgcolor=\"#005fa4\" width=\"50\">\u00a0 279,4<\/td>\n<td bgcolor=\"#005fa4\" width=\"50\">\u00a0 241,3<\/td>\n<td bgcolor=\"#005fa4\" width=\"50\">\u00a0 215,9<\/td>\n<td bgcolor=\"#005fa4\" width=\"50\">\u00a0 25,4<\/td>\n<td bgcolor=\"#005fa4\" width=\"50\">\u00a0 22,2 x 8<\/td>\n<td bgcolor=\"#005fa4\" width=\"50\">\u00a0 406,4<\/td>\n<td bgcolor=\"#005fa4\" width=\"50\">\u00a0 600<\/td>\n<td bgcolor=\"#005fa4\" width=\"50\">\u00a0 350<\/td>\n<td bgcolor=\"#005fa4\" width=\"50\">\u00a0 94<\/td>\n<\/tr>\n<tr>\n<td bgcolor=\"#005fa4\" width=\"15\"><\/td>\n<td bgcolor=\"#e0e0e0\" width=\"50\">\u00a0 8<\/td>\n<td bgcolor=\"#e0e0e0\" width=\"50\">\u00a0 200<\/td>\n<td bgcolor=\"#e0e0e0\" width=\"50\">\u00a0 342,9<\/td>\n<td bgcolor=\"#e0e0e0\" width=\"50\">\u00a0 298,4<\/td>\n<td bgcolor=\"#e0e0e0\" width=\"50\">\u00a0 269,9<\/td>\n<td bgcolor=\"#e0e0e0\" width=\"50\">\u00a0 28,6<\/td>\n<td bgcolor=\"#e0e0e0\" width=\"50\">\u00a0 22,2 x 8<\/td>\n<td bgcolor=\"#e0e0e0\" width=\"50\">\u00a0 495,3<\/td>\n<td bgcolor=\"#e0e0e0\" width=\"50\">\u00a0 690<\/td>\n<td bgcolor=\"#e0e0e0\" width=\"50\">\u00a0 400<\/td>\n<td bgcolor=\"#e0e0e0\" width=\"50\">\u00a0 180<\/td>\n<\/tr>\n<tr>\n<td bgcolor=\"#005fa4\" width=\"15\"><\/td>\n<td bgcolor=\"#005fa4\" width=\"50\">\u00a0 10<\/td>\n<td bgcolor=\"#005fa4\" width=\"50\">\u00a0 250<\/td>\n<td bgcolor=\"#005fa4\" width=\"50\">\u00a0 406,4<\/td>\n<td bgcolor=\"#005fa4\" width=\"50\">\u00a0 362<\/td>\n<td bgcolor=\"#005fa4\" width=\"50\">\u00a0 323,8<\/td>\n<td bgcolor=\"#005fa4\" width=\"50\">\u00a0 30,2<\/td>\n<td bgcolor=\"#005fa4\" width=\"50\">\u00a0 25,4 x 12<\/td>\n<td bgcolor=\"#005fa4\" width=\"50\">\u00a0 622,3<\/td>\n<td bgcolor=\"#005fa4\" width=\"50\">\u00a0 745<\/td>\n<td bgcolor=\"#005fa4\" width=\"50\">\u00a0 500<\/td>\n<td bgcolor=\"#005fa4\" width=\"50\">\u00a0 270<\/td>\n<\/tr>\n<tr>\n<td bgcolor=\"#005fa4\" width=\"15\"><\/td>\n<td bgcolor=\"#e0e0e0\" width=\"50\">\u00a0 12<\/td>\n<td bgcolor=\"#e0e0e0\" width=\"50\">\u00a0 300<\/td>\n<td bgcolor=\"#e0e0e0\" width=\"50\">\u00a0 482,6<\/td>\n<td bgcolor=\"#e0e0e0\" width=\"50\">\u00a0 431,8<\/td>\n<td bgcolor=\"#e0e0e0\" width=\"50\">\u00a0 381<\/td>\n<td bgcolor=\"#e0e0e0\" width=\"50\">\u00a0 31,8<\/td>\n<td bgcolor=\"#e0e0e0\" width=\"50\">\u00a0 25,4 x 12<\/td>\n<td bgcolor=\"#e0e0e0\" width=\"50\">\u00a0 698,5<\/td>\n<td bgcolor=\"#e0e0e0\" width=\"50\">\u00a0 810<\/td>\n<td bgcolor=\"#e0e0e0\" width=\"50\">\u00a0 500<\/td>\n<td bgcolor=\"#e0e0e0\" width=\"50\">\u00a0 430<\/td>\n<\/tr>\n<tr>\n<td bgcolor=\"#005fa4\" width=\"15\"><\/td>\n<td bgcolor=\"#005fa4\" width=\"50\">\u00a0 14<\/td>\n<td bgcolor=\"#005fa4\" width=\"50\">\u00a0 350<\/td>\n<td bgcolor=\"#005fa4\" width=\"50\">\u00a0 533,4<\/td>\n<td bgcolor=\"#005fa4\" width=\"50\">\u00a0 476,2<\/td>\n<td bgcolor=\"#005fa4\" width=\"50\">\u00a0 412,8<\/td>\n<td bgcolor=\"#005fa4\" width=\"50\">\u00a0 35<\/td>\n<td bgcolor=\"#005fa4\" width=\"50\">\u00a0 28,5 x 12<\/td>\n<td bgcolor=\"#005fa4\" width=\"50\">\u00a0 787,4<\/td>\n<td bgcolor=\"#005fa4\" width=\"50\">\u00a0 960<\/td>\n<td bgcolor=\"#005fa4\" width=\"50\">\u00a0 550<\/td>\n<td bgcolor=\"#005fa4\" width=\"50\">\u00a0 500<\/td>\n<\/tr>\n<\/tbody>\n<\/table>\n<p>&nbsp;<\/p>\n<table border=\"0\" width=\"700\" cellspacing=\"0\" cellpadding=\"0\">\n<tbody>\n<tr>\n<td bgcolor=\"#005fa4\">\u00a0 ASA 300 Figure V 3020<\/td>\n<\/tr>\n<\/tbody>\n<\/table>\n<table border=\"0\" width=\"700\" cellspacing=\"0\" cellpadding=\"0\">\n<tbody>\n<tr>\n<td bgcolor=\"#005fa4\" width=\"15\"><\/td>\n<td bgcolor=\"#005fa4\" width=\"50\">\u00a0\u00a0\u00a0\u00a0\u00a0\u00a0\u00a0\u00a0\u00a0 \u00d6l\u00e7\u00fc<\/td>\n<td bgcolor=\"#005fa4\" width=\"15\"><\/td>\n<td bgcolor=\"#005fa4\" width=\"50\">\u00a0 \u00d8 B<\/td>\n<td bgcolor=\"#005fa4\" width=\"50\">\u00a0 \u00d8 G<\/td>\n<td bgcolor=\"#005fa4\" width=\"50\">\u00a0 \u00d8 R<\/td>\n<td bgcolor=\"#005fa4\" width=\"50\">\u00a0 C<\/td>\n<td bgcolor=\"#005fa4\" width=\"50\">\u00a0 \u00d8 dxn<\/td>\n<td bgcolor=\"#005fa4\" width=\"50\">\u00a0 D<\/td>\n<td bgcolor=\"#005fa4\" width=\"50\">\u00a0 H<\/td>\n<td bgcolor=\"#005fa4\" width=\"50\">\u00a0 \u00d8 M<\/td>\n<td bgcolor=\"#005fa4\" width=\"50\">\u00a0 App. W<\/td>\n<\/tr>\n<tr>\n<td bgcolor=\"#005fa4\" width=\"15\"><\/td>\n<td bgcolor=\"#005fa4\" width=\"50\">\u00a0 inch<\/td>\n<td bgcolor=\"#005fa4\" width=\"50\">\u00a0 mm<\/td>\n<td bgcolor=\"#005fa4\" width=\"50\">\u00a0 mm<\/td>\n<td bgcolor=\"#005fa4\" width=\"50\">\u00a0 mm<\/td>\n<td bgcolor=\"#005fa4\" width=\"50\">\u00a0 mm<\/td>\n<td bgcolor=\"#005fa4\" width=\"50\">\u00a0 mm<\/td>\n<td bgcolor=\"#005fa4\" width=\"50\">\u00a0 mm<\/td>\n<td bgcolor=\"#005fa4\" width=\"50\">\u00a0 mm<\/td>\n<td bgcolor=\"#005fa4\" width=\"50\">\u00a0 mm<\/td>\n<td bgcolor=\"#005fa4\" width=\"50\">\u00a0 mm<\/td>\n<td bgcolor=\"#005fa4\" width=\"50\">\u00a0 kg<\/td>\n<\/tr>\n<tr>\n<td bgcolor=\"#005fa4\" width=\"15\"><\/td>\n<td bgcolor=\"#e0e0e0\" width=\"50\">\u00a0 2<\/td>\n<td bgcolor=\"#e0e0e0\" width=\"50\">\u00a0 50<\/td>\n<td bgcolor=\"#e0e0e0\" width=\"50\">\u00a0 165<\/td>\n<td bgcolor=\"#e0e0e0\" width=\"50\">\u00a0 127<\/td>\n<td bgcolor=\"#e0e0e0\" width=\"50\">\u00a0 92<\/td>\n<td bgcolor=\"#e0e0e0\" width=\"50\">\u00a0 22,4<\/td>\n<td bgcolor=\"#e0e0e0\" width=\"50\">\u00a0 19 x 8<\/td>\n<td bgcolor=\"#e0e0e0\" width=\"50\">\u00a0 266,7<\/td>\n<td bgcolor=\"#e0e0e0\" width=\"50\">\u00a0 350<\/td>\n<td bgcolor=\"#e0e0e0\" width=\"50\">\u00a0 230<\/td>\n<td bgcolor=\"#e0e0e0\" width=\"50\">\u00a0 27<\/td>\n<\/tr>\n<tr>\n<td bgcolor=\"#005fa4\" width=\"15\"><\/td>\n<td bgcolor=\"#005fa4\" width=\"50\">\u00a0 2 \u00bd<\/td>\n<td bgcolor=\"#005fa4\" width=\"50\">\u00a0 65<\/td>\n<td bgcolor=\"#005fa4\" width=\"50\">\u00a0 190<\/td>\n<td bgcolor=\"#005fa4\" width=\"50\">\u00a0 149,3<\/td>\n<td bgcolor=\"#005fa4\" width=\"50\">\u00a0 104,8<\/td>\n<td bgcolor=\"#005fa4\" width=\"50\">\u00a0 25,4<\/td>\n<td bgcolor=\"#005fa4\" width=\"50\">\u00a0 22,2 x 8<\/td>\n<td bgcolor=\"#005fa4\" width=\"50\">\u00a0 292,1<\/td>\n<td bgcolor=\"#005fa4\" width=\"50\">\u00a0 380<\/td>\n<td bgcolor=\"#005fa4\" width=\"50\">\u00a0 250<\/td>\n<td bgcolor=\"#005fa4\" width=\"50\">\u00a0 38<\/td>\n<\/tr>\n<tr>\n<td bgcolor=\"#005fa4\" width=\"15\"><\/td>\n<td bgcolor=\"#e0e0e0\" width=\"50\">\u00a0 3<\/td>\n<td bgcolor=\"#e0e0e0\" width=\"50\">\u00a0 80<\/td>\n<td bgcolor=\"#e0e0e0\" width=\"50\">\u00a0 210<\/td>\n<td bgcolor=\"#e0e0e0\" width=\"50\">\u00a0 168,3<\/td>\n<td bgcolor=\"#e0e0e0\" width=\"50\">\u00a0 127<\/td>\n<td bgcolor=\"#e0e0e0\" width=\"50\">\u00a0 28,4<\/td>\n<td bgcolor=\"#e0e0e0\" width=\"50\">\u00a0 22,2 x 8<\/td>\n<td bgcolor=\"#e0e0e0\" width=\"50\">\u00a0 317,5<\/td>\n<td bgcolor=\"#e0e0e0\" width=\"50\">\u00a0 460<\/td>\n<td bgcolor=\"#e0e0e0\" width=\"50\">\u00a0 250<\/td>\n<td bgcolor=\"#e0e0e0\" width=\"50\">\u00a0 60<\/td>\n<\/tr>\n<tr>\n<td bgcolor=\"#005fa4\" width=\"15\"><\/td>\n<td bgcolor=\"#005fa4\" width=\"50\">\u00a0 4<\/td>\n<td bgcolor=\"#005fa4\" width=\"50\">\u00a0 100<\/td>\n<td bgcolor=\"#005fa4\" width=\"50\">\u00a0 254<\/td>\n<td bgcolor=\"#005fa4\" width=\"50\">\u00a0 200<\/td>\n<td bgcolor=\"#005fa4\" width=\"50\">\u00a0 157,2<\/td>\n<td bgcolor=\"#005fa4\" width=\"50\">\u00a0 31,8<\/td>\n<td bgcolor=\"#005fa4\" width=\"50\">\u00a0 22,2 x 8<\/td>\n<td bgcolor=\"#005fa4\" width=\"50\">\u00a0 355,6<\/td>\n<td bgcolor=\"#005fa4\" width=\"50\">\u00a0 580<\/td>\n<td bgcolor=\"#005fa4\" width=\"50\">\u00a0 350<\/td>\n<td bgcolor=\"#005fa4\" width=\"50\">\u00a0 90<\/td>\n<\/tr>\n<tr>\n<td bgcolor=\"#005fa4\" width=\"15\"><\/td>\n<td bgcolor=\"#e0e0e0\" width=\"50\">\u00a0 6<\/td>\n<td bgcolor=\"#e0e0e0\" width=\"50\">\u00a0 150<\/td>\n<td bgcolor=\"#e0e0e0\" width=\"50\">\u00a0 318<\/td>\n<td bgcolor=\"#e0e0e0\" width=\"50\">\u00a0 269,8<\/td>\n<td bgcolor=\"#e0e0e0\" width=\"50\">\u00a0 215,9<\/td>\n<td bgcolor=\"#e0e0e0\" width=\"50\">\u00a0 36,6<\/td>\n<td bgcolor=\"#e0e0e0\" width=\"50\">\u00a0 22,2 x 12<\/td>\n<td bgcolor=\"#e0e0e0\" width=\"50\">\u00a0 444,5<\/td>\n<td bgcolor=\"#e0e0e0\" width=\"50\">\u00a0 675<\/td>\n<td bgcolor=\"#e0e0e0\" width=\"50\">\u00a0 400<\/td>\n<td bgcolor=\"#e0e0e0\" width=\"50\">\u00a0 122<\/td>\n<\/tr>\n<tr>\n<td bgcolor=\"#005fa4\" width=\"15\"><\/td>\n<td bgcolor=\"#005fa4\" width=\"50\">\u00a0 8<\/td>\n<td bgcolor=\"#005fa4\" width=\"50\">\u00a0 200<\/td>\n<td bgcolor=\"#005fa4\" width=\"50\">\u00a0 381<\/td>\n<td bgcolor=\"#005fa4\" width=\"50\">\u00a0 330,2<\/td>\n<td bgcolor=\"#005fa4\" width=\"50\">\u00a0 269,9<\/td>\n<td bgcolor=\"#005fa4\" width=\"50\">\u00a0 41,1<\/td>\n<td bgcolor=\"#005fa4\" width=\"50\">\u00a0 25,4 x 12<\/td>\n<td bgcolor=\"#005fa4\" width=\"50\">\u00a0 558,8<\/td>\n<td bgcolor=\"#005fa4\" width=\"50\">\u00a0 780<\/td>\n<td bgcolor=\"#005fa4\" width=\"50\">\u00a0 500<\/td>\n<td bgcolor=\"#005fa4\" width=\"50\">\u00a0 275<\/td>\n<\/tr>\n<tr>\n<td bgcolor=\"#005fa4\" width=\"15\"><\/td>\n<td bgcolor=\"#e0e0e0\" width=\"50\">\u00a0 10<\/td>\n<td bgcolor=\"#e0e0e0\" width=\"50\">\u00a0 250<\/td>\n<td bgcolor=\"#e0e0e0\" width=\"50\">\u00a0 445<\/td>\n<td bgcolor=\"#e0e0e0\" width=\"50\">\u00a0 387,4<\/td>\n<td bgcolor=\"#e0e0e0\" width=\"50\">\u00a0 323,8<\/td>\n<td bgcolor=\"#e0e0e0\" width=\"50\">\u00a0 47,8<\/td>\n<td bgcolor=\"#e0e0e0\" width=\"50\">\u00a0 28,5 x 16<\/td>\n<td bgcolor=\"#e0e0e0\" width=\"50\">\u00a0 622,3<\/td>\n<td bgcolor=\"#e0e0e0\" width=\"50\">\u00a0 1150<\/td>\n<td bgcolor=\"#e0e0e0\" width=\"50\">\u00a0 500<\/td>\n<td bgcolor=\"#e0e0e0\" width=\"50\">\u00a0 450<\/td>\n<\/tr>\n<tr>\n<td bgcolor=\"#005fa4\" width=\"15\"><\/td>\n<td bgcolor=\"#005fa4\" width=\"50\">\u00a0 12<\/td>\n<td bgcolor=\"#005fa4\" width=\"50\">\u00a0 300<\/td>\n<td bgcolor=\"#005fa4\" width=\"50\">\u00a0 521<\/td>\n<td bgcolor=\"#005fa4\" width=\"50\">\u00a0 450,8<\/td>\n<td bgcolor=\"#005fa4\" width=\"50\">\u00a0 381<\/td>\n<td bgcolor=\"#005fa4\" width=\"50\">\u00a0 50,8<\/td>\n<td bgcolor=\"#005fa4\" width=\"50\">\u00a0 31,8 x 16<\/td>\n<td bgcolor=\"#005fa4\" width=\"50\">\u00a0 711,2<\/td>\n<td bgcolor=\"#005fa4\" width=\"50\">\u00a0 940<\/td>\n<td bgcolor=\"#005fa4\" width=\"50\">\u00a0 500<\/td>\n<td bgcolor=\"#005fa4\" width=\"50\">\u00a0 600<\/td>\n<\/tr>\n<tr>\n<td bgcolor=\"#005fa4\" width=\"15\"><\/td>\n<td bgcolor=\"#e0e0e0\" width=\"50\">\u00a0 16<\/td>\n<td bgcolor=\"#e0e0e0\" width=\"50\">\u00a0 400<\/td>\n<td bgcolor=\"#e0e0e0\" width=\"50\">\u00a0 648<\/td>\n<td bgcolor=\"#e0e0e0\" width=\"50\">\u00a0 571,5<\/td>\n<td bgcolor=\"#e0e0e0\" width=\"50\">\u00a0 469,9<\/td>\n<td bgcolor=\"#e0e0e0\" width=\"50\">\u00a0 57,2<\/td>\n<td bgcolor=\"#e0e0e0\" width=\"50\">\u00a0 35 x 20<\/td>\n<td bgcolor=\"#e0e0e0\" width=\"50\">\u00a0 863,6<\/td>\n<td bgcolor=\"#e0e0e0\" width=\"50\">\u00a0 1212<\/td>\n<td bgcolor=\"#e0e0e0\" width=\"50\">\u00a0 500<\/td>\n<td bgcolor=\"#e0e0e0\" width=\"50\">\u00a0 1150<\/td>\n<\/tr>\n<\/tbody>\n<\/table>\n<p>&nbsp;<\/p>\n<div class=\"twelve columns alpha row\"><\/div>\n","protected":false},"excerpt":{"rendered":"<p>Bu tip vanalar, ak\u0131\u015f miktar\u0131n\u0131 ayarlamak veya ba\u015fka bir deyimle ak\u0131\u015f\u0131 bo\u011fma i\u015flemi i\u00e7in kullan\u0131l\u0131rlar.<\/p>\n<p>Bu vanalarda ak\u0131\u015f kontrol\u00fc k\u0131sa aral\u0131klar ile yap\u0131labilir.<\/p>\n<p>Globe vanalarda bo\u011fma i\u015flemi ile bas\u0131nc\u0131n\u0131 %20&#8217;den fazla d\u00fc\u015f\u00fcrmekten ka\u00e7\u0131nmak gerekir.<\/p>\n<p>Bas\u0131nc\u0131n fazla d\u00fc\u015f\u00fcr\u00fclmesi sesli bir titre\u015fime ve bunun sonucunda vana ve boru donan\u0131m\u0131n\u0131n hasar\u0131na neden olabilir.<\/p>\n","protected":false},"featured_media":2836,"template":"","meta":[],"product_cat":[352],"product_tag":[],"class_list":["post-2853","product","type-product","status-publish","has-post-thumbnail","hentry","product_cat-dokum-celik-globe-valfler"],"_links":{"self":[{"href":"https:\/\/notronvalve.com\/tr\/wp-json\/wp\/v2\/product\/2853","targetHints":{"allow":["GET"]}}],"collection":[{"href":"https:\/\/notronvalve.com\/tr\/wp-json\/wp\/v2\/product"}],"about":[{"href":"https:\/\/notronvalve.com\/tr\/wp-json\/wp\/v2\/types\/product"}],"wp:featuredmedia":[{"embeddable":true,"href":"https:\/\/notronvalve.com\/tr\/wp-json\/wp\/v2\/media\/2836"}],"wp:attachment":[{"href":"https:\/\/notronvalve.com\/tr\/wp-json\/wp\/v2\/media?parent=2853"}],"wp:term":[{"taxonomy":"product_cat","embeddable":true,"href":"https:\/\/notronvalve.com\/tr\/wp-json\/wp\/v2\/product_cat?post=2853"},{"taxonomy":"product_tag","embeddable":true,"href":"https:\/\/notronvalve.com\/tr\/wp-json\/wp\/v2\/product_tag?post=2853"}],"curies":[{"name":"wp","href":"https:\/\/api.w.org\/{rel}","templated":true}]}}