{"id":2849,"date":"2023-09-05T10:42:55","date_gmt":"2023-09-05T07:42:55","guid":{"rendered":"https:\/\/notronvalve.com\/?post_type=product&#038;p=2849"},"modified":"2023-09-05T10:45:26","modified_gmt":"2023-09-05T07:45:26","slug":"asa-900-1500","status":"publish","type":"product","link":"https:\/\/notronvalve.com\/tr\/urun\/asa-900-1500\/","title":{"rendered":"ASA 900 &#8211; 1500"},"content":{"rendered":"<table border=\"0\" width=\"330\" cellspacing=\"0\" cellpadding=\"0\">\n<tbody>\n<tr>\n<td width=\"10\"><\/td>\n<td bgcolor=\"#005fa4\" width=\"150\">\u00a0 PAR\u00c7A ADI<\/td>\n<td bgcolor=\"#005fa4\" width=\"150\"><\/td>\n<\/tr>\n<tr>\n<td bgcolor=\"#005fa4\" width=\"15\">\u00a01<\/td>\n<td bgcolor=\"#e0e0e0\" width=\"150\">\u00a0 G\u00f6vde<\/td>\n<td bgcolor=\"#e0e0e0\" width=\"150\">\u00a0 Cast Steel<\/td>\n<\/tr>\n<tr>\n<td bgcolor=\"#005fa4\" width=\"15\">\u00a02<\/td>\n<td bgcolor=\"#005fa4\" width=\"150\">\u00a0 G\u00f6vde Ringi<\/td>\n<td bgcolor=\"#005fa4\" width=\"150\">\u00a0 Carbon Steel<\/td>\n<\/tr>\n<tr>\n<td bgcolor=\"#005fa4\" width=\"15\">\u00a02a<\/td>\n<td bgcolor=\"#e0e0e0\" width=\"150\">\u00a0 G\u00f6vde Ring Y\u00fczeyi<\/td>\n<td bgcolor=\"#e0e0e0\" width=\"150\">\u00a0 Stainless Steel<\/td>\n<\/tr>\n<tr>\n<td bgcolor=\"#005fa4\" width=\"15\">\u00a03<\/td>\n<td bgcolor=\"#005fa4\" width=\"150\">\u00a0 S\u00fcrg\u00fc<\/td>\n<td bgcolor=\"#005fa4\" width=\"150\">\u00a0 Cast Steel<\/td>\n<\/tr>\n<tr>\n<td bgcolor=\"#005fa4\" width=\"15\">\u00a03a<\/td>\n<td bgcolor=\"#e0e0e0\" width=\"150\">\u00a0 S\u00fcl\u00fcs Y\u00fczeyi<\/td>\n<td bgcolor=\"#e0e0e0\" width=\"150\">\u00a0 Stainless Steel<\/td>\n<\/tr>\n<tr>\n<td bgcolor=\"#005fa4\" width=\"15\">\u00a04<\/td>\n<td bgcolor=\"#005fa4\" width=\"150\">\u00a0 Mil<\/td>\n<td bgcolor=\"#005fa4\" width=\"150\">\u00a0 Stainless Steel<\/td>\n<\/tr>\n<tr>\n<td bgcolor=\"#005fa4\" width=\"15\">\u00a05<\/td>\n<td bgcolor=\"#e0e0e0\" width=\"150\">\u00a0 Beksit Ringi<\/td>\n<td bgcolor=\"#e0e0e0\" width=\"150\">\u00a0 Stainless Steel<\/td>\n<\/tr>\n<tr>\n<td bgcolor=\"#005fa4\" width=\"15\">\u00a06<\/td>\n<td bgcolor=\"#005fa4\" width=\"150\">\u00a0 Kapak (Glend \u00c7ektirmesi)<\/td>\n<td bgcolor=\"#005fa4\" width=\"150\">\u00a0 Cast Steel<\/td>\n<\/tr>\n<tr>\n<td bgcolor=\"#005fa4\" width=\"15\">\u00a07<\/td>\n<td bgcolor=\"#e0e0e0\" width=\"150\">\u00a0 Conta<\/td>\n<td bgcolor=\"#e0e0e0\" width=\"150\">\u00a0 Stainless Steel<\/td>\n<\/tr>\n<tr>\n<td bgcolor=\"#005fa4\" width=\"15\">\u00a08<\/td>\n<td bgcolor=\"#005fa4\" width=\"150\">\u00a0 \u00dcst Kapak<\/td>\n<td bgcolor=\"#005fa4\" width=\"150\">\u00a0 Carbon Steel<\/td>\n<\/tr>\n<tr>\n<td bgcolor=\"#005fa4\" width=\"15\">\u00a09<\/td>\n<td bgcolor=\"#e0e0e0\" width=\"150\">\u00a0 Salmastra<\/td>\n<td bgcolor=\"#e0e0e0\" width=\"150\">\u00a0 Graphite<\/td>\n<\/tr>\n<tr>\n<td bgcolor=\"#005fa4\" width=\"15\">\u00a010<\/td>\n<td bgcolor=\"#005fa4\" width=\"150\">\u00a0 Salmastra Bask\u0131s\u0131<\/td>\n<td bgcolor=\"#005fa4\" width=\"150\">\u00a0 Stainless Steel<\/td>\n<\/tr>\n<tr>\n<td bgcolor=\"#005fa4\" width=\"15\">\u00a011<\/td>\n<td bgcolor=\"#e0e0e0\" width=\"150\">\u00a0 Glend<\/td>\n<td bgcolor=\"#e0e0e0\" width=\"150\">\u00a0 Carbon Steel<\/td>\n<\/tr>\n<tr>\n<td bgcolor=\"#005fa4\" width=\"15\">\u00a012<\/td>\n<td bgcolor=\"#005fa4\" width=\"150\">\u00a0 Kapak \u00c7atal\u0131<\/td>\n<td bgcolor=\"#005fa4\" width=\"150\">\u00a0 Cast Steel<\/td>\n<\/tr>\n<tr>\n<td bgcolor=\"#005fa4\" width=\"15\">\u00a013<\/td>\n<td bgcolor=\"#e0e0e0\" width=\"150\">\u00a0 \u00c7atal Saplamalar\u0131<\/td>\n<td bgcolor=\"#e0e0e0\" width=\"150\">\u00a0 Cr Mo Steel<\/td>\n<\/tr>\n<tr>\n<td bgcolor=\"#005fa4\" width=\"15\">\u00a014<\/td>\n<td bgcolor=\"#005fa4\" width=\"150\">\u00a0 Sapl. Somunu<\/td>\n<td bgcolor=\"#005fa4\" width=\"150\">\u00a0 Carbon Steel<\/td>\n<\/tr>\n<tr>\n<td bgcolor=\"#005fa4\" width=\"15\">\u00a015<\/td>\n<td bgcolor=\"#e0e0e0\" width=\"150\">\u00a0 Hamil (Mil Burcu)<\/td>\n<td bgcolor=\"#e0e0e0\" width=\"150\">\u00a0 Bronze<\/td>\n<\/tr>\n<tr>\n<td bgcolor=\"#005fa4\" width=\"15\">\u00a016<\/td>\n<td bgcolor=\"#005fa4\" width=\"150\">\u00a0 Hamil Somunu<\/td>\n<td bgcolor=\"#005fa4\" width=\"150\">\u00a0 Steel<\/td>\n<\/tr>\n<tr>\n<td bgcolor=\"#005fa4\" width=\"15\">\u00a017<\/td>\n<td bgcolor=\"#e0e0e0\" width=\"150\">\u00a0 Hendil<\/td>\n<td bgcolor=\"#e0e0e0\" width=\"150\">\u00a0 Ductile Iron<\/td>\n<\/tr>\n<tr>\n<td bgcolor=\"#005fa4\" width=\"15\">\u00a018<\/td>\n<td bgcolor=\"#005fa4\" width=\"150\">\u00a0 Hendil Somunu<\/td>\n<td bgcolor=\"#005fa4\" width=\"150\">\u00a0 Steel<\/td>\n<\/tr>\n<tr>\n<td bgcolor=\"#005fa4\" width=\"15\">\u00a019<\/td>\n<td bgcolor=\"#e0e0e0\" width=\"150\">\u00a0 \u0130sim Plakas\u0131<\/td>\n<td bgcolor=\"#e0e0e0\" width=\"150\">\u00a0 Aluminium<\/td>\n<\/tr>\n<\/tbody>\n<\/table>\n<table border=\"0\" width=\"700\" cellspacing=\"0\" cellpadding=\"0\">\n<tbody>\n<tr>\n<td bgcolor=\"#005fa4\">ASA 900 Figure V 2040<\/td>\n<\/tr>\n<\/tbody>\n<\/table>\n<table border=\"0\" width=\"700\" cellspacing=\"0\" cellpadding=\"0\">\n<tbody>\n<tr>\n<td bgcolor=\"#005fa4\" width=\"15\"><\/td>\n<td bgcolor=\"#005fa4\" width=\"50\">\u00a0\u00a0\u00a0\u00a0\u00a0\u00a0\u00a0\u00a0\u00a0 \u00d6l\u00e7\u00fc<\/td>\n<td bgcolor=\"#005fa4\" width=\"15\"><\/td>\n<td bgcolor=\"#005fa4\" width=\"50\">\u00a0 \u00d8 B<\/td>\n<td bgcolor=\"#005fa4\" width=\"50\">\u00a0 \u00d8 G<\/td>\n<td bgcolor=\"#005fa4\" width=\"50\">\u00a0 \u00d8 R<\/td>\n<td bgcolor=\"#005fa4\" width=\"50\">\u00a0 C<\/td>\n<td bgcolor=\"#005fa4\" width=\"50\">\u00a0 \u00d8 dxn<\/td>\n<td bgcolor=\"#005fa4\" width=\"50\">\u00a0 D<\/td>\n<td bgcolor=\"#005fa4\" width=\"50\">\u00a0 H<\/td>\n<td bgcolor=\"#005fa4\" width=\"50\">\u00a0 \u00d8 M<\/td>\n<td bgcolor=\"#005fa4\" width=\"50\">\u00a0 App. W<\/td>\n<\/tr>\n<tr>\n<td bgcolor=\"#005fa4\" width=\"15\"><\/td>\n<td bgcolor=\"#005fa4\" width=\"50\">\u00a0 DN<\/td>\n<td bgcolor=\"#005fa4\" width=\"50\">\u00a0 inch<\/td>\n<td bgcolor=\"#005fa4\" width=\"50\">\u00a0 mm<\/td>\n<td bgcolor=\"#005fa4\" width=\"50\">\u00a0 mm<\/td>\n<td bgcolor=\"#005fa4\" width=\"50\">\u00a0 mm<\/td>\n<td bgcolor=\"#005fa4\" width=\"50\">\u00a0 mm<\/td>\n<td bgcolor=\"#005fa4\" width=\"50\">\u00a0 mm<\/td>\n<td bgcolor=\"#005fa4\" width=\"50\">\u00a0 mm<\/td>\n<td bgcolor=\"#005fa4\" width=\"50\">\u00a0 mm<\/td>\n<td bgcolor=\"#005fa4\" width=\"50\">\u00a0 mm<\/td>\n<td bgcolor=\"#005fa4\" width=\"50\">\u00a0 kg<\/td>\n<\/tr>\n<tr>\n<td bgcolor=\"#005fa4\" width=\"15\"><\/td>\n<td bgcolor=\"#e0e0e0\" width=\"50\">\u00a0 50<\/td>\n<td bgcolor=\"#e0e0e0\" width=\"50\">\u00a0 2<\/td>\n<td bgcolor=\"#e0e0e0\" width=\"50\">\u00a0 215,9<\/td>\n<td bgcolor=\"#e0e0e0\" width=\"50\">\u00a0 165,1<\/td>\n<td bgcolor=\"#e0e0e0\" width=\"50\">\u00a0 92<\/td>\n<td bgcolor=\"#e0e0e0\" width=\"50\">\u00a0 38,1<\/td>\n<td bgcolor=\"#e0e0e0\" width=\"50\">\u00a0 25,4 x 8<\/td>\n<td bgcolor=\"#e0e0e0\" width=\"50\">\u00a0 368,3<\/td>\n<td bgcolor=\"#e0e0e0\" width=\"50\">\u00a0 450<\/td>\n<td bgcolor=\"#e0e0e0\" width=\"50\">\u00a0 300<\/td>\n<td bgcolor=\"#e0e0e0\" width=\"50\">\u00a0 85<\/td>\n<\/tr>\n<tr>\n<td bgcolor=\"#005fa4\" width=\"15\"><\/td>\n<td bgcolor=\"#005fa4\" width=\"50\">\u00a0 65<\/td>\n<td bgcolor=\"#005fa4\" width=\"50\">\u00a0 2 \u00bd<\/td>\n<td bgcolor=\"#005fa4\" width=\"50\">\u00a0 244,4<\/td>\n<td bgcolor=\"#005fa4\" width=\"50\">\u00a0 190,5<\/td>\n<td bgcolor=\"#005fa4\" width=\"50\">\u00a0 104,8<\/td>\n<td bgcolor=\"#005fa4\" width=\"50\">\u00a0 41,1<\/td>\n<td bgcolor=\"#005fa4\" width=\"50\">\u00a0 28,5 x 8<\/td>\n<td bgcolor=\"#005fa4\" width=\"50\">\u00a0 419,1<\/td>\n<td bgcolor=\"#005fa4\" width=\"50\">\u00a0 500<\/td>\n<td bgcolor=\"#005fa4\" width=\"50\">\u00a0 300<\/td>\n<td bgcolor=\"#005fa4\" width=\"50\">\u00a0 90<\/td>\n<\/tr>\n<tr>\n<td bgcolor=\"#005fa4\" width=\"15\"><\/td>\n<td bgcolor=\"#e0e0e0\" width=\"50\">\u00a0 80<\/td>\n<td bgcolor=\"#e0e0e0\" width=\"50\">\u00a0 3<\/td>\n<td bgcolor=\"#e0e0e0\" width=\"50\">\u00a0 241,3<\/td>\n<td bgcolor=\"#e0e0e0\" width=\"50\">\u00a0 190,5<\/td>\n<td bgcolor=\"#e0e0e0\" width=\"50\">\u00a0 127<\/td>\n<td bgcolor=\"#e0e0e0\" width=\"50\">\u00a0 38,1<\/td>\n<td bgcolor=\"#e0e0e0\" width=\"50\">\u00a0 25,4 x 8<\/td>\n<td bgcolor=\"#e0e0e0\" width=\"50\">\u00a0 381<\/td>\n<td bgcolor=\"#e0e0e0\" width=\"50\">\u00a0 530<\/td>\n<td bgcolor=\"#e0e0e0\" width=\"50\">\u00a0 350<\/td>\n<td bgcolor=\"#e0e0e0\" width=\"50\">\u00a0 105<\/td>\n<\/tr>\n<tr>\n<td bgcolor=\"#005fa4\" width=\"15\"><\/td>\n<td bgcolor=\"#005fa4\" width=\"50\">\u00a0 100<\/td>\n<td bgcolor=\"#005fa4\" width=\"50\">\u00a0 4<\/td>\n<td bgcolor=\"#005fa4\" width=\"50\">\u00a0 292,1<\/td>\n<td bgcolor=\"#005fa4\" width=\"50\">\u00a0 235<\/td>\n<td bgcolor=\"#005fa4\" width=\"50\">\u00a0 157,2<\/td>\n<td bgcolor=\"#005fa4\" width=\"50\">\u00a0 44,5<\/td>\n<td bgcolor=\"#005fa4\" width=\"50\">\u00a0 31,8 x 8<\/td>\n<td bgcolor=\"#005fa4\" width=\"50\">\u00a0 457,2<\/td>\n<td bgcolor=\"#005fa4\" width=\"50\">\u00a0 690<\/td>\n<td bgcolor=\"#005fa4\" width=\"50\">\u00a0 400<\/td>\n<td bgcolor=\"#005fa4\" width=\"50\">\u00a0 200<\/td>\n<\/tr>\n<tr>\n<td bgcolor=\"#005fa4\" width=\"15\"><\/td>\n<td bgcolor=\"#e0e0e0\" width=\"50\">\u00a0 150<\/td>\n<td bgcolor=\"#e0e0e0\" width=\"50\">\u00a0 6<\/td>\n<td bgcolor=\"#e0e0e0\" width=\"50\">\u00a0 381<\/td>\n<td bgcolor=\"#e0e0e0\" width=\"50\">\u00a0 317,5<\/td>\n<td bgcolor=\"#e0e0e0\" width=\"50\">\u00a0 215,9<\/td>\n<td bgcolor=\"#e0e0e0\" width=\"50\">\u00a0 55,6<\/td>\n<td bgcolor=\"#e0e0e0\" width=\"50\">\u00a0 31,8 x 12<\/td>\n<td bgcolor=\"#e0e0e0\" width=\"50\">\u00a0 609,6<\/td>\n<td bgcolor=\"#e0e0e0\" width=\"50\">\u00a0 1100<\/td>\n<td bgcolor=\"#e0e0e0\" width=\"50\">\u00a0 500<\/td>\n<td bgcolor=\"#e0e0e0\" width=\"50\">\u00a0 450<\/td>\n<\/tr>\n<tr>\n<td bgcolor=\"#005fa4\" width=\"15\"><\/td>\n<td bgcolor=\"#005fa4\" width=\"50\">\u00a0 200<\/td>\n<td bgcolor=\"#005fa4\" width=\"50\">\u00a0 8<\/td>\n<td bgcolor=\"#005fa4\" width=\"50\">\u00a0 470<\/td>\n<td bgcolor=\"#005fa4\" width=\"50\">\u00a0 393,7<\/td>\n<td bgcolor=\"#005fa4\" width=\"50\">\u00a0 269,9<\/td>\n<td bgcolor=\"#005fa4\" width=\"50\">\u00a0 63,5<\/td>\n<td bgcolor=\"#005fa4\" width=\"50\">\u00a0 38,1 x 12<\/td>\n<td bgcolor=\"#005fa4\" width=\"50\">\u00a0 736,6<\/td>\n<td bgcolor=\"#005fa4\" width=\"50\">\u00a0 1130<\/td>\n<td bgcolor=\"#005fa4\" width=\"50\">\u00a0 600<\/td>\n<td bgcolor=\"#005fa4\" width=\"50\">\u00a0 630<\/td>\n<\/tr>\n<tr>\n<td bgcolor=\"#005fa4\" width=\"15\"><\/td>\n<td bgcolor=\"#e0e0e0\" width=\"50\">\u00a0 250<\/td>\n<td bgcolor=\"#e0e0e0\" width=\"50\">\u00a0 10<\/td>\n<td bgcolor=\"#e0e0e0\" width=\"50\">\u00a0 546,1<\/td>\n<td bgcolor=\"#e0e0e0\" width=\"50\">\u00a0 469,9<\/td>\n<td bgcolor=\"#e0e0e0\" width=\"50\">\u00a0 323,8<\/td>\n<td bgcolor=\"#e0e0e0\" width=\"50\">\u00a0 69,9<\/td>\n<td bgcolor=\"#e0e0e0\" width=\"50\">\u00a0 38,1 x 16<\/td>\n<td bgcolor=\"#e0e0e0\" width=\"50\">\u00a0 838,2<\/td>\n<td bgcolor=\"#e0e0e0\" width=\"50\">\u00a0 1255<\/td>\n<td bgcolor=\"#e0e0e0\" width=\"50\">\u00a0 680<\/td>\n<td bgcolor=\"#e0e0e0\" width=\"50\">\u00a0 950<\/td>\n<\/tr>\n<tr>\n<td bgcolor=\"#005fa4\" width=\"15\"><\/td>\n<td bgcolor=\"#005fa4\" width=\"50\">\u00a0 300<\/td>\n<td bgcolor=\"#005fa4\" width=\"50\">\u00a0 12<\/td>\n<td bgcolor=\"#005fa4\" width=\"50\">\u00a0 609,6<\/td>\n<td bgcolor=\"#005fa4\" width=\"50\">\u00a0 533,4<\/td>\n<td bgcolor=\"#005fa4\" width=\"50\">\u00a0 381<\/td>\n<td bgcolor=\"#005fa4\" width=\"50\">\u00a0 79,2<\/td>\n<td bgcolor=\"#005fa4\" width=\"50\">\u00a0 38,1 x 20<\/td>\n<td bgcolor=\"#005fa4\" width=\"50\">\u00a0 965,2<\/td>\n<td bgcolor=\"#005fa4\" width=\"50\">\u00a0 1300<\/td>\n<td bgcolor=\"#005fa4\" width=\"50\">\u00a0 780<\/td>\n<td bgcolor=\"#005fa4\" width=\"50\">\u00a0 1225<\/td>\n<\/tr>\n<\/tbody>\n<\/table>\n<p>&nbsp;<\/p>\n<table border=\"0\" width=\"700\" cellspacing=\"0\" cellpadding=\"0\">\n<tbody>\n<tr>\n<td bgcolor=\"#005fa4\">\u00a0 ASA 1500 Figure V 2050<\/td>\n<\/tr>\n<\/tbody>\n<\/table>\n<table border=\"0\" width=\"700\" cellspacing=\"0\" cellpadding=\"0\">\n<tbody>\n<tr>\n<td bgcolor=\"#005fa4\" width=\"15\"><\/td>\n<td bgcolor=\"#005fa4\" width=\"50\">\u00a0\u00a0\u00a0\u00a0\u00a0\u00a0\u00a0\u00a0\u00a0 \u00d6l\u00e7\u00fc<\/td>\n<td bgcolor=\"#005fa4\" width=\"15\"><\/td>\n<td bgcolor=\"#005fa4\" width=\"50\">\u00a0 \u00d8 B<\/td>\n<td bgcolor=\"#005fa4\" width=\"50\">\u00a0 \u00d8 G<\/td>\n<td bgcolor=\"#005fa4\" width=\"50\">\u00a0 \u00d8 R<\/td>\n<td bgcolor=\"#005fa4\" width=\"50\">\u00a0 C<\/td>\n<td bgcolor=\"#005fa4\" width=\"50\">\u00a0 \u00d8 dxn<\/td>\n<td bgcolor=\"#005fa4\" width=\"50\">\u00a0 D<\/td>\n<td bgcolor=\"#005fa4\" width=\"50\">\u00a0 H<\/td>\n<td bgcolor=\"#005fa4\" width=\"50\">\u00a0 \u00d8 M<\/td>\n<td bgcolor=\"#005fa4\" width=\"50\">\u00a0 App. W<\/td>\n<\/tr>\n<tr>\n<td bgcolor=\"#005fa4\" width=\"15\"><\/td>\n<td bgcolor=\"#005fa4\" width=\"50\">\u00a0 DN<\/td>\n<td bgcolor=\"#005fa4\" width=\"50\">\u00a0 inch<\/td>\n<td bgcolor=\"#005fa4\" width=\"50\">\u00a0 mm<\/td>\n<td bgcolor=\"#005fa4\" width=\"50\">\u00a0 mm<\/td>\n<td bgcolor=\"#005fa4\" width=\"50\">\u00a0 mm<\/td>\n<td bgcolor=\"#005fa4\" width=\"50\">\u00a0 mm<\/td>\n<td bgcolor=\"#005fa4\" width=\"50\">\u00a0 mm<\/td>\n<td bgcolor=\"#005fa4\" width=\"50\">\u00a0 mm<\/td>\n<td bgcolor=\"#005fa4\" width=\"50\">\u00a0 mm<\/td>\n<td bgcolor=\"#005fa4\" width=\"50\">\u00a0 mm<\/td>\n<td bgcolor=\"#005fa4\" width=\"50\">\u00a0 kg<\/td>\n<\/tr>\n<tr>\n<td bgcolor=\"#005fa4\" width=\"15\"><\/td>\n<td bgcolor=\"#e0e0e0\" width=\"50\">\u00a0 50<\/td>\n<td bgcolor=\"#e0e0e0\" width=\"50\">\u00a0 2<\/td>\n<td bgcolor=\"#e0e0e0\" width=\"50\">\u00a0 215,9<\/td>\n<td bgcolor=\"#e0e0e0\" width=\"50\">\u00a0 165,1<\/td>\n<td bgcolor=\"#e0e0e0\" width=\"50\">\u00a0 92<\/td>\n<td bgcolor=\"#e0e0e0\" width=\"50\">\u00a0 38,1<\/td>\n<td bgcolor=\"#e0e0e0\" width=\"50\">\u00a0 25,4 x 8<\/td>\n<td bgcolor=\"#e0e0e0\" width=\"50\">\u00a0 368,3<\/td>\n<td bgcolor=\"#e0e0e0\" width=\"50\">\u00a0 550<\/td>\n<td bgcolor=\"#e0e0e0\" width=\"50\">\u00a0 300<\/td>\n<td bgcolor=\"#e0e0e0\" width=\"50\">\u00a0 75<\/td>\n<\/tr>\n<tr>\n<td bgcolor=\"#005fa4\" width=\"15\"><\/td>\n<td bgcolor=\"#005fa4\" width=\"50\">\u00a0 65<\/td>\n<td bgcolor=\"#005fa4\" width=\"50\">\u00a0 2 \u00bd<\/td>\n<td bgcolor=\"#005fa4\" width=\"50\">\u00a0 244,4<\/td>\n<td bgcolor=\"#005fa4\" width=\"50\">\u00a0 190,5<\/td>\n<td bgcolor=\"#005fa4\" width=\"50\">\u00a0 104,8<\/td>\n<td bgcolor=\"#005fa4\" width=\"50\">\u00a0 41,1<\/td>\n<td bgcolor=\"#005fa4\" width=\"50\">\u00a0 28,5 x 8<\/td>\n<td bgcolor=\"#005fa4\" width=\"50\">\u00a0 419,1<\/td>\n<td bgcolor=\"#005fa4\" width=\"50\">\u00a0 500<\/td>\n<td bgcolor=\"#005fa4\" width=\"50\">\u00a0 300<\/td>\n<td bgcolor=\"#005fa4\" width=\"50\">\u00a0 92<\/td>\n<\/tr>\n<tr>\n<td bgcolor=\"#005fa4\" width=\"15\"><\/td>\n<td bgcolor=\"#e0e0e0\" width=\"50\">\u00a0 80<\/td>\n<td bgcolor=\"#e0e0e0\" width=\"50\">\u00a0 3<\/td>\n<td bgcolor=\"#e0e0e0\" width=\"50\">\u00a0 266,7<\/td>\n<td bgcolor=\"#e0e0e0\" width=\"50\">\u00a0 203,2<\/td>\n<td bgcolor=\"#e0e0e0\" width=\"50\">\u00a0 127<\/td>\n<td bgcolor=\"#e0e0e0\" width=\"50\">\u00a0 47,8<\/td>\n<td bgcolor=\"#e0e0e0\" width=\"50\">\u00a0 31,8 x 8<\/td>\n<td bgcolor=\"#e0e0e0\" width=\"50\">\u00a0 470<\/td>\n<td bgcolor=\"#e0e0e0\" width=\"50\">\u00a0 560<\/td>\n<td bgcolor=\"#e0e0e0\" width=\"50\">\u00a0 350<\/td>\n<td bgcolor=\"#e0e0e0\" width=\"50\">\u00a0 135<\/td>\n<\/tr>\n<tr>\n<td bgcolor=\"#005fa4\" width=\"15\"><\/td>\n<td bgcolor=\"#005fa4\" width=\"50\">\u00a0 100<\/td>\n<td bgcolor=\"#005fa4\" width=\"50\">\u00a0 4<\/td>\n<td bgcolor=\"#005fa4\" width=\"50\">\u00a0 311,1<\/td>\n<td bgcolor=\"#005fa4\" width=\"50\">\u00a0 241,3<\/td>\n<td bgcolor=\"#005fa4\" width=\"50\">\u00a0 157,2<\/td>\n<td bgcolor=\"#005fa4\" width=\"50\">\u00a0 53,8<\/td>\n<td bgcolor=\"#005fa4\" width=\"50\">\u00a0 35 x 8<\/td>\n<td bgcolor=\"#005fa4\" width=\"50\">\u00a0 546,1<\/td>\n<td bgcolor=\"#005fa4\" width=\"50\">\u00a0 640<\/td>\n<td bgcolor=\"#005fa4\" width=\"50\">\u00a0 500<\/td>\n<td bgcolor=\"#005fa4\" width=\"50\">\u00a0 204<\/td>\n<\/tr>\n<tr>\n<td bgcolor=\"#005fa4\" width=\"15\"><\/td>\n<td bgcolor=\"#e0e0e0\" width=\"50\">\u00a0 150<\/td>\n<td bgcolor=\"#e0e0e0\" width=\"50\">\u00a0 6<\/td>\n<td bgcolor=\"#e0e0e0\" width=\"50\">\u00a0 393,7<\/td>\n<td bgcolor=\"#e0e0e0\" width=\"50\">\u00a0 317,5<\/td>\n<td bgcolor=\"#e0e0e0\" width=\"50\">\u00a0 215,9<\/td>\n<td bgcolor=\"#e0e0e0\" width=\"50\">\u00a0 82,6<\/td>\n<td bgcolor=\"#e0e0e0\" width=\"50\">\u00a0 38,1 x 12<\/td>\n<td bgcolor=\"#e0e0e0\" width=\"50\">\u00a0 704,9<\/td>\n<td bgcolor=\"#e0e0e0\" width=\"50\">\u00a0 900<\/td>\n<td bgcolor=\"#e0e0e0\" width=\"50\">\u00a0 600<\/td>\n<td bgcolor=\"#e0e0e0\" width=\"50\">\u00a0 450<\/td>\n<\/tr>\n<tr>\n<td bgcolor=\"#005fa4\" width=\"15\"><\/td>\n<td bgcolor=\"#005fa4\" width=\"50\">\u00a0 200<\/td>\n<td bgcolor=\"#005fa4\" width=\"50\">\u00a0 8<\/td>\n<td bgcolor=\"#005fa4\" width=\"50\">\u00a0 482,6<\/td>\n<td bgcolor=\"#005fa4\" width=\"50\">\u00a0 393,7<\/td>\n<td bgcolor=\"#005fa4\" width=\"50\">\u00a0 269,9<\/td>\n<td bgcolor=\"#005fa4\" width=\"50\">\u00a0 91,9<\/td>\n<td bgcolor=\"#005fa4\" width=\"50\">\u00a0 44,5 x 12<\/td>\n<td bgcolor=\"#005fa4\" width=\"50\">\u00a0 831,9<\/td>\n<td bgcolor=\"#005fa4\" width=\"50\">\u00a0 1130<\/td>\n<td bgcolor=\"#005fa4\" width=\"50\">\u00a0 685<\/td>\n<td bgcolor=\"#005fa4\" width=\"50\">\u00a0 750<\/td>\n<\/tr>\n<tr>\n<td bgcolor=\"#005fa4\" width=\"15\"><\/td>\n<td bgcolor=\"#e0e0e0\" width=\"50\">\u00a0 250<\/td>\n<td bgcolor=\"#e0e0e0\" width=\"50\">\u00a0 10<\/td>\n<td bgcolor=\"#e0e0e0\" width=\"50\">\u00a0 584,2<\/td>\n<td bgcolor=\"#e0e0e0\" width=\"50\">\u00a0 482,6<\/td>\n<td bgcolor=\"#e0e0e0\" width=\"50\">\u00a0 323,8<\/td>\n<td bgcolor=\"#e0e0e0\" width=\"50\">\u00a0 108<\/td>\n<td bgcolor=\"#e0e0e0\" width=\"50\">\u00a0 50,8 x 12<\/td>\n<td bgcolor=\"#e0e0e0\" width=\"50\">\u00a0 990,6<\/td>\n<td bgcolor=\"#e0e0e0\" width=\"50\">\u00a0 1240<\/td>\n<td bgcolor=\"#e0e0e0\" width=\"50\">\u00a0 900<\/td>\n<td bgcolor=\"#e0e0e0\" width=\"50\">\u00a0 1200<\/td>\n<\/tr>\n<tr>\n<td bgcolor=\"#005fa4\" width=\"15\"><\/td>\n<td bgcolor=\"#005fa4\" width=\"50\">\u00a0 300<\/td>\n<td bgcolor=\"#005fa4\" width=\"50\">\u00a0 12<\/td>\n<td bgcolor=\"#005fa4\" width=\"50\">\u00a0 673,1<\/td>\n<td bgcolor=\"#005fa4\" width=\"50\">\u00a0 571,5<\/td>\n<td bgcolor=\"#005fa4\" width=\"50\">\u00a0 381<\/td>\n<td bgcolor=\"#005fa4\" width=\"50\">\u00a0 124<\/td>\n<td bgcolor=\"#005fa4\" width=\"50\">\u00a0 53,8 x 16<\/td>\n<td bgcolor=\"#005fa4\" width=\"50\">\u00a0 1130,3<\/td>\n<td bgcolor=\"#005fa4\" width=\"50\">\u00a0 1385<\/td>\n<td bgcolor=\"#005fa4\" width=\"50\">\u00a0 1100<\/td>\n<td bgcolor=\"#005fa4\" width=\"50\">\u00a0 2060<\/td>\n<\/tr>\n<\/tbody>\n<\/table>\n","protected":false},"excerpt":{"rendered":"<p>Bu tip vanalar i\u00e7erisinden ak\u0131\u015f esnas\u0131nda bas\u0131n\u00e7 d\u00fc\u015fmesi istenmeyen yerlerde kullan\u0131l\u0131r.<\/p>\n<p>Tam a\u00e7\u0131k ya da tam kapal\u0131 olarak kullan\u0131l\u0131rlar.<\/p>\n<p>Yar\u0131 a\u00e7\u0131k konumda kullan\u0131ld\u0131klar\u0131 takdirde i\u00e7erisinden ge\u00e7en ak\u0131\u015fkan\u0131n h\u0131z\u0131 s\u00fcrg\u00fcn\u00fcn titre\u015fimine ve bunun sonucunda hasar\u0131na neden olur.<\/p>\n<p>Gate vanalarda k\u0131sarak bo\u011fma i\u015flemi yap\u0131lamaz.<\/p>\n","protected":false},"featured_media":2846,"template":"","meta":[],"product_cat":[355],"product_tag":[],"class_list":["post-2849","product","type-product","status-publish","has-post-thumbnail","hentry","product_cat-dokum-celik-gate-valfler"],"_links":{"self":[{"href":"https:\/\/notronvalve.com\/tr\/wp-json\/wp\/v2\/product\/2849","targetHints":{"allow":["GET"]}}],"collection":[{"href":"https:\/\/notronvalve.com\/tr\/wp-json\/wp\/v2\/product"}],"about":[{"href":"https:\/\/notronvalve.com\/tr\/wp-json\/wp\/v2\/types\/product"}],"wp:featuredmedia":[{"embeddable":true,"href":"https:\/\/notronvalve.com\/tr\/wp-json\/wp\/v2\/media\/2846"}],"wp:attachment":[{"href":"https:\/\/notronvalve.com\/tr\/wp-json\/wp\/v2\/media?parent=2849"}],"wp:term":[{"taxonomy":"product_cat","embeddable":true,"href":"https:\/\/notronvalve.com\/tr\/wp-json\/wp\/v2\/product_cat?post=2849"},{"taxonomy":"product_tag","embeddable":true,"href":"https:\/\/notronvalve.com\/tr\/wp-json\/wp\/v2\/product_tag?post=2849"}],"curies":[{"name":"wp","href":"https:\/\/api.w.org\/{rel}","templated":true}]}}