{"id":2803,"date":"2023-09-05T10:24:46","date_gmt":"2023-09-05T07:24:46","guid":{"rendered":"https:\/\/notronvalve.com\/?post_type=product&#038;p=2803"},"modified":"2023-09-05T10:43:36","modified_gmt":"2023-09-05T07:43:36","slug":"asa-600","status":"publish","type":"product","link":"https:\/\/notronvalve.com\/tr\/urun\/asa-600\/","title":{"rendered":"ASA 600"},"content":{"rendered":"<table border=\"0\" width=\"700\" cellspacing=\"0\" cellpadding=\"0\">\n<tbody>\n<tr>\n<td bgcolor=\"#005fa4\">\u00a0ASA 600 Figure V 2030<\/td>\n<\/tr>\n<\/tbody>\n<\/table>\n<table border=\"0\" width=\"700\" cellspacing=\"0\" cellpadding=\"0\">\n<tbody>\n<tr>\n<td bgcolor=\"#005fa4\" width=\"15\"><\/td>\n<td bgcolor=\"#005fa4\" width=\"50\">\u00a0\u00a0\u00a0\u00a0\u00a0\u00a0\u00a0\u00a0\u00a0 \u00d6l\u00e7\u00fc<\/td>\n<td bgcolor=\"#005fa4\" width=\"15\"><\/td>\n<td bgcolor=\"#005fa4\" width=\"50\">\u00a0 \u00d8 B<\/td>\n<td bgcolor=\"#005fa4\" width=\"50\">\u00a0 \u00d8 G<\/td>\n<td bgcolor=\"#005fa4\" width=\"50\">\u00a0 \u00d8 R<\/td>\n<td bgcolor=\"#005fa4\" width=\"50\">\u00a0 C<\/td>\n<td bgcolor=\"#005fa4\" width=\"50\">\u00a0 \u00d8 dxn<\/td>\n<td bgcolor=\"#005fa4\" width=\"50\">\u00a0 D<\/td>\n<td bgcolor=\"#005fa4\" width=\"50\">\u00a0 H<\/td>\n<td bgcolor=\"#005fa4\" width=\"50\">\u00a0 \u00d8 M<\/td>\n<td bgcolor=\"#005fa4\" width=\"50\">\u00a0 App. W<\/td>\n<\/tr>\n<tr>\n<td bgcolor=\"#005fa4\" width=\"15\"><\/td>\n<td bgcolor=\"#005fa4\" width=\"50\">\u00a0 inch<\/td>\n<td bgcolor=\"#005fa4\" width=\"50\">\u00a0 mm<\/td>\n<td bgcolor=\"#005fa4\" width=\"50\">\u00a0 mm<\/td>\n<td bgcolor=\"#005fa4\" width=\"50\">\u00a0 mm<\/td>\n<td bgcolor=\"#005fa4\" width=\"50\">\u00a0 mm<\/td>\n<td bgcolor=\"#005fa4\" width=\"50\">\u00a0 mm<\/td>\n<td bgcolor=\"#005fa4\" width=\"50\">\u00a0 mm<\/td>\n<td bgcolor=\"#005fa4\" width=\"50\">\u00a0 mm<\/td>\n<td bgcolor=\"#005fa4\" width=\"50\">\u00a0 mm<\/td>\n<td bgcolor=\"#005fa4\" width=\"50\">\u00a0 mm<\/td>\n<td bgcolor=\"#005fa4\" width=\"50\">\u00a0 kg<\/td>\n<\/tr>\n<tr>\n<td bgcolor=\"#005fa4\" width=\"15\"><\/td>\n<td bgcolor=\"#e0e0e0\" width=\"50\">\u00a0 2<\/td>\n<td bgcolor=\"#e0e0e0\" width=\"50\">\u00a0 50<\/td>\n<td bgcolor=\"#e0e0e0\" width=\"50\">\u00a0 165,1<\/td>\n<td bgcolor=\"#e0e0e0\" width=\"50\">\u00a0 127<\/td>\n<td bgcolor=\"#e0e0e0\" width=\"50\">\u00a0 92<\/td>\n<td bgcolor=\"#e0e0e0\" width=\"50\">\u00a0 25,4<\/td>\n<td bgcolor=\"#e0e0e0\" width=\"50\">\u00a0 19 x 8<\/td>\n<td bgcolor=\"#e0e0e0\" width=\"50\">\u00a0 292,1<\/td>\n<td bgcolor=\"#e0e0e0\" width=\"50\">\u00a0 375<\/td>\n<td bgcolor=\"#e0e0e0\" width=\"50\">\u00a0 200<\/td>\n<td bgcolor=\"#e0e0e0\" width=\"50\">\u00a0 36<\/td>\n<\/tr>\n<tr>\n<td bgcolor=\"#005fa4\" width=\"15\"><\/td>\n<td bgcolor=\"#005fa4\" width=\"50\">\u00a0 2 \u00bd<\/td>\n<td bgcolor=\"#005fa4\" width=\"50\">\u00a0 65<\/td>\n<td bgcolor=\"#005fa4\" width=\"50\">\u00a0 190,5<\/td>\n<td bgcolor=\"#005fa4\" width=\"50\">\u00a0 149,3<\/td>\n<td bgcolor=\"#005fa4\" width=\"50\">\u00a0 104,8<\/td>\n<td bgcolor=\"#005fa4\" width=\"50\">\u00a0 28,4<\/td>\n<td bgcolor=\"#005fa4\" width=\"50\">\u00a0 22,2 x 8<\/td>\n<td bgcolor=\"#005fa4\" width=\"50\">\u00a0 330,2<\/td>\n<td bgcolor=\"#005fa4\" width=\"50\">\u00a0 415<\/td>\n<td bgcolor=\"#005fa4\" width=\"50\">\u00a0 230<\/td>\n<td bgcolor=\"#005fa4\" width=\"50\">\u00a0 42<\/td>\n<\/tr>\n<tr>\n<td bgcolor=\"#005fa4\" width=\"15\"><\/td>\n<td bgcolor=\"#e0e0e0\" width=\"50\">\u00a0 3<\/td>\n<td bgcolor=\"#e0e0e0\" width=\"50\">\u00a0 80<\/td>\n<td bgcolor=\"#e0e0e0\" width=\"50\">\u00a0 209,6<\/td>\n<td bgcolor=\"#e0e0e0\" width=\"50\">\u00a0 168,3<\/td>\n<td bgcolor=\"#e0e0e0\" width=\"50\">\u00a0 127<\/td>\n<td bgcolor=\"#e0e0e0\" width=\"50\">\u00a0 31,8<\/td>\n<td bgcolor=\"#e0e0e0\" width=\"50\">\u00a0 22,2 x 8<\/td>\n<td bgcolor=\"#e0e0e0\" width=\"50\">\u00a0 355,6<\/td>\n<td bgcolor=\"#e0e0e0\" width=\"50\">\u00a0 455<\/td>\n<td bgcolor=\"#e0e0e0\" width=\"50\">\u00a0 250<\/td>\n<td bgcolor=\"#e0e0e0\" width=\"50\">\u00a0 75<\/td>\n<\/tr>\n<tr>\n<td bgcolor=\"#005fa4\" width=\"15\"><\/td>\n<td bgcolor=\"#005fa4\" width=\"50\">\u00a0 4<\/td>\n<td bgcolor=\"#005fa4\" width=\"50\">\u00a0 100<\/td>\n<td bgcolor=\"#005fa4\" width=\"50\">\u00a0 273<\/td>\n<td bgcolor=\"#005fa4\" width=\"50\">\u00a0 215,9<\/td>\n<td bgcolor=\"#005fa4\" width=\"50\">\u00a0 157,2<\/td>\n<td bgcolor=\"#005fa4\" width=\"50\">\u00a0 38,1<\/td>\n<td bgcolor=\"#005fa4\" width=\"50\">\u00a0 25,4 x 8<\/td>\n<td bgcolor=\"#005fa4\" width=\"50\">\u00a0 431,8<\/td>\n<td bgcolor=\"#005fa4\" width=\"50\">\u00a0 555<\/td>\n<td bgcolor=\"#005fa4\" width=\"50\">\u00a0 350<\/td>\n<td bgcolor=\"#005fa4\" width=\"50\">\u00a0 123<\/td>\n<\/tr>\n<tr>\n<td bgcolor=\"#005fa4\" width=\"15\"><\/td>\n<td bgcolor=\"#e0e0e0\" width=\"50\">\u00a0 6<\/td>\n<td bgcolor=\"#e0e0e0\" width=\"50\">\u00a0 150<\/td>\n<td bgcolor=\"#e0e0e0\" width=\"50\">\u00a0 355,6<\/td>\n<td bgcolor=\"#e0e0e0\" width=\"50\">\u00a0 292,1<\/td>\n<td bgcolor=\"#e0e0e0\" width=\"50\">\u00a0 215,9<\/td>\n<td bgcolor=\"#e0e0e0\" width=\"50\">\u00a0 47,8<\/td>\n<td bgcolor=\"#e0e0e0\" width=\"50\">\u00a0 28,5 x 12<\/td>\n<td bgcolor=\"#e0e0e0\" width=\"50\">\u00a0 558,8<\/td>\n<td bgcolor=\"#e0e0e0\" width=\"50\">\u00a0 800<\/td>\n<td bgcolor=\"#e0e0e0\" width=\"50\">\u00a0 500<\/td>\n<td bgcolor=\"#e0e0e0\" width=\"50\">\u00a0 290<\/td>\n<\/tr>\n<tr>\n<td bgcolor=\"#005fa4\" width=\"15\"><\/td>\n<td bgcolor=\"#005fa4\" width=\"50\">\u00a0 8<\/td>\n<td bgcolor=\"#005fa4\" width=\"50\">\u00a0 200<\/td>\n<td bgcolor=\"#005fa4\" width=\"50\">\u00a0 419,1<\/td>\n<td bgcolor=\"#005fa4\" width=\"50\">\u00a0 349,2<\/td>\n<td bgcolor=\"#005fa4\" width=\"50\">\u00a0 269,9<\/td>\n<td bgcolor=\"#005fa4\" width=\"50\">\u00a0 55,6<\/td>\n<td bgcolor=\"#005fa4\" width=\"50\">\u00a0 31,8 x 12<\/td>\n<td bgcolor=\"#005fa4\" width=\"50\">\u00a0 660,4<\/td>\n<td bgcolor=\"#005fa4\" width=\"50\">\u00a0 930<\/td>\n<td bgcolor=\"#005fa4\" width=\"50\">\u00a0 600<\/td>\n<td bgcolor=\"#005fa4\" width=\"50\">\u00a0 420<\/td>\n<\/tr>\n<tr>\n<td bgcolor=\"#005fa4\" width=\"15\"><\/td>\n<td bgcolor=\"#e0e0e0\" width=\"50\">\u00a0 10<\/td>\n<td bgcolor=\"#e0e0e0\" width=\"50\">\u00a0 250<\/td>\n<td bgcolor=\"#e0e0e0\" width=\"50\">\u00a0 508<\/td>\n<td bgcolor=\"#e0e0e0\" width=\"50\">\u00a0 431,8<\/td>\n<td bgcolor=\"#e0e0e0\" width=\"50\">\u00a0 323,8<\/td>\n<td bgcolor=\"#e0e0e0\" width=\"50\">\u00a0 63,5<\/td>\n<td bgcolor=\"#e0e0e0\" width=\"50\">\u00a0 35 x 16<\/td>\n<td bgcolor=\"#e0e0e0\" width=\"50\">\u00a0 787,4<\/td>\n<td bgcolor=\"#e0e0e0\" width=\"50\">\u00a0 1125<\/td>\n<td bgcolor=\"#e0e0e0\" width=\"50\">\u00a0 800<\/td>\n<td bgcolor=\"#e0e0e0\" width=\"50\">\u00a0 700<\/td>\n<\/tr>\n<tr>\n<td bgcolor=\"#005fa4\" width=\"15\"><\/td>\n<td bgcolor=\"#005fa4\" width=\"50\">\u00a0 12<\/td>\n<td bgcolor=\"#005fa4\" width=\"50\">\u00a0 300<\/td>\n<td bgcolor=\"#005fa4\" width=\"50\">\u00a0 558,8<\/td>\n<td bgcolor=\"#005fa4\" width=\"50\">\u00a0 489<\/td>\n<td bgcolor=\"#005fa4\" width=\"50\">\u00a0 381<\/td>\n<td bgcolor=\"#005fa4\" width=\"50\">\u00a0 66,5<\/td>\n<td bgcolor=\"#005fa4\" width=\"50\">\u00a0 35 x 20<\/td>\n<td bgcolor=\"#005fa4\" width=\"50\">\u00a0 838,2<\/td>\n<td bgcolor=\"#005fa4\" width=\"50\">\u00a0 1400<\/td>\n<td bgcolor=\"#005fa4\" width=\"50\">\u00a0 800<\/td>\n<td bgcolor=\"#005fa4\" width=\"50\">\u00a0 1020<\/td>\n<\/tr>\n<tr>\n<td bgcolor=\"#005fa4\" width=\"15\"><\/td>\n<td bgcolor=\"#e0e0e0\" width=\"50\">\u00a0 14<\/td>\n<td bgcolor=\"#e0e0e0\" width=\"50\">\u00a0 350<\/td>\n<td bgcolor=\"#e0e0e0\" width=\"50\">\u00a0 603,3<\/td>\n<td bgcolor=\"#e0e0e0\" width=\"50\">\u00a0 527<\/td>\n<td bgcolor=\"#e0e0e0\" width=\"50\">\u00a0 412,8<\/td>\n<td bgcolor=\"#e0e0e0\" width=\"50\">\u00a0 69,9<\/td>\n<td bgcolor=\"#e0e0e0\" width=\"50\">\u00a0 38,1 x 20<\/td>\n<td bgcolor=\"#e0e0e0\" width=\"50\">\u00a0 889<\/td>\n<td bgcolor=\"#e0e0e0\" width=\"50\">\u00a0 1570<\/td>\n<td bgcolor=\"#e0e0e0\" width=\"50\">\u00a0 800<\/td>\n<td bgcolor=\"#e0e0e0\" width=\"50\">\u00a0 1450<\/td>\n<\/tr>\n<tr>\n<td bgcolor=\"#005fa4\" width=\"15\"><\/td>\n<td bgcolor=\"#005fa4\" width=\"50\">\u00a0 16<\/td>\n<td bgcolor=\"#005fa4\" width=\"50\">\u00a0 400<\/td>\n<td bgcolor=\"#005fa4\" width=\"50\">\u00a0 685,8<\/td>\n<td bgcolor=\"#005fa4\" width=\"50\">\u00a0 603,2<\/td>\n<td bgcolor=\"#005fa4\" width=\"50\">\u00a0 469,9<\/td>\n<td bgcolor=\"#005fa4\" width=\"50\">\u00a0 76,2<\/td>\n<td bgcolor=\"#005fa4\" width=\"50\">\u00a0 41,1 x 20<\/td>\n<td bgcolor=\"#005fa4\" width=\"50\">\u00a0 990,6<\/td>\n<td bgcolor=\"#005fa4\" width=\"50\">\u00a0 1625<\/td>\n<td bgcolor=\"#005fa4\" width=\"50\">\u00a0 800<\/td>\n<td bgcolor=\"#005fa4\" width=\"50\">\u00a0 1820<\/td>\n<\/tr>\n<tr>\n<td bgcolor=\"#005fa4\" width=\"15\"><\/td>\n<td bgcolor=\"#e0e0e0\" width=\"50\">\u00a0 18<\/td>\n<td bgcolor=\"#e0e0e0\" width=\"50\">\u00a0 450<\/td>\n<td bgcolor=\"#e0e0e0\" width=\"50\">\u00a0 743<\/td>\n<td bgcolor=\"#e0e0e0\" width=\"50\">\u00a0 654<\/td>\n<td bgcolor=\"#e0e0e0\" width=\"50\">\u00a0 533,4<\/td>\n<td bgcolor=\"#e0e0e0\" width=\"50\">\u00a0 82,6<\/td>\n<td bgcolor=\"#e0e0e0\" width=\"50\">\u00a0 44,5 x 20<\/td>\n<td bgcolor=\"#e0e0e0\" width=\"50\">\u00a0 1092,2<\/td>\n<td bgcolor=\"#e0e0e0\" width=\"50\">\u00a0 2250<\/td>\n<td bgcolor=\"#e0e0e0\" width=\"50\">\u00a0 1000<\/td>\n<td bgcolor=\"#e0e0e0\" width=\"50\">\u00a0 1990<\/td>\n<\/tr>\n<tr>\n<td bgcolor=\"#005fa4\" width=\"15\"><\/td>\n<td bgcolor=\"#005fa4\" width=\"50\">\u00a0 20<\/td>\n<td bgcolor=\"#005fa4\" width=\"50\">\u00a0 500<\/td>\n<td bgcolor=\"#005fa4\" width=\"50\">\u00a0 812,8<\/td>\n<td bgcolor=\"#005fa4\" width=\"50\">\u00a0 723,9<\/td>\n<td bgcolor=\"#005fa4\" width=\"50\">\u00a0 584,2<\/td>\n<td bgcolor=\"#005fa4\" width=\"50\">\u00a0 88,9<\/td>\n<td bgcolor=\"#005fa4\" width=\"50\">\u00a0 44,5 x 24<\/td>\n<td bgcolor=\"#005fa4\" width=\"50\">\u00a0 1193,8<\/td>\n<td bgcolor=\"#005fa4\" width=\"50\">\u00a0 2400<\/td>\n<td bgcolor=\"#005fa4\" width=\"50\">\u00a0 1400<\/td>\n<td bgcolor=\"#005fa4\" width=\"50\">\u00a0 2410<\/td>\n<\/tr>\n<tr>\n<td bgcolor=\"#005fa4\" width=\"15\"><\/td>\n<td bgcolor=\"#e0e0e0\" width=\"50\">\u00a0 24<\/td>\n<td bgcolor=\"#e0e0e0\" width=\"50\">\u00a0 600<\/td>\n<td bgcolor=\"#e0e0e0\" width=\"50\">\u00a0 939,8<\/td>\n<td bgcolor=\"#e0e0e0\" width=\"50\">\u00a0 838,2<\/td>\n<td bgcolor=\"#e0e0e0\" width=\"50\">\u00a0 692,2<\/td>\n<td bgcolor=\"#e0e0e0\" width=\"50\">\u00a0 101,6<\/td>\n<td bgcolor=\"#e0e0e0\" width=\"50\">\u00a0 50,8 x 24<\/td>\n<td bgcolor=\"#e0e0e0\" width=\"50\">\u00a0 1397<\/td>\n<td bgcolor=\"#e0e0e0\" width=\"50\">\u00a0 3000<\/td>\n<td bgcolor=\"#e0e0e0\" width=\"50\">\u00a0 1500<\/td>\n<td bgcolor=\"#e0e0e0\" width=\"50\">\u00a0 3990<\/td>\n<\/tr>\n<\/tbody>\n<\/table>\n","protected":false},"excerpt":{"rendered":"<p>Bu tip vanalar i\u00e7erisinden ak\u0131\u015f esnas\u0131nda bas\u0131n\u00e7 d\u00fc\u015fmesi istenmeyen yerlerde kullan\u0131l\u0131r.<\/p>\n<p>Tam a\u00e7\u0131k ya da tam kapal\u0131 olarak kullan\u0131l\u0131rlar.<\/p>\n<p>Yar\u0131 a\u00e7\u0131k konumda kullan\u0131ld\u0131klar\u0131 takdirde i\u00e7erisinden ge\u00e7en ak\u0131\u015fkan\u0131n h\u0131z\u0131 s\u00fcrg\u00fcn\u00fcn titre\u015fimine ve bunun sonucunda hasar\u0131na neden olur.<\/p>\n<p>Gate vanalarda k\u0131sarak bo\u011fma i\u015flemi yap\u0131lamaz.<\/p>\n","protected":false},"featured_media":2848,"template":"","meta":[],"product_cat":[355],"product_tag":[],"class_list":["post-2803","product","type-product","status-publish","has-post-thumbnail","hentry","product_cat-dokum-celik-gate-valfler"],"_links":{"self":[{"href":"https:\/\/notronvalve.com\/tr\/wp-json\/wp\/v2\/product\/2803","targetHints":{"allow":["GET"]}}],"collection":[{"href":"https:\/\/notronvalve.com\/tr\/wp-json\/wp\/v2\/product"}],"about":[{"href":"https:\/\/notronvalve.com\/tr\/wp-json\/wp\/v2\/types\/product"}],"wp:featuredmedia":[{"embeddable":true,"href":"https:\/\/notronvalve.com\/tr\/wp-json\/wp\/v2\/media\/2848"}],"wp:attachment":[{"href":"https:\/\/notronvalve.com\/tr\/wp-json\/wp\/v2\/media?parent=2803"}],"wp:term":[{"taxonomy":"product_cat","embeddable":true,"href":"https:\/\/notronvalve.com\/tr\/wp-json\/wp\/v2\/product_cat?post=2803"},{"taxonomy":"product_tag","embeddable":true,"href":"https:\/\/notronvalve.com\/tr\/wp-json\/wp\/v2\/product_tag?post=2803"}],"curies":[{"name":"wp","href":"https:\/\/api.w.org\/{rel}","templated":true}]}}