{"id":1793,"date":"2022-05-23T15:57:18","date_gmt":"2022-05-23T12:57:18","guid":{"rendered":"https:\/\/pozitifboru.eflatunmarket.com\/?post_type=product&#038;p=1793"},"modified":"2023-09-01T20:39:06","modified_gmt":"2023-09-01T17:39:06","slug":"asa-150","status":"publish","type":"product","link":"https:\/\/notronvalve.com\/tr\/urun\/asa-150\/","title":{"rendered":"ASA 150"},"content":{"rendered":"<table border=\"0\" width=\"330\" cellspacing=\"0\" cellpadding=\"0\">\n<tbody>\n<tr>\n<td width=\"10\"><\/td>\n<td bgcolor=\"#005fa4\" width=\"150\">\u00a0 PAR\u00c7A ADI<\/td>\n<td bgcolor=\"#005fa4\" width=\"150\"><\/td>\n<\/tr>\n<tr>\n<td bgcolor=\"#005fa4\" width=\"15\">\u00a01<\/td>\n<td bgcolor=\"#e0e0e0\" width=\"150\">\u00a0 G\u00f6vde<\/td>\n<td bgcolor=\"#e0e0e0\" width=\"150\">\u00a0 Cast Steel<\/td>\n<\/tr>\n<tr>\n<td bgcolor=\"#005fa4\" width=\"15\">\u00a02<\/td>\n<td bgcolor=\"#005fa4\" width=\"150\">\u00a0 G\u00f6vde Ringi<\/td>\n<td bgcolor=\"#005fa4\" width=\"150\">\u00a0 Carbon Steel<\/td>\n<\/tr>\n<tr>\n<td bgcolor=\"#005fa4\" width=\"15\">\u00a02a<\/td>\n<td bgcolor=\"#e0e0e0\" width=\"150\">\u00a0 G\u00f6vde Ring Y\u00fczeyi<\/td>\n<td bgcolor=\"#e0e0e0\" width=\"150\">\u00a0 Stainless Steel<\/td>\n<\/tr>\n<tr>\n<td bgcolor=\"#005fa4\" width=\"15\">\u00a03<\/td>\n<td bgcolor=\"#005fa4\" width=\"150\">\u00a0 S\u00fcl\u00fcs<\/td>\n<td bgcolor=\"#005fa4\" width=\"150\">\u00a0 Cast Steel<\/td>\n<\/tr>\n<tr>\n<td bgcolor=\"#005fa4\" width=\"15\">\u00a03a<\/td>\n<td bgcolor=\"#e0e0e0\" width=\"150\">\u00a0 S\u00fcl\u00fcs Y\u00fczeyi<\/td>\n<td bgcolor=\"#e0e0e0\" width=\"150\">\u00a0 Stainless Steel<\/td>\n<\/tr>\n<tr>\n<td bgcolor=\"#005fa4\" width=\"15\">\u00a04<\/td>\n<td bgcolor=\"#005fa4\" width=\"150\">\u00a0 Mil<\/td>\n<td bgcolor=\"#005fa4\" width=\"150\">\u00a0 Stainless Steel<\/td>\n<\/tr>\n<tr>\n<td bgcolor=\"#005fa4\" width=\"15\">\u00a05<\/td>\n<td bgcolor=\"#e0e0e0\" width=\"150\">\u00a0 Contas ASA 150<\/td>\n<td bgcolor=\"#e0e0e0\" width=\"150\">\u00a0 Graphite (SWG)<\/td>\n<\/tr>\n<tr>\n<td bgcolor=\"#005fa4\" width=\"15\">\u00a06<\/td>\n<td bgcolor=\"#005fa4\" width=\"150\">\u00a0 Beksit Ringi<\/td>\n<td bgcolor=\"#005fa4\" width=\"150\">\u00a0 Stainless Steel<\/td>\n<\/tr>\n<tr>\n<td bgcolor=\"#005fa4\" width=\"15\">\u00a07<\/td>\n<td bgcolor=\"#e0e0e0\" width=\"150\">\u00a0 Salmastra<\/td>\n<td bgcolor=\"#e0e0e0\" width=\"150\">\u00a0 Graphite<\/td>\n<\/tr>\n<tr>\n<td bgcolor=\"#005fa4\" width=\"15\">\u00a08<\/td>\n<td bgcolor=\"#005fa4\" width=\"150\">\u00a0 Kapak<\/td>\n<td bgcolor=\"#005fa4\" width=\"150\">\u00a0 Cast Steel<\/td>\n<\/tr>\n<tr>\n<td bgcolor=\"#005fa4\" width=\"15\">\u00a09<\/td>\n<td bgcolor=\"#e0e0e0\" width=\"150\">\u00a0 Kap. Saplamalar\u0131<\/td>\n<td bgcolor=\"#e0e0e0\" width=\"150\">\u00a0 CrMo Steel<\/td>\n<\/tr>\n<tr>\n<td bgcolor=\"#005fa4\" width=\"15\">\u00a010<\/td>\n<td bgcolor=\"#005fa4\" width=\"150\">\u00a0 Kap. Sapl. Somunlar\u0131<\/td>\n<td bgcolor=\"#005fa4\" width=\"150\">\u00a0 Carbon Steel<\/td>\n<\/tr>\n<tr>\n<td bgcolor=\"#005fa4\" width=\"15\">\u00a011<\/td>\n<td bgcolor=\"#e0e0e0\" width=\"150\">\u00a0 Salmastra Bask\u0131s\u0131<\/td>\n<td bgcolor=\"#e0e0e0\" width=\"150\">\u00a0 Stainless Steel<\/td>\n<\/tr>\n<tr>\n<td bgcolor=\"#005fa4\" width=\"15\">\u00a012<\/td>\n<td bgcolor=\"#005fa4\" width=\"150\">\u00a0 Glend<\/td>\n<td bgcolor=\"#005fa4\" width=\"150\">\u00a0 Carbon Steel<\/td>\n<\/tr>\n<tr>\n<td bgcolor=\"#005fa4\" width=\"15\">\u00a013<\/td>\n<td bgcolor=\"#e0e0e0\" width=\"150\">\u00a0 Glend Saplamas\u0131<\/td>\n<td bgcolor=\"#e0e0e0\" width=\"150\">\u00a0 Cast Steel<\/td>\n<\/tr>\n<tr>\n<td bgcolor=\"#005fa4\" width=\"15\">\u00a014<\/td>\n<td bgcolor=\"#005fa4\" width=\"150\">\u00a0 Glend Sapl. Somunu<\/td>\n<td bgcolor=\"#005fa4\" width=\"150\">\u00a0 Cast Steel<\/td>\n<\/tr>\n<tr>\n<td bgcolor=\"#005fa4\" width=\"15\">\u00a015<\/td>\n<td bgcolor=\"#e0e0e0\" width=\"150\">\u00a0 Kapak \u00c7atal\u0131<\/td>\n<td bgcolor=\"#e0e0e0\" width=\"150\">\u00a0 Carbon Steel<\/td>\n<\/tr>\n<tr>\n<td bgcolor=\"#005fa4\" width=\"15\">\u00a016<\/td>\n<td bgcolor=\"#005fa4\" width=\"150\">\u00a0 Hamil (Mil Burcu)<\/td>\n<td bgcolor=\"#005fa4\" width=\"150\">\u00a0 Bronze<\/td>\n<\/tr>\n<tr>\n<td bgcolor=\"#005fa4\" width=\"15\">\u00a017<\/td>\n<td bgcolor=\"#e0e0e0\" width=\"150\">\u00a0 Hamil Somunu<\/td>\n<td bgcolor=\"#e0e0e0\" width=\"150\">\u00a0 Carbon Steel<\/td>\n<\/tr>\n<tr>\n<td bgcolor=\"#005fa4\" width=\"15\">\u00a018<\/td>\n<td bgcolor=\"#005fa4\" width=\"150\">\u00a0 Hendil<\/td>\n<td bgcolor=\"#005fa4\" width=\"150\">\u00a0 Ductile Iron<\/td>\n<\/tr>\n<tr>\n<td bgcolor=\"#005fa4\" width=\"15\">\u00a019<\/td>\n<td bgcolor=\"#e0e0e0\" width=\"150\">\u00a0 Hendil Somunu<\/td>\n<td bgcolor=\"#e0e0e0\" width=\"150\">\u00a0 Carbon Steel<\/td>\n<\/tr>\n<tr>\n<td bgcolor=\"#005fa4\" width=\"15\">\u00a020<\/td>\n<td bgcolor=\"#005fa4\" width=\"150\">\u00a0 Gres\u00f6rl\u00fck<\/td>\n<td bgcolor=\"#005fa4\" width=\"150\">\u00a0 Carbon Steel<\/td>\n<\/tr>\n<tr>\n<td bgcolor=\"#005fa4\" width=\"15\">\u00a021<\/td>\n<td bgcolor=\"#e0e0e0\" width=\"150\">\u00a0 \u0130sim Plakas\u0131<\/td>\n<td bgcolor=\"#e0e0e0\" width=\"150\">\u00a0 Aluminium<\/td>\n<\/tr>\n<\/tbody>\n<\/table>\n<p>&nbsp;<\/p>\n<table border=\"0\" width=\"700\" cellspacing=\"0\" cellpadding=\"0\">\n<tbody>\n<tr>\n<td bgcolor=\"#005fa4\">ASA 150 Figure V 2010<\/td>\n<\/tr>\n<\/tbody>\n<\/table>\n<table border=\"0\" width=\"700\" cellspacing=\"0\" cellpadding=\"0\">\n<tbody>\n<tr>\n<td bgcolor=\"#005fa4\" width=\"15\"><\/td>\n<td bgcolor=\"#005fa4\" width=\"50\">\u00a0\u00a0\u00a0\u00a0\u00a0\u00a0\u00a0\u00a0\u00a0 \u00d6l\u00e7\u00fc<\/td>\n<td bgcolor=\"#005fa4\" width=\"15\"><\/td>\n<td bgcolor=\"#005fa4\" width=\"50\">\u00a0 \u00d8 B<\/td>\n<td bgcolor=\"#005fa4\" width=\"50\">\u00a0 \u00d8 G<\/td>\n<td bgcolor=\"#005fa4\" width=\"50\">\u00a0 \u00d8 R<\/td>\n<td bgcolor=\"#005fa4\" width=\"50\">\u00a0 C<\/td>\n<td bgcolor=\"#005fa4\" width=\"50\">\u00a0 \u00d8 dxn<\/td>\n<td bgcolor=\"#005fa4\" width=\"50\">\u00a0 D<\/td>\n<td bgcolor=\"#005fa4\" width=\"50\">\u00a0 H<\/td>\n<td bgcolor=\"#005fa4\" width=\"50\">\u00a0 \u00d8 M<\/td>\n<td bgcolor=\"#005fa4\" width=\"50\">\u00a0 App. W<\/td>\n<\/tr>\n<tr>\n<td bgcolor=\"#005fa4\" width=\"15\"><\/td>\n<td bgcolor=\"#005fa4\" width=\"50\">\u00a0 inch<\/td>\n<td bgcolor=\"#005fa4\" width=\"50\">\u00a0 mm<\/td>\n<td bgcolor=\"#005fa4\" width=\"50\">\u00a0 mm<\/td>\n<td bgcolor=\"#005fa4\" width=\"50\">\u00a0 mm<\/td>\n<td bgcolor=\"#005fa4\" width=\"50\">\u00a0 mm<\/td>\n<td bgcolor=\"#005fa4\" width=\"50\">\u00a0 mm<\/td>\n<td bgcolor=\"#005fa4\" width=\"50\">\u00a0 mm<\/td>\n<td bgcolor=\"#005fa4\" width=\"50\">\u00a0 mm<\/td>\n<td bgcolor=\"#005fa4\" width=\"50\">\u00a0 mm<\/td>\n<td bgcolor=\"#005fa4\" width=\"50\">\u00a0 mm<\/td>\n<td bgcolor=\"#005fa4\" width=\"50\">\u00a0 kg<\/td>\n<\/tr>\n<tr>\n<td bgcolor=\"#005fa4\" width=\"15\"><\/td>\n<td bgcolor=\"#e0e0e0\" width=\"50\">\u00a0 2<\/td>\n<td bgcolor=\"#e0e0e0\" width=\"50\">\u00a0 50<\/td>\n<td bgcolor=\"#e0e0e0\" width=\"50\">\u00a0 152,4<\/td>\n<td bgcolor=\"#e0e0e0\" width=\"50\">\u00a0 120,6<\/td>\n<td bgcolor=\"#e0e0e0\" width=\"50\">\u00a0 92<\/td>\n<td bgcolor=\"#e0e0e0\" width=\"50\">\u00a0 19,1<\/td>\n<td bgcolor=\"#e0e0e0\" width=\"50\">\u00a0 19 x 4<\/td>\n<td bgcolor=\"#e0e0e0\" width=\"50\">\u00a0 177,8<\/td>\n<td bgcolor=\"#e0e0e0\" width=\"50\">\u00a0 345<\/td>\n<td bgcolor=\"#e0e0e0\" width=\"50\">\u00a0 200<\/td>\n<td bgcolor=\"#e0e0e0\" width=\"50\">\u00a0 19<\/td>\n<\/tr>\n<tr>\n<td bgcolor=\"#005fa4\" width=\"15\"><\/td>\n<td bgcolor=\"#005fa4\" width=\"50\">\u00a0 2 \u00bd<\/td>\n<td bgcolor=\"#005fa4\" width=\"50\">\u00a0 65<\/td>\n<td bgcolor=\"#005fa4\" width=\"50\">\u00a0 177,8<\/td>\n<td bgcolor=\"#005fa4\" width=\"50\">\u00a0 139,7<\/td>\n<td bgcolor=\"#005fa4\" width=\"50\">\u00a0 104,8<\/td>\n<td bgcolor=\"#005fa4\" width=\"50\">\u00a0 22,3<\/td>\n<td bgcolor=\"#005fa4\" width=\"50\">\u00a0 19 x 4<\/td>\n<td bgcolor=\"#005fa4\" width=\"50\">\u00a0 190,5<\/td>\n<td bgcolor=\"#005fa4\" width=\"50\">\u00a0 350<\/td>\n<td bgcolor=\"#005fa4\" width=\"50\">\u00a0 200<\/td>\n<td bgcolor=\"#005fa4\" width=\"50\">\u00a0 26<\/td>\n<\/tr>\n<tr>\n<td bgcolor=\"#005fa4\" width=\"15\"><\/td>\n<td bgcolor=\"#e0e0e0\" width=\"50\">\u00a0 3<\/td>\n<td bgcolor=\"#e0e0e0\" width=\"50\">\u00a0 80<\/td>\n<td bgcolor=\"#e0e0e0\" width=\"50\">\u00a0 190,5<\/td>\n<td bgcolor=\"#e0e0e0\" width=\"50\">\u00a0 120,6<\/td>\n<td bgcolor=\"#e0e0e0\" width=\"50\">\u00a0 152,4<\/td>\n<td bgcolor=\"#e0e0e0\" width=\"50\">\u00a0 127<\/td>\n<td bgcolor=\"#e0e0e0\" width=\"50\">\u00a0 23,9<\/td>\n<td bgcolor=\"#e0e0e0\" width=\"50\">\u00a0 19 x 4<\/td>\n<td bgcolor=\"#e0e0e0\" width=\"50\">\u00a0 203,2<\/td>\n<td bgcolor=\"#e0e0e0\" width=\"50\">\u00a0 415<\/td>\n<td bgcolor=\"#e0e0e0\" width=\"50\">\u00a0 230<\/td>\n<\/tr>\n<tr>\n<td bgcolor=\"#005fa4\" width=\"15\"><\/td>\n<td bgcolor=\"#005fa4\" width=\"50\">\u00a0 4<\/td>\n<td bgcolor=\"#005fa4\" width=\"50\">\u00a0 100<\/td>\n<td bgcolor=\"#005fa4\" width=\"50\">\u00a0 228,6<\/td>\n<td bgcolor=\"#005fa4\" width=\"50\">\u00a0 190,5<\/td>\n<td bgcolor=\"#005fa4\" width=\"50\">\u00a0 157,2<\/td>\n<td bgcolor=\"#005fa4\" width=\"50\">\u00a0 23,9<\/td>\n<td bgcolor=\"#005fa4\" width=\"50\">\u00a0 19 x 8<\/td>\n<td bgcolor=\"#005fa4\" width=\"50\">\u00a0 228,6<\/td>\n<td bgcolor=\"#005fa4\" width=\"50\">\u00a0 470<\/td>\n<td bgcolor=\"#005fa4\" width=\"50\">\u00a0 250<\/td>\n<td bgcolor=\"#005fa4\" width=\"50\">\u00a0 51<\/td>\n<\/tr>\n<tr>\n<td bgcolor=\"#005fa4\" width=\"15\"><\/td>\n<td bgcolor=\"#e0e0e0\" width=\"50\">\u00a0 5<\/td>\n<td bgcolor=\"#e0e0e0\" width=\"50\">\u00a0 125<\/td>\n<td bgcolor=\"#e0e0e0\" width=\"50\">\u00a0 254<\/td>\n<td bgcolor=\"#e0e0e0\" width=\"50\">\u00a0 215,9<\/td>\n<td bgcolor=\"#e0e0e0\" width=\"50\">\u00a0 185,7<\/td>\n<td bgcolor=\"#e0e0e0\" width=\"50\">\u00a0 23,9<\/td>\n<td bgcolor=\"#e0e0e0\" width=\"50\">\u00a0 22,2 x 8<\/td>\n<td bgcolor=\"#e0e0e0\" width=\"50\">\u00a0 254<\/td>\n<td bgcolor=\"#e0e0e0\" width=\"50\">\u00a0 550<\/td>\n<td bgcolor=\"#e0e0e0\" width=\"50\">\u00a0 300<\/td>\n<td bgcolor=\"#e0e0e0\" width=\"50\">\u00a0 75<\/td>\n<\/tr>\n<tr>\n<td bgcolor=\"#005fa4\" width=\"15\"><\/td>\n<td bgcolor=\"#005fa4\" width=\"50\">\u00a0 6<\/td>\n<td bgcolor=\"#005fa4\" width=\"50\">\u00a0 150<\/td>\n<td bgcolor=\"#005fa4\" width=\"50\">\u00a0 279,4<\/td>\n<td bgcolor=\"#005fa4\" width=\"50\">\u00a0 241,3<\/td>\n<td bgcolor=\"#005fa4\" width=\"50\">\u00a0 215,9<\/td>\n<td bgcolor=\"#005fa4\" width=\"50\">\u00a0 25,4<\/td>\n<td bgcolor=\"#005fa4\" width=\"50\">\u00a0 22,2 x 8<\/td>\n<td bgcolor=\"#005fa4\" width=\"50\">\u00a0 266,7<\/td>\n<td bgcolor=\"#005fa4\" width=\"50\">\u00a0 575<\/td>\n<td bgcolor=\"#005fa4\" width=\"50\">\u00a0 300<\/td>\n<td bgcolor=\"#005fa4\" width=\"50\">\u00a0 77<\/td>\n<\/tr>\n<tr>\n<td bgcolor=\"#005fa4\" width=\"15\"><\/td>\n<td bgcolor=\"#e0e0e0\" width=\"50\">\u00a0 8<\/td>\n<td bgcolor=\"#e0e0e0\" width=\"50\">\u00a0 200<\/td>\n<td bgcolor=\"#e0e0e0\" width=\"50\">\u00a0 342,9<\/td>\n<td bgcolor=\"#e0e0e0\" width=\"50\">\u00a0 298,4<\/td>\n<td bgcolor=\"#e0e0e0\" width=\"50\">\u00a0 269,9<\/td>\n<td bgcolor=\"#e0e0e0\" width=\"50\">\u00a0 28,6<\/td>\n<td bgcolor=\"#e0e0e0\" width=\"50\">\u00a0 22,2 x 8<\/td>\n<td bgcolor=\"#e0e0e0\" width=\"50\">\u00a0 292,1<\/td>\n<td bgcolor=\"#e0e0e0\" width=\"50\">\u00a0 740<\/td>\n<td bgcolor=\"#e0e0e0\" width=\"50\">\u00a0 350<\/td>\n<td bgcolor=\"#e0e0e0\" width=\"50\">\u00a0 112<\/td>\n<\/tr>\n<tr>\n<td bgcolor=\"#005fa4\" width=\"15\"><\/td>\n<td bgcolor=\"#005fa4\" width=\"50\">\u00a0 10<\/td>\n<td bgcolor=\"#005fa4\" width=\"50\">\u00a0 250<\/td>\n<td bgcolor=\"#005fa4\" width=\"50\">\u00a0 406,4<\/td>\n<td bgcolor=\"#005fa4\" width=\"50\">\u00a0 362<\/td>\n<td bgcolor=\"#005fa4\" width=\"50\">\u00a0 323,8<\/td>\n<td bgcolor=\"#005fa4\" width=\"50\">\u00a0 30,2<\/td>\n<td bgcolor=\"#005fa4\" width=\"50\">\u00a0 25,4 x 12<\/td>\n<td bgcolor=\"#005fa4\" width=\"50\">\u00a0 330,2<\/td>\n<td bgcolor=\"#005fa4\" width=\"50\">\u00a0 910<\/td>\n<td bgcolor=\"#005fa4\" width=\"50\">\u00a0 400<\/td>\n<td bgcolor=\"#005fa4\" width=\"50\">\u00a0 178<\/td>\n<\/tr>\n<tr>\n<td bgcolor=\"#005fa4\" width=\"15\"><\/td>\n<td bgcolor=\"#e0e0e0\" width=\"50\">\u00a0 12<\/td>\n<td bgcolor=\"#e0e0e0\" width=\"50\">\u00a0 300<\/td>\n<td bgcolor=\"#e0e0e0\" width=\"50\">\u00a0 482,6<\/td>\n<td bgcolor=\"#e0e0e0\" width=\"50\">\u00a0 431,8<\/td>\n<td bgcolor=\"#e0e0e0\" width=\"50\">\u00a0 381<\/td>\n<td bgcolor=\"#e0e0e0\" width=\"50\">\u00a0 31,8<\/td>\n<td bgcolor=\"#e0e0e0\" width=\"50\">\u00a0 25,4 x 12<\/td>\n<td bgcolor=\"#e0e0e0\" width=\"50\">\u00a0 355,6<\/td>\n<td bgcolor=\"#e0e0e0\" width=\"50\">\u00a0 1040<\/td>\n<td bgcolor=\"#e0e0e0\" width=\"50\">\u00a0 500<\/td>\n<td bgcolor=\"#e0e0e0\" width=\"50\">\u00a0 335<\/td>\n<\/tr>\n<tr>\n<td bgcolor=\"#005fa4\" width=\"15\"><\/td>\n<td bgcolor=\"#005fa4\" width=\"50\">\u00a0 14<\/td>\n<td bgcolor=\"#005fa4\" width=\"50\">\u00a0 350<\/td>\n<td bgcolor=\"#005fa4\" width=\"50\">\u00a0 533,4<\/td>\n<td bgcolor=\"#005fa4\" width=\"50\">\u00a0 476,2<\/td>\n<td bgcolor=\"#005fa4\" width=\"50\">\u00a0 412,8<\/td>\n<td bgcolor=\"#005fa4\" width=\"50\">\u00a0 35<\/td>\n<td bgcolor=\"#005fa4\" width=\"50\">\u00a0 28,5 x 12<\/td>\n<td bgcolor=\"#005fa4\" width=\"50\">\u00a0 381<\/td>\n<td bgcolor=\"#005fa4\" width=\"50\">\u00a0 1160<\/td>\n<td bgcolor=\"#005fa4\" width=\"50\">\u00a0 500<\/td>\n<td bgcolor=\"#005fa4\" width=\"50\">\u00a0 520<\/td>\n<\/tr>\n<tr>\n<td bgcolor=\"#005fa4\" width=\"15\"><\/td>\n<td bgcolor=\"#e0e0e0\" width=\"50\">\u00a0 16<\/td>\n<td bgcolor=\"#e0e0e0\" width=\"50\">\u00a0 400<\/td>\n<td bgcolor=\"#e0e0e0\" width=\"50\">\u00a0 596,9<\/td>\n<td bgcolor=\"#e0e0e0\" width=\"50\">\u00a0 539,8<\/td>\n<td bgcolor=\"#e0e0e0\" width=\"50\">\u00a0 469,9<\/td>\n<td bgcolor=\"#e0e0e0\" width=\"50\">\u00a0 36,6<\/td>\n<td bgcolor=\"#e0e0e0\" width=\"50\">\u00a0 28,5 x 16<\/td>\n<td bgcolor=\"#e0e0e0\" width=\"50\">\u00a0 406,4<\/td>\n<td bgcolor=\"#e0e0e0\" width=\"50\">\u00a0 1370<\/td>\n<td bgcolor=\"#e0e0e0\" width=\"50\">\u00a0 600<\/td>\n<td bgcolor=\"#e0e0e0\" width=\"50\">\u00a0 550<\/td>\n<\/tr>\n<tr>\n<td bgcolor=\"#005fa4\" width=\"15\"><\/td>\n<td bgcolor=\"#005fa4\" width=\"50\">\u00a0 18<\/td>\n<td bgcolor=\"#005fa4\" width=\"50\">\u00a0 450<\/td>\n<td bgcolor=\"#005fa4\" width=\"50\">\u00a0 635<\/td>\n<td bgcolor=\"#005fa4\" width=\"50\">\u00a0 577,8<\/td>\n<td bgcolor=\"#005fa4\" width=\"50\">\u00a0 533,4<\/td>\n<td bgcolor=\"#005fa4\" width=\"50\">\u00a0 39,7<\/td>\n<td bgcolor=\"#005fa4\" width=\"50\">\u00a0 31,8 x 16<\/td>\n<td bgcolor=\"#005fa4\" width=\"50\">\u00a0 431,8<\/td>\n<td bgcolor=\"#005fa4\" width=\"50\">\u00a0 1475<\/td>\n<td bgcolor=\"#005fa4\" width=\"50\">\u00a0 700<\/td>\n<td bgcolor=\"#005fa4\" width=\"50\">\u00a0 770<\/td>\n<\/tr>\n<tr>\n<td bgcolor=\"#005fa4\" width=\"15\"><\/td>\n<td bgcolor=\"#e0e0e0\" width=\"50\">\u00a0 20<\/td>\n<td bgcolor=\"#e0e0e0\" width=\"50\">\u00a0 500<\/td>\n<td bgcolor=\"#e0e0e0\" width=\"50\">\u00a0 698,5<\/td>\n<td bgcolor=\"#e0e0e0\" width=\"50\">\u00a0 635<\/td>\n<td bgcolor=\"#e0e0e0\" width=\"50\">\u00a0 584,2<\/td>\n<td bgcolor=\"#e0e0e0\" width=\"50\">\u00a0 42,9<\/td>\n<td bgcolor=\"#e0e0e0\" width=\"50\">\u00a0 31,8 x 20<\/td>\n<td bgcolor=\"#e0e0e0\" width=\"50\">\u00a0 457,2<\/td>\n<td bgcolor=\"#e0e0e0\" width=\"50\">\u00a0 1650<\/td>\n<td bgcolor=\"#e0e0e0\" width=\"50\">\u00a0 700<\/td>\n<td bgcolor=\"#e0e0e0\" width=\"50\">\u00a0 900<\/td>\n<\/tr>\n<tr>\n<td bgcolor=\"#005fa4\" width=\"15\"><\/td>\n<td bgcolor=\"#005fa4\" width=\"50\">\u00a0 24<\/td>\n<td bgcolor=\"#005fa4\" width=\"50\">\u00a0 600<\/td>\n<td bgcolor=\"#005fa4\" width=\"50\">\u00a0 812,8<\/td>\n<td bgcolor=\"#005fa4\" width=\"50\">\u00a0 749,3<\/td>\n<td bgcolor=\"#005fa4\" width=\"50\">\u00a0 692,2<\/td>\n<td bgcolor=\"#005fa4\" width=\"50\">\u00a0 47,7<\/td>\n<td bgcolor=\"#005fa4\" width=\"50\">\u00a0 35 x 20<\/td>\n<td bgcolor=\"#005fa4\" width=\"50\">\u00a0 508<\/td>\n<td bgcolor=\"#005fa4\" width=\"50\">\u00a0 2120<\/td>\n<td bgcolor=\"#005fa4\" width=\"50\">\u00a0 800<\/td>\n<td bgcolor=\"#005fa4\" width=\"50\">\u00a0 1250<\/td>\n<\/tr>\n<tr>\n<td bgcolor=\"#005fa4\" width=\"15\"><\/td>\n<td bgcolor=\"#e0e0e0\" width=\"50\">\u00a0 26<\/td>\n<td bgcolor=\"#e0e0e0\" width=\"50\">\u00a0 650<\/td>\n<td bgcolor=\"#e0e0e0\" width=\"50\">\u00a0 870<\/td>\n<td bgcolor=\"#e0e0e0\" width=\"50\">\u00a0 806,4<\/td>\n<td bgcolor=\"#e0e0e0\" width=\"50\">\u00a0 749,3<\/td>\n<td bgcolor=\"#e0e0e0\" width=\"50\">\u00a0 68,3<\/td>\n<td bgcolor=\"#e0e0e0\" width=\"50\">\u00a0 35 x 24<\/td>\n<td bgcolor=\"#e0e0e0\" width=\"50\">\u00a0 558,8<\/td>\n<td bgcolor=\"#e0e0e0\" width=\"50\">\u00a0 2305<\/td>\n<td bgcolor=\"#e0e0e0\" width=\"50\">\u00a0 800<\/td>\n<td bgcolor=\"#e0e0e0\" width=\"50\">\u00a0 1800<\/td>\n<\/tr>\n<tr>\n<td bgcolor=\"#005fa4\" width=\"15\"><\/td>\n<td bgcolor=\"#005fa4\" width=\"50\">\u00a0 28<\/td>\n<td bgcolor=\"#005fa4\" width=\"50\">\u00a0 700<\/td>\n<td bgcolor=\"#005fa4\" width=\"50\">\u00a0 927,1<\/td>\n<td bgcolor=\"#005fa4\" width=\"50\">\u00a0 863,6<\/td>\n<td bgcolor=\"#005fa4\" width=\"50\">\u00a0 800<\/td>\n<td bgcolor=\"#005fa4\" width=\"50\">\u00a0 71,4<\/td>\n<td bgcolor=\"#005fa4\" width=\"50\">\u00a0 35 x 28<\/td>\n<td bgcolor=\"#005fa4\" width=\"50\">\u00a0 610<\/td>\n<td bgcolor=\"#005fa4\" width=\"50\">\u00a0 2540<\/td>\n<td bgcolor=\"#005fa4\" width=\"50\">\u00a0 800<\/td>\n<td bgcolor=\"#005fa4\" width=\"50\">\u00a0 2150<\/td>\n<\/tr>\n<tr>\n<td bgcolor=\"#005fa4\" width=\"15\"><\/td>\n<td bgcolor=\"#e0e0e0\" width=\"50\">\u00a0 30<\/td>\n<td bgcolor=\"#e0e0e0\" width=\"50\">\u00a0 750<\/td>\n<td bgcolor=\"#e0e0e0\" width=\"50\">\u00a0 984,2<\/td>\n<td bgcolor=\"#e0e0e0\" width=\"50\">\u00a0 914,4<\/td>\n<td bgcolor=\"#e0e0e0\" width=\"50\">\u00a0 857,2<\/td>\n<td bgcolor=\"#e0e0e0\" width=\"50\">\u00a0 74,7<\/td>\n<td bgcolor=\"#e0e0e0\" width=\"50\">\u00a0 35 x 28<\/td>\n<td bgcolor=\"#e0e0e0\" width=\"50\">\u00a0 610<\/td>\n<td bgcolor=\"#e0e0e0\" width=\"50\">\u00a0 2590<\/td>\n<td bgcolor=\"#e0e0e0\" width=\"50\">\u00a0 800<\/td>\n<td bgcolor=\"#e0e0e0\" width=\"50\">\u00a0 2700<\/td>\n<\/tr>\n<tr>\n<td bgcolor=\"#005fa4\" width=\"15\"><\/td>\n<td bgcolor=\"#005fa4\" width=\"50\">\u00a0 32<\/td>\n<td bgcolor=\"#005fa4\" width=\"50\">\u00a0 800<\/td>\n<td bgcolor=\"#005fa4\" width=\"50\">\u00a0 1060,4<\/td>\n<td bgcolor=\"#005fa4\" width=\"50\">\u00a0 977,9<\/td>\n<td bgcolor=\"#005fa4\" width=\"50\">\u00a0 914,4<\/td>\n<td bgcolor=\"#005fa4\" width=\"50\">\u00a0 57,1<\/td>\n<td bgcolor=\"#005fa4\" width=\"50\">\u00a0 41,1 x 28<\/td>\n<td bgcolor=\"#005fa4\" width=\"50\">\u00a0 711,2<\/td>\n<td bgcolor=\"#005fa4\" width=\"50\">\u00a0 2800<\/td>\n<td bgcolor=\"#005fa4\" width=\"50\">\u00a0 800<\/td>\n<td bgcolor=\"#005fa4\" width=\"50\">\u00a0 2420<\/td>\n<\/tr>\n<tr>\n<td bgcolor=\"#005fa4\" width=\"15\"><\/td>\n<td bgcolor=\"#e0e0e0\" width=\"50\">\u00a0 36<\/td>\n<td bgcolor=\"#e0e0e0\" width=\"50\">\u00a0 900<\/td>\n<td bgcolor=\"#e0e0e0\" width=\"50\">\u00a0 1168,4<\/td>\n<td bgcolor=\"#e0e0e0\" width=\"50\">\u00a0 1085,8<\/td>\n<td bgcolor=\"#e0e0e0\" width=\"50\">\u00a0 1022,3<\/td>\n<td bgcolor=\"#e0e0e0\" width=\"50\">\u00a0 90,4<\/td>\n<td bgcolor=\"#e0e0e0\" width=\"50\">\u00a0 41,1 x 32<\/td>\n<td bgcolor=\"#e0e0e0\" width=\"50\">\u00a0 711,2<\/td>\n<td bgcolor=\"#e0e0e0\" width=\"50\">\u00a0 3080<\/td>\n<td bgcolor=\"#e0e0e0\" width=\"50\">\u00a0 800<\/td>\n<td bgcolor=\"#e0e0e0\" width=\"50\">\u00a0 3200<\/td>\n<\/tr>\n<\/tbody>\n<\/table>\n","protected":false},"excerpt":{"rendered":"<p>Bu tip vanalar i\u00e7erisinden ak\u0131\u015f esnas\u0131nda bas\u0131n\u00e7 d\u00fc\u015fmesi istenmeyen yerlerde kullan\u0131l\u0131r.<\/p>\n<p>Tam a\u00e7\u0131k ya da tam kapal\u0131 olarak kullan\u0131l\u0131rlar.<\/p>\n<p>Yar\u0131 a\u00e7\u0131k konumda kullan\u0131ld\u0131klar\u0131 takdirde i\u00e7erisinden ge\u00e7en ak\u0131\u015fkan\u0131n h\u0131z\u0131 s\u00fcrg\u00fcn\u00fcn titre\u015fimine ve bunun sonucunda hasar\u0131na neden olur.<\/p>\n<p>Gate vanalarda k\u0131sarak bo\u011fma i\u015flemi yap\u0131lamaz.<\/p>\n","protected":false},"featured_media":2797,"template":"","meta":[],"product_cat":[355],"product_tag":[],"class_list":["post-1793","product","type-product","status-publish","has-post-thumbnail","hentry","product_cat-dokum-celik-gate-valfler"],"_links":{"self":[{"href":"https:\/\/notronvalve.com\/tr\/wp-json\/wp\/v2\/product\/1793","targetHints":{"allow":["GET"]}}],"collection":[{"href":"https:\/\/notronvalve.com\/tr\/wp-json\/wp\/v2\/product"}],"about":[{"href":"https:\/\/notronvalve.com\/tr\/wp-json\/wp\/v2\/types\/product"}],"wp:featuredmedia":[{"embeddable":true,"href":"https:\/\/notronvalve.com\/tr\/wp-json\/wp\/v2\/media\/2797"}],"wp:attachment":[{"href":"https:\/\/notronvalve.com\/tr\/wp-json\/wp\/v2\/media?parent=1793"}],"wp:term":[{"taxonomy":"product_cat","embeddable":true,"href":"https:\/\/notronvalve.com\/tr\/wp-json\/wp\/v2\/product_cat?post=1793"},{"taxonomy":"product_tag","embeddable":true,"href":"https:\/\/notronvalve.com\/tr\/wp-json\/wp\/v2\/product_tag?post=1793"}],"curies":[{"name":"wp","href":"https:\/\/api.w.org\/{rel}","templated":true}]}}