{"id":346,"date":"2018-07-28T16:07:17","date_gmt":"2018-07-28T16:07:17","guid":{"rendered":"https:\/\/manufacturer.stylemixthemes.com\/?page_id=346"},"modified":"2023-09-05T16:45:58","modified_gmt":"2023-09-05T13:45:58","slug":"hakkimizda","status":"publish","type":"page","link":"https:\/\/notronvalve.com\/tr\/hakkimizda\/","title":{"rendered":"Hakk\u0131m\u0131zda"},"content":{"rendered":"\t\t<div data-elementor-type=\"wp-post\" data-elementor-id=\"346\" class=\"elementor elementor-346\">\n\t\t\t\t\t\t\t\t\t<section class=\"elementor-section elementor-top-section elementor-element elementor-element-0e8b69e elementor-reverse-mobile elementor-section-boxed elementor-section-height-default elementor-section-height-default\" data-id=\"0e8b69e\" data-element_type=\"section\">\n\t\t\t\t\t\t<div class=\"elementor-container elementor-column-gap-default\">\n\t\t\t\t\t<div class=\"elementor-column elementor-col-50 elementor-top-column elementor-element elementor-element-c41126a elementor-invisible\" data-id=\"c41126a\" data-element_type=\"column\" data-settings=\"{&quot;animation&quot;:&quot;fadeIn&quot;}\">\n\t\t\t<div class=\"elementor-widget-wrap elementor-element-populated\">\n\t\t\t\t\t\t\t\t<div class=\"elementor-element elementor-element-fddaa89 elementor-widget elementor-widget-text-editor\" data-id=\"fddaa89\" data-element_type=\"widget\" data-widget_type=\"text-editor.default\">\n\t\t\t\t<div class=\"elementor-widget-container\">\n\t\t\t<style>\/*! elementor - v3.6.6 - 08-06-2022 *\/\n.elementor-widget-text-editor.elementor-drop-cap-view-stacked .elementor-drop-cap{background-color:#818a91;color:#fff}.elementor-widget-text-editor.elementor-drop-cap-view-framed .elementor-drop-cap{color:#818a91;border:3px solid;background-color:transparent}.elementor-widget-text-editor:not(.elementor-drop-cap-view-default) .elementor-drop-cap{margin-top:8px}.elementor-widget-text-editor:not(.elementor-drop-cap-view-default) .elementor-drop-cap-letter{width:1em;height:1em}.elementor-widget-text-editor .elementor-drop-cap{float:left;text-align:center;line-height:1;font-size:50px}.elementor-widget-text-editor .elementor-drop-cap-letter{display:inline-block}<\/style>\t\t\t\t<div class=\"elementor-element elementor-element-6c72cc1 elementor-widget elementor-widget-heading\" data-id=\"6c72cc1\" data-element_type=\"widget\" data-widget_type=\"heading.default\"><div class=\"elementor-widget-container\"><h4 class=\"heading-left  divider-modern\">KAL\u0130TE POL\u0130T\u0130KASI<\/h4><\/div><\/div><div class=\"elementor-element elementor-element-45ae770 elementor-widget elementor-widget-text-editor\" data-id=\"45ae770\" data-element_type=\"widget\" data-widget_type=\"text-editor.default\"><div class=\"elementor-widget-container\"><ul><li>Uluslararas\u0131 d\u00fczeyde kabul edilen standartlara uygun \u00fcretimi yapmakta olan firmam\u0131zda kalitenin uygulanmas\u0131, s\u00fcrd\u00fcr\u00fclebilirli\u011fi ve g\u00fcvence alt\u0131na almay\u0131 ama\u00e7layan firmam\u0131z;<\/li><li>\u00dcretimde geli\u015fimi ve kalite standartlar\u0131n\u0131 dikkate alarak i\u00e7 ve d\u0131s m\u00fc\u015fteri memnuniyetini sa\u011flamay\u0131,<\/li><li>K\u00fcresel rekabet ko\u015fullar\u0131na uygun \u00fclke b\u00f6lge ko\u015fullar\u0131n\u0131 g\u00f6zeterek ulusal kalk\u0131nmaya katk\u0131da bulunan \u00e7evreye ve topluma faydal\u0131 \u00fcr\u00fcnleri \u00fcretmeyi,<\/li><li>Kurum i\u00e7i ve d\u0131\u015f\u0131 e\u011fitim \u00e7al\u0131\u015fanlar\u0131n\u0131n bireysel yetkinliklerini art\u0131rmay\u0131<\/li><li>Vizyonunu ger\u00e7ekle\u015ftirmek i\u00e7in s\u00fcrekli iyile\u015fmeyi,<\/li><li>\u00dcretimi art\u0131rmay\u0131 ve geli\u015ftirmek icin gerekli olan altyap\u0131 ve kaynaklar\u0131 iyile\u015ftirme iyile\u015ftirmeyi ve bunlar\u0131n etkin bir \u015fekilde kullan\u0131m\u0131n\u0131 sa\u011flamay\u0131,<\/li><li>Sunulan hizmetin ve \u00fcretimin en \u00fcst d\u00fczeyde ula\u015ft\u0131r\u0131lmas\u0131 ve ba\u015far\u0131n\u0131n art\u0131r\u0131lmas\u0131n\u0131, tak\u0131m ruhunu ve m\u00fc\u015fteri memnuniyetini art\u0131r\u0131lmas\u0131n\u0131 s\u00fcrekli geli\u015fmeyi kalite politikas\u0131 olarak belirlemi\u015ftir.<\/li><\/ul><\/div><\/div>\t\t\t\t\t\t<\/div>\n\t\t\t\t<\/div>\n\t\t\t\t\t<\/div>\n\t\t<\/div>\n\t\t\t\t<div class=\"elementor-column elementor-col-50 elementor-top-column elementor-element elementor-element-6aa81e0 elementor-invisible\" data-id=\"6aa81e0\" data-element_type=\"column\" data-settings=\"{&quot;animation&quot;:&quot;fadeIn&quot;,&quot;animation_delay&quot;:200}\">\n\t\t\t<div class=\"elementor-widget-wrap elementor-element-populated\">\n\t\t\t\t\t\t\t\t<div class=\"elementor-element elementor-element-186b353 elementor-widget elementor-widget-image\" data-id=\"186b353\" data-element_type=\"widget\" data-widget_type=\"image.default\">\n\t\t\t\t<div class=\"elementor-widget-container\">\n\t\t\t<style>\/*! elementor - v3.6.6 - 08-06-2022 *\/\n.elementor-widget-image{text-align:center}.elementor-widget-image a{display:inline-block}.elementor-widget-image a img[src$=\".svg\"]{width:48px}.elementor-widget-image img{vertical-align:middle;display:inline-block}<\/style>\t\t\t\t\t\t\t\t\t\t\t\t<img loading=\"lazy\" decoding=\"async\" width=\"600\" height=\"550\" src=\"https:\/\/notronvalve.com\/wp-content\/uploads\/2023\/09\/valve-notron-600x550.jpeg\" class=\"attachment-manufacturer_medium size-manufacturer_medium\" alt=\"notron industrial valve\" \/>\t\t\t\t\t\t\t\t\t\t\t\t\t\t\t<\/div>\n\t\t\t\t<\/div>\n\t\t\t\t\t<\/div>\n\t\t<\/div>\n\t\t\t\t\t\t\t<\/div>\n\t\t<\/section>\n\t\t<div class=\"elementor-element elementor-element-a42aa36 e-container--row e-container\" data-id=\"a42aa36\" data-element_type=\"container\">\t\t<div class=\"elementor-element elementor-element-12e7494 e-container--column e-container\" data-id=\"12e7494\" data-element_type=\"container\">\t\t\t\t<div class=\"elementor-element elementor-element-59d874c elementor-widget elementor-widget-image\" data-id=\"59d874c\" data-element_type=\"widget\" data-widget_type=\"image.default\">\n\t\t\t\t<div class=\"elementor-widget-container\">\n\t\t\t\t\t\t\t\t\t\t\t\t\t\t\t<img loading=\"lazy\" decoding=\"async\" width=\"940\" height=\"564\" src=\"https:\/\/notronvalve.com\/wp-content\/uploads\/2023\/09\/notron-valve.jpg\" class=\"attachment-large size-large\" alt=\"\" srcset=\"https:\/\/notronvalve.com\/wp-content\/uploads\/2023\/09\/notron-valve.jpg 1000w, https:\/\/notronvalve.com\/wp-content\/uploads\/2023\/09\/notron-valve-300x180.jpg 300w, https:\/\/notronvalve.com\/wp-content\/uploads\/2023\/09\/notron-valve-768x461.jpg 768w, https:\/\/notronvalve.com\/wp-content\/uploads\/2023\/09\/notron-valve-285x171.jpg 285w, https:\/\/notronvalve.com\/wp-content\/uploads\/2023\/09\/notron-valve-660x396.jpg 660w, https:\/\/notronvalve.com\/wp-content\/uploads\/2023\/09\/notron-valve-150x90.jpg 150w\" sizes=\"auto, (max-width: 940px) 100vw, 940px\" \/>\t\t\t\t\t\t\t\t\t\t\t\t\t\t\t<\/div>\n\t\t\t\t<\/div>\n\t\t<\/div><div class=\"elementor-element elementor-element-24db372 e-container--column e-container\" data-id=\"24db372\" data-element_type=\"container\">\t\t\t\t<div class=\"elementor-element elementor-element-b59fbb9 elementor-widget elementor-widget-text-editor\" data-id=\"b59fbb9\" data-element_type=\"widget\" data-widget_type=\"text-editor.default\">\n\t\t\t\t<div class=\"elementor-widget-container\">\n\t\t\t\t\t\t\t<div class=\"elementor-element elementor-element-5b2b338 elementor-widget elementor-widget-heading\" data-id=\"5b2b338\" data-element_type=\"widget\" data-widget_type=\"heading.default\"><div class=\"elementor-widget-container\"><h4 class=\"heading-left  divider-modern\">ENTEGRE Y\u00d6NET\u0130M S\u0130STEMLER\u0130 POL\u0130T\u0130KASI (KAL\u0130TE, \u00c7EVRE, \u0130SG VE ENERJ\u0130)<\/h4><\/div><\/div><div class=\"elementor-element elementor-element-b9962b6 elementor-widget elementor-widget-text-editor\" data-id=\"b9962b6\" data-element_type=\"widget\" data-widget_type=\"text-editor.default\"><div class=\"elementor-widget-container\"><p>N\u00d6TRON MAK\u0130NA SANAY\u0130 A.\u015e. olarak; s\u00fcrekli ve kal\u0131c\u0131 ba\u015far\u0131n\u0131n y\u00f6netim sistemlerinin uygulanmas\u0131, s\u00fcrd\u00fcr\u00fclmesi ve s\u00fcrekli iyile\u015ftirilmesi sa\u011flanaca\u011f\u0131na inan\u0131yoruz.<\/p><p>Bu nedenle,<\/p><ul><li>Riskleri ve f\u0131rsatlar\u0131 etkin \u015fekilde y\u00f6neterek t\u00fcm s\u00fcre\u00e7lerimizi s\u00fcrekli iyile\u015ftirmeyi,<\/li><li>M\u00fc\u015fterilerimizin beklentilerini kar\u015f\u0131lamay\u0131 ve m\u00fc\u015fteri memnuniyetini artt\u0131rmay\u0131,<\/li><li>T\u00fcm faaliyetlerimizi ulusal ve uluslararas\u0131 yasal \u015fartlara uygun olarak y\u00fcr\u00fctmeyi,<\/li><li>Kalite, \u0130SG, \u00c7evre ve Enerji bilincini ba\u015fta \u00e7al\u0131\u015fanlar\u0131m\u0131z olmak \u00fczere t\u00fcm payda\u015flar\u0131m\u0131za yayg\u0131nla\u015ft\u0131rmay\u0131,<\/li><li>Y\u00f6netim sistemlerinin performans\u0131n\u0131 s\u00fcrekli iyile\u015ftirmeyi,<\/li><li>\u0130SG tehlikelerini dikkate alarak ve riskleri y\u00f6neterek sa\u011fl\u0131kl\u0131 ve g\u00fcvenli bir \u00e7al\u0131\u015fma ortam\u0131 olu\u015fturmay\u0131,<\/li><li>Yaralanmalar\u0131 ve sa\u011fl\u0131k bozulmalar\u0131n\u0131 \u00f6nlemeyi,<\/li><li>\u00c7al\u0131\u015fan ve \u00e7al\u0131\u015fan temsilcilerine dan\u0131\u015fmay\u0131 ve kat\u0131l\u0131mlar\u0131n\u0131 sa\u011flamay\u0131,<\/li><li>\u00c7evreyi korumay\u0131, t\u00fcm faaliyetlerimizin \u00e7evre boyutunu dikkate alarak kirlili\u011fi kayna\u011f\u0131nda \u00f6nlemeyi,<\/li><li>At\u0131klar\u0131m\u0131z\u0131 azalt\u0131c\u0131 \u00f6nlemler almay\u0131, hammadde, enerji ve do\u011fal kaynaklar\u0131 verimli kullanmay\u0131,<\/li><li>Enerji \u00fcretim faaliyetleri s\u0131ras\u0131ndaki verimlili\u011fi en \u00fcst seviyede tutmay\u0131,<\/li><li>Enerji \u00fcretimi i\u00e7in enerji kaynaklar\u0131n\u0131 minimumda tutmay\u0131, enerji kaynaklar\u0131n\u0131 azaltmak i\u00e7in projeler geli\u015ftirmeyi ve s\u00fcrekli iyile\u015ftirmeyi,<\/li><li>K\u00fcresel \u0131s\u0131nma ve iklim de\u011fi\u015fikli\u011fi konusunda duyarl\u0131 olup tedbirler almay\u0131,<\/li><li>Sat\u0131n alma ve tasar\u0131m faaliyetlerini enerji verimlili\u011fine uygun y\u00f6netmeyi,<\/li><li>\u00dcretim s\u00fcrecinde olu\u015fan at\u0131klar\u0131 faydal\u0131 enerjiye \u00e7evirmeyi,<\/li><\/ul><p>taahh\u00fct ediyoruz.<\/p><\/div><\/div>\t\t\t\t\t\t<\/div>\n\t\t\t\t<\/div>\n\t\t<\/div><\/div>\t\t<section class=\"elementor-section elementor-top-section elementor-element elementor-element-fbd7258 elementor-section-boxed elementor-section-height-default elementor-section-height-default\" data-id=\"fbd7258\" data-element_type=\"section\">\n\t\t\t\t\t\t<div class=\"elementor-container elementor-column-gap-default\">\n\t\t\t\t\t<div class=\"elementor-column elementor-col-100 elementor-top-column elementor-element elementor-element-a050170\" data-id=\"a050170\" data-element_type=\"column\">\n\t\t\t<div class=\"elementor-widget-wrap elementor-element-populated\">\n\t\t\t\t\t\t\t\t<div class=\"elementor-element elementor-element-44c282b elementor-invisible elementor-widget elementor-widget-text-editor\" data-id=\"44c282b\" data-element_type=\"widget\" data-settings=\"{&quot;_animation&quot;:&quot;fadeIn&quot;,&quot;_animation_delay&quot;:200}\" data-widget_type=\"text-editor.default\">\n\t\t\t\t<div class=\"elementor-widget-container\">\n\t\t\t\t\t\t\t<p>M\u00fc\u015fteri odakl\u0131 \u00e7al\u0131\u015fmalar\u0131m\u0131z\u0131n bize kazand\u0131rd\u0131\u011f\u0131 en iyi y\u00f6n, her zaman kalitenin imal edilmesi aray\u0131\u015f\u0131nda olan profesyonel bir anlay\u0131\u015fla g\u00fc\u00e7lenerek b\u00fcy\u00fcmemizdir.<\/p>\t\t\t\t\t\t<\/div>\n\t\t\t\t<\/div>\n\t\t\t\t\t<\/div>\n\t\t<\/div>\n\t\t\t\t\t\t\t<\/div>\n\t\t<\/section>\n\t\t\t\t<section class=\"elementor-section elementor-top-section elementor-element elementor-element-b76dc97 elementor-section-boxed elementor-section-height-default elementor-section-height-default\" data-id=\"b76dc97\" data-element_type=\"section\">\n\t\t\t\t\t\t<div class=\"elementor-container elementor-column-gap-default\">\n\t\t\t\t\t<div class=\"elementor-column elementor-col-50 elementor-top-column elementor-element elementor-element-2c5f126 elementor-invisible\" data-id=\"2c5f126\" data-element_type=\"column\" data-settings=\"{&quot;animation&quot;:&quot;fadeIn&quot;}\">\n\t\t\t<div class=\"elementor-widget-wrap elementor-element-populated\">\n\t\t\t\t\t\t\t\t<div class=\"elementor-element elementor-element-adb0c06 elementor-widget elementor-widget-heading\" data-id=\"adb0c06\" data-element_type=\"widget\" data-widget_type=\"heading.default\">\n\t\t\t\t<div class=\"elementor-widget-container\">\n\t\t\t<style>\/*! elementor - v3.6.6 - 08-06-2022 *\/\n.elementor-heading-title{padding:0;margin:0;line-height:1}.elementor-widget-heading .elementor-heading-title[class*=elementor-size-]>a{color:inherit;font-size:inherit;line-height:inherit}.elementor-widget-heading .elementor-heading-title.elementor-size-small{font-size:15px}.elementor-widget-heading .elementor-heading-title.elementor-size-medium{font-size:19px}.elementor-widget-heading .elementor-heading-title.elementor-size-large{font-size:29px}.elementor-widget-heading .elementor-heading-title.elementor-size-xl{font-size:39px}.elementor-widget-heading .elementor-heading-title.elementor-size-xxl{font-size:59px}<\/style><h2 class=\"elementor-heading-title elementor-size-default elementor-heading-title elementor-size-default elementor-align-after-mobile-center\">\u0130leti\u015fim Bilgilerimiz<\/h2>\t\t<\/div>\n\t\t\t\t<\/div>\n\t\t\t\t<div class=\"elementor-element elementor-element-a250e27 elementor-widget elementor-widget-heading\" data-id=\"a250e27\" data-element_type=\"widget\" data-widget_type=\"heading.default\">\n\t\t\t\t<div class=\"elementor-widget-container\">\n\t\t\t<span class=\"elementor-heading-title elementor-size-default elementor-heading-title elementor-size-default\"><i class=\"ti-location-pin\"><\/i><span>1131. Cad. No: 35 Ostim Yenimahalle \/ ANKARA \/ TURKEY<\/span><\/span>\t\t<\/div>\n\t\t\t\t<\/div>\n\t\t\t\t<div class=\"elementor-element elementor-element-1bb1180 elementor-widget elementor-widget-heading\" data-id=\"1bb1180\" data-element_type=\"widget\" data-widget_type=\"heading.default\">\n\t\t\t\t<div class=\"elementor-widget-container\">\n\t\t\t<span class=\"elementor-heading-title elementor-size-default elementor-heading-title elementor-size-default\"><i class=\"ti-mobile\"><\/i><span>+90 541 358 51 21<\/span><\/span>\t\t<\/div>\n\t\t\t\t<\/div>\n\t\t\t\t<div class=\"elementor-element elementor-element-873e05c elementor-widget elementor-widget-heading\" data-id=\"873e05c\" data-element_type=\"widget\" data-widget_type=\"heading.default\">\n\t\t\t\t<div class=\"elementor-widget-container\">\n\t\t\t<span class=\"elementor-heading-title elementor-size-default elementor-heading-title elementor-size-default\"><i class=\"ti-email\"><\/i><span>sales@notronvalve.com<\/span><\/span>\t\t<\/div>\n\t\t\t\t<\/div>\n\t\t\t\t\t<\/div>\n\t\t<\/div>\n\t\t\t\t<div class=\"elementor-column elementor-col-50 elementor-top-column elementor-element elementor-element-10b676e elementor-invisible\" data-id=\"10b676e\" data-element_type=\"column\" data-settings=\"{&quot;animation&quot;:&quot;fadeIn&quot;,&quot;animation_delay&quot;:200,&quot;background_background&quot;:&quot;classic&quot;}\">\n\t\t\t<div class=\"elementor-widget-wrap elementor-element-populated\">\n\t\t\t\t\t\t\t\t<div class=\"elementor-element elementor-element-5786ed4 elementor-widget elementor-widget-sm-offices\" data-id=\"5786ed4\" data-element_type=\"widget\" data-widget_type=\"sm-offices.default\">\n\t\t\t\t<div class=\"elementor-widget-container\">\n\t\t\t\t\n\t\t\n\t\t<div class=\"man_map man_image_bck\">\n\t\t\t\t<div class=\"man_map_pins\">\n\t\t\t\t\t\t\t\t\t\t<div class=\"man_map_pin_wrapper\">\n\t\t\t\t\t\t\t<div class=\"man_map_pin_cont_mobile man_map_pin_cont_mobile-61fcd2e\"><i class=\"man_map_pin_cont_mobile_close ti ti-close\"><\/i><b><\/b><p>1131. Cad. No: 35 Ostim Yenimahalle \/ ANKARA \/ TURKEY<\/p><\/div>\t\n\t\t\t\t\t\t\t<div class=\"man_map_pin elementor-repeater-item-61fcd2e\" data-id=\"61fcd2e\" data-top=\"28\" data-left=\"32\" data-top-mobile=\"\" data-left-mobile=\"\" data-top-tablet=\"\" data-left-tablet=\"\">\n\t\t\t\t\t\t\t\t\n\t\t\t\t\t\t\t\t<svg aria-hidden=\"true\" data-prefix=\"fas\" data-icon=\"map-marker-alt\" role=\"img\" xmlns=\"http:\/\/www.w3.org\/2000\/svg\" viewBox=\"0 0 414 542\" class=\"svg-inline--fa fa-map-marker-alt fa-w-12 fa-2x\"><path fill=\"currentColor\" d=\"M172.268 501.67C26.97 291.031 0 269.413 0 192 0 85.961 85.961 0 192 0s192 85.961 192 192c0 77.413-26.97 99.031-172.268 309.67-9.535 13.774-29.93 13.773-39.464 0zM192 272c44.183 0 80-35.817 80-80s-35.817-80-80-80-80 35.817-80 80 35.817 80 80 80z\" class=\"\"><\/path><\/svg>\n\n\n\t\t\t\t\t\t\t\t<div class=\"man_map_pin_cont\">\n\t\t\t\t\t\t\t\t\t<b><\/b>\n\t\t\t\t\t\t\t\t\t<p>1131. Cad. No: 35 Ostim Yenimahalle \/ ANKARA \/ TURKEY<\/p>\t\t\t\t\t\t\t\t<\/div>\n\t\t\t\t\t\t\t<\/div>\n\t\t\t\t\t<\/div>\n\t\t\t\t\t\t\t\t\t<\/div>\n\t\t\t\t<img decoding=\"async\" src=\"https:\/\/notronvalve.com\/wp-content\/uploads\/2022\/05\/turkiye-harita.png\" alt=\"\">\n\t\t\t\t\n\t\t<\/div>\n\n\t\t\t<\/div>\n\t\t\t\t<\/div>\n\t\t\t\t\t<\/div>\n\t\t<\/div>\n\t\t\t\t\t\t\t<\/div>\n\t\t<\/section>\n\t\t\t\t\t\t\t<\/div>\n\t\t","protected":false},"excerpt":{"rendered":"<p>KAL\u0130TE POL\u0130T\u0130KASI Uluslararas\u0131 d\u00fczeyde kabul edilen standartlara uygun \u00fcretimi yapmakta olan firmam\u0131zda kalitenin uygulanmas\u0131, s\u00fcrd\u00fcr\u00fclebilirli\u011fi ve g\u00fcvence alt\u0131na&#8230;<\/p>\n","protected":false},"author":1,"featured_media":0,"parent":0,"menu_order":0,"comment_status":"closed","ping_status":"closed","template":"elementor_header_footer","meta":{"footnotes":""},"class_list":["post-346","page","type-page","status-publish","hentry"],"_links":{"self":[{"href":"https:\/\/notronvalve.com\/tr\/wp-json\/wp\/v2\/pages\/346","targetHints":{"allow":["GET"]}}],"collection":[{"href":"https:\/\/notronvalve.com\/tr\/wp-json\/wp\/v2\/pages"}],"about":[{"href":"https:\/\/notronvalve.com\/tr\/wp-json\/wp\/v2\/types\/page"}],"author":[{"embeddable":true,"href":"https:\/\/notronvalve.com\/tr\/wp-json\/wp\/v2\/users\/1"}],"replies":[{"embeddable":true,"href":"https:\/\/notronvalve.com\/tr\/wp-json\/wp\/v2\/comments?post=346"}],"version-history":[{"count":55,"href":"https:\/\/notronvalve.com\/tr\/wp-json\/wp\/v2\/pages\/346\/revisions"}],"predecessor-version":[{"id":2930,"href":"https:\/\/notronvalve.com\/tr\/wp-json\/wp\/v2\/pages\/346\/revisions\/2930"}],"wp:attachment":[{"href":"https:\/\/notronvalve.com\/tr\/wp-json\/wp\/v2\/media?parent=346"}],"curies":[{"name":"wp","href":"https:\/\/api.w.org\/{rel}","templated":true}]}}