{"id":1480,"date":"2022-05-13T17:12:56","date_gmt":"2022-05-13T14:12:56","guid":{"rendered":"https:\/\/pozitifboru.eflatunmarket.com\/?page_id=1480"},"modified":"2022-07-02T11:09:56","modified_gmt":"2022-07-02T08:09:56","slug":"sertifikalar","status":"publish","type":"page","link":"https:\/\/notronvalve.com\/tr\/sertifikalar\/","title":{"rendered":"Sertifikalar"},"content":{"rendered":"\t\t<div data-elementor-type=\"wp-post\" data-elementor-id=\"1480\" class=\"elementor elementor-1480\">\n\t\t\t\t\t\t\t<div class=\"elementor-element elementor-element-6e05b1e e-container--row e-container\" data-id=\"6e05b1e\" data-element_type=\"container\">\t\t\t\t<div class=\"elementor-element elementor-element-3549182 elementor-widget__width-initial elementor-widget elementor-widget-heading\" data-id=\"3549182\" data-element_type=\"widget\" data-widget_type=\"heading.default\">\n\t\t\t\t<div class=\"elementor-widget-container\">\n\t\t\t<style>\/*! elementor - v3.6.6 - 08-06-2022 *\/\n.elementor-heading-title{padding:0;margin:0;line-height:1}.elementor-widget-heading .elementor-heading-title[class*=elementor-size-]>a{color:inherit;font-size:inherit;line-height:inherit}.elementor-widget-heading .elementor-heading-title.elementor-size-small{font-size:15px}.elementor-widget-heading .elementor-heading-title.elementor-size-medium{font-size:19px}.elementor-widget-heading .elementor-heading-title.elementor-size-large{font-size:29px}.elementor-widget-heading .elementor-heading-title.elementor-size-xl{font-size:39px}.elementor-widget-heading .elementor-heading-title.elementor-size-xxl{font-size:59px}<\/style><h3 class=\"elementor-heading-title elementor-size-default elementor-heading-title elementor-size-default elementor-align-after-center\">ISO &amp; CE BELGELER\u0130<\/h3>\t\t<\/div>\n\t\t\t\t<\/div>\n\t\t<\/div><div class=\"elementor-element elementor-element-3c7f63a e-container--row e-container\" data-id=\"3c7f63a\" data-element_type=\"container\">\t\t\t\t<div class=\"elementor-element elementor-element-597ea1e elementor-widget__width-initial elementor-widget elementor-widget-image-gallery\" data-id=\"597ea1e\" data-element_type=\"widget\" data-widget_type=\"image-gallery.default\">\n\t\t\t\t<div class=\"elementor-widget-container\">\n\t\t\t<style>\/*! elementor - v3.6.6 - 08-06-2022 *\/\n.elementor-image-gallery .gallery-item{display:inline-block;text-align:center;vertical-align:top;width:100%;max-width:100%;margin:0 auto}.elementor-image-gallery .gallery-item img{margin:0 auto}.elementor-image-gallery .gallery-item .gallery-caption{margin:0}.elementor-image-gallery figure img{display:block}.elementor-image-gallery figure figcaption{width:100%}.gallery-spacing-custom .elementor-image-gallery .gallery-icon{padding:0}@media (min-width:768px){.elementor-image-gallery .gallery-columns-2 .gallery-item{max-width:50%}.elementor-image-gallery .gallery-columns-3 .gallery-item{max-width:33.33%}.elementor-image-gallery .gallery-columns-4 .gallery-item{max-width:25%}.elementor-image-gallery .gallery-columns-5 .gallery-item{max-width:20%}.elementor-image-gallery .gallery-columns-6 .gallery-item{max-width:16.666%}.elementor-image-gallery .gallery-columns-7 .gallery-item{max-width:14.28%}.elementor-image-gallery .gallery-columns-8 .gallery-item{max-width:12.5%}.elementor-image-gallery .gallery-columns-9 .gallery-item{max-width:11.11%}.elementor-image-gallery .gallery-columns-10 .gallery-item{max-width:10%}}@media (min-width:480px) and (max-width:767px){.elementor-image-gallery .gallery.gallery-columns-2 .gallery-item,.elementor-image-gallery .gallery.gallery-columns-3 .gallery-item,.elementor-image-gallery .gallery.gallery-columns-4 .gallery-item,.elementor-image-gallery .gallery.gallery-columns-5 .gallery-item,.elementor-image-gallery .gallery.gallery-columns-6 .gallery-item,.elementor-image-gallery .gallery.gallery-columns-7 .gallery-item,.elementor-image-gallery .gallery.gallery-columns-8 .gallery-item,.elementor-image-gallery .gallery.gallery-columns-9 .gallery-item,.elementor-image-gallery .gallery.gallery-columns-10 .gallery-item{max-width:50%}}@media (max-width:479px){.elementor-image-gallery .gallery.gallery-columns-2 .gallery-item,.elementor-image-gallery .gallery.gallery-columns-3 .gallery-item,.elementor-image-gallery .gallery.gallery-columns-4 .gallery-item,.elementor-image-gallery .gallery.gallery-columns-5 .gallery-item,.elementor-image-gallery .gallery.gallery-columns-6 .gallery-item,.elementor-image-gallery .gallery.gallery-columns-7 .gallery-item,.elementor-image-gallery .gallery.gallery-columns-8 .gallery-item,.elementor-image-gallery .gallery.gallery-columns-9 .gallery-item,.elementor-image-gallery .gallery.gallery-columns-10 .gallery-item{max-width:100%}}<\/style>\t\t<div class=\"elementor-image-gallery\">\n\t\t\t<div id='gallery-1' class='gallery galleryid-1480 gallery-columns-5 gallery-size-thumbnail'><figure class='gallery-item'>\n\t\t\t<div class='gallery-icon portrait'>\n\t\t\t\t<a data-elementor-open-lightbox=\"yes\" data-elementor-lightbox-slideshow=\"597ea1e\" data-elementor-lightbox-title=\"POZ\u0130T\u0130F BORU CE BELGES\u0130\" e-action-hash=\"#elementor-action%3Aaction%3Dlightbox%26settings%3DeyJpZCI6MjQ4OCwidXJsIjoiaHR0cHM6XC9cL25vdHJvbnZhbHZlLmNvbVwvd3AtY29udGVudFwvdXBsb2Fkc1wvMjAyMlwvMDZcL1BPWklUSUYtQk9SVS1DRS1CRUxHRVNJLmpwZWciLCJzbGlkZXNob3ciOiI1OTdlYTFlIn0%3D\" href='https:\/\/notronvalve.com\/wp-content\/uploads\/2022\/06\/POZITIF-BORU-CE-BELGESI.jpeg'><img loading=\"lazy\" decoding=\"async\" width=\"150\" height=\"150\" src=\"https:\/\/notronvalve.com\/wp-content\/uploads\/2022\/06\/POZITIF-BORU-CE-BELGESI-150x150.jpeg\" class=\"attachment-thumbnail size-thumbnail\" alt=\"\" srcset=\"https:\/\/notronvalve.com\/wp-content\/uploads\/2022\/06\/POZITIF-BORU-CE-BELGESI-150x150.jpeg 150w, https:\/\/notronvalve.com\/wp-content\/uploads\/2022\/06\/POZITIF-BORU-CE-BELGESI-270x270.jpeg 270w, https:\/\/notronvalve.com\/wp-content\/uploads\/2022\/06\/POZITIF-BORU-CE-BELGESI-540x540.jpeg 540w\" sizes=\"auto, (max-width: 150px) 100vw, 150px\" \/><\/a>\n\t\t\t<\/div><\/figure><figure class='gallery-item'>\n\t\t\t<div class='gallery-icon portrait'>\n\t\t\t\t<a data-elementor-open-lightbox=\"yes\" data-elementor-lightbox-slideshow=\"597ea1e\" data-elementor-lightbox-title=\"POZ\u0130T\u0130F BORU YERL\u0130 MALI BELGES\u0130\" e-action-hash=\"#elementor-action%3Aaction%3Dlightbox%26settings%3DeyJpZCI6MjQ5MiwidXJsIjoiaHR0cHM6XC9cL25vdHJvbnZhbHZlLmNvbVwvd3AtY29udGVudFwvdXBsb2Fkc1wvMjAyMlwvMDZcL1BPWklUSUYtQk9SVS1ZRVJMSS1NQUxJLUJFTEdFU0kuanBlZyIsInNsaWRlc2hvdyI6IjU5N2VhMWUifQ%3D%3D\" href='https:\/\/notronvalve.com\/wp-content\/uploads\/2022\/06\/POZITIF-BORU-YERLI-MALI-BELGESI.jpeg'><img loading=\"lazy\" decoding=\"async\" width=\"150\" height=\"150\" src=\"https:\/\/notronvalve.com\/wp-content\/uploads\/2022\/06\/POZITIF-BORU-YERLI-MALI-BELGESI-150x150.jpeg\" class=\"attachment-thumbnail size-thumbnail\" alt=\"\" srcset=\"https:\/\/notronvalve.com\/wp-content\/uploads\/2022\/06\/POZITIF-BORU-YERLI-MALI-BELGESI-150x150.jpeg 150w, https:\/\/notronvalve.com\/wp-content\/uploads\/2022\/06\/POZITIF-BORU-YERLI-MALI-BELGESI-270x270.jpeg 270w, https:\/\/notronvalve.com\/wp-content\/uploads\/2022\/06\/POZITIF-BORU-YERLI-MALI-BELGESI-540x540.jpeg 540w\" sizes=\"auto, (max-width: 150px) 100vw, 150px\" \/><\/a>\n\t\t\t<\/div><\/figure><figure class='gallery-item'>\n\t\t\t<div class='gallery-icon portrait'>\n\t\t\t\t<a data-elementor-open-lightbox=\"yes\" data-elementor-lightbox-slideshow=\"597ea1e\" data-elementor-lightbox-title=\"pozitif-boru-ISO-9001-2015\" e-action-hash=\"#elementor-action%3Aaction%3Dlightbox%26settings%3DeyJpZCI6MjQ5NCwidXJsIjoiaHR0cHM6XC9cL25vdHJvbnZhbHZlLmNvbVwvd3AtY29udGVudFwvdXBsb2Fkc1wvMjAyMlwvMDZcL3Bveml0aWYtYm9ydS1JU08tOTAwMS0yMDE1LmpwZyIsInNsaWRlc2hvdyI6IjU5N2VhMWUifQ%3D%3D\" href='https:\/\/notronvalve.com\/wp-content\/uploads\/2022\/06\/pozitif-boru-ISO-9001-2015.jpg'><img loading=\"lazy\" decoding=\"async\" width=\"150\" height=\"150\" src=\"https:\/\/notronvalve.com\/wp-content\/uploads\/2022\/06\/pozitif-boru-ISO-9001-2015-150x150.jpg\" class=\"attachment-thumbnail size-thumbnail\" alt=\"\" srcset=\"https:\/\/notronvalve.com\/wp-content\/uploads\/2022\/06\/pozitif-boru-ISO-9001-2015-150x150.jpg 150w, https:\/\/notronvalve.com\/wp-content\/uploads\/2022\/06\/pozitif-boru-ISO-9001-2015-270x270.jpg 270w, https:\/\/notronvalve.com\/wp-content\/uploads\/2022\/06\/pozitif-boru-ISO-9001-2015-540x540.jpg 540w\" sizes=\"auto, (max-width: 150px) 100vw, 150px\" \/><\/a>\n\t\t\t<\/div><\/figure><figure class='gallery-item'>\n\t\t\t<div class='gallery-icon portrait'>\n\t\t\t\t<a data-elementor-open-lightbox=\"yes\" data-elementor-lightbox-slideshow=\"597ea1e\" data-elementor-lightbox-title=\"pozitif-boru-ISO-14001-2015\" e-action-hash=\"#elementor-action%3Aaction%3Dlightbox%26settings%3DeyJpZCI6MjQ5NSwidXJsIjoiaHR0cHM6XC9cL25vdHJvbnZhbHZlLmNvbVwvd3AtY29udGVudFwvdXBsb2Fkc1wvMjAyMlwvMDZcL3Bveml0aWYtYm9ydS1JU08tMTQwMDEtMjAxNS5qcGciLCJzbGlkZXNob3ciOiI1OTdlYTFlIn0%3D\" href='https:\/\/notronvalve.com\/wp-content\/uploads\/2022\/06\/pozitif-boru-ISO-14001-2015.jpg'><img loading=\"lazy\" decoding=\"async\" width=\"150\" height=\"150\" src=\"https:\/\/notronvalve.com\/wp-content\/uploads\/2022\/06\/pozitif-boru-ISO-14001-2015-150x150.jpg\" class=\"attachment-thumbnail size-thumbnail\" alt=\"\" srcset=\"https:\/\/notronvalve.com\/wp-content\/uploads\/2022\/06\/pozitif-boru-ISO-14001-2015-150x150.jpg 150w, https:\/\/notronvalve.com\/wp-content\/uploads\/2022\/06\/pozitif-boru-ISO-14001-2015-270x270.jpg 270w, https:\/\/notronvalve.com\/wp-content\/uploads\/2022\/06\/pozitif-boru-ISO-14001-2015-540x540.jpg 540w\" sizes=\"auto, (max-width: 150px) 100vw, 150px\" \/><\/a>\n\t\t\t<\/div><\/figure><figure class='gallery-item'>\n\t\t\t<div class='gallery-icon portrait'>\n\t\t\t\t<a data-elementor-open-lightbox=\"yes\" data-elementor-lightbox-slideshow=\"597ea1e\" data-elementor-lightbox-title=\"Pozitif-BoruISO-45001-2018\" e-action-hash=\"#elementor-action%3Aaction%3Dlightbox%26settings%3DeyJpZCI6MjQ5NiwidXJsIjoiaHR0cHM6XC9cL25vdHJvbnZhbHZlLmNvbVwvd3AtY29udGVudFwvdXBsb2Fkc1wvMjAyMlwvMDZcL1Bveml0aWYtQm9ydUlTTy00NTAwMS0yMDE4LmpwZyIsInNsaWRlc2hvdyI6IjU5N2VhMWUifQ%3D%3D\" href='https:\/\/notronvalve.com\/wp-content\/uploads\/2022\/06\/Pozitif-BoruISO-45001-2018.jpg'><img loading=\"lazy\" decoding=\"async\" width=\"150\" height=\"150\" src=\"https:\/\/notronvalve.com\/wp-content\/uploads\/2022\/06\/Pozitif-BoruISO-45001-2018-150x150.jpg\" class=\"attachment-thumbnail size-thumbnail\" alt=\"\" srcset=\"https:\/\/notronvalve.com\/wp-content\/uploads\/2022\/06\/Pozitif-BoruISO-45001-2018-150x150.jpg 150w, https:\/\/notronvalve.com\/wp-content\/uploads\/2022\/06\/Pozitif-BoruISO-45001-2018-270x270.jpg 270w, https:\/\/notronvalve.com\/wp-content\/uploads\/2022\/06\/Pozitif-BoruISO-45001-2018-540x540.jpg 540w\" sizes=\"auto, (max-width: 150px) 100vw, 150px\" \/><\/a>\n\t\t\t<\/div><\/figure>\n\t\t<\/div>\n\t\t<\/div>\n\t\t\t\t<\/div>\n\t\t\t\t<\/div>\n\t\t<\/div><div class=\"elementor-element elementor-element-fde6449 e-container--row e-container\" data-id=\"fde6449\" data-element_type=\"container\">\t\t<div class=\"elementor-element elementor-element-519c44a e-container--column e-container\" data-id=\"519c44a\" data-element_type=\"container\">\t\t\t\t<div class=\"elementor-element elementor-element-761eefb elementor-widget elementor-widget-heading\" data-id=\"761eefb\" data-element_type=\"widget\" data-widget_type=\"heading.default\">\n\t\t\t\t<div class=\"elementor-widget-container\">\n\t\t\t<h3 class=\"elementor-heading-title elementor-size-default elementor-heading-title elementor-size-default elementor-align-after-center\">KORUGE BORU<\/h3>\t\t<\/div>\n\t\t\t\t<\/div>\n\t\t\t\t<div class=\"elementor-element elementor-element-2ac263e elementor-widget elementor-widget-heading\" data-id=\"2ac263e\" data-element_type=\"widget\" data-widget_type=\"heading.default\">\n\t\t\t\t<div class=\"elementor-widget-container\">\n\t\t\t<h5 class=\"elementor-heading-title elementor-size-default elementor-heading-title elementor-size-default elementor-align-after-center\"><p>TS EN-61386-24<\/p><\/h5>\t\t<\/div>\n\t\t\t\t<\/div>\n\t\t\t\t<div class=\"elementor-element elementor-element-cfc6706 elementor-widget elementor-widget-image-gallery\" data-id=\"cfc6706\" data-element_type=\"widget\" data-widget_type=\"image-gallery.default\">\n\t\t\t\t<div class=\"elementor-widget-container\">\n\t\t\t\t\t<div class=\"elementor-image-gallery\">\n\t\t\t<div id='gallery-2' class='gallery galleryid-1480 gallery-columns-1 gallery-size-thumbnail'><figure class='gallery-item'>\n\t\t\t<div class='gallery-icon portrait'>\n\t\t\t\t<a data-elementor-open-lightbox=\"yes\" data-elementor-lightbox-slideshow=\"cfc6706\" data-elementor-lightbox-title=\"Koruge-Altyapi-borulari-61386-24\" e-action-hash=\"#elementor-action%3Aaction%3Dlightbox%26settings%3DeyJpZCI6MjUwMSwidXJsIjoiaHR0cHM6XC9cL25vdHJvbnZhbHZlLmNvbVwvd3AtY29udGVudFwvdXBsb2Fkc1wvMjAyMlwvMDZcL0tvcnVnZS1BbHR5YXBpLWJvcnVsYXJpLTYxMzg2LTI0LmpwZyIsInNsaWRlc2hvdyI6ImNmYzY3MDYifQ%3D%3D\" href='https:\/\/notronvalve.com\/wp-content\/uploads\/2022\/06\/Koruge-Altyapi-borulari-61386-24.jpg'><img loading=\"lazy\" decoding=\"async\" width=\"150\" height=\"150\" src=\"https:\/\/notronvalve.com\/wp-content\/uploads\/2022\/06\/Koruge-Altyapi-borulari-61386-24-150x150.jpg\" class=\"attachment-thumbnail size-thumbnail\" alt=\"\" srcset=\"https:\/\/notronvalve.com\/wp-content\/uploads\/2022\/06\/Koruge-Altyapi-borulari-61386-24-150x150.jpg 150w, https:\/\/notronvalve.com\/wp-content\/uploads\/2022\/06\/Koruge-Altyapi-borulari-61386-24-270x270.jpg 270w, https:\/\/notronvalve.com\/wp-content\/uploads\/2022\/06\/Koruge-Altyapi-borulari-61386-24-540x540.jpg 540w\" sizes=\"auto, (max-width: 150px) 100vw, 150px\" \/><\/a>\n\t\t\t<\/div><\/figure>\n\t\t<\/div>\n\t\t<\/div>\n\t\t\t\t<\/div>\n\t\t\t\t<\/div>\n\t\t<\/div><div class=\"elementor-element elementor-element-c2aa62d e-container--column e-container\" data-id=\"c2aa62d\" data-element_type=\"container\">\t\t\t\t<div class=\"elementor-element elementor-element-bc46018 elementor-widget elementor-widget-heading\" data-id=\"bc46018\" data-element_type=\"widget\" data-widget_type=\"heading.default\">\n\t\t\t\t<div class=\"elementor-widget-container\">\n\t\t\t<h3 class=\"elementor-heading-title elementor-size-default elementor-heading-title elementor-size-default elementor-align-after-center\">KANGAL BORU<\/h3>\t\t<\/div>\n\t\t\t\t<\/div>\n\t\t\t\t<div class=\"elementor-element elementor-element-1bc3d0c elementor-widget elementor-widget-heading\" data-id=\"1bc3d0c\" data-element_type=\"widget\" data-widget_type=\"heading.default\">\n\t\t\t\t<div class=\"elementor-widget-container\">\n\t\t\t<h5 class=\"elementor-heading-title elementor-size-default elementor-heading-title elementor-size-default elementor-align-after-center\">TS EN-61386-22<\/h5>\t\t<\/div>\n\t\t\t\t<\/div>\n\t\t\t\t<div class=\"elementor-element elementor-element-58ee353 elementor-widget elementor-widget-image-gallery\" data-id=\"58ee353\" data-element_type=\"widget\" data-widget_type=\"image-gallery.default\">\n\t\t\t\t<div class=\"elementor-widget-container\">\n\t\t\t\t\t<div class=\"elementor-image-gallery\">\n\t\t\t<div id='gallery-3' class='gallery galleryid-1480 gallery-columns-1 gallery-size-thumbnail'><figure class='gallery-item'>\n\t\t\t<div class='gallery-icon portrait'>\n\t\t\t\t<a data-elementor-open-lightbox=\"yes\" data-elementor-lightbox-slideshow=\"58ee353\" data-elementor-lightbox-title=\"kangal-boru--spiral-boru-61386-22-1\" e-action-hash=\"#elementor-action%3Aaction%3Dlightbox%26settings%3DeyJpZCI6MjUxMSwidXJsIjoiaHR0cHM6XC9cL25vdHJvbnZhbHZlLmNvbVwvd3AtY29udGVudFwvdXBsb2Fkc1wvMjAyMlwvMDZcL2thbmdhbC1ib3J1LXNwaXJhbC1ib3J1LTYxMzg2LTIyLTEuanBnIiwic2xpZGVzaG93IjoiNThlZTM1MyJ9\" href='https:\/\/notronvalve.com\/wp-content\/uploads\/2022\/06\/kangal-boru-spiral-boru-61386-22-1.jpg'><img loading=\"lazy\" decoding=\"async\" width=\"150\" height=\"150\" src=\"https:\/\/notronvalve.com\/wp-content\/uploads\/2022\/06\/kangal-boru-spiral-boru-61386-22-1-150x150.jpg\" class=\"attachment-thumbnail size-thumbnail\" alt=\"\" srcset=\"https:\/\/notronvalve.com\/wp-content\/uploads\/2022\/06\/kangal-boru-spiral-boru-61386-22-1-150x150.jpg 150w, https:\/\/notronvalve.com\/wp-content\/uploads\/2022\/06\/kangal-boru-spiral-boru-61386-22-1-270x270.jpg 270w, https:\/\/notronvalve.com\/wp-content\/uploads\/2022\/06\/kangal-boru-spiral-boru-61386-22-1-540x540.jpg 540w\" sizes=\"auto, (max-width: 150px) 100vw, 150px\" \/><\/a>\n\t\t\t<\/div><\/figure>\n\t\t<\/div>\n\t\t<\/div>\n\t\t\t\t<\/div>\n\t\t\t\t<\/div>\n\t\t<\/div><div class=\"elementor-element elementor-element-723bb9c e-container--column e-container\" data-id=\"723bb9c\" data-element_type=\"container\">\t\t\t\t<div class=\"elementor-element elementor-element-bdff855 elementor-widget elementor-widget-heading\" data-id=\"bdff855\" data-element_type=\"widget\" data-widget_type=\"heading.default\">\n\t\t\t\t<div class=\"elementor-widget-container\">\n\t\t\t<h3 class=\"elementor-heading-title elementor-size-default elementor-heading-title elementor-size-default elementor-align-after-center\">D\u00dcZ BORU<\/h3>\t\t<\/div>\n\t\t\t\t<\/div>\n\t\t\t\t<div class=\"elementor-element elementor-element-c11ea98 elementor-widget elementor-widget-heading\" data-id=\"c11ea98\" data-element_type=\"widget\" data-widget_type=\"heading.default\">\n\t\t\t\t<div class=\"elementor-widget-container\">\n\t\t\t<h5 class=\"elementor-heading-title elementor-size-default elementor-heading-title elementor-size-default elementor-align-after-center\">TS EN-61386-21<\/h5>\t\t<\/div>\n\t\t\t\t<\/div>\n\t\t\t\t<div class=\"elementor-element elementor-element-4443081 elementor-widget elementor-widget-image-gallery\" data-id=\"4443081\" data-element_type=\"widget\" data-widget_type=\"image-gallery.default\">\n\t\t\t\t<div class=\"elementor-widget-container\">\n\t\t\t\t\t<div class=\"elementor-image-gallery\">\n\t\t\t<div id='gallery-4' class='gallery galleryid-1480 gallery-columns-1 gallery-size-thumbnail'><figure class='gallery-item'>\n\t\t\t<div class='gallery-icon portrait'>\n\t\t\t\t<a data-elementor-open-lightbox=\"yes\" data-elementor-lightbox-slideshow=\"4443081\" data-elementor-lightbox-title=\"Duz-boru-rijit-boru-61386-21-1\" e-action-hash=\"#elementor-action%3Aaction%3Dlightbox%26settings%3DeyJpZCI6MjUxMywidXJsIjoiaHR0cHM6XC9cL25vdHJvbnZhbHZlLmNvbVwvd3AtY29udGVudFwvdXBsb2Fkc1wvMjAyMlwvMDZcL0R1ei1ib3J1LXJpaml0LWJvcnUtNjEzODYtMjEtMS5qcGciLCJzbGlkZXNob3ciOiI0NDQzMDgxIn0%3D\" href='https:\/\/notronvalve.com\/wp-content\/uploads\/2022\/06\/Duz-boru-rijit-boru-61386-21-1.jpg'><img loading=\"lazy\" decoding=\"async\" width=\"150\" height=\"150\" src=\"https:\/\/notronvalve.com\/wp-content\/uploads\/2022\/06\/Duz-boru-rijit-boru-61386-21-1-150x150.jpg\" class=\"attachment-thumbnail size-thumbnail\" alt=\"\" srcset=\"https:\/\/notronvalve.com\/wp-content\/uploads\/2022\/06\/Duz-boru-rijit-boru-61386-21-1-150x150.jpg 150w, https:\/\/notronvalve.com\/wp-content\/uploads\/2022\/06\/Duz-boru-rijit-boru-61386-21-1-270x270.jpg 270w, https:\/\/notronvalve.com\/wp-content\/uploads\/2022\/06\/Duz-boru-rijit-boru-61386-21-1-540x540.jpg 540w\" sizes=\"auto, (max-width: 150px) 100vw, 150px\" \/><\/a>\n\t\t\t<\/div><\/figure>\n\t\t<\/div>\n\t\t<\/div>\n\t\t\t\t<\/div>\n\t\t\t\t<\/div>\n\t\t<\/div><div class=\"elementor-element elementor-element-9dd0c45 e-container--column e-container\" data-id=\"9dd0c45\" data-element_type=\"container\">\t\t\t\t<div class=\"elementor-element elementor-element-5b7afe7 elementor-widget elementor-widget-heading\" data-id=\"5b7afe7\" data-element_type=\"widget\" data-widget_type=\"heading.default\">\n\t\t\t\t<div class=\"elementor-widget-container\">\n\t\t\t<h3 class=\"elementor-heading-title elementor-size-default elementor-heading-title elementor-size-default elementor-align-after-center\">SP\u0130RAL BORU<\/h3>\t\t<\/div>\n\t\t\t\t<\/div>\n\t\t\t\t<div class=\"elementor-element elementor-element-e3e4912 elementor-widget elementor-widget-heading\" data-id=\"e3e4912\" data-element_type=\"widget\" data-widget_type=\"heading.default\">\n\t\t\t\t<div class=\"elementor-widget-container\">\n\t\t\t<h5 class=\"elementor-heading-title elementor-size-default elementor-heading-title elementor-size-default elementor-align-after-center\">TS EN-61386-22<\/h5>\t\t<\/div>\n\t\t\t\t<\/div>\n\t\t\t\t<div class=\"elementor-element elementor-element-325849c elementor-widget elementor-widget-image-gallery\" data-id=\"325849c\" data-element_type=\"widget\" data-widget_type=\"image-gallery.default\">\n\t\t\t\t<div class=\"elementor-widget-container\">\n\t\t\t\t\t<div class=\"elementor-image-gallery\">\n\t\t\t<div id='gallery-5' class='gallery galleryid-1480 gallery-columns-1 gallery-size-thumbnail'><figure class='gallery-item'>\n\t\t\t<div class='gallery-icon portrait'>\n\t\t\t\t<a data-elementor-open-lightbox=\"yes\" data-elementor-lightbox-slideshow=\"325849c\" data-elementor-lightbox-title=\"kangal-boru--spiral-boru-61386-22-1\" e-action-hash=\"#elementor-action%3Aaction%3Dlightbox%26settings%3DeyJpZCI6MjUxMSwidXJsIjoiaHR0cHM6XC9cL25vdHJvbnZhbHZlLmNvbVwvd3AtY29udGVudFwvdXBsb2Fkc1wvMjAyMlwvMDZcL2thbmdhbC1ib3J1LXNwaXJhbC1ib3J1LTYxMzg2LTIyLTEuanBnIiwic2xpZGVzaG93IjoiMzI1ODQ5YyJ9\" href='https:\/\/notronvalve.com\/wp-content\/uploads\/2022\/06\/kangal-boru-spiral-boru-61386-22-1.jpg'><img loading=\"lazy\" decoding=\"async\" width=\"150\" height=\"150\" src=\"https:\/\/notronvalve.com\/wp-content\/uploads\/2022\/06\/kangal-boru-spiral-boru-61386-22-1-150x150.jpg\" class=\"attachment-thumbnail size-thumbnail\" alt=\"\" srcset=\"https:\/\/notronvalve.com\/wp-content\/uploads\/2022\/06\/kangal-boru-spiral-boru-61386-22-1-150x150.jpg 150w, https:\/\/notronvalve.com\/wp-content\/uploads\/2022\/06\/kangal-boru-spiral-boru-61386-22-1-270x270.jpg 270w, https:\/\/notronvalve.com\/wp-content\/uploads\/2022\/06\/kangal-boru-spiral-boru-61386-22-1-540x540.jpg 540w\" sizes=\"auto, (max-width: 150px) 100vw, 150px\" \/><\/a>\n\t\t\t<\/div><\/figure>\n\t\t<\/div>\n\t\t<\/div>\n\t\t\t\t<\/div>\n\t\t\t\t<\/div>\n\t\t<\/div><\/div><div class=\"elementor-element elementor-element-f4ba0ca e-container--column e-container\" data-id=\"f4ba0ca\" data-element_type=\"container\">\t\t\t\t<div class=\"elementor-element elementor-element-64f5c37 elementor-widget elementor-widget-heading\" data-id=\"64f5c37\" data-element_type=\"widget\" data-widget_type=\"heading.default\">\n\t\t\t\t<div class=\"elementor-widget-container\">\n\t\t\t<h3 class=\"elementor-heading-title elementor-size-default elementor-heading-title elementor-size-default elementor-align-after-center\"><p>EK PAR\u00c7ALAR<\/p><\/h3>\t\t<\/div>\n\t\t\t\t<\/div>\n\t\t<\/div><div class=\"elementor-element elementor-element-40a38a8 e-container--column e-container\" data-id=\"40a38a8\" data-element_type=\"container\">\t\t\t\t<div class=\"elementor-element elementor-element-e3704fb elementor-widget elementor-widget-image-gallery\" data-id=\"e3704fb\" data-element_type=\"widget\" data-widget_type=\"image-gallery.default\">\n\t\t\t\t<div class=\"elementor-widget-container\">\n\t\t\t\t\t<div class=\"elementor-image-gallery\">\n\t\t\t<div id='gallery-6' class='gallery galleryid-1480 gallery-columns-4 gallery-size-thumbnail'><figure class='gallery-item'>\n\t\t\t<div class='gallery-icon portrait'>\n\t\t\t\t<a data-elementor-open-lightbox=\"yes\" data-elementor-lightbox-slideshow=\"e3704fb\" data-elementor-lightbox-title=\"POZ\u0130T\u0130F BORU LVT 1\" e-action-hash=\"#elementor-action%3Aaction%3Dlightbox%26settings%3DeyJpZCI6MjU4OCwidXJsIjoiaHR0cHM6XC9cL25vdHJvbnZhbHZlLmNvbVwvd3AtY29udGVudFwvdXBsb2Fkc1wvMjAyMlwvMDdcL1BPWklUSUYtQk9SVS1MVlQtMS5qcGVnIiwic2xpZGVzaG93IjoiZTM3MDRmYiJ9\" href='https:\/\/notronvalve.com\/wp-content\/uploads\/2022\/07\/POZITIF-BORU-LVT-1.jpeg'><img loading=\"lazy\" decoding=\"async\" width=\"150\" height=\"150\" src=\"https:\/\/notronvalve.com\/wp-content\/uploads\/2022\/07\/POZITIF-BORU-LVT-1-150x150.jpeg\" class=\"attachment-thumbnail size-thumbnail\" alt=\"\" srcset=\"https:\/\/notronvalve.com\/wp-content\/uploads\/2022\/07\/POZITIF-BORU-LVT-1-150x150.jpeg 150w, https:\/\/notronvalve.com\/wp-content\/uploads\/2022\/07\/POZITIF-BORU-LVT-1-270x270.jpeg 270w, https:\/\/notronvalve.com\/wp-content\/uploads\/2022\/07\/POZITIF-BORU-LVT-1-540x540.jpeg 540w\" sizes=\"auto, (max-width: 150px) 100vw, 150px\" \/><\/a>\n\t\t\t<\/div><\/figure><figure class='gallery-item'>\n\t\t\t<div class='gallery-icon portrait'>\n\t\t\t\t<a data-elementor-open-lightbox=\"yes\" data-elementor-lightbox-slideshow=\"e3704fb\" data-elementor-lightbox-title=\"POZ\u0130T\u0130F BORU LVT\" e-action-hash=\"#elementor-action%3Aaction%3Dlightbox%26settings%3DeyJpZCI6MjU4OSwidXJsIjoiaHR0cHM6XC9cL25vdHJvbnZhbHZlLmNvbVwvd3AtY29udGVudFwvdXBsb2Fkc1wvMjAyMlwvMDdcL1BPWklUSUYtQk9SVS1MVlQuanBlZyIsInNsaWRlc2hvdyI6ImUzNzA0ZmIifQ%3D%3D\" href='https:\/\/notronvalve.com\/wp-content\/uploads\/2022\/07\/POZITIF-BORU-LVT.jpeg'><img loading=\"lazy\" decoding=\"async\" width=\"150\" height=\"150\" src=\"https:\/\/notronvalve.com\/wp-content\/uploads\/2022\/07\/POZITIF-BORU-LVT-150x150.jpeg\" class=\"attachment-thumbnail size-thumbnail\" alt=\"\" srcset=\"https:\/\/notronvalve.com\/wp-content\/uploads\/2022\/07\/POZITIF-BORU-LVT-150x150.jpeg 150w, https:\/\/notronvalve.com\/wp-content\/uploads\/2022\/07\/POZITIF-BORU-LVT-270x270.jpeg 270w, https:\/\/notronvalve.com\/wp-content\/uploads\/2022\/07\/POZITIF-BORU-LVT-540x540.jpeg 540w\" sizes=\"auto, (max-width: 150px) 100vw, 150px\" \/><\/a>\n\t\t\t<\/div><\/figure>\n\t\t<\/div>\n\t\t<\/div>\n\t\t\t\t<\/div>\n\t\t\t\t<\/div>\n\t\t<\/div>\t\t\t\t\t<\/div>\n\t\t","protected":false},"excerpt":{"rendered":"<p>ISO &amp; CE BELGELER\u0130 KORUGE BORU TS EN-61386-24 KANGAL BORU TS EN-61386-22 D\u00dcZ BORU TS EN-61386-21 SP\u0130RAL BORU&#8230;<\/p>\n","protected":false},"author":1,"featured_media":0,"parent":0,"menu_order":0,"comment_status":"closed","ping_status":"closed","template":"elementor_header_footer","meta":{"footnotes":""},"class_list":["post-1480","page","type-page","status-publish","hentry"],"_links":{"self":[{"href":"https:\/\/notronvalve.com\/tr\/wp-json\/wp\/v2\/pages\/1480","targetHints":{"allow":["GET"]}}],"collection":[{"href":"https:\/\/notronvalve.com\/tr\/wp-json\/wp\/v2\/pages"}],"about":[{"href":"https:\/\/notronvalve.com\/tr\/wp-json\/wp\/v2\/types\/page"}],"author":[{"embeddable":true,"href":"https:\/\/notronvalve.com\/tr\/wp-json\/wp\/v2\/users\/1"}],"replies":[{"embeddable":true,"href":"https:\/\/notronvalve.com\/tr\/wp-json\/wp\/v2\/comments?post=1480"}],"version-history":[{"count":43,"href":"https:\/\/notronvalve.com\/tr\/wp-json\/wp\/v2\/pages\/1480\/revisions"}],"predecessor-version":[{"id":2592,"href":"https:\/\/notronvalve.com\/tr\/wp-json\/wp\/v2\/pages\/1480\/revisions\/2592"}],"wp:attachment":[{"href":"https:\/\/notronvalve.com\/tr\/wp-json\/wp\/v2\/media?parent=1480"}],"curies":[{"name":"wp","href":"https:\/\/api.w.org\/{rel}","templated":true}]}}